{"id":39,"date":"2025-11-24T12:16:33","date_gmt":"2025-11-24T12:16:33","guid":{"rendered":"https:\/\/elivulu.org\/?post_type=product&#038;p=39"},"modified":"2025-12-19T12:25:47","modified_gmt":"2025-12-19T12:25:47","slug":"vidas-e-mortes-de-abel-chivukuvuku-jose-eduardo-agualusa","status":"publish","type":"product","link":"https:\/\/elivulu.org\/en\/product\/vidas-e-mortes-de-abel-chivukuvuku-jose-eduardo-agualusa\/","title":{"rendered":"VIDAS E MORTES DE ABEL CHIVUKUVUKU"},"content":{"rendered":"","protected":false},"excerpt":{"rendered":"<p class=\"zfr3Q CDt4Ke\" dir=\"ltr\"><span class=\"C9DxTc\">Este livro conta a hist\u00f3ria de um homem cujo nome, Chivukuvuku, significa bravura. Um homem casado com uma mulher chamada Vict\u00f3ria. Um homem nascido a 11 de Novembro (data da Independ\u00eancia de Angola) e que dedicou toda a sua vida ao combate pela democratiza\u00e7\u00e3o do seu pa\u00eds. Abel Epalanga Chivukuvuku sobreviveu a duas quedas de avi\u00e3o durante a Guerra Civil, a um atentado e a uma terr\u00edvel tentativa de linchamento, sem jamais perder a alegria pela vida e a capacidade de perdoar, de escutar o outro, de dialogar. A sua hist\u00f3ria \u00e9 tamb\u00e9m a hist\u00f3ria de Angola, olhada a partir do Bailundo, no cora\u00e7\u00e3o da na\u00e7\u00e3o ovimbundo.<\/span><\/p>\n<ul>\n<li class=\"zfr3Q CDt4Ke\" dir=\"ltr\" role=\"presentation\"><span class=\"C9DxTc\">Ano de edi\u00e7\u00e3o: 11-2024<\/span><\/li>\n<li class=\"zfr3Q CDt4Ke\" dir=\"ltr\" role=\"presentation\"><span class=\"C9DxTc\">P\u00e1ginas: 232<\/span><\/li>\n<li class=\"zfr3Q CDt4Ke\" dir=\"ltr\" role=\"presentation\"><span class=\"C9DxTc\">Formato: 150 x 230 mm<\/span><\/li>\n<li class=\"zfr3Q CDt4Ke\" dir=\"ltr\" role=\"presentation\"><span class=\"C9DxTc\">PVP: 12.000 AKZ (Angola) | 17 EUR (UE)<\/span><\/li>\n<\/ul>","protected":false},"featured_media":2061,"comment_status":"open","ping_status":"closed","template":"","meta":{"_acf_changed":false},"book_author":[28],"product_brand":[],"product_cat":[15],"product_tag":[],"class_list":{"0":"post-39","1":"product","2":"type-product","3":"status-publish","4":"has-post-thumbnail","6":"book_author-jose-eduardo-agualusa","7":"product_cat-books","9":"first","10":"instock","11":"shipping-taxable","12":"purchasable","13":"product-type-simple"},"acf":[],"yoast_head":"<!-- This site is optimized with the Yoast SEO plugin v27.0 - https:\/\/yoast.com\/product\/yoast-seo-wordpress\/ -->\n<title>VIDAS E MORTES DE ABEL CHIVUKUVUKU - ELIVULU Editora<\/title>\n<meta name=\"robots\" content=\"index, follow, max-snippet:-1, max-image-preview:large, max-video-preview:-1\" \/>\n<link rel=\"canonical\" href=\"https:\/\/elivulu.org\/en\/product\/vidas-e-mortes-de-abel-chivukuvuku-jose-eduardo-agualusa\/\" \/>\n<meta property=\"og:locale\" content=\"en_US\" \/>\n<meta property=\"og:type\" content=\"article\" \/>\n<meta property=\"og:title\" content=\"VIDAS E MORTES DE ABEL CHIVUKUVUKU - ELIVULU Editora\" \/>\n<meta property=\"og:description\" content=\"Este livro conta a hist\u00f3ria de um homem cujo nome, Chivukuvuku, significa bravura. Um homem casado com uma mulher chamada Vict\u00f3ria. Um homem nascido a 11 de Novembro (data da Independ\u00eancia de Angola) e que dedicou toda a sua vida ao combate pela democratiza\u00e7\u00e3o do seu pa\u00eds. Abel Epalanga Chivukuvuku sobreviveu a duas quedas de avi\u00e3o durante a Guerra Civil, a um atentado e a uma terr\u00edvel tentativa de linchamento, sem jamais perder a alegria pela vida e a capacidade de perdoar, de escutar o outro, de dialogar. A sua hist\u00f3ria \u00e9 tamb\u00e9m a hist\u00f3ria de Angola, olhada a partir do Bailundo, no cora\u00e7\u00e3o da na\u00e7\u00e3o ovimbundo.    Ano de edi\u00e7\u00e3o: 11-2024  P\u00e1ginas: 232  Formato: 150 x 230 mm  PVP: 12.000 AKZ (Angola) | 17 EUR (UE)\" \/>\n<meta property=\"og:url\" content=\"https:\/\/elivulu.org\/en\/product\/vidas-e-mortes-de-abel-chivukuvuku-jose-eduardo-agualusa\/\" \/>\n<meta property=\"og:site_name\" content=\"ELIVULU Editora\" \/>\n<meta property=\"article:modified_time\" content=\"2025-12-19T12:25:47+00:00\" \/>\n<meta property=\"og:image\" content=\"https:\/\/elivulu.org\/wp-content\/uploads\/2025\/11\/VIDAS-E-MORTES-DE-ABEL-CHIVUKUVUKU-scaled.png\" \/>\n\t<meta property=\"og:image:width\" content=\"2560\" \/>\n\t<meta property=\"og:image:height\" content=\"2560\" \/>\n\t<meta property=\"og:image:type\" content=\"image\/png\" \/>\n<meta name=\"twitter:card\" content=\"summary_large_image\" \/>\n<meta name=\"twitter:label1\" content=\"Est. reading time\" \/>\n\t<meta name=\"twitter:data1\" content=\"1 minute\" \/>\n<script type=\"application\/ld+json\" class=\"yoast-schema-graph\">{\"@context\":\"https:\/\/schema.org\",\"@graph\":[{\"@type\":\"WebPage\",\"@id\":\"https:\/\/elivulu.org\/product\/vidas-e-mortes-de-abel-chivukuvuku-jose-eduardo-agualusa\/\",\"url\":\"https:\/\/elivulu.org\/product\/vidas-e-mortes-de-abel-chivukuvuku-jose-eduardo-agualusa\/\",\"name\":\"VIDAS E MORTES DE ABEL CHIVUKUVUKU - ELIVULU Editora\",\"isPartOf\":{\"@id\":\"https:\/\/elivulu.org\/#website\"},\"primaryImageOfPage\":{\"@id\":\"https:\/\/elivulu.org\/product\/vidas-e-mortes-de-abel-chivukuvuku-jose-eduardo-agualusa\/#primaryimage\"},\"image\":{\"@id\":\"https:\/\/elivulu.org\/product\/vidas-e-mortes-de-abel-chivukuvuku-jose-eduardo-agualusa\/#primaryimage\"},\"thumbnailUrl\":\"https:\/\/elivulu.org\/wp-content\/uploads\/2025\/11\/VIDAS-E-MORTES-DE-ABEL-CHIVUKUVUKU-scaled.png\",\"datePublished\":\"2025-11-24T12:16:33+00:00\",\"dateModified\":\"2025-12-19T12:25:47+00:00\",\"breadcrumb\":{\"@id\":\"https:\/\/elivulu.org\/product\/vidas-e-mortes-de-abel-chivukuvuku-jose-eduardo-agualusa\/#breadcrumb\"},\"inLanguage\":\"en-US\",\"potentialAction\":[{\"@type\":\"ReadAction\",\"target\":[\"https:\/\/elivulu.org\/product\/vidas-e-mortes-de-abel-chivukuvuku-jose-eduardo-agualusa\/\"]}]},{\"@type\":\"ImageObject\",\"inLanguage\":\"en-US\",\"@id\":\"https:\/\/elivulu.org\/product\/vidas-e-mortes-de-abel-chivukuvuku-jose-eduardo-agualusa\/#primaryimage\",\"url\":\"https:\/\/elivulu.org\/wp-content\/uploads\/2025\/11\/VIDAS-E-MORTES-DE-ABEL-CHIVUKUVUKU-scaled.png\",\"contentUrl\":\"https:\/\/elivulu.org\/wp-content\/uploads\/2025\/11\/VIDAS-E-MORTES-DE-ABEL-CHIVUKUVUKU-scaled.png\",\"width\":2560,\"height\":2560},{\"@type\":\"BreadcrumbList\",\"@id\":\"https:\/\/elivulu.org\/product\/vidas-e-mortes-de-abel-chivukuvuku-jose-eduardo-agualusa\/#breadcrumb\",\"itemListElement\":[{\"@type\":\"ListItem\",\"position\":1,\"name\":\"In\u00edcio\",\"item\":\"https:\/\/elivulu.org\/\"},{\"@type\":\"ListItem\",\"position\":2,\"name\":\"Edi\u00e7\u00f5es\",\"item\":\"https:\/\/elivulu.org\/shop\/\"},{\"@type\":\"ListItem\",\"position\":3,\"name\":\"VIDAS E MORTES DE ABEL CHIVUKUVUKU\"}]},{\"@type\":\"WebSite\",\"@id\":\"https:\/\/elivulu.org\/#website\",\"url\":\"https:\/\/elivulu.org\/\",\"name\":\"ELIVULU Editora\",\"description\":\"\",\"potentialAction\":[{\"@type\":\"SearchAction\",\"target\":{\"@type\":\"EntryPoint\",\"urlTemplate\":\"https:\/\/elivulu.org\/?s={search_term_string}\"},\"query-input\":{\"@type\":\"PropertyValueSpecification\",\"valueRequired\":true,\"valueName\":\"search_term_string\"}}],\"inLanguage\":\"en-US\"}]}<\/script>\n<!-- \/ Yoast SEO plugin. -->","yoast_head_json":{"title":"VIDAS E MORTES DE ABEL CHIVUKUVUKU - ELIVULU Editora","robots":{"index":"index","follow":"follow","max-snippet":"max-snippet:-1","max-image-preview":"max-image-preview:large","max-video-preview":"max-video-preview:-1"},"canonical":"https:\/\/elivulu.org\/en\/product\/vidas-e-mortes-de-abel-chivukuvuku-jose-eduardo-agualusa\/","og_locale":"en_US","og_type":"article","og_title":"VIDAS E MORTES DE ABEL CHIVUKUVUKU - ELIVULU Editora","og_description":"Este livro conta a hist\u00f3ria de um homem cujo nome, Chivukuvuku, significa bravura. Um homem casado com uma mulher chamada Vict\u00f3ria. Um homem nascido a 11 de Novembro (data da Independ\u00eancia de Angola) e que dedicou toda a sua vida ao combate pela democratiza\u00e7\u00e3o do seu pa\u00eds. Abel Epalanga Chivukuvuku sobreviveu a duas quedas de avi\u00e3o durante a Guerra Civil, a um atentado e a uma terr\u00edvel tentativa de linchamento, sem jamais perder a alegria pela vida e a capacidade de perdoar, de escutar o outro, de dialogar. A sua hist\u00f3ria \u00e9 tamb\u00e9m a hist\u00f3ria de Angola, olhada a partir do Bailundo, no cora\u00e7\u00e3o da na\u00e7\u00e3o ovimbundo.    Ano de edi\u00e7\u00e3o: 11-2024  P\u00e1ginas: 232  Formato: 150 x 230 mm  PVP: 12.000 AKZ (Angola) | 17 EUR (UE)","og_url":"https:\/\/elivulu.org\/en\/product\/vidas-e-mortes-de-abel-chivukuvuku-jose-eduardo-agualusa\/","og_site_name":"ELIVULU Editora","article_modified_time":"2025-12-19T12:25:47+00:00","og_image":[{"width":2560,"height":2560,"url":"https:\/\/elivulu.org\/wp-content\/uploads\/2025\/11\/VIDAS-E-MORTES-DE-ABEL-CHIVUKUVUKU-scaled.png","type":"image\/png"}],"twitter_card":"summary_large_image","twitter_misc":{"Est. reading time":"1 minute"},"schema":{"@context":"https:\/\/schema.org","@graph":[{"@type":"WebPage","@id":"https:\/\/elivulu.org\/product\/vidas-e-mortes-de-abel-chivukuvuku-jose-eduardo-agualusa\/","url":"https:\/\/elivulu.org\/product\/vidas-e-mortes-de-abel-chivukuvuku-jose-eduardo-agualusa\/","name":"VIDAS E MORTES DE ABEL CHIVUKUVUKU - ELIVULU Editora","isPartOf":{"@id":"https:\/\/elivulu.org\/#website"},"primaryImageOfPage":{"@id":"https:\/\/elivulu.org\/product\/vidas-e-mortes-de-abel-chivukuvuku-jose-eduardo-agualusa\/#primaryimage"},"image":{"@id":"https:\/\/elivulu.org\/product\/vidas-e-mortes-de-abel-chivukuvuku-jose-eduardo-agualusa\/#primaryimage"},"thumbnailUrl":"https:\/\/elivulu.org\/wp-content\/uploads\/2025\/11\/VIDAS-E-MORTES-DE-ABEL-CHIVUKUVUKU-scaled.png","datePublished":"2025-11-24T12:16:33+00:00","dateModified":"2025-12-19T12:25:47+00:00","breadcrumb":{"@id":"https:\/\/elivulu.org\/product\/vidas-e-mortes-de-abel-chivukuvuku-jose-eduardo-agualusa\/#breadcrumb"},"inLanguage":"en-US","potentialAction":[{"@type":"ReadAction","target":["https:\/\/elivulu.org\/product\/vidas-e-mortes-de-abel-chivukuvuku-jose-eduardo-agualusa\/"]}]},{"@type":"ImageObject","inLanguage":"en-US","@id":"https:\/\/elivulu.org\/product\/vidas-e-mortes-de-abel-chivukuvuku-jose-eduardo-agualusa\/#primaryimage","url":"https:\/\/elivulu.org\/wp-content\/uploads\/2025\/11\/VIDAS-E-MORTES-DE-ABEL-CHIVUKUVUKU-scaled.png","contentUrl":"https:\/\/elivulu.org\/wp-content\/uploads\/2025\/11\/VIDAS-E-MORTES-DE-ABEL-CHIVUKUVUKU-scaled.png","width":2560,"height":2560},{"@type":"BreadcrumbList","@id":"https:\/\/elivulu.org\/product\/vidas-e-mortes-de-abel-chivukuvuku-jose-eduardo-agualusa\/#breadcrumb","itemListElement":[{"@type":"ListItem","position":1,"name":"In\u00edcio","item":"https:\/\/elivulu.org\/"},{"@type":"ListItem","position":2,"name":"Edi\u00e7\u00f5es","item":"https:\/\/elivulu.org\/shop\/"},{"@type":"ListItem","position":3,"name":"VIDAS E MORTES DE ABEL CHIVUKUVUKU"}]},{"@type":"WebSite","@id":"https:\/\/elivulu.org\/#website","url":"https:\/\/elivulu.org\/","name":"ELIVULU Editora","description":"","potentialAction":[{"@type":"SearchAction","target":{"@type":"EntryPoint","urlTemplate":"https:\/\/elivulu.org\/?s={search_term_string}"},"query-input":{"@type":"PropertyValueSpecification","valueRequired":true,"valueName":"search_term_string"}}],"inLanguage":"en-US"}]}},"_links":{"self":[{"href":"https:\/\/elivulu.org\/en\/wp-json\/wp\/v2\/product\/39","targetHints":{"allow":["GET"]}}],"collection":[{"href":"https:\/\/elivulu.org\/en\/wp-json\/wp\/v2\/product"}],"about":[{"href":"https:\/\/elivulu.org\/en\/wp-json\/wp\/v2\/types\/product"}],"replies":[{"embeddable":true,"href":"https:\/\/elivulu.org\/en\/wp-json\/wp\/v2\/comments?post=39"}],"version-history":[{"count":3,"href":"https:\/\/elivulu.org\/en\/wp-json\/wp\/v2\/product\/39\/revisions"}],"predecessor-version":[{"id":2098,"href":"https:\/\/elivulu.org\/en\/wp-json\/wp\/v2\/product\/39\/revisions\/2098"}],"wp:featuredmedia":[{"embeddable":true,"href":"https:\/\/elivulu.org\/en\/wp-json\/wp\/v2\/media\/2061"}],"wp:attachment":[{"href":"https:\/\/elivulu.org\/en\/wp-json\/wp\/v2\/media?parent=39"}],"wp:term":[{"taxonomy":"book_author","embeddable":true,"href":"https:\/\/elivulu.org\/en\/wp-json\/wp\/v2\/book_author?post=39"},{"taxonomy":"product_brand","embeddable":true,"href":"https:\/\/elivulu.org\/en\/wp-json\/wp\/v2\/product_brand?post=39"},{"taxonomy":"product_cat","embeddable":true,"href":"https:\/\/elivulu.org\/en\/wp-json\/wp\/v2\/product_cat?post=39"},{"taxonomy":"product_tag","embeddable":true,"href":"https:\/\/elivulu.org\/en\/wp-json\/wp\/v2\/product_tag?post=39"}],"curies":[{"name":"wp","href":"https:\/\/api.w.org\/{rel}","templated":true}]}}