{"id":37,"date":"2025-11-24T12:14:40","date_gmt":"2025-11-24T12:14:40","guid":{"rendered":"https:\/\/elivulu.org\/?post_type=product&#038;p=37"},"modified":"2025-12-19T12:24:55","modified_gmt":"2025-12-19T12:24:55","slug":"saudades-dos-tempos-que-nao-vivemos-sedrick-de-carvalho","status":"publish","type":"product","link":"https:\/\/elivulu.org\/en\/product\/saudades-dos-tempos-que-nao-vivemos-sedrick-de-carvalho\/","title":{"rendered":"SAUDADES DOS TEMPOS QUE N\u00c3O VIVEMOS"},"content":{"rendered":"","protected":false},"excerpt":{"rendered":"<p class=\"zfr3Q CDt4Ke\" dir=\"ltr\"><span class=\"C9DxTc\">Um livro de contos que &#8220;revela-se como um redizer sobre realidades comuns \u00e0s sociedades nas quais as adversidades constituem-se como praxis e desafios que persistem desde h\u00e1 muito, e que transportam as personagens, (muitas delas) dessas hist\u00f3rias, que por conta de problemas da \u00e9poca em que vivem, que persistem, rememoram \u00e9pocas passadas, desejando um retorno para reviv\u00ea-las&#8221;, como descreve a ensa\u00edsta Edmira Cariango no pref\u00e1cio. \u00c9 um livro sobre v\u00e1rios tempos e v\u00e1rias saudades. Espelha os sentimentos e anseios de gera\u00e7\u00f5es de angolanos que continuam a sonhar com um futuro adiado, mantendo um olhar ao passado, mas sem saudosismos. \u00c9 uma homenagem ao tempo.\u00a0<\/span><\/p>\n<ul>\n<li class=\"zfr3Q CDt4Ke\" dir=\"ltr\" role=\"presentation\"><span class=\"C9DxTc\">Ano de edi\u00e7\u00e3o:\u00a0<\/span><span class=\"C9DxTc\">02<\/span><span class=\"C9DxTc\">-2024<\/span><\/li>\n<li class=\"zfr3Q CDt4Ke\" dir=\"ltr\" role=\"presentation\"><span class=\"C9DxTc\">P\u00e1ginas: 1<\/span><span class=\"C9DxTc\">50<\/span><\/li>\n<li class=\"zfr3Q CDt4Ke\" dir=\"ltr\" role=\"presentation\"><span class=\"C9DxTc\">Formato: 135 x 210 mm<\/span><\/li>\n<li class=\"zfr3Q CDt4Ke\" dir=\"ltr\" role=\"presentation\"><span class=\"C9DxTc\">PVP:\u00a0<\/span><span class=\"C9DxTc\">17<\/span><span class=\"C9DxTc\">.<\/span><span class=\"C9DxTc\">0<\/span><span class=\"C9DxTc\">00 AKZ (Angola) | 1<\/span><span class=\"C9DxTc\">5<\/span><span class=\"C9DxTc\">\u00a0EUR (UE)<\/span><\/li>\n<\/ul>","protected":false},"featured_media":2059,"comment_status":"open","ping_status":"closed","template":"","meta":{"_acf_changed":false},"book_author":[23],"product_brand":[],"product_cat":[15],"product_tag":[],"class_list":{"0":"post-37","1":"product","2":"type-product","3":"status-publish","4":"has-post-thumbnail","6":"book_author-sedrick-de-carvalho","7":"product_cat-books","9":"first","10":"instock","11":"shipping-taxable","12":"purchasable","13":"product-type-simple"},"acf":[],"yoast_head":"<!-- This site is optimized with the Yoast SEO plugin v27.0 - https:\/\/yoast.com\/product\/yoast-seo-wordpress\/ -->\n<title>SAUDADES DOS TEMPOS QUE N\u00c3O VIVEMOS - ELIVULU Editora<\/title>\n<meta name=\"robots\" content=\"index, follow, max-snippet:-1, max-image-preview:large, max-video-preview:-1\" \/>\n<link rel=\"canonical\" href=\"https:\/\/elivulu.org\/en\/product\/saudades-dos-tempos-que-nao-vivemos-sedrick-de-carvalho\/\" \/>\n<meta property=\"og:locale\" content=\"en_US\" \/>\n<meta property=\"og:type\" content=\"article\" \/>\n<meta property=\"og:title\" content=\"SAUDADES DOS TEMPOS QUE N\u00c3O VIVEMOS - ELIVULU Editora\" \/>\n<meta property=\"og:description\" content=\"Um livro de contos que &quot;revela-se como um redizer sobre realidades comuns \u00e0s sociedades nas quais as adversidades constituem-se como praxis e desafios que persistem desde h\u00e1 muito, e que transportam as personagens, (muitas delas) dessas hist\u00f3rias, que por conta de problemas da \u00e9poca em que vivem, que persistem, rememoram \u00e9pocas passadas, desejando um retorno para reviv\u00ea-las&quot;, como descreve a ensa\u00edsta Edmira Cariango no pref\u00e1cio. \u00c9 um livro sobre v\u00e1rios tempos e v\u00e1rias saudades. Espelha os sentimentos e anseios de gera\u00e7\u00f5es de angolanos que continuam a sonhar com um futuro adiado, mantendo um olhar ao passado, mas sem saudosismos. \u00c9 uma homenagem ao tempo.\u00a0    Ano de edi\u00e7\u00e3o:\u00a002-2024  P\u00e1ginas: 150  Formato: 135 x 210 mm  PVP:\u00a017.000 AKZ (Angola) | 15\u00a0EUR (UE)\" \/>\n<meta property=\"og:url\" content=\"https:\/\/elivulu.org\/en\/product\/saudades-dos-tempos-que-nao-vivemos-sedrick-de-carvalho\/\" \/>\n<meta property=\"og:site_name\" content=\"ELIVULU Editora\" \/>\n<meta property=\"article:modified_time\" content=\"2025-12-19T12:24:55+00:00\" \/>\n<meta property=\"og:image\" content=\"https:\/\/elivulu.org\/wp-content\/uploads\/2025\/11\/SAUDADES-DOS-TEMPOS-QUE-NA\u2560aO-VIVEMOS-scaled.png\" \/>\n\t<meta property=\"og:image:width\" content=\"2560\" \/>\n\t<meta property=\"og:image:height\" content=\"2560\" \/>\n\t<meta property=\"og:image:type\" content=\"image\/png\" \/>\n<meta name=\"twitter:card\" content=\"summary_large_image\" \/>\n<meta name=\"twitter:label1\" content=\"Est. reading time\" \/>\n\t<meta name=\"twitter:data1\" content=\"1 minute\" \/>\n<script type=\"application\/ld+json\" class=\"yoast-schema-graph\">{\"@context\":\"https:\/\/schema.org\",\"@graph\":[{\"@type\":\"WebPage\",\"@id\":\"https:\/\/elivulu.org\/product\/saudades-dos-tempos-que-nao-vivemos-sedrick-de-carvalho\/\",\"url\":\"https:\/\/elivulu.org\/product\/saudades-dos-tempos-que-nao-vivemos-sedrick-de-carvalho\/\",\"name\":\"SAUDADES DOS TEMPOS QUE N\u00c3O VIVEMOS - ELIVULU Editora\",\"isPartOf\":{\"@id\":\"https:\/\/elivulu.org\/#website\"},\"primaryImageOfPage\":{\"@id\":\"https:\/\/elivulu.org\/product\/saudades-dos-tempos-que-nao-vivemos-sedrick-de-carvalho\/#primaryimage\"},\"image\":{\"@id\":\"https:\/\/elivulu.org\/product\/saudades-dos-tempos-que-nao-vivemos-sedrick-de-carvalho\/#primaryimage\"},\"thumbnailUrl\":\"https:\/\/elivulu.org\/wp-content\/uploads\/2025\/11\/SAUDADES-DOS-TEMPOS-QUE-NA\u2560aO-VIVEMOS-scaled.png\",\"datePublished\":\"2025-11-24T12:14:40+00:00\",\"dateModified\":\"2025-12-19T12:24:55+00:00\",\"breadcrumb\":{\"@id\":\"https:\/\/elivulu.org\/product\/saudades-dos-tempos-que-nao-vivemos-sedrick-de-carvalho\/#breadcrumb\"},\"inLanguage\":\"en-US\",\"potentialAction\":[{\"@type\":\"ReadAction\",\"target\":[\"https:\/\/elivulu.org\/product\/saudades-dos-tempos-que-nao-vivemos-sedrick-de-carvalho\/\"]}]},{\"@type\":\"ImageObject\",\"inLanguage\":\"en-US\",\"@id\":\"https:\/\/elivulu.org\/product\/saudades-dos-tempos-que-nao-vivemos-sedrick-de-carvalho\/#primaryimage\",\"url\":\"https:\/\/elivulu.org\/wp-content\/uploads\/2025\/11\/SAUDADES-DOS-TEMPOS-QUE-NA\u2560aO-VIVEMOS-scaled.png\",\"contentUrl\":\"https:\/\/elivulu.org\/wp-content\/uploads\/2025\/11\/SAUDADES-DOS-TEMPOS-QUE-NA\u2560aO-VIVEMOS-scaled.png\",\"width\":2560,\"height\":2560},{\"@type\":\"BreadcrumbList\",\"@id\":\"https:\/\/elivulu.org\/product\/saudades-dos-tempos-que-nao-vivemos-sedrick-de-carvalho\/#breadcrumb\",\"itemListElement\":[{\"@type\":\"ListItem\",\"position\":1,\"name\":\"In\u00edcio\",\"item\":\"https:\/\/elivulu.org\/\"},{\"@type\":\"ListItem\",\"position\":2,\"name\":\"Edi\u00e7\u00f5es\",\"item\":\"https:\/\/elivulu.org\/shop\/\"},{\"@type\":\"ListItem\",\"position\":3,\"name\":\"SAUDADES DOS TEMPOS QUE N\u00c3O VIVEMOS\"}]},{\"@type\":\"WebSite\",\"@id\":\"https:\/\/elivulu.org\/#website\",\"url\":\"https:\/\/elivulu.org\/\",\"name\":\"ELIVULU Editora\",\"description\":\"\",\"potentialAction\":[{\"@type\":\"SearchAction\",\"target\":{\"@type\":\"EntryPoint\",\"urlTemplate\":\"https:\/\/elivulu.org\/?s={search_term_string}\"},\"query-input\":{\"@type\":\"PropertyValueSpecification\",\"valueRequired\":true,\"valueName\":\"search_term_string\"}}],\"inLanguage\":\"en-US\"}]}<\/script>\n<!-- \/ Yoast SEO plugin. -->","yoast_head_json":{"title":"SAUDADES DOS TEMPOS QUE N\u00c3O VIVEMOS - ELIVULU Editora","robots":{"index":"index","follow":"follow","max-snippet":"max-snippet:-1","max-image-preview":"max-image-preview:large","max-video-preview":"max-video-preview:-1"},"canonical":"https:\/\/elivulu.org\/en\/product\/saudades-dos-tempos-que-nao-vivemos-sedrick-de-carvalho\/","og_locale":"en_US","og_type":"article","og_title":"SAUDADES DOS TEMPOS QUE N\u00c3O VIVEMOS - ELIVULU Editora","og_description":"Um livro de contos que \"revela-se como um redizer sobre realidades comuns \u00e0s sociedades nas quais as adversidades constituem-se como praxis e desafios que persistem desde h\u00e1 muito, e que transportam as personagens, (muitas delas) dessas hist\u00f3rias, que por conta de problemas da \u00e9poca em que vivem, que persistem, rememoram \u00e9pocas passadas, desejando um retorno para reviv\u00ea-las\", como descreve a ensa\u00edsta Edmira Cariango no pref\u00e1cio. \u00c9 um livro sobre v\u00e1rios tempos e v\u00e1rias saudades. Espelha os sentimentos e anseios de gera\u00e7\u00f5es de angolanos que continuam a sonhar com um futuro adiado, mantendo um olhar ao passado, mas sem saudosismos. \u00c9 uma homenagem ao tempo.\u00a0    Ano de edi\u00e7\u00e3o:\u00a002-2024  P\u00e1ginas: 150  Formato: 135 x 210 mm  PVP:\u00a017.000 AKZ (Angola) | 15\u00a0EUR (UE)","og_url":"https:\/\/elivulu.org\/en\/product\/saudades-dos-tempos-que-nao-vivemos-sedrick-de-carvalho\/","og_site_name":"ELIVULU Editora","article_modified_time":"2025-12-19T12:24:55+00:00","og_image":[{"width":2560,"height":2560,"url":"https:\/\/elivulu.org\/wp-content\/uploads\/2025\/11\/SAUDADES-DOS-TEMPOS-QUE-NA\u2560aO-VIVEMOS-scaled.png","type":"image\/png"}],"twitter_card":"summary_large_image","twitter_misc":{"Est. reading time":"1 minute"},"schema":{"@context":"https:\/\/schema.org","@graph":[{"@type":"WebPage","@id":"https:\/\/elivulu.org\/product\/saudades-dos-tempos-que-nao-vivemos-sedrick-de-carvalho\/","url":"https:\/\/elivulu.org\/product\/saudades-dos-tempos-que-nao-vivemos-sedrick-de-carvalho\/","name":"SAUDADES DOS TEMPOS QUE N\u00c3O VIVEMOS - ELIVULU Editora","isPartOf":{"@id":"https:\/\/elivulu.org\/#website"},"primaryImageOfPage":{"@id":"https:\/\/elivulu.org\/product\/saudades-dos-tempos-que-nao-vivemos-sedrick-de-carvalho\/#primaryimage"},"image":{"@id":"https:\/\/elivulu.org\/product\/saudades-dos-tempos-que-nao-vivemos-sedrick-de-carvalho\/#primaryimage"},"thumbnailUrl":"https:\/\/elivulu.org\/wp-content\/uploads\/2025\/11\/SAUDADES-DOS-TEMPOS-QUE-NA\u2560aO-VIVEMOS-scaled.png","datePublished":"2025-11-24T12:14:40+00:00","dateModified":"2025-12-19T12:24:55+00:00","breadcrumb":{"@id":"https:\/\/elivulu.org\/product\/saudades-dos-tempos-que-nao-vivemos-sedrick-de-carvalho\/#breadcrumb"},"inLanguage":"en-US","potentialAction":[{"@type":"ReadAction","target":["https:\/\/elivulu.org\/product\/saudades-dos-tempos-que-nao-vivemos-sedrick-de-carvalho\/"]}]},{"@type":"ImageObject","inLanguage":"en-US","@id":"https:\/\/elivulu.org\/product\/saudades-dos-tempos-que-nao-vivemos-sedrick-de-carvalho\/#primaryimage","url":"https:\/\/elivulu.org\/wp-content\/uploads\/2025\/11\/SAUDADES-DOS-TEMPOS-QUE-NA\u2560aO-VIVEMOS-scaled.png","contentUrl":"https:\/\/elivulu.org\/wp-content\/uploads\/2025\/11\/SAUDADES-DOS-TEMPOS-QUE-NA\u2560aO-VIVEMOS-scaled.png","width":2560,"height":2560},{"@type":"BreadcrumbList","@id":"https:\/\/elivulu.org\/product\/saudades-dos-tempos-que-nao-vivemos-sedrick-de-carvalho\/#breadcrumb","itemListElement":[{"@type":"ListItem","position":1,"name":"In\u00edcio","item":"https:\/\/elivulu.org\/"},{"@type":"ListItem","position":2,"name":"Edi\u00e7\u00f5es","item":"https:\/\/elivulu.org\/shop\/"},{"@type":"ListItem","position":3,"name":"SAUDADES DOS TEMPOS QUE N\u00c3O VIVEMOS"}]},{"@type":"WebSite","@id":"https:\/\/elivulu.org\/#website","url":"https:\/\/elivulu.org\/","name":"ELIVULU Editora","description":"","potentialAction":[{"@type":"SearchAction","target":{"@type":"EntryPoint","urlTemplate":"https:\/\/elivulu.org\/?s={search_term_string}"},"query-input":{"@type":"PropertyValueSpecification","valueRequired":true,"valueName":"search_term_string"}}],"inLanguage":"en-US"}]}},"_links":{"self":[{"href":"https:\/\/elivulu.org\/en\/wp-json\/wp\/v2\/product\/37","targetHints":{"allow":["GET"]}}],"collection":[{"href":"https:\/\/elivulu.org\/en\/wp-json\/wp\/v2\/product"}],"about":[{"href":"https:\/\/elivulu.org\/en\/wp-json\/wp\/v2\/types\/product"}],"replies":[{"embeddable":true,"href":"https:\/\/elivulu.org\/en\/wp-json\/wp\/v2\/comments?post=37"}],"version-history":[{"count":3,"href":"https:\/\/elivulu.org\/en\/wp-json\/wp\/v2\/product\/37\/revisions"}],"predecessor-version":[{"id":2095,"href":"https:\/\/elivulu.org\/en\/wp-json\/wp\/v2\/product\/37\/revisions\/2095"}],"wp:featuredmedia":[{"embeddable":true,"href":"https:\/\/elivulu.org\/en\/wp-json\/wp\/v2\/media\/2059"}],"wp:attachment":[{"href":"https:\/\/elivulu.org\/en\/wp-json\/wp\/v2\/media?parent=37"}],"wp:term":[{"taxonomy":"book_author","embeddable":true,"href":"https:\/\/elivulu.org\/en\/wp-json\/wp\/v2\/book_author?post=37"},{"taxonomy":"product_brand","embeddable":true,"href":"https:\/\/elivulu.org\/en\/wp-json\/wp\/v2\/product_brand?post=37"},{"taxonomy":"product_cat","embeddable":true,"href":"https:\/\/elivulu.org\/en\/wp-json\/wp\/v2\/product_cat?post=37"},{"taxonomy":"product_tag","embeddable":true,"href":"https:\/\/elivulu.org\/en\/wp-json\/wp\/v2\/product_tag?post=37"}],"curies":[{"name":"wp","href":"https:\/\/api.w.org\/{rel}","templated":true}]}}