{"id":35,"date":"2025-11-24T12:13:14","date_gmt":"2025-11-24T12:13:14","guid":{"rendered":"https:\/\/elivulu.org\/?post_type=product&#038;p=35"},"modified":"2025-12-19T12:04:12","modified_gmt":"2025-12-19T12:04:12","slug":"1977-o-assalto-ao-estado-e-o-golpe-de-classe-mussole-njolelu","status":"publish","type":"product","link":"https:\/\/elivulu.org\/en\/product\/1977-o-assalto-ao-estado-e-o-golpe-de-classe-mussole-njolelu\/","title":{"rendered":"1977 \u2013 O ASSALTO AO ESTADO E O GOLPE DE CLASSE"},"content":{"rendered":"","protected":false},"excerpt":{"rendered":"<p class=\"zfr3Q CDt4Ke\" dir=\"ltr\"><span class=\"C9DxTc\">Atrav\u00e9s da audi\u00e7\u00e3o de dezenas de pessoas com posturas pol\u00edticas diversas, este texto tamb\u00e9m se debru\u00e7a sobre as complexidades da ascens\u00e3o da elite nativa ao poder, e examina as implica\u00e7\u00f5es da sua ascens\u00e3o a posi\u00e7\u00f5es estrat\u00e9gicas na nova ordem pol\u00edtica. Entretanto, enquanto Angola se debatia com as dificuldades para forjar uma na\u00e7\u00e3o unificada, as tens\u00f5es internas fervilhavam \u00e0 superf\u00edcie, culminando no \u201cgolpe de Estado perfeito\u201d de 1977, um momento decisivo que exp\u00f4s a nu as fracturas no tecido pol\u00edtico da jovem na\u00e7\u00e3o, ao inv\u00e9s da luta pela unidade tentada por alguns.<\/span><\/p>\n<ul>\n<li class=\"zfr3Q CDt4Ke\" dir=\"ltr\" role=\"presentation\"><span class=\"C9DxTc\">Ano de edi\u00e7\u00e3o:<\/span><span class=\"C9DxTc\">\u00a005<\/span><span class=\"C9DxTc\">-2024<\/span><\/li>\n<li class=\"zfr3Q CDt4Ke\" dir=\"ltr\" role=\"presentation\"><span class=\"C9DxTc\">P\u00e1ginas:\u00a0<\/span><span class=\"C9DxTc\">270<\/span><\/li>\n<li class=\"zfr3Q CDt4Ke\" dir=\"ltr\" role=\"presentation\"><span class=\"C9DxTc\">Formato:\u00a0<\/span><span class=\"C9DxTc\">135 x 210 mm<\/span><\/li>\n<li class=\"zfr3Q CDt4Ke\" dir=\"ltr\" role=\"presentation\"><span class=\"C9DxTc\">PVP:\u00a0<\/span><span class=\"C9DxTc\">18<\/span><span class=\"C9DxTc\">.<\/span><span class=\"C9DxTc\">5<\/span><span class=\"C9DxTc\">00 AKZ (Angola) |\u00a0<\/span><span class=\"C9DxTc\">16,80<\/span><span class=\"C9DxTc\">\u00a0<\/span><span class=\"C9DxTc\">EUR (UE)<\/span><\/li>\n<\/ul>","protected":false},"featured_media":2029,"comment_status":"open","ping_status":"closed","template":"","meta":{"_acf_changed":false},"book_author":[53],"product_brand":[],"product_cat":[15],"product_tag":[],"class_list":{"0":"post-35","1":"product","2":"type-product","3":"status-publish","4":"has-post-thumbnail","6":"book_author-mussole-njolela","7":"product_cat-books","9":"first","10":"instock","11":"shipping-taxable","12":"purchasable","13":"product-type-simple"},"acf":[],"yoast_head":"<!-- This site is optimized with the Yoast SEO plugin v27.0 - https:\/\/yoast.com\/product\/yoast-seo-wordpress\/ -->\n<title>1977 \u2013 O ASSALTO AO ESTADO E O GOLPE DE CLASSE - ELIVULU Editora<\/title>\n<meta name=\"robots\" content=\"index, follow, max-snippet:-1, max-image-preview:large, max-video-preview:-1\" \/>\n<link rel=\"canonical\" href=\"https:\/\/elivulu.org\/en\/product\/1977-o-assalto-ao-estado-e-o-golpe-de-classe-mussole-njolelu\/\" \/>\n<meta property=\"og:locale\" content=\"en_US\" \/>\n<meta property=\"og:type\" content=\"article\" \/>\n<meta property=\"og:title\" content=\"1977 \u2013 O ASSALTO AO ESTADO E O GOLPE DE CLASSE - ELIVULU Editora\" \/>\n<meta property=\"og:description\" content=\"Atrav\u00e9s da audi\u00e7\u00e3o de dezenas de pessoas com posturas pol\u00edticas diversas, este texto tamb\u00e9m se debru\u00e7a sobre as complexidades da ascens\u00e3o da elite nativa ao poder, e examina as implica\u00e7\u00f5es da sua ascens\u00e3o a posi\u00e7\u00f5es estrat\u00e9gicas na nova ordem pol\u00edtica. Entretanto, enquanto Angola se debatia com as dificuldades para forjar uma na\u00e7\u00e3o unificada, as tens\u00f5es internas fervilhavam \u00e0 superf\u00edcie, culminando no \u201cgolpe de Estado perfeito\u201d de 1977, um momento decisivo que exp\u00f4s a nu as fracturas no tecido pol\u00edtico da jovem na\u00e7\u00e3o, ao inv\u00e9s da luta pela unidade tentada por alguns.    Ano de edi\u00e7\u00e3o:\u00a005-2024  P\u00e1ginas:\u00a0270  Formato:\u00a0135 x 210 mm  PVP:\u00a018.500 AKZ (Angola) |\u00a016,80\u00a0EUR (UE)\" \/>\n<meta property=\"og:url\" content=\"https:\/\/elivulu.org\/en\/product\/1977-o-assalto-ao-estado-e-o-golpe-de-classe-mussole-njolelu\/\" \/>\n<meta property=\"og:site_name\" content=\"ELIVULU Editora\" \/>\n<meta property=\"article:modified_time\" content=\"2025-12-19T12:04:12+00:00\" \/>\n<meta property=\"og:image\" content=\"https:\/\/elivulu.org\/wp-content\/uploads\/2025\/11\/1977-\u0393Co-O-ASSALTO-AO-ESTADO-E-O-GOLPE-DE-CLASSE.png\" \/>\n\t<meta property=\"og:image:width\" content=\"1\" \/>\n\t<meta property=\"og:image:height\" content=\"1\" \/>\n\t<meta property=\"og:image:type\" content=\"image\/png\" \/>\n<meta name=\"twitter:card\" content=\"summary_large_image\" \/>\n<meta name=\"twitter:label1\" content=\"Est. reading time\" \/>\n\t<meta name=\"twitter:data1\" content=\"1 minute\" \/>\n<script type=\"application\/ld+json\" class=\"yoast-schema-graph\">{\"@context\":\"https:\/\/schema.org\",\"@graph\":[{\"@type\":\"WebPage\",\"@id\":\"https:\/\/elivulu.org\/product\/1977-o-assalto-ao-estado-e-o-golpe-de-classe-mussole-njolelu\/\",\"url\":\"https:\/\/elivulu.org\/product\/1977-o-assalto-ao-estado-e-o-golpe-de-classe-mussole-njolelu\/\",\"name\":\"1977 \u2013 O ASSALTO AO ESTADO E O GOLPE DE CLASSE - ELIVULU Editora\",\"isPartOf\":{\"@id\":\"https:\/\/elivulu.org\/#website\"},\"primaryImageOfPage\":{\"@id\":\"https:\/\/elivulu.org\/product\/1977-o-assalto-ao-estado-e-o-golpe-de-classe-mussole-njolelu\/#primaryimage\"},\"image\":{\"@id\":\"https:\/\/elivulu.org\/product\/1977-o-assalto-ao-estado-e-o-golpe-de-classe-mussole-njolelu\/#primaryimage\"},\"thumbnailUrl\":\"https:\/\/elivulu.org\/wp-content\/uploads\/2025\/11\/1977-\u0393Co-O-ASSALTO-AO-ESTADO-E-O-GOLPE-DE-CLASSE-scaled.png\",\"datePublished\":\"2025-11-24T12:13:14+00:00\",\"dateModified\":\"2025-12-19T12:04:12+00:00\",\"breadcrumb\":{\"@id\":\"https:\/\/elivulu.org\/product\/1977-o-assalto-ao-estado-e-o-golpe-de-classe-mussole-njolelu\/#breadcrumb\"},\"inLanguage\":\"en-US\",\"potentialAction\":[{\"@type\":\"ReadAction\",\"target\":[\"https:\/\/elivulu.org\/product\/1977-o-assalto-ao-estado-e-o-golpe-de-classe-mussole-njolelu\/\"]}]},{\"@type\":\"ImageObject\",\"inLanguage\":\"en-US\",\"@id\":\"https:\/\/elivulu.org\/product\/1977-o-assalto-ao-estado-e-o-golpe-de-classe-mussole-njolelu\/#primaryimage\",\"url\":\"https:\/\/elivulu.org\/wp-content\/uploads\/2025\/11\/1977-\u0393Co-O-ASSALTO-AO-ESTADO-E-O-GOLPE-DE-CLASSE-scaled.png\",\"contentUrl\":\"https:\/\/elivulu.org\/wp-content\/uploads\/2025\/11\/1977-\u0393Co-O-ASSALTO-AO-ESTADO-E-O-GOLPE-DE-CLASSE-scaled.png\",\"width\":2560,\"height\":2560},{\"@type\":\"BreadcrumbList\",\"@id\":\"https:\/\/elivulu.org\/product\/1977-o-assalto-ao-estado-e-o-golpe-de-classe-mussole-njolelu\/#breadcrumb\",\"itemListElement\":[{\"@type\":\"ListItem\",\"position\":1,\"name\":\"In\u00edcio\",\"item\":\"https:\/\/elivulu.org\/\"},{\"@type\":\"ListItem\",\"position\":2,\"name\":\"Edi\u00e7\u00f5es\",\"item\":\"https:\/\/elivulu.org\/shop\/\"},{\"@type\":\"ListItem\",\"position\":3,\"name\":\"1977 \u2013 O ASSALTO AO ESTADO E O GOLPE DE CLASSE\"}]},{\"@type\":\"WebSite\",\"@id\":\"https:\/\/elivulu.org\/#website\",\"url\":\"https:\/\/elivulu.org\/\",\"name\":\"ELIVULU Editora\",\"description\":\"\",\"potentialAction\":[{\"@type\":\"SearchAction\",\"target\":{\"@type\":\"EntryPoint\",\"urlTemplate\":\"https:\/\/elivulu.org\/?s={search_term_string}\"},\"query-input\":{\"@type\":\"PropertyValueSpecification\",\"valueRequired\":true,\"valueName\":\"search_term_string\"}}],\"inLanguage\":\"en-US\"}]}<\/script>\n<!-- \/ Yoast SEO plugin. -->","yoast_head_json":{"title":"1977 \u2013 O ASSALTO AO ESTADO E O GOLPE DE CLASSE - ELIVULU Editora","robots":{"index":"index","follow":"follow","max-snippet":"max-snippet:-1","max-image-preview":"max-image-preview:large","max-video-preview":"max-video-preview:-1"},"canonical":"https:\/\/elivulu.org\/en\/product\/1977-o-assalto-ao-estado-e-o-golpe-de-classe-mussole-njolelu\/","og_locale":"en_US","og_type":"article","og_title":"1977 \u2013 O ASSALTO AO ESTADO E O GOLPE DE CLASSE - ELIVULU Editora","og_description":"Atrav\u00e9s da audi\u00e7\u00e3o de dezenas de pessoas com posturas pol\u00edticas diversas, este texto tamb\u00e9m se debru\u00e7a sobre as complexidades da ascens\u00e3o da elite nativa ao poder, e examina as implica\u00e7\u00f5es da sua ascens\u00e3o a posi\u00e7\u00f5es estrat\u00e9gicas na nova ordem pol\u00edtica. Entretanto, enquanto Angola se debatia com as dificuldades para forjar uma na\u00e7\u00e3o unificada, as tens\u00f5es internas fervilhavam \u00e0 superf\u00edcie, culminando no \u201cgolpe de Estado perfeito\u201d de 1977, um momento decisivo que exp\u00f4s a nu as fracturas no tecido pol\u00edtico da jovem na\u00e7\u00e3o, ao inv\u00e9s da luta pela unidade tentada por alguns.    Ano de edi\u00e7\u00e3o:\u00a005-2024  P\u00e1ginas:\u00a0270  Formato:\u00a0135 x 210 mm  PVP:\u00a018.500 AKZ (Angola) |\u00a016,80\u00a0EUR (UE)","og_url":"https:\/\/elivulu.org\/en\/product\/1977-o-assalto-ao-estado-e-o-golpe-de-classe-mussole-njolelu\/","og_site_name":"ELIVULU Editora","article_modified_time":"2025-12-19T12:04:12+00:00","og_image":[{"url":"https:\/\/elivulu.org\/wp-content\/uploads\/2025\/11\/1977-\u0393Co-O-ASSALTO-AO-ESTADO-E-O-GOLPE-DE-CLASSE.png","width":1,"height":1,"type":"image\/png"}],"twitter_card":"summary_large_image","twitter_misc":{"Est. reading time":"1 minute"},"schema":{"@context":"https:\/\/schema.org","@graph":[{"@type":"WebPage","@id":"https:\/\/elivulu.org\/product\/1977-o-assalto-ao-estado-e-o-golpe-de-classe-mussole-njolelu\/","url":"https:\/\/elivulu.org\/product\/1977-o-assalto-ao-estado-e-o-golpe-de-classe-mussole-njolelu\/","name":"1977 \u2013 O ASSALTO AO ESTADO E O GOLPE DE CLASSE - ELIVULU Editora","isPartOf":{"@id":"https:\/\/elivulu.org\/#website"},"primaryImageOfPage":{"@id":"https:\/\/elivulu.org\/product\/1977-o-assalto-ao-estado-e-o-golpe-de-classe-mussole-njolelu\/#primaryimage"},"image":{"@id":"https:\/\/elivulu.org\/product\/1977-o-assalto-ao-estado-e-o-golpe-de-classe-mussole-njolelu\/#primaryimage"},"thumbnailUrl":"https:\/\/elivulu.org\/wp-content\/uploads\/2025\/11\/1977-\u0393Co-O-ASSALTO-AO-ESTADO-E-O-GOLPE-DE-CLASSE-scaled.png","datePublished":"2025-11-24T12:13:14+00:00","dateModified":"2025-12-19T12:04:12+00:00","breadcrumb":{"@id":"https:\/\/elivulu.org\/product\/1977-o-assalto-ao-estado-e-o-golpe-de-classe-mussole-njolelu\/#breadcrumb"},"inLanguage":"en-US","potentialAction":[{"@type":"ReadAction","target":["https:\/\/elivulu.org\/product\/1977-o-assalto-ao-estado-e-o-golpe-de-classe-mussole-njolelu\/"]}]},{"@type":"ImageObject","inLanguage":"en-US","@id":"https:\/\/elivulu.org\/product\/1977-o-assalto-ao-estado-e-o-golpe-de-classe-mussole-njolelu\/#primaryimage","url":"https:\/\/elivulu.org\/wp-content\/uploads\/2025\/11\/1977-\u0393Co-O-ASSALTO-AO-ESTADO-E-O-GOLPE-DE-CLASSE-scaled.png","contentUrl":"https:\/\/elivulu.org\/wp-content\/uploads\/2025\/11\/1977-\u0393Co-O-ASSALTO-AO-ESTADO-E-O-GOLPE-DE-CLASSE-scaled.png","width":2560,"height":2560},{"@type":"BreadcrumbList","@id":"https:\/\/elivulu.org\/product\/1977-o-assalto-ao-estado-e-o-golpe-de-classe-mussole-njolelu\/#breadcrumb","itemListElement":[{"@type":"ListItem","position":1,"name":"In\u00edcio","item":"https:\/\/elivulu.org\/"},{"@type":"ListItem","position":2,"name":"Edi\u00e7\u00f5es","item":"https:\/\/elivulu.org\/shop\/"},{"@type":"ListItem","position":3,"name":"1977 \u2013 O ASSALTO AO ESTADO E O GOLPE DE CLASSE"}]},{"@type":"WebSite","@id":"https:\/\/elivulu.org\/#website","url":"https:\/\/elivulu.org\/","name":"ELIVULU Editora","description":"","potentialAction":[{"@type":"SearchAction","target":{"@type":"EntryPoint","urlTemplate":"https:\/\/elivulu.org\/?s={search_term_string}"},"query-input":{"@type":"PropertyValueSpecification","valueRequired":true,"valueName":"search_term_string"}}],"inLanguage":"en-US"}]}},"_links":{"self":[{"href":"https:\/\/elivulu.org\/en\/wp-json\/wp\/v2\/product\/35","targetHints":{"allow":["GET"]}}],"collection":[{"href":"https:\/\/elivulu.org\/en\/wp-json\/wp\/v2\/product"}],"about":[{"href":"https:\/\/elivulu.org\/en\/wp-json\/wp\/v2\/types\/product"}],"replies":[{"embeddable":true,"href":"https:\/\/elivulu.org\/en\/wp-json\/wp\/v2\/comments?post=35"}],"version-history":[{"count":2,"href":"https:\/\/elivulu.org\/en\/wp-json\/wp\/v2\/product\/35\/revisions"}],"predecessor-version":[{"id":2064,"href":"https:\/\/elivulu.org\/en\/wp-json\/wp\/v2\/product\/35\/revisions\/2064"}],"wp:featuredmedia":[{"embeddable":true,"href":"https:\/\/elivulu.org\/en\/wp-json\/wp\/v2\/media\/2029"}],"wp:attachment":[{"href":"https:\/\/elivulu.org\/en\/wp-json\/wp\/v2\/media?parent=35"}],"wp:term":[{"taxonomy":"book_author","embeddable":true,"href":"https:\/\/elivulu.org\/en\/wp-json\/wp\/v2\/book_author?post=35"},{"taxonomy":"product_brand","embeddable":true,"href":"https:\/\/elivulu.org\/en\/wp-json\/wp\/v2\/product_brand?post=35"},{"taxonomy":"product_cat","embeddable":true,"href":"https:\/\/elivulu.org\/en\/wp-json\/wp\/v2\/product_cat?post=35"},{"taxonomy":"product_tag","embeddable":true,"href":"https:\/\/elivulu.org\/en\/wp-json\/wp\/v2\/product_tag?post=35"}],"curies":[{"name":"wp","href":"https:\/\/api.w.org\/{rel}","templated":true}]}}