{"id":33,"date":"2025-11-24T12:09:25","date_gmt":"2025-11-24T12:09:25","guid":{"rendered":"https:\/\/elivulu.org\/?post_type=product&#038;p=33"},"modified":"2025-12-19T12:16:33","modified_gmt":"2025-12-19T12:16:33","slug":"ensaios-i-compilacao-de-textos-eugenio-da-costa-almeida","status":"publish","type":"product","link":"https:\/\/elivulu.org\/en\/product\/ensaios-i-compilacao-de-textos-eugenio-da-costa-almeida\/","title":{"rendered":"ENSAIOS I \u2014 (COMPILA\u00c7\u00c3O DE TEXTOS)"},"content":{"rendered":"","protected":false},"excerpt":{"rendered":"<p class=\"zfr3Q CDt4Ke\" dir=\"ltr\"><span class=\"C9DxTc\">Uma Perspectiva \u00danica sobre os Desafios Contempor\u00e2neos de \u00c1frica. Eug\u00e9nio Costa Almeida, uma voz reconhecida no debate sociol\u00f3gico e geopol\u00edtico, aborda com profundidade a identidade em transforma\u00e7\u00e3o de \u00c1frica. Organizada cronologicamente, a obra explora temas prementes, como a economia do desenvolvimento, a integra\u00e7\u00e3o regional, as din\u00e2micas culturais na di\u00e1spora e o papel de Angola no panorama internacional.<\/span><\/p>\n<ul>\n<li class=\"zfr3Q CDt4Ke\" dir=\"ltr\" role=\"presentation\"><span class=\"C9DxTc\">Ano de edi\u00e7\u00e3o: 12-2024<\/span><\/li>\n<li class=\"zfr3Q CDt4Ke\" dir=\"ltr\" role=\"presentation\"><span class=\"C9DxTc\">P\u00e1ginas: 185<\/span><\/li>\n<li class=\"zfr3Q CDt4Ke\" dir=\"ltr\" role=\"presentation\"><span class=\"C9DxTc\">Formato: 150 x 230 mm<\/span><\/li>\n<li class=\"zfr3Q CDt4Ke\" dir=\"ltr\" role=\"presentation\"><span class=\"C9DxTc\">PVP: 23.000 AKZ (Angola) | 17 EUR (UE)<\/span><\/li>\n<\/ul>","protected":false},"featured_media":2042,"comment_status":"open","ping_status":"closed","template":"","meta":{"_acf_changed":false},"book_author":[30],"product_brand":[],"product_cat":[15],"product_tag":[],"class_list":{"0":"post-33","1":"product","2":"type-product","3":"status-publish","4":"has-post-thumbnail","6":"book_author-eugenio-da-costa-almeida","7":"product_cat-books","9":"first","10":"instock","11":"shipping-taxable","12":"purchasable","13":"product-type-simple"},"acf":[],"yoast_head":"<!-- This site is optimized with the Yoast SEO plugin v27.0 - https:\/\/yoast.com\/product\/yoast-seo-wordpress\/ -->\n<title>ENSAIOS I \u2014 (COMPILA\u00c7\u00c3O DE TEXTOS) - ELIVULU Editora<\/title>\n<meta name=\"robots\" content=\"index, follow, max-snippet:-1, max-image-preview:large, max-video-preview:-1\" \/>\n<link rel=\"canonical\" href=\"https:\/\/elivulu.org\/en\/product\/ensaios-i-compilacao-de-textos-eugenio-da-costa-almeida\/\" \/>\n<meta property=\"og:locale\" content=\"en_US\" \/>\n<meta property=\"og:type\" content=\"article\" \/>\n<meta property=\"og:title\" content=\"ENSAIOS I \u2014 (COMPILA\u00c7\u00c3O DE TEXTOS) - ELIVULU Editora\" \/>\n<meta property=\"og:description\" content=\"Uma Perspectiva \u00danica sobre os Desafios Contempor\u00e2neos de \u00c1frica. Eug\u00e9nio Costa Almeida, uma voz reconhecida no debate sociol\u00f3gico e geopol\u00edtico, aborda com profundidade a identidade em transforma\u00e7\u00e3o de \u00c1frica. Organizada cronologicamente, a obra explora temas prementes, como a economia do desenvolvimento, a integra\u00e7\u00e3o regional, as din\u00e2micas culturais na di\u00e1spora e o papel de Angola no panorama internacional.    Ano de edi\u00e7\u00e3o: 12-2024  P\u00e1ginas: 185  Formato: 150 x 230 mm  PVP: 23.000 AKZ (Angola) | 17 EUR (UE)\" \/>\n<meta property=\"og:url\" content=\"https:\/\/elivulu.org\/en\/product\/ensaios-i-compilacao-de-textos-eugenio-da-costa-almeida\/\" \/>\n<meta property=\"og:site_name\" content=\"ELIVULU Editora\" \/>\n<meta property=\"article:modified_time\" content=\"2025-12-19T12:16:33+00:00\" \/>\n<meta property=\"og:image\" content=\"https:\/\/elivulu.org\/wp-content\/uploads\/2025\/11\/ENSAIOS-I-\u0393Co-COMPILAC\u2560oA\u2560aO-DE-TEXTOS-1024x1024.png\" \/>\n\t<meta property=\"og:image:width\" content=\"1024\" \/>\n\t<meta property=\"og:image:height\" content=\"1024\" \/>\n\t<meta property=\"og:image:type\" content=\"image\/png\" \/>\n<meta name=\"twitter:card\" content=\"summary_large_image\" \/>\n<meta name=\"twitter:label1\" content=\"Est. reading time\" \/>\n\t<meta name=\"twitter:data1\" content=\"1 minute\" \/>\n<script type=\"application\/ld+json\" class=\"yoast-schema-graph\">{\"@context\":\"https:\/\/schema.org\",\"@graph\":[{\"@type\":\"WebPage\",\"@id\":\"https:\/\/elivulu.org\/product\/ensaios-i-compilacao-de-textos-eugenio-da-costa-almeida\/\",\"url\":\"https:\/\/elivulu.org\/product\/ensaios-i-compilacao-de-textos-eugenio-da-costa-almeida\/\",\"name\":\"ENSAIOS I \u2014 (COMPILA\u00c7\u00c3O DE TEXTOS) - ELIVULU Editora\",\"isPartOf\":{\"@id\":\"https:\/\/elivulu.org\/#website\"},\"primaryImageOfPage\":{\"@id\":\"https:\/\/elivulu.org\/product\/ensaios-i-compilacao-de-textos-eugenio-da-costa-almeida\/#primaryimage\"},\"image\":{\"@id\":\"https:\/\/elivulu.org\/product\/ensaios-i-compilacao-de-textos-eugenio-da-costa-almeida\/#primaryimage\"},\"thumbnailUrl\":\"https:\/\/elivulu.org\/wp-content\/uploads\/2025\/11\/ENSAIOS-I-\u0393Co-COMPILAC\u2560oA\u2560aO-DE-TEXTOS-scaled.png\",\"datePublished\":\"2025-11-24T12:09:25+00:00\",\"dateModified\":\"2025-12-19T12:16:33+00:00\",\"breadcrumb\":{\"@id\":\"https:\/\/elivulu.org\/product\/ensaios-i-compilacao-de-textos-eugenio-da-costa-almeida\/#breadcrumb\"},\"inLanguage\":\"en-US\",\"potentialAction\":[{\"@type\":\"ReadAction\",\"target\":[\"https:\/\/elivulu.org\/product\/ensaios-i-compilacao-de-textos-eugenio-da-costa-almeida\/\"]}]},{\"@type\":\"ImageObject\",\"inLanguage\":\"en-US\",\"@id\":\"https:\/\/elivulu.org\/product\/ensaios-i-compilacao-de-textos-eugenio-da-costa-almeida\/#primaryimage\",\"url\":\"https:\/\/elivulu.org\/wp-content\/uploads\/2025\/11\/ENSAIOS-I-\u0393Co-COMPILAC\u2560oA\u2560aO-DE-TEXTOS-scaled.png\",\"contentUrl\":\"https:\/\/elivulu.org\/wp-content\/uploads\/2025\/11\/ENSAIOS-I-\u0393Co-COMPILAC\u2560oA\u2560aO-DE-TEXTOS-scaled.png\",\"width\":2560,\"height\":2560},{\"@type\":\"BreadcrumbList\",\"@id\":\"https:\/\/elivulu.org\/product\/ensaios-i-compilacao-de-textos-eugenio-da-costa-almeida\/#breadcrumb\",\"itemListElement\":[{\"@type\":\"ListItem\",\"position\":1,\"name\":\"In\u00edcio\",\"item\":\"https:\/\/elivulu.org\/\"},{\"@type\":\"ListItem\",\"position\":2,\"name\":\"Edi\u00e7\u00f5es\",\"item\":\"https:\/\/elivulu.org\/shop\/\"},{\"@type\":\"ListItem\",\"position\":3,\"name\":\"ENSAIOS I \u2014 (COMPILA\u00c7\u00c3O DE TEXTOS)\"}]},{\"@type\":\"WebSite\",\"@id\":\"https:\/\/elivulu.org\/#website\",\"url\":\"https:\/\/elivulu.org\/\",\"name\":\"ELIVULU Editora\",\"description\":\"\",\"potentialAction\":[{\"@type\":\"SearchAction\",\"target\":{\"@type\":\"EntryPoint\",\"urlTemplate\":\"https:\/\/elivulu.org\/?s={search_term_string}\"},\"query-input\":{\"@type\":\"PropertyValueSpecification\",\"valueRequired\":true,\"valueName\":\"search_term_string\"}}],\"inLanguage\":\"en-US\"}]}<\/script>\n<!-- \/ Yoast SEO plugin. -->","yoast_head_json":{"title":"ENSAIOS I \u2014 (COMPILA\u00c7\u00c3O DE TEXTOS) - ELIVULU Editora","robots":{"index":"index","follow":"follow","max-snippet":"max-snippet:-1","max-image-preview":"max-image-preview:large","max-video-preview":"max-video-preview:-1"},"canonical":"https:\/\/elivulu.org\/en\/product\/ensaios-i-compilacao-de-textos-eugenio-da-costa-almeida\/","og_locale":"en_US","og_type":"article","og_title":"ENSAIOS I \u2014 (COMPILA\u00c7\u00c3O DE TEXTOS) - ELIVULU Editora","og_description":"Uma Perspectiva \u00danica sobre os Desafios Contempor\u00e2neos de \u00c1frica. Eug\u00e9nio Costa Almeida, uma voz reconhecida no debate sociol\u00f3gico e geopol\u00edtico, aborda com profundidade a identidade em transforma\u00e7\u00e3o de \u00c1frica. Organizada cronologicamente, a obra explora temas prementes, como a economia do desenvolvimento, a integra\u00e7\u00e3o regional, as din\u00e2micas culturais na di\u00e1spora e o papel de Angola no panorama internacional.    Ano de edi\u00e7\u00e3o: 12-2024  P\u00e1ginas: 185  Formato: 150 x 230 mm  PVP: 23.000 AKZ (Angola) | 17 EUR (UE)","og_url":"https:\/\/elivulu.org\/en\/product\/ensaios-i-compilacao-de-textos-eugenio-da-costa-almeida\/","og_site_name":"ELIVULU Editora","article_modified_time":"2025-12-19T12:16:33+00:00","og_image":[{"width":1024,"height":1024,"url":"https:\/\/elivulu.org\/wp-content\/uploads\/2025\/11\/ENSAIOS-I-\u0393Co-COMPILAC\u2560oA\u2560aO-DE-TEXTOS-1024x1024.png","type":"image\/png"}],"twitter_card":"summary_large_image","twitter_misc":{"Est. reading time":"1 minute"},"schema":{"@context":"https:\/\/schema.org","@graph":[{"@type":"WebPage","@id":"https:\/\/elivulu.org\/product\/ensaios-i-compilacao-de-textos-eugenio-da-costa-almeida\/","url":"https:\/\/elivulu.org\/product\/ensaios-i-compilacao-de-textos-eugenio-da-costa-almeida\/","name":"ENSAIOS I \u2014 (COMPILA\u00c7\u00c3O DE TEXTOS) - ELIVULU Editora","isPartOf":{"@id":"https:\/\/elivulu.org\/#website"},"primaryImageOfPage":{"@id":"https:\/\/elivulu.org\/product\/ensaios-i-compilacao-de-textos-eugenio-da-costa-almeida\/#primaryimage"},"image":{"@id":"https:\/\/elivulu.org\/product\/ensaios-i-compilacao-de-textos-eugenio-da-costa-almeida\/#primaryimage"},"thumbnailUrl":"https:\/\/elivulu.org\/wp-content\/uploads\/2025\/11\/ENSAIOS-I-\u0393Co-COMPILAC\u2560oA\u2560aO-DE-TEXTOS-scaled.png","datePublished":"2025-11-24T12:09:25+00:00","dateModified":"2025-12-19T12:16:33+00:00","breadcrumb":{"@id":"https:\/\/elivulu.org\/product\/ensaios-i-compilacao-de-textos-eugenio-da-costa-almeida\/#breadcrumb"},"inLanguage":"en-US","potentialAction":[{"@type":"ReadAction","target":["https:\/\/elivulu.org\/product\/ensaios-i-compilacao-de-textos-eugenio-da-costa-almeida\/"]}]},{"@type":"ImageObject","inLanguage":"en-US","@id":"https:\/\/elivulu.org\/product\/ensaios-i-compilacao-de-textos-eugenio-da-costa-almeida\/#primaryimage","url":"https:\/\/elivulu.org\/wp-content\/uploads\/2025\/11\/ENSAIOS-I-\u0393Co-COMPILAC\u2560oA\u2560aO-DE-TEXTOS-scaled.png","contentUrl":"https:\/\/elivulu.org\/wp-content\/uploads\/2025\/11\/ENSAIOS-I-\u0393Co-COMPILAC\u2560oA\u2560aO-DE-TEXTOS-scaled.png","width":2560,"height":2560},{"@type":"BreadcrumbList","@id":"https:\/\/elivulu.org\/product\/ensaios-i-compilacao-de-textos-eugenio-da-costa-almeida\/#breadcrumb","itemListElement":[{"@type":"ListItem","position":1,"name":"In\u00edcio","item":"https:\/\/elivulu.org\/"},{"@type":"ListItem","position":2,"name":"Edi\u00e7\u00f5es","item":"https:\/\/elivulu.org\/shop\/"},{"@type":"ListItem","position":3,"name":"ENSAIOS I \u2014 (COMPILA\u00c7\u00c3O DE TEXTOS)"}]},{"@type":"WebSite","@id":"https:\/\/elivulu.org\/#website","url":"https:\/\/elivulu.org\/","name":"ELIVULU Editora","description":"","potentialAction":[{"@type":"SearchAction","target":{"@type":"EntryPoint","urlTemplate":"https:\/\/elivulu.org\/?s={search_term_string}"},"query-input":{"@type":"PropertyValueSpecification","valueRequired":true,"valueName":"search_term_string"}}],"inLanguage":"en-US"}]}},"_links":{"self":[{"href":"https:\/\/elivulu.org\/en\/wp-json\/wp\/v2\/product\/33","targetHints":{"allow":["GET"]}}],"collection":[{"href":"https:\/\/elivulu.org\/en\/wp-json\/wp\/v2\/product"}],"about":[{"href":"https:\/\/elivulu.org\/en\/wp-json\/wp\/v2\/types\/product"}],"replies":[{"embeddable":true,"href":"https:\/\/elivulu.org\/en\/wp-json\/wp\/v2\/comments?post=33"}],"version-history":[{"count":2,"href":"https:\/\/elivulu.org\/en\/wp-json\/wp\/v2\/product\/33\/revisions"}],"predecessor-version":[{"id":2079,"href":"https:\/\/elivulu.org\/en\/wp-json\/wp\/v2\/product\/33\/revisions\/2079"}],"wp:featuredmedia":[{"embeddable":true,"href":"https:\/\/elivulu.org\/en\/wp-json\/wp\/v2\/media\/2042"}],"wp:attachment":[{"href":"https:\/\/elivulu.org\/en\/wp-json\/wp\/v2\/media?parent=33"}],"wp:term":[{"taxonomy":"book_author","embeddable":true,"href":"https:\/\/elivulu.org\/en\/wp-json\/wp\/v2\/book_author?post=33"},{"taxonomy":"product_brand","embeddable":true,"href":"https:\/\/elivulu.org\/en\/wp-json\/wp\/v2\/product_brand?post=33"},{"taxonomy":"product_cat","embeddable":true,"href":"https:\/\/elivulu.org\/en\/wp-json\/wp\/v2\/product_cat?post=33"},{"taxonomy":"product_tag","embeddable":true,"href":"https:\/\/elivulu.org\/en\/wp-json\/wp\/v2\/product_tag?post=33"}],"curies":[{"name":"wp","href":"https:\/\/api.w.org\/{rel}","templated":true}]}}