{"id":31,"date":"2025-11-24T12:05:07","date_gmt":"2025-11-24T12:05:07","guid":{"rendered":"https:\/\/elivulu.org\/?post_type=product&#038;p=31"},"modified":"2025-12-19T12:10:39","modified_gmt":"2025-12-19T12:10:39","slug":"casa-75-branca-clara-das-neves","status":"publish","type":"product","link":"https:\/\/elivulu.org\/en\/product\/casa-75-branca-clara-das-neves\/","title":{"rendered":"CASA 75"},"content":{"rendered":"","protected":false},"excerpt":{"rendered":"<p>\u00abCasa 75\u00bb \u00e9 um romance provocat\u00f3rio e celebrativo do ano de 1975. Danda, Fitinha, Marika, Daluz, Hendrix, Roberto e Naka s\u00e3o os eixos deste romance num lugar em que a urg\u00eancia estonteante da sua juventude conflui com o romper dos seus novos pa\u00edses. Algumas outras personagem atravessam este contar, vivendo todos a excepcionalidade da transi\u00e7\u00e3o, as suas mem\u00f3rias conduzindo a raptos s\u00fabitos para lugares de vida extrema \u2014 a guerra, o amor, o luto, o poder da festa. Na presen\u00e7a pulsional da utopia e do apagamento da viol\u00eancia. No centro est\u00e1 a Casa, antigo lar feminino ocupado, onde partilham sonhos, ambi\u00e7\u00f5es, reflex\u00f5es e descobertas com os sons das m\u00fasicas e das suas l\u00ednguas, no ritmo dos debates e eventos pol\u00edticos, rupturas e escolhas que ir\u00e3o marcar o seu futuro.<\/p>\n<ul>\n<li>Ano de edi\u00e7\u00e3o: 11-2025<\/li>\n<li>P\u00e1ginas: 254<\/li>\n<li>Formato: 170 x 240 mm<\/li>\n<li>PVP: 16.000 AKZ (Angola) | 18 EUR (UE)<\/li>\n<\/ul>","protected":false},"featured_media":2034,"comment_status":"open","ping_status":"closed","template":"","meta":{"_acf_changed":false},"book_author":[27],"product_brand":[],"product_cat":[15],"product_tag":[],"class_list":{"0":"post-31","1":"product","2":"type-product","3":"status-publish","4":"has-post-thumbnail","6":"book_author-branca-clara-das-neves","7":"product_cat-books","9":"first","10":"instock","11":"shipping-taxable","12":"purchasable","13":"product-type-simple"},"acf":[],"yoast_head":"<!-- This site is optimized with the Yoast SEO plugin v27.0 - https:\/\/yoast.com\/product\/yoast-seo-wordpress\/ -->\n<title>CASA 75 - ELIVULU Editora<\/title>\n<meta name=\"robots\" content=\"index, follow, max-snippet:-1, max-image-preview:large, max-video-preview:-1\" \/>\n<link rel=\"canonical\" href=\"https:\/\/elivulu.org\/en\/product\/casa-75-branca-clara-das-neves\/\" \/>\n<meta property=\"og:locale\" content=\"en_US\" \/>\n<meta property=\"og:type\" content=\"article\" \/>\n<meta property=\"og:title\" content=\"CASA 75 - ELIVULU Editora\" \/>\n<meta property=\"og:description\" content=\"\u00abCasa 75\u00bb \u00e9 um romance provocat\u00f3rio e celebrativo do ano de 1975. Danda, Fitinha, Marika, Daluz, Hendrix, Roberto e Naka s\u00e3o os eixos deste romance num lugar em que a urg\u00eancia estonteante da sua juventude conflui com o romper dos seus novos pa\u00edses. Algumas outras personagem atravessam este contar, vivendo todos a excepcionalidade da transi\u00e7\u00e3o, as suas mem\u00f3rias conduzindo a raptos s\u00fabitos para lugares de vida extrema \u2014 a guerra, o amor, o luto, o poder da festa. Na presen\u00e7a pulsional da utopia e do apagamento da viol\u00eancia. No centro est\u00e1 a Casa, antigo lar feminino ocupado, onde partilham sonhos, ambi\u00e7\u00f5es, reflex\u00f5es e descobertas com os sons das m\u00fasicas e das suas l\u00ednguas, no ritmo dos debates e eventos pol\u00edticos, rupturas e escolhas que ir\u00e3o marcar o seu futuro.   Ano de edi\u00e7\u00e3o: 11-2025  P\u00e1ginas: 254  Formato: 170 x 240 mm  PVP: 16.000 AKZ (Angola) | 18 EUR (UE)\" \/>\n<meta property=\"og:url\" content=\"https:\/\/elivulu.org\/en\/product\/casa-75-branca-clara-das-neves\/\" \/>\n<meta property=\"og:site_name\" content=\"ELIVULU Editora\" \/>\n<meta property=\"article:modified_time\" content=\"2025-12-19T12:10:39+00:00\" \/>\n<meta property=\"og:image\" content=\"https:\/\/elivulu.org\/wp-content\/uploads\/2025\/11\/CASA-75-scaled.png\" \/>\n\t<meta property=\"og:image:width\" content=\"2560\" \/>\n\t<meta property=\"og:image:height\" content=\"2560\" \/>\n\t<meta property=\"og:image:type\" content=\"image\/png\" \/>\n<meta name=\"twitter:card\" content=\"summary_large_image\" \/>\n<meta name=\"twitter:label1\" content=\"Est. reading time\" \/>\n\t<meta name=\"twitter:data1\" content=\"1 minute\" \/>\n<script type=\"application\/ld+json\" class=\"yoast-schema-graph\">{\"@context\":\"https:\/\/schema.org\",\"@graph\":[{\"@type\":\"WebPage\",\"@id\":\"https:\/\/elivulu.org\/product\/casa-75-branca-clara-das-neves\/\",\"url\":\"https:\/\/elivulu.org\/product\/casa-75-branca-clara-das-neves\/\",\"name\":\"CASA 75 - ELIVULU Editora\",\"isPartOf\":{\"@id\":\"https:\/\/elivulu.org\/#website\"},\"primaryImageOfPage\":{\"@id\":\"https:\/\/elivulu.org\/product\/casa-75-branca-clara-das-neves\/#primaryimage\"},\"image\":{\"@id\":\"https:\/\/elivulu.org\/product\/casa-75-branca-clara-das-neves\/#primaryimage\"},\"thumbnailUrl\":\"https:\/\/elivulu.org\/wp-content\/uploads\/2025\/11\/CASA-75-scaled.png\",\"datePublished\":\"2025-11-24T12:05:07+00:00\",\"dateModified\":\"2025-12-19T12:10:39+00:00\",\"breadcrumb\":{\"@id\":\"https:\/\/elivulu.org\/product\/casa-75-branca-clara-das-neves\/#breadcrumb\"},\"inLanguage\":\"en-US\",\"potentialAction\":[{\"@type\":\"ReadAction\",\"target\":[\"https:\/\/elivulu.org\/product\/casa-75-branca-clara-das-neves\/\"]}]},{\"@type\":\"ImageObject\",\"inLanguage\":\"en-US\",\"@id\":\"https:\/\/elivulu.org\/product\/casa-75-branca-clara-das-neves\/#primaryimage\",\"url\":\"https:\/\/elivulu.org\/wp-content\/uploads\/2025\/11\/CASA-75-scaled.png\",\"contentUrl\":\"https:\/\/elivulu.org\/wp-content\/uploads\/2025\/11\/CASA-75-scaled.png\",\"width\":2560,\"height\":2560},{\"@type\":\"BreadcrumbList\",\"@id\":\"https:\/\/elivulu.org\/product\/casa-75-branca-clara-das-neves\/#breadcrumb\",\"itemListElement\":[{\"@type\":\"ListItem\",\"position\":1,\"name\":\"In\u00edcio\",\"item\":\"https:\/\/elivulu.org\/\"},{\"@type\":\"ListItem\",\"position\":2,\"name\":\"Edi\u00e7\u00f5es\",\"item\":\"https:\/\/elivulu.org\/shop\/\"},{\"@type\":\"ListItem\",\"position\":3,\"name\":\"CASA 75\"}]},{\"@type\":\"WebSite\",\"@id\":\"https:\/\/elivulu.org\/#website\",\"url\":\"https:\/\/elivulu.org\/\",\"name\":\"ELIVULU Editora\",\"description\":\"\",\"potentialAction\":[{\"@type\":\"SearchAction\",\"target\":{\"@type\":\"EntryPoint\",\"urlTemplate\":\"https:\/\/elivulu.org\/?s={search_term_string}\"},\"query-input\":{\"@type\":\"PropertyValueSpecification\",\"valueRequired\":true,\"valueName\":\"search_term_string\"}}],\"inLanguage\":\"en-US\"}]}<\/script>\n<!-- \/ Yoast SEO plugin. -->","yoast_head_json":{"title":"CASA 75 - ELIVULU Editora","robots":{"index":"index","follow":"follow","max-snippet":"max-snippet:-1","max-image-preview":"max-image-preview:large","max-video-preview":"max-video-preview:-1"},"canonical":"https:\/\/elivulu.org\/en\/product\/casa-75-branca-clara-das-neves\/","og_locale":"en_US","og_type":"article","og_title":"CASA 75 - ELIVULU Editora","og_description":"\u00abCasa 75\u00bb \u00e9 um romance provocat\u00f3rio e celebrativo do ano de 1975. Danda, Fitinha, Marika, Daluz, Hendrix, Roberto e Naka s\u00e3o os eixos deste romance num lugar em que a urg\u00eancia estonteante da sua juventude conflui com o romper dos seus novos pa\u00edses. Algumas outras personagem atravessam este contar, vivendo todos a excepcionalidade da transi\u00e7\u00e3o, as suas mem\u00f3rias conduzindo a raptos s\u00fabitos para lugares de vida extrema \u2014 a guerra, o amor, o luto, o poder da festa. Na presen\u00e7a pulsional da utopia e do apagamento da viol\u00eancia. No centro est\u00e1 a Casa, antigo lar feminino ocupado, onde partilham sonhos, ambi\u00e7\u00f5es, reflex\u00f5es e descobertas com os sons das m\u00fasicas e das suas l\u00ednguas, no ritmo dos debates e eventos pol\u00edticos, rupturas e escolhas que ir\u00e3o marcar o seu futuro.   Ano de edi\u00e7\u00e3o: 11-2025  P\u00e1ginas: 254  Formato: 170 x 240 mm  PVP: 16.000 AKZ (Angola) | 18 EUR (UE)","og_url":"https:\/\/elivulu.org\/en\/product\/casa-75-branca-clara-das-neves\/","og_site_name":"ELIVULU Editora","article_modified_time":"2025-12-19T12:10:39+00:00","og_image":[{"width":2560,"height":2560,"url":"https:\/\/elivulu.org\/wp-content\/uploads\/2025\/11\/CASA-75-scaled.png","type":"image\/png"}],"twitter_card":"summary_large_image","twitter_misc":{"Est. reading time":"1 minute"},"schema":{"@context":"https:\/\/schema.org","@graph":[{"@type":"WebPage","@id":"https:\/\/elivulu.org\/product\/casa-75-branca-clara-das-neves\/","url":"https:\/\/elivulu.org\/product\/casa-75-branca-clara-das-neves\/","name":"CASA 75 - ELIVULU Editora","isPartOf":{"@id":"https:\/\/elivulu.org\/#website"},"primaryImageOfPage":{"@id":"https:\/\/elivulu.org\/product\/casa-75-branca-clara-das-neves\/#primaryimage"},"image":{"@id":"https:\/\/elivulu.org\/product\/casa-75-branca-clara-das-neves\/#primaryimage"},"thumbnailUrl":"https:\/\/elivulu.org\/wp-content\/uploads\/2025\/11\/CASA-75-scaled.png","datePublished":"2025-11-24T12:05:07+00:00","dateModified":"2025-12-19T12:10:39+00:00","breadcrumb":{"@id":"https:\/\/elivulu.org\/product\/casa-75-branca-clara-das-neves\/#breadcrumb"},"inLanguage":"en-US","potentialAction":[{"@type":"ReadAction","target":["https:\/\/elivulu.org\/product\/casa-75-branca-clara-das-neves\/"]}]},{"@type":"ImageObject","inLanguage":"en-US","@id":"https:\/\/elivulu.org\/product\/casa-75-branca-clara-das-neves\/#primaryimage","url":"https:\/\/elivulu.org\/wp-content\/uploads\/2025\/11\/CASA-75-scaled.png","contentUrl":"https:\/\/elivulu.org\/wp-content\/uploads\/2025\/11\/CASA-75-scaled.png","width":2560,"height":2560},{"@type":"BreadcrumbList","@id":"https:\/\/elivulu.org\/product\/casa-75-branca-clara-das-neves\/#breadcrumb","itemListElement":[{"@type":"ListItem","position":1,"name":"In\u00edcio","item":"https:\/\/elivulu.org\/"},{"@type":"ListItem","position":2,"name":"Edi\u00e7\u00f5es","item":"https:\/\/elivulu.org\/shop\/"},{"@type":"ListItem","position":3,"name":"CASA 75"}]},{"@type":"WebSite","@id":"https:\/\/elivulu.org\/#website","url":"https:\/\/elivulu.org\/","name":"ELIVULU Editora","description":"","potentialAction":[{"@type":"SearchAction","target":{"@type":"EntryPoint","urlTemplate":"https:\/\/elivulu.org\/?s={search_term_string}"},"query-input":{"@type":"PropertyValueSpecification","valueRequired":true,"valueName":"search_term_string"}}],"inLanguage":"en-US"}]}},"_links":{"self":[{"href":"https:\/\/elivulu.org\/en\/wp-json\/wp\/v2\/product\/31","targetHints":{"allow":["GET"]}}],"collection":[{"href":"https:\/\/elivulu.org\/en\/wp-json\/wp\/v2\/product"}],"about":[{"href":"https:\/\/elivulu.org\/en\/wp-json\/wp\/v2\/types\/product"}],"replies":[{"embeddable":true,"href":"https:\/\/elivulu.org\/en\/wp-json\/wp\/v2\/comments?post=31"}],"version-history":[{"count":2,"href":"https:\/\/elivulu.org\/en\/wp-json\/wp\/v2\/product\/31\/revisions"}],"predecessor-version":[{"id":2071,"href":"https:\/\/elivulu.org\/en\/wp-json\/wp\/v2\/product\/31\/revisions\/2071"}],"wp:featuredmedia":[{"embeddable":true,"href":"https:\/\/elivulu.org\/en\/wp-json\/wp\/v2\/media\/2034"}],"wp:attachment":[{"href":"https:\/\/elivulu.org\/en\/wp-json\/wp\/v2\/media?parent=31"}],"wp:term":[{"taxonomy":"book_author","embeddable":true,"href":"https:\/\/elivulu.org\/en\/wp-json\/wp\/v2\/book_author?post=31"},{"taxonomy":"product_brand","embeddable":true,"href":"https:\/\/elivulu.org\/en\/wp-json\/wp\/v2\/product_brand?post=31"},{"taxonomy":"product_cat","embeddable":true,"href":"https:\/\/elivulu.org\/en\/wp-json\/wp\/v2\/product_cat?post=31"},{"taxonomy":"product_tag","embeddable":true,"href":"https:\/\/elivulu.org\/en\/wp-json\/wp\/v2\/product_tag?post=31"}],"curies":[{"name":"wp","href":"https:\/\/api.w.org\/{rel}","templated":true}]}}