{"id":2025,"date":"2025-12-19T09:50:59","date_gmt":"2025-12-19T09:50:59","guid":{"rendered":"https:\/\/elivulu.org\/?post_type=product&#038;p=2025"},"modified":"2025-12-19T12:23:35","modified_gmt":"2025-12-19T12:23:35","slug":"psicologia-forense-e-sistema-de-justica-i","status":"publish","type":"product","link":"https:\/\/elivulu.org\/en\/product\/psicologia-forense-e-sistema-de-justica-i\/","title":{"rendered":"PSICOLOGIA FORENSE E SISTEMA DE JUSTI\u00c7A I"},"content":{"rendered":"","protected":false},"excerpt":{"rendered":"<p>Manual de Psicologia para Magistrados Judiciais, Magistrados do Minist\u00e9rio P\u00fablico, Advogados, Agentes e Funcion\u00e1rios Judiciais, \u00f3rg\u00e3os jurisdicionais de investiga\u00e7\u00e3o criminal, penal, forense e policial, quadros afectos a Servi\u00e7os de Investiga\u00e7\u00e3o Criminal e Penitenci\u00e1rio, profissionais das diversas \u00e1reas intervenientes no sistema de justi\u00e7a, crimin\u00f3logos, psic\u00f3logos, soci\u00f3logos e profissionais da carreira acad\u00e9mica, docentes universit\u00e1rios, estudiosos, consultores do Direito, estudantes universit\u00e1rios, consulentes, leitores e demais destinat\u00e1rios que vierem a reconhecer utilidade neste trabalho.<\/p>\n<ul>\n<li>Ano de edi\u00e7\u00e3o: 12-2023<\/li>\n<li>Pref\u00e1cio:\u00a0Hilda Morana e Ana Paula Godinho<\/li>\n<li>Posf\u00e1cio: Rui Abrunhosa Gon\u00e7alves, Daniel Mendes e Alberto S\u00e9rgio Raimundo<\/li>\n<li>P\u00e1ginas: 326<\/li>\n<li>Formato: 170 X 240 mm<\/li>\n<li>PVP:\u00a020\u00a0000 AKZ (Angola) \u2013 20\u00a0EUR (Portugal\/Europa)<\/li>\n<\/ul>","protected":false},"featured_media":2026,"comment_status":"open","ping_status":"closed","template":"","meta":{"_acf_changed":false},"book_author":[54],"product_brand":[],"product_cat":[15],"product_tag":[],"class_list":{"0":"post-2025","1":"product","2":"type-product","3":"status-publish","4":"has-post-thumbnail","6":"book_author-fernandes-manuel","7":"product_cat-books","9":"first","10":"instock","11":"shipping-taxable","12":"purchasable","13":"product-type-simple"},"acf":[],"yoast_head":"<!-- This site is optimized with the Yoast SEO plugin v27.0 - https:\/\/yoast.com\/product\/yoast-seo-wordpress\/ -->\n<title>PSICOLOGIA FORENSE E SISTEMA DE JUSTI\u00c7A I - ELIVULU Editora<\/title>\n<meta name=\"robots\" content=\"index, follow, max-snippet:-1, max-image-preview:large, max-video-preview:-1\" \/>\n<link rel=\"canonical\" href=\"https:\/\/elivulu.org\/en\/product\/psicologia-forense-e-sistema-de-justica-i\/\" \/>\n<meta property=\"og:locale\" content=\"en_US\" \/>\n<meta property=\"og:type\" content=\"article\" \/>\n<meta property=\"og:title\" content=\"PSICOLOGIA FORENSE E SISTEMA DE JUSTI\u00c7A I - ELIVULU Editora\" \/>\n<meta property=\"og:description\" content=\"Manual de Psicologia para Magistrados Judiciais, Magistrados do Minist\u00e9rio P\u00fablico, Advogados, Agentes e Funcion\u00e1rios Judiciais, \u00f3rg\u00e3os jurisdicionais de investiga\u00e7\u00e3o criminal, penal, forense e policial, quadros afectos a Servi\u00e7os de Investiga\u00e7\u00e3o Criminal e Penitenci\u00e1rio, profissionais das diversas \u00e1reas intervenientes no sistema de justi\u00e7a, crimin\u00f3logos, psic\u00f3logos, soci\u00f3logos e profissionais da carreira acad\u00e9mica, docentes universit\u00e1rios, estudiosos, consultores do Direito, estudantes universit\u00e1rios, consulentes, leitores e demais destinat\u00e1rios que vierem a reconhecer utilidade neste trabalho.   Ano de edi\u00e7\u00e3o: 12-2023  Pref\u00e1cio:\u00a0Hilda Morana e Ana Paula Godinho  Posf\u00e1cio: Rui Abrunhosa Gon\u00e7alves, Daniel Mendes e Alberto S\u00e9rgio Raimundo  P\u00e1ginas: 326  Formato: 170 X 240 mm  PVP:\u00a020\u00a0000 AKZ (Angola) \u2013 20\u00a0EUR (Portugal\/Europa)\" \/>\n<meta property=\"og:url\" content=\"https:\/\/elivulu.org\/en\/product\/psicologia-forense-e-sistema-de-justica-i\/\" \/>\n<meta property=\"og:site_name\" content=\"ELIVULU Editora\" \/>\n<meta property=\"article:modified_time\" content=\"2025-12-19T12:23:35+00:00\" \/>\n<meta property=\"og:image\" content=\"https:\/\/elivulu.org\/wp-content\/uploads\/2025\/12\/Psicologia-Forense-e-Sistema-de-Justic\u2560oa-I-scaled.png\" \/>\n\t<meta property=\"og:image:width\" content=\"2560\" \/>\n\t<meta property=\"og:image:height\" content=\"2560\" \/>\n\t<meta property=\"og:image:type\" content=\"image\/png\" \/>\n<meta name=\"twitter:card\" content=\"summary_large_image\" \/>\n<meta name=\"twitter:label1\" content=\"Est. reading time\" \/>\n\t<meta name=\"twitter:data1\" content=\"1 minute\" \/>\n<script type=\"application\/ld+json\" class=\"yoast-schema-graph\">{\"@context\":\"https:\/\/schema.org\",\"@graph\":[{\"@type\":\"WebPage\",\"@id\":\"https:\/\/elivulu.org\/product\/psicologia-forense-e-sistema-de-justica-i\/\",\"url\":\"https:\/\/elivulu.org\/product\/psicologia-forense-e-sistema-de-justica-i\/\",\"name\":\"PSICOLOGIA FORENSE E SISTEMA DE JUSTI\u00c7A I - ELIVULU Editora\",\"isPartOf\":{\"@id\":\"https:\/\/elivulu.org\/#website\"},\"primaryImageOfPage\":{\"@id\":\"https:\/\/elivulu.org\/product\/psicologia-forense-e-sistema-de-justica-i\/#primaryimage\"},\"image\":{\"@id\":\"https:\/\/elivulu.org\/product\/psicologia-forense-e-sistema-de-justica-i\/#primaryimage\"},\"thumbnailUrl\":\"https:\/\/elivulu.org\/wp-content\/uploads\/2025\/12\/Psicologia-Forense-e-Sistema-de-Justic\u2560oa-I-scaled.png\",\"datePublished\":\"2025-12-19T09:50:59+00:00\",\"dateModified\":\"2025-12-19T12:23:35+00:00\",\"breadcrumb\":{\"@id\":\"https:\/\/elivulu.org\/product\/psicologia-forense-e-sistema-de-justica-i\/#breadcrumb\"},\"inLanguage\":\"en-US\",\"potentialAction\":[{\"@type\":\"ReadAction\",\"target\":[\"https:\/\/elivulu.org\/product\/psicologia-forense-e-sistema-de-justica-i\/\"]}]},{\"@type\":\"ImageObject\",\"inLanguage\":\"en-US\",\"@id\":\"https:\/\/elivulu.org\/product\/psicologia-forense-e-sistema-de-justica-i\/#primaryimage\",\"url\":\"https:\/\/elivulu.org\/wp-content\/uploads\/2025\/12\/Psicologia-Forense-e-Sistema-de-Justic\u2560oa-I-scaled.png\",\"contentUrl\":\"https:\/\/elivulu.org\/wp-content\/uploads\/2025\/12\/Psicologia-Forense-e-Sistema-de-Justic\u2560oa-I-scaled.png\",\"width\":2560,\"height\":2560},{\"@type\":\"BreadcrumbList\",\"@id\":\"https:\/\/elivulu.org\/product\/psicologia-forense-e-sistema-de-justica-i\/#breadcrumb\",\"itemListElement\":[{\"@type\":\"ListItem\",\"position\":1,\"name\":\"In\u00edcio\",\"item\":\"https:\/\/elivulu.org\/\"},{\"@type\":\"ListItem\",\"position\":2,\"name\":\"Edi\u00e7\u00f5es\",\"item\":\"https:\/\/elivulu.org\/shop\/\"},{\"@type\":\"ListItem\",\"position\":3,\"name\":\"PSICOLOGIA FORENSE E SISTEMA DE JUSTI\u00c7A I\"}]},{\"@type\":\"WebSite\",\"@id\":\"https:\/\/elivulu.org\/#website\",\"url\":\"https:\/\/elivulu.org\/\",\"name\":\"ELIVULU Editora\",\"description\":\"\",\"potentialAction\":[{\"@type\":\"SearchAction\",\"target\":{\"@type\":\"EntryPoint\",\"urlTemplate\":\"https:\/\/elivulu.org\/?s={search_term_string}\"},\"query-input\":{\"@type\":\"PropertyValueSpecification\",\"valueRequired\":true,\"valueName\":\"search_term_string\"}}],\"inLanguage\":\"en-US\"}]}<\/script>\n<!-- \/ Yoast SEO plugin. -->","yoast_head_json":{"title":"PSICOLOGIA FORENSE E SISTEMA DE JUSTI\u00c7A I - ELIVULU Editora","robots":{"index":"index","follow":"follow","max-snippet":"max-snippet:-1","max-image-preview":"max-image-preview:large","max-video-preview":"max-video-preview:-1"},"canonical":"https:\/\/elivulu.org\/en\/product\/psicologia-forense-e-sistema-de-justica-i\/","og_locale":"en_US","og_type":"article","og_title":"PSICOLOGIA FORENSE E SISTEMA DE JUSTI\u00c7A I - ELIVULU Editora","og_description":"Manual de Psicologia para Magistrados Judiciais, Magistrados do Minist\u00e9rio P\u00fablico, Advogados, Agentes e Funcion\u00e1rios Judiciais, \u00f3rg\u00e3os jurisdicionais de investiga\u00e7\u00e3o criminal, penal, forense e policial, quadros afectos a Servi\u00e7os de Investiga\u00e7\u00e3o Criminal e Penitenci\u00e1rio, profissionais das diversas \u00e1reas intervenientes no sistema de justi\u00e7a, crimin\u00f3logos, psic\u00f3logos, soci\u00f3logos e profissionais da carreira acad\u00e9mica, docentes universit\u00e1rios, estudiosos, consultores do Direito, estudantes universit\u00e1rios, consulentes, leitores e demais destinat\u00e1rios que vierem a reconhecer utilidade neste trabalho.   Ano de edi\u00e7\u00e3o: 12-2023  Pref\u00e1cio:\u00a0Hilda Morana e Ana Paula Godinho  Posf\u00e1cio: Rui Abrunhosa Gon\u00e7alves, Daniel Mendes e Alberto S\u00e9rgio Raimundo  P\u00e1ginas: 326  Formato: 170 X 240 mm  PVP:\u00a020\u00a0000 AKZ (Angola) \u2013 20\u00a0EUR (Portugal\/Europa)","og_url":"https:\/\/elivulu.org\/en\/product\/psicologia-forense-e-sistema-de-justica-i\/","og_site_name":"ELIVULU Editora","article_modified_time":"2025-12-19T12:23:35+00:00","og_image":[{"width":2560,"height":2560,"url":"https:\/\/elivulu.org\/wp-content\/uploads\/2025\/12\/Psicologia-Forense-e-Sistema-de-Justic\u2560oa-I-scaled.png","type":"image\/png"}],"twitter_card":"summary_large_image","twitter_misc":{"Est. reading time":"1 minute"},"schema":{"@context":"https:\/\/schema.org","@graph":[{"@type":"WebPage","@id":"https:\/\/elivulu.org\/product\/psicologia-forense-e-sistema-de-justica-i\/","url":"https:\/\/elivulu.org\/product\/psicologia-forense-e-sistema-de-justica-i\/","name":"PSICOLOGIA FORENSE E SISTEMA DE JUSTI\u00c7A I - ELIVULU Editora","isPartOf":{"@id":"https:\/\/elivulu.org\/#website"},"primaryImageOfPage":{"@id":"https:\/\/elivulu.org\/product\/psicologia-forense-e-sistema-de-justica-i\/#primaryimage"},"image":{"@id":"https:\/\/elivulu.org\/product\/psicologia-forense-e-sistema-de-justica-i\/#primaryimage"},"thumbnailUrl":"https:\/\/elivulu.org\/wp-content\/uploads\/2025\/12\/Psicologia-Forense-e-Sistema-de-Justic\u2560oa-I-scaled.png","datePublished":"2025-12-19T09:50:59+00:00","dateModified":"2025-12-19T12:23:35+00:00","breadcrumb":{"@id":"https:\/\/elivulu.org\/product\/psicologia-forense-e-sistema-de-justica-i\/#breadcrumb"},"inLanguage":"en-US","potentialAction":[{"@type":"ReadAction","target":["https:\/\/elivulu.org\/product\/psicologia-forense-e-sistema-de-justica-i\/"]}]},{"@type":"ImageObject","inLanguage":"en-US","@id":"https:\/\/elivulu.org\/product\/psicologia-forense-e-sistema-de-justica-i\/#primaryimage","url":"https:\/\/elivulu.org\/wp-content\/uploads\/2025\/12\/Psicologia-Forense-e-Sistema-de-Justic\u2560oa-I-scaled.png","contentUrl":"https:\/\/elivulu.org\/wp-content\/uploads\/2025\/12\/Psicologia-Forense-e-Sistema-de-Justic\u2560oa-I-scaled.png","width":2560,"height":2560},{"@type":"BreadcrumbList","@id":"https:\/\/elivulu.org\/product\/psicologia-forense-e-sistema-de-justica-i\/#breadcrumb","itemListElement":[{"@type":"ListItem","position":1,"name":"In\u00edcio","item":"https:\/\/elivulu.org\/"},{"@type":"ListItem","position":2,"name":"Edi\u00e7\u00f5es","item":"https:\/\/elivulu.org\/shop\/"},{"@type":"ListItem","position":3,"name":"PSICOLOGIA FORENSE E SISTEMA DE JUSTI\u00c7A I"}]},{"@type":"WebSite","@id":"https:\/\/elivulu.org\/#website","url":"https:\/\/elivulu.org\/","name":"ELIVULU Editora","description":"","potentialAction":[{"@type":"SearchAction","target":{"@type":"EntryPoint","urlTemplate":"https:\/\/elivulu.org\/?s={search_term_string}"},"query-input":{"@type":"PropertyValueSpecification","valueRequired":true,"valueName":"search_term_string"}}],"inLanguage":"en-US"}]}},"_links":{"self":[{"href":"https:\/\/elivulu.org\/en\/wp-json\/wp\/v2\/product\/2025","targetHints":{"allow":["GET"]}}],"collection":[{"href":"https:\/\/elivulu.org\/en\/wp-json\/wp\/v2\/product"}],"about":[{"href":"https:\/\/elivulu.org\/en\/wp-json\/wp\/v2\/types\/product"}],"replies":[{"embeddable":true,"href":"https:\/\/elivulu.org\/en\/wp-json\/wp\/v2\/comments?post=2025"}],"version-history":[{"count":1,"href":"https:\/\/elivulu.org\/en\/wp-json\/wp\/v2\/product\/2025\/revisions"}],"predecessor-version":[{"id":2027,"href":"https:\/\/elivulu.org\/en\/wp-json\/wp\/v2\/product\/2025\/revisions\/2027"}],"wp:featuredmedia":[{"embeddable":true,"href":"https:\/\/elivulu.org\/en\/wp-json\/wp\/v2\/media\/2026"}],"wp:attachment":[{"href":"https:\/\/elivulu.org\/en\/wp-json\/wp\/v2\/media?parent=2025"}],"wp:term":[{"taxonomy":"book_author","embeddable":true,"href":"https:\/\/elivulu.org\/en\/wp-json\/wp\/v2\/book_author?post=2025"},{"taxonomy":"product_brand","embeddable":true,"href":"https:\/\/elivulu.org\/en\/wp-json\/wp\/v2\/product_brand?post=2025"},{"taxonomy":"product_cat","embeddable":true,"href":"https:\/\/elivulu.org\/en\/wp-json\/wp\/v2\/product_cat?post=2025"},{"taxonomy":"product_tag","embeddable":true,"href":"https:\/\/elivulu.org\/en\/wp-json\/wp\/v2\/product_tag?post=2025"}],"curies":[{"name":"wp","href":"https:\/\/api.w.org\/{rel}","templated":true}]}}