{"id":1290,"date":"2025-12-02T11:45:11","date_gmt":"2025-12-02T11:45:11","guid":{"rendered":"https:\/\/elivulu.org\/?post_type=product&#038;p=1290"},"modified":"2025-12-19T12:16:07","modified_gmt":"2025-12-19T12:16:07","slug":"educar-os-filhos-sem-bater-nvunda-tonet","status":"publish","type":"product","link":"https:\/\/elivulu.org\/en\/product\/educar-os-filhos-sem-bater-nvunda-tonet\/","title":{"rendered":"EDUCAR OS FILHOS SEM BATER"},"content":{"rendered":"","protected":false},"excerpt":{"rendered":"<p class=\"zfr3Q CDt4Ke\" dir=\"ltr\"><span class=\"C9DxTc\">\u00abN\u00e3o \u00e9 nosso prop\u00f3sito transformar os leitores em pais permissivos, mas permitir que os pais se tornem mais tolerantes, compreensivos e solid\u00e1rios com os problemas e altera\u00e7\u00f5es de comportamento muito frequentes na inf\u00e2ncia e adolesc\u00eancia\u00bb. Quem o diz \u00e9 o psic\u00f3logo cl\u00ednico Nvunda Tonet, autor de \u00abPsic\u00f3logos, porqu\u00ea e para qu\u00ea\u00bb, livro que vendeu mais de tr\u00eas mil c\u00f3pias em Angola.<\/span><\/p>\n<p class=\"zfr3Q CDt4Ke\" dir=\"ltr\"><span class=\"C9DxTc\">O psic\u00f3logo cl\u00ednico mo\u00e7ambicano R\u00f3mulo M. Muthemba escreve, no pref\u00e1cio que faz \u00e0 obra, o seguinte: \u00abA escrita n\u00e3o \u00e9 rebuscada, mesmo tratando-se de assuntos delicados e complexos, f\u00e1-lo de forma simples e acess\u00edvel ao leitor comum que n\u00e3o esteja familiarizado com a linguagem da ci\u00eancia da \u201cpsique\u201d\u00bb.<\/span><\/p>\n<p class=\"zfr3Q CDt4Ke\" dir=\"ltr\"><span class=\"C9DxTc\">\u00abEducar os filhos sem bater\u00bb \u00e9 um ensaio sobre parentalidade positiva que visa servir de aux\u00edlio aos pais que t\u00eam d\u00favidas sobre o caminho a seguir, as regras a estabelecer, os castigos a impor ou a melhor altura para falar sobre sexualidade com os filhos. \u00c9 sobre como educar os filhos literalmente sem os bater. Entretanto, El\u00edsio Macamo, professor de Estudos Africanos na universidade de Basileia, na Su\u00ed\u00e7a, acrescentou uma classifica\u00e7\u00e3o: \u00abO defeito de forma\u00e7\u00e3o obriga-me a ver o livro como uma esp\u00e9cie de sociologia da inf\u00e2ncia\u00bb.<\/span><\/p>\n<p class=\"zfr3Q CDt4Ke\" dir=\"ltr\"><span class=\"C9DxTc\">O cr\u00edtico liter\u00e1rio H\u00e9lder Simbad sentenciou: \u00abConsideramos o mais recente livro de Nvunda Tonet como aqueles que devem ser tomados por leitura obrigat\u00f3ria e sugest\u00e3o di\u00e1ria\u00bb. E o historiador Alberto Oliveira Pinto, vencedor do pr\u00e9mio liter\u00e1rio Sagrada Esperan\u00e7a 2018, acrescentou: \u00abEstou certo de que este trabalho de Nvunda Tonet ficar\u00e1 como um marco importante\u00bb.<\/span><\/p>\n<p class=\"zfr3Q CDt4Ke\" dir=\"ltr\"><span class=\"C9DxTc\">O posf\u00e1cio da obra foi feito pela psic\u00f3loga brasileira Ian\u00e1 Souza Pereira. No seu belo texto frisa: \u00abNa fam\u00edlia, crian\u00e7as devem ser amadas, educadas e protegidas, especialmente quando cuidadas dentro do conceito que Nvunda chamou de parentalidade positiva\u00bb.\u00a0<\/span><\/p>\n<ul>\n<li class=\"zfr3Q CDt4Ke\" dir=\"ltr\" role=\"presentation\"><span class=\"C9DxTc\">Ano de edi\u00e7\u00e3o: 0<\/span><span class=\"C9DxTc\">6<\/span><span class=\"C9DxTc\">-20<\/span><span class=\"C9DxTc\">19<\/span><\/li>\n<li class=\"zfr3Q CDt4Ke\" dir=\"ltr\" role=\"presentation\"><span class=\"C9DxTc\">Pref\u00e1cio:\u00a0<\/span><span class=\"C9DxTc\">R\u00f3mulo M. Muthemba<\/span><\/li>\n<li class=\"zfr3Q CDt4Ke\" dir=\"ltr\" role=\"presentation\"><span class=\"C9DxTc\">P\u00e1ginas: 1<\/span><span class=\"C9DxTc\">08<\/span><\/li>\n<li class=\"zfr3Q CDt4Ke\" dir=\"ltr\" role=\"presentation\"><span class=\"C9DxTc\">Formato: 1<\/span><span class=\"C9DxTc\">10<\/span><span class=\"C9DxTc\">\u00a0x\u00a0<\/span><span class=\"C9DxTc\">17<\/span><span class=\"C9DxTc\">0 mm<\/span><\/li>\n<li class=\"zfr3Q CDt4Ke\" dir=\"ltr\" role=\"presentation\"><span class=\"C9DxTc\">PVP:\u00a0<\/span><span class=\"C9DxTc\">2<\/span><span class=\"C9DxTc\">\u00a0<\/span><span class=\"C9DxTc\">5<\/span><span class=\"C9DxTc\">00 AKZ (Angola) &#8211;\u00a0<\/span><span class=\"C9DxTc\">7<\/span><span class=\"C9DxTc\">\u00a0EUR (Portugal\/Europa)<\/span><\/li>\n<\/ul>","protected":false},"featured_media":2041,"comment_status":"open","ping_status":"closed","template":"","meta":{"_acf_changed":false},"book_author":[51],"product_brand":[],"product_cat":[15],"product_tag":[],"class_list":{"0":"post-1290","1":"product","2":"type-product","3":"status-publish","4":"has-post-thumbnail","6":"book_author-nvunda-tonet","7":"product_cat-books","9":"first","10":"instock","11":"shipping-taxable","12":"purchasable","13":"product-type-simple"},"acf":[],"yoast_head":"<!-- This site is optimized with the Yoast SEO plugin v27.0 - https:\/\/yoast.com\/product\/yoast-seo-wordpress\/ -->\n<title>EDUCAR OS FILHOS SEM BATER - ELIVULU Editora<\/title>\n<meta name=\"robots\" content=\"index, follow, max-snippet:-1, max-image-preview:large, max-video-preview:-1\" \/>\n<link rel=\"canonical\" href=\"https:\/\/elivulu.org\/en\/product\/educar-os-filhos-sem-bater-nvunda-tonet\/\" \/>\n<meta property=\"og:locale\" content=\"en_US\" \/>\n<meta property=\"og:type\" content=\"article\" \/>\n<meta property=\"og:title\" content=\"EDUCAR OS FILHOS SEM BATER - ELIVULU Editora\" \/>\n<meta property=\"og:description\" content=\"\u00abN\u00e3o \u00e9 nosso prop\u00f3sito transformar os leitores em pais permissivos, mas permitir que os pais se tornem mais tolerantes, compreensivos e solid\u00e1rios com os problemas e altera\u00e7\u00f5es de comportamento muito frequentes na inf\u00e2ncia e adolesc\u00eancia\u00bb. Quem o diz \u00e9 o psic\u00f3logo cl\u00ednico Nvunda Tonet, autor de \u00abPsic\u00f3logos, porqu\u00ea e para qu\u00ea\u00bb, livro que vendeu mais de tr\u00eas mil c\u00f3pias em Angola. O psic\u00f3logo cl\u00ednico mo\u00e7ambicano R\u00f3mulo M. Muthemba escreve, no pref\u00e1cio que faz \u00e0 obra, o seguinte: \u00abA escrita n\u00e3o \u00e9 rebuscada, mesmo tratando-se de assuntos delicados e complexos, f\u00e1-lo de forma simples e acess\u00edvel ao leitor comum que n\u00e3o esteja familiarizado com a linguagem da ci\u00eancia da \u201cpsique\u201d\u00bb. \u00abEducar os filhos sem bater\u00bb \u00e9 um ensaio sobre parentalidade positiva que visa servir de aux\u00edlio aos pais que t\u00eam d\u00favidas sobre o caminho a seguir, as regras a estabelecer, os castigos a impor ou a melhor altura para falar sobre sexualidade com os filhos. \u00c9 sobre como educar os filhos literalmente sem os bater. Entretanto, El\u00edsio Macamo, professor de Estudos Africanos na universidade de Basileia, na Su\u00ed\u00e7a, acrescentou uma classifica\u00e7\u00e3o: \u00abO defeito de forma\u00e7\u00e3o obriga-me a ver o livro como uma esp\u00e9cie de sociologia da inf\u00e2ncia\u00bb. O cr\u00edtico liter\u00e1rio H\u00e9lder Simbad sentenciou: \u00abConsideramos o mais recente livro de Nvunda Tonet como aqueles que devem ser tomados por leitura obrigat\u00f3ria e sugest\u00e3o di\u00e1ria\u00bb. E o historiador Alberto Oliveira Pinto, vencedor do pr\u00e9mio liter\u00e1rio Sagrada Esperan\u00e7a 2018, acrescentou: \u00abEstou certo de que este trabalho de Nvunda Tonet ficar\u00e1 como um marco importante\u00bb. O posf\u00e1cio da obra foi feito pela psic\u00f3loga brasileira Ian\u00e1 Souza Pereira. No seu belo texto frisa: \u00abNa fam\u00edlia, crian\u00e7as devem ser amadas, educadas e protegidas, especialmente quando cuidadas dentro do conceito que Nvunda chamou de parentalidade positiva\u00bb.\u00a0    Ano de edi\u00e7\u00e3o: 06-2019  Pref\u00e1cio:\u00a0R\u00f3mulo M. Muthemba  P\u00e1ginas: 108  Formato: 110\u00a0x\u00a0170 mm  PVP:\u00a02\u00a0500 AKZ (Angola) -\u00a07\u00a0EUR (Portugal\/Europa)\" \/>\n<meta property=\"og:url\" content=\"https:\/\/elivulu.org\/en\/product\/educar-os-filhos-sem-bater-nvunda-tonet\/\" \/>\n<meta property=\"og:site_name\" content=\"ELIVULU Editora\" \/>\n<meta property=\"article:modified_time\" content=\"2025-12-19T12:16:07+00:00\" \/>\n<meta property=\"og:image\" content=\"https:\/\/elivulu.org\/wp-content\/uploads\/2025\/12\/EDUCAR-OS-FILHOS-SEM-BATER-scaled.png\" \/>\n\t<meta property=\"og:image:width\" content=\"2560\" \/>\n\t<meta property=\"og:image:height\" content=\"2560\" \/>\n\t<meta property=\"og:image:type\" content=\"image\/png\" \/>\n<meta name=\"twitter:card\" content=\"summary_large_image\" \/>\n<meta name=\"twitter:label1\" content=\"Est. reading time\" \/>\n\t<meta name=\"twitter:data1\" content=\"1 minute\" \/>\n<script type=\"application\/ld+json\" class=\"yoast-schema-graph\">{\"@context\":\"https:\/\/schema.org\",\"@graph\":[{\"@type\":\"WebPage\",\"@id\":\"https:\/\/elivulu.org\/product\/educar-os-filhos-sem-bater-nvunda-tonet\/\",\"url\":\"https:\/\/elivulu.org\/product\/educar-os-filhos-sem-bater-nvunda-tonet\/\",\"name\":\"EDUCAR OS FILHOS SEM BATER - ELIVULU Editora\",\"isPartOf\":{\"@id\":\"https:\/\/elivulu.org\/#website\"},\"primaryImageOfPage\":{\"@id\":\"https:\/\/elivulu.org\/product\/educar-os-filhos-sem-bater-nvunda-tonet\/#primaryimage\"},\"image\":{\"@id\":\"https:\/\/elivulu.org\/product\/educar-os-filhos-sem-bater-nvunda-tonet\/#primaryimage\"},\"thumbnailUrl\":\"https:\/\/elivulu.org\/wp-content\/uploads\/2025\/12\/EDUCAR-OS-FILHOS-SEM-BATER-scaled.png\",\"datePublished\":\"2025-12-02T11:45:11+00:00\",\"dateModified\":\"2025-12-19T12:16:07+00:00\",\"breadcrumb\":{\"@id\":\"https:\/\/elivulu.org\/product\/educar-os-filhos-sem-bater-nvunda-tonet\/#breadcrumb\"},\"inLanguage\":\"en-US\",\"potentialAction\":[{\"@type\":\"ReadAction\",\"target\":[\"https:\/\/elivulu.org\/product\/educar-os-filhos-sem-bater-nvunda-tonet\/\"]}]},{\"@type\":\"ImageObject\",\"inLanguage\":\"en-US\",\"@id\":\"https:\/\/elivulu.org\/product\/educar-os-filhos-sem-bater-nvunda-tonet\/#primaryimage\",\"url\":\"https:\/\/elivulu.org\/wp-content\/uploads\/2025\/12\/EDUCAR-OS-FILHOS-SEM-BATER-scaled.png\",\"contentUrl\":\"https:\/\/elivulu.org\/wp-content\/uploads\/2025\/12\/EDUCAR-OS-FILHOS-SEM-BATER-scaled.png\",\"width\":2560,\"height\":2560},{\"@type\":\"BreadcrumbList\",\"@id\":\"https:\/\/elivulu.org\/product\/educar-os-filhos-sem-bater-nvunda-tonet\/#breadcrumb\",\"itemListElement\":[{\"@type\":\"ListItem\",\"position\":1,\"name\":\"In\u00edcio\",\"item\":\"https:\/\/elivulu.org\/\"},{\"@type\":\"ListItem\",\"position\":2,\"name\":\"Edi\u00e7\u00f5es\",\"item\":\"https:\/\/elivulu.org\/shop\/\"},{\"@type\":\"ListItem\",\"position\":3,\"name\":\"EDUCAR OS FILHOS SEM BATER\"}]},{\"@type\":\"WebSite\",\"@id\":\"https:\/\/elivulu.org\/#website\",\"url\":\"https:\/\/elivulu.org\/\",\"name\":\"ELIVULU Editora\",\"description\":\"\",\"potentialAction\":[{\"@type\":\"SearchAction\",\"target\":{\"@type\":\"EntryPoint\",\"urlTemplate\":\"https:\/\/elivulu.org\/?s={search_term_string}\"},\"query-input\":{\"@type\":\"PropertyValueSpecification\",\"valueRequired\":true,\"valueName\":\"search_term_string\"}}],\"inLanguage\":\"en-US\"}]}<\/script>\n<!-- \/ Yoast SEO plugin. -->","yoast_head_json":{"title":"EDUCAR OS FILHOS SEM BATER - ELIVULU Editora","robots":{"index":"index","follow":"follow","max-snippet":"max-snippet:-1","max-image-preview":"max-image-preview:large","max-video-preview":"max-video-preview:-1"},"canonical":"https:\/\/elivulu.org\/en\/product\/educar-os-filhos-sem-bater-nvunda-tonet\/","og_locale":"en_US","og_type":"article","og_title":"EDUCAR OS FILHOS SEM BATER - ELIVULU Editora","og_description":"\u00abN\u00e3o \u00e9 nosso prop\u00f3sito transformar os leitores em pais permissivos, mas permitir que os pais se tornem mais tolerantes, compreensivos e solid\u00e1rios com os problemas e altera\u00e7\u00f5es de comportamento muito frequentes na inf\u00e2ncia e adolesc\u00eancia\u00bb. Quem o diz \u00e9 o psic\u00f3logo cl\u00ednico Nvunda Tonet, autor de \u00abPsic\u00f3logos, porqu\u00ea e para qu\u00ea\u00bb, livro que vendeu mais de tr\u00eas mil c\u00f3pias em Angola. O psic\u00f3logo cl\u00ednico mo\u00e7ambicano R\u00f3mulo M. Muthemba escreve, no pref\u00e1cio que faz \u00e0 obra, o seguinte: \u00abA escrita n\u00e3o \u00e9 rebuscada, mesmo tratando-se de assuntos delicados e complexos, f\u00e1-lo de forma simples e acess\u00edvel ao leitor comum que n\u00e3o esteja familiarizado com a linguagem da ci\u00eancia da \u201cpsique\u201d\u00bb. \u00abEducar os filhos sem bater\u00bb \u00e9 um ensaio sobre parentalidade positiva que visa servir de aux\u00edlio aos pais que t\u00eam d\u00favidas sobre o caminho a seguir, as regras a estabelecer, os castigos a impor ou a melhor altura para falar sobre sexualidade com os filhos. \u00c9 sobre como educar os filhos literalmente sem os bater. Entretanto, El\u00edsio Macamo, professor de Estudos Africanos na universidade de Basileia, na Su\u00ed\u00e7a, acrescentou uma classifica\u00e7\u00e3o: \u00abO defeito de forma\u00e7\u00e3o obriga-me a ver o livro como uma esp\u00e9cie de sociologia da inf\u00e2ncia\u00bb. O cr\u00edtico liter\u00e1rio H\u00e9lder Simbad sentenciou: \u00abConsideramos o mais recente livro de Nvunda Tonet como aqueles que devem ser tomados por leitura obrigat\u00f3ria e sugest\u00e3o di\u00e1ria\u00bb. E o historiador Alberto Oliveira Pinto, vencedor do pr\u00e9mio liter\u00e1rio Sagrada Esperan\u00e7a 2018, acrescentou: \u00abEstou certo de que este trabalho de Nvunda Tonet ficar\u00e1 como um marco importante\u00bb. O posf\u00e1cio da obra foi feito pela psic\u00f3loga brasileira Ian\u00e1 Souza Pereira. No seu belo texto frisa: \u00abNa fam\u00edlia, crian\u00e7as devem ser amadas, educadas e protegidas, especialmente quando cuidadas dentro do conceito que Nvunda chamou de parentalidade positiva\u00bb.\u00a0    Ano de edi\u00e7\u00e3o: 06-2019  Pref\u00e1cio:\u00a0R\u00f3mulo M. Muthemba  P\u00e1ginas: 108  Formato: 110\u00a0x\u00a0170 mm  PVP:\u00a02\u00a0500 AKZ (Angola) -\u00a07\u00a0EUR (Portugal\/Europa)","og_url":"https:\/\/elivulu.org\/en\/product\/educar-os-filhos-sem-bater-nvunda-tonet\/","og_site_name":"ELIVULU Editora","article_modified_time":"2025-12-19T12:16:07+00:00","og_image":[{"width":2560,"height":2560,"url":"https:\/\/elivulu.org\/wp-content\/uploads\/2025\/12\/EDUCAR-OS-FILHOS-SEM-BATER-scaled.png","type":"image\/png"}],"twitter_card":"summary_large_image","twitter_misc":{"Est. reading time":"1 minute"},"schema":{"@context":"https:\/\/schema.org","@graph":[{"@type":"WebPage","@id":"https:\/\/elivulu.org\/product\/educar-os-filhos-sem-bater-nvunda-tonet\/","url":"https:\/\/elivulu.org\/product\/educar-os-filhos-sem-bater-nvunda-tonet\/","name":"EDUCAR OS FILHOS SEM BATER - ELIVULU Editora","isPartOf":{"@id":"https:\/\/elivulu.org\/#website"},"primaryImageOfPage":{"@id":"https:\/\/elivulu.org\/product\/educar-os-filhos-sem-bater-nvunda-tonet\/#primaryimage"},"image":{"@id":"https:\/\/elivulu.org\/product\/educar-os-filhos-sem-bater-nvunda-tonet\/#primaryimage"},"thumbnailUrl":"https:\/\/elivulu.org\/wp-content\/uploads\/2025\/12\/EDUCAR-OS-FILHOS-SEM-BATER-scaled.png","datePublished":"2025-12-02T11:45:11+00:00","dateModified":"2025-12-19T12:16:07+00:00","breadcrumb":{"@id":"https:\/\/elivulu.org\/product\/educar-os-filhos-sem-bater-nvunda-tonet\/#breadcrumb"},"inLanguage":"en-US","potentialAction":[{"@type":"ReadAction","target":["https:\/\/elivulu.org\/product\/educar-os-filhos-sem-bater-nvunda-tonet\/"]}]},{"@type":"ImageObject","inLanguage":"en-US","@id":"https:\/\/elivulu.org\/product\/educar-os-filhos-sem-bater-nvunda-tonet\/#primaryimage","url":"https:\/\/elivulu.org\/wp-content\/uploads\/2025\/12\/EDUCAR-OS-FILHOS-SEM-BATER-scaled.png","contentUrl":"https:\/\/elivulu.org\/wp-content\/uploads\/2025\/12\/EDUCAR-OS-FILHOS-SEM-BATER-scaled.png","width":2560,"height":2560},{"@type":"BreadcrumbList","@id":"https:\/\/elivulu.org\/product\/educar-os-filhos-sem-bater-nvunda-tonet\/#breadcrumb","itemListElement":[{"@type":"ListItem","position":1,"name":"In\u00edcio","item":"https:\/\/elivulu.org\/"},{"@type":"ListItem","position":2,"name":"Edi\u00e7\u00f5es","item":"https:\/\/elivulu.org\/shop\/"},{"@type":"ListItem","position":3,"name":"EDUCAR OS FILHOS SEM BATER"}]},{"@type":"WebSite","@id":"https:\/\/elivulu.org\/#website","url":"https:\/\/elivulu.org\/","name":"ELIVULU Editora","description":"","potentialAction":[{"@type":"SearchAction","target":{"@type":"EntryPoint","urlTemplate":"https:\/\/elivulu.org\/?s={search_term_string}"},"query-input":{"@type":"PropertyValueSpecification","valueRequired":true,"valueName":"search_term_string"}}],"inLanguage":"en-US"}]}},"_links":{"self":[{"href":"https:\/\/elivulu.org\/en\/wp-json\/wp\/v2\/product\/1290","targetHints":{"allow":["GET"]}}],"collection":[{"href":"https:\/\/elivulu.org\/en\/wp-json\/wp\/v2\/product"}],"about":[{"href":"https:\/\/elivulu.org\/en\/wp-json\/wp\/v2\/types\/product"}],"replies":[{"embeddable":true,"href":"https:\/\/elivulu.org\/en\/wp-json\/wp\/v2\/comments?post=1290"}],"version-history":[{"count":3,"href":"https:\/\/elivulu.org\/en\/wp-json\/wp\/v2\/product\/1290\/revisions"}],"predecessor-version":[{"id":2078,"href":"https:\/\/elivulu.org\/en\/wp-json\/wp\/v2\/product\/1290\/revisions\/2078"}],"wp:featuredmedia":[{"embeddable":true,"href":"https:\/\/elivulu.org\/en\/wp-json\/wp\/v2\/media\/2041"}],"wp:attachment":[{"href":"https:\/\/elivulu.org\/en\/wp-json\/wp\/v2\/media?parent=1290"}],"wp:term":[{"taxonomy":"book_author","embeddable":true,"href":"https:\/\/elivulu.org\/en\/wp-json\/wp\/v2\/book_author?post=1290"},{"taxonomy":"product_brand","embeddable":true,"href":"https:\/\/elivulu.org\/en\/wp-json\/wp\/v2\/product_brand?post=1290"},{"taxonomy":"product_cat","embeddable":true,"href":"https:\/\/elivulu.org\/en\/wp-json\/wp\/v2\/product_cat?post=1290"},{"taxonomy":"product_tag","embeddable":true,"href":"https:\/\/elivulu.org\/en\/wp-json\/wp\/v2\/product_tag?post=1290"}],"curies":[{"name":"wp","href":"https:\/\/api.w.org\/{rel}","templated":true}]}}