{"id":1288,"date":"2025-12-02T11:44:20","date_gmt":"2025-12-02T11:44:20","guid":{"rendered":"https:\/\/elivulu.org\/?post_type=product&#038;p=1288"},"modified":"2025-12-19T12:24:01","modified_gmt":"2025-12-19T12:24:01","slug":"psicologos-porque-e-para-que-nvunda-tonet","status":"publish","type":"product","link":"https:\/\/elivulu.org\/en\/product\/psicologos-porque-e-para-que-nvunda-tonet\/","title":{"rendered":"PSIC\u00d3LOGOS, PORQU\u00ca E PARA QU\u00ca?"},"content":{"rendered":"","protected":false},"excerpt":{"rendered":"<p class=\"zfr3Q CDt4Ke\" dir=\"ltr\"><span class=\"C9DxTc\">O livro \u00abPsic\u00f3logos, porqu\u00ea e para qu\u00ea?\u00bb, de Nvunda Tonet, responde as quest\u00f5es da vasta gama de cidad\u00e3os que actuam como profissionais e os demais interessados.<\/span><\/p>\n<p class=\"zfr3Q CDt4Ke\" dir=\"ltr\"><span class=\"C9DxTc\">Discorrendo com a linguagem apropriada sobre a problem\u00e1tica da propaga\u00e7\u00e3o da religi\u00e3o na nossa sociedade, valores morais, import\u00e2ncia da comunica\u00e7\u00e3o na rela\u00e7\u00e3o interconjugal, poligamia e monogamia, segundo o PhD. Fernandes Manuel no pref\u00e1cio, Nvunda procura chamar a aten\u00e7\u00e3o sobre as altera\u00e7\u00f5es comportamentais e mentais que enfermam a nossa sociedade, cujas consequ\u00eancias s\u00e3o vis\u00edveis no nosso dia-a-dia.<\/span><\/p>\n<p class=\"zfr3Q CDt4Ke\" dir=\"ltr\"><span class=\"C9DxTc\">Uma obra de extrema import\u00e2ncia e sensibilidade para a preserva\u00e7\u00e3o e valoriza\u00e7\u00e3o psico-emocional do indiv\u00edduo.\u00a0<\/span><\/p>\n<ul>\n<li class=\"zfr3Q CDt4Ke\" dir=\"ltr\" role=\"presentation\"><span class=\"C9DxTc\">Ano de edi\u00e7\u00e3o:\u00a0<\/span><span class=\"C9DxTc\">12<\/span><span class=\"C9DxTc\">-20<\/span><span class=\"C9DxTc\">19<\/span><\/li>\n<li class=\"zfr3Q CDt4Ke\" dir=\"ltr\" role=\"presentation\"><span class=\"C9DxTc\">Pref\u00e1cio:\u00a0<\/span><span class=\"C9DxTc\">Fernandes Manuel<\/span><\/li>\n<li class=\"zfr3Q CDt4Ke\" dir=\"ltr\" role=\"presentation\"><span class=\"C9DxTc\">Posf\u00e1cio: Manuel Rui<\/span><\/li>\n<li class=\"zfr3Q CDt4Ke\" dir=\"ltr\" role=\"presentation\"><span class=\"C9DxTc\">P\u00e1ginas: 1<\/span><span class=\"C9DxTc\">46<\/span><\/li>\n<li class=\"zfr3Q CDt4Ke\" dir=\"ltr\" role=\"presentation\"><span class=\"C9DxTc\">Formato: 135 x 210 mm<\/span><\/li>\n<li class=\"zfr3Q CDt4Ke\" dir=\"ltr\" role=\"presentation\"><span class=\"C9DxTc\">PVP: 5 000 AKZ (Angola) &#8211; 1<\/span><span class=\"C9DxTc\">3<\/span><span class=\"C9DxTc\">\u00a0EUR (Portugal\/Europa)<\/span><\/li>\n<\/ul>","protected":false},"featured_media":2057,"comment_status":"open","ping_status":"closed","template":"","meta":{"_acf_changed":false},"book_author":[51],"product_brand":[],"product_cat":[15],"product_tag":[],"class_list":{"0":"post-1288","1":"product","2":"type-product","3":"status-publish","4":"has-post-thumbnail","6":"book_author-nvunda-tonet","7":"product_cat-books","9":"first","10":"instock","11":"shipping-taxable","12":"purchasable","13":"product-type-simple"},"acf":[],"yoast_head":"<!-- This site is optimized with the Yoast SEO plugin v27.0 - https:\/\/yoast.com\/product\/yoast-seo-wordpress\/ -->\n<title>PSIC\u00d3LOGOS, PORQU\u00ca E PARA QU\u00ca? - ELIVULU Editora<\/title>\n<meta name=\"robots\" content=\"index, follow, max-snippet:-1, max-image-preview:large, max-video-preview:-1\" \/>\n<link rel=\"canonical\" href=\"https:\/\/elivulu.org\/en\/product\/psicologos-porque-e-para-que-nvunda-tonet\/\" \/>\n<meta property=\"og:locale\" content=\"en_US\" \/>\n<meta property=\"og:type\" content=\"article\" \/>\n<meta property=\"og:title\" content=\"PSIC\u00d3LOGOS, PORQU\u00ca E PARA QU\u00ca? - ELIVULU Editora\" \/>\n<meta property=\"og:description\" content=\"O livro \u00abPsic\u00f3logos, porqu\u00ea e para qu\u00ea?\u00bb, de Nvunda Tonet, responde as quest\u00f5es da vasta gama de cidad\u00e3os que actuam como profissionais e os demais interessados. Discorrendo com a linguagem apropriada sobre a problem\u00e1tica da propaga\u00e7\u00e3o da religi\u00e3o na nossa sociedade, valores morais, import\u00e2ncia da comunica\u00e7\u00e3o na rela\u00e7\u00e3o interconjugal, poligamia e monogamia, segundo o PhD. Fernandes Manuel no pref\u00e1cio, Nvunda procura chamar a aten\u00e7\u00e3o sobre as altera\u00e7\u00f5es comportamentais e mentais que enfermam a nossa sociedade, cujas consequ\u00eancias s\u00e3o vis\u00edveis no nosso dia-a-dia. Uma obra de extrema import\u00e2ncia e sensibilidade para a preserva\u00e7\u00e3o e valoriza\u00e7\u00e3o psico-emocional do indiv\u00edduo.\u00a0    Ano de edi\u00e7\u00e3o:\u00a012-2019  Pref\u00e1cio:\u00a0Fernandes Manuel  Posf\u00e1cio: Manuel Rui  P\u00e1ginas: 146  Formato: 135 x 210 mm  PVP: 5 000 AKZ (Angola) - 13\u00a0EUR (Portugal\/Europa)\" \/>\n<meta property=\"og:url\" content=\"https:\/\/elivulu.org\/en\/product\/psicologos-porque-e-para-que-nvunda-tonet\/\" \/>\n<meta property=\"og:site_name\" content=\"ELIVULU Editora\" \/>\n<meta property=\"article:modified_time\" content=\"2025-12-19T12:24:01+00:00\" \/>\n<meta property=\"og:image\" content=\"https:\/\/elivulu.org\/wp-content\/uploads\/2025\/12\/PSICO\u2560uLOGOS-PORQUE\u2560e-E-PARA-QUE\u2560e-scaled.png\" \/>\n\t<meta property=\"og:image:width\" content=\"2560\" \/>\n\t<meta property=\"og:image:height\" content=\"2560\" \/>\n\t<meta property=\"og:image:type\" content=\"image\/png\" \/>\n<meta name=\"twitter:card\" content=\"summary_large_image\" \/>\n<meta name=\"twitter:label1\" content=\"Est. reading time\" \/>\n\t<meta name=\"twitter:data1\" content=\"1 minute\" \/>\n<script type=\"application\/ld+json\" class=\"yoast-schema-graph\">{\"@context\":\"https:\/\/schema.org\",\"@graph\":[{\"@type\":\"WebPage\",\"@id\":\"https:\/\/elivulu.org\/product\/psicologos-porque-e-para-que-nvunda-tonet\/\",\"url\":\"https:\/\/elivulu.org\/product\/psicologos-porque-e-para-que-nvunda-tonet\/\",\"name\":\"PSIC\u00d3LOGOS, PORQU\u00ca E PARA QU\u00ca? - ELIVULU Editora\",\"isPartOf\":{\"@id\":\"https:\/\/elivulu.org\/#website\"},\"primaryImageOfPage\":{\"@id\":\"https:\/\/elivulu.org\/product\/psicologos-porque-e-para-que-nvunda-tonet\/#primaryimage\"},\"image\":{\"@id\":\"https:\/\/elivulu.org\/product\/psicologos-porque-e-para-que-nvunda-tonet\/#primaryimage\"},\"thumbnailUrl\":\"https:\/\/elivulu.org\/wp-content\/uploads\/2025\/12\/PSICO\u2560uLOGOS-PORQUE\u2560e-E-PARA-QUE\u2560e-scaled.png\",\"datePublished\":\"2025-12-02T11:44:20+00:00\",\"dateModified\":\"2025-12-19T12:24:01+00:00\",\"breadcrumb\":{\"@id\":\"https:\/\/elivulu.org\/product\/psicologos-porque-e-para-que-nvunda-tonet\/#breadcrumb\"},\"inLanguage\":\"en-US\",\"potentialAction\":[{\"@type\":\"ReadAction\",\"target\":[\"https:\/\/elivulu.org\/product\/psicologos-porque-e-para-que-nvunda-tonet\/\"]}]},{\"@type\":\"ImageObject\",\"inLanguage\":\"en-US\",\"@id\":\"https:\/\/elivulu.org\/product\/psicologos-porque-e-para-que-nvunda-tonet\/#primaryimage\",\"url\":\"https:\/\/elivulu.org\/wp-content\/uploads\/2025\/12\/PSICO\u2560uLOGOS-PORQUE\u2560e-E-PARA-QUE\u2560e-scaled.png\",\"contentUrl\":\"https:\/\/elivulu.org\/wp-content\/uploads\/2025\/12\/PSICO\u2560uLOGOS-PORQUE\u2560e-E-PARA-QUE\u2560e-scaled.png\",\"width\":2560,\"height\":2560},{\"@type\":\"BreadcrumbList\",\"@id\":\"https:\/\/elivulu.org\/product\/psicologos-porque-e-para-que-nvunda-tonet\/#breadcrumb\",\"itemListElement\":[{\"@type\":\"ListItem\",\"position\":1,\"name\":\"In\u00edcio\",\"item\":\"https:\/\/elivulu.org\/\"},{\"@type\":\"ListItem\",\"position\":2,\"name\":\"Edi\u00e7\u00f5es\",\"item\":\"https:\/\/elivulu.org\/shop\/\"},{\"@type\":\"ListItem\",\"position\":3,\"name\":\"PSIC\u00d3LOGOS, PORQU\u00ca E PARA QU\u00ca?\"}]},{\"@type\":\"WebSite\",\"@id\":\"https:\/\/elivulu.org\/#website\",\"url\":\"https:\/\/elivulu.org\/\",\"name\":\"ELIVULU Editora\",\"description\":\"\",\"potentialAction\":[{\"@type\":\"SearchAction\",\"target\":{\"@type\":\"EntryPoint\",\"urlTemplate\":\"https:\/\/elivulu.org\/?s={search_term_string}\"},\"query-input\":{\"@type\":\"PropertyValueSpecification\",\"valueRequired\":true,\"valueName\":\"search_term_string\"}}],\"inLanguage\":\"en-US\"}]}<\/script>\n<!-- \/ Yoast SEO plugin. -->","yoast_head_json":{"title":"PSIC\u00d3LOGOS, PORQU\u00ca E PARA QU\u00ca? - ELIVULU Editora","robots":{"index":"index","follow":"follow","max-snippet":"max-snippet:-1","max-image-preview":"max-image-preview:large","max-video-preview":"max-video-preview:-1"},"canonical":"https:\/\/elivulu.org\/en\/product\/psicologos-porque-e-para-que-nvunda-tonet\/","og_locale":"en_US","og_type":"article","og_title":"PSIC\u00d3LOGOS, PORQU\u00ca E PARA QU\u00ca? - ELIVULU Editora","og_description":"O livro \u00abPsic\u00f3logos, porqu\u00ea e para qu\u00ea?\u00bb, de Nvunda Tonet, responde as quest\u00f5es da vasta gama de cidad\u00e3os que actuam como profissionais e os demais interessados. Discorrendo com a linguagem apropriada sobre a problem\u00e1tica da propaga\u00e7\u00e3o da religi\u00e3o na nossa sociedade, valores morais, import\u00e2ncia da comunica\u00e7\u00e3o na rela\u00e7\u00e3o interconjugal, poligamia e monogamia, segundo o PhD. Fernandes Manuel no pref\u00e1cio, Nvunda procura chamar a aten\u00e7\u00e3o sobre as altera\u00e7\u00f5es comportamentais e mentais que enfermam a nossa sociedade, cujas consequ\u00eancias s\u00e3o vis\u00edveis no nosso dia-a-dia. Uma obra de extrema import\u00e2ncia e sensibilidade para a preserva\u00e7\u00e3o e valoriza\u00e7\u00e3o psico-emocional do indiv\u00edduo.\u00a0    Ano de edi\u00e7\u00e3o:\u00a012-2019  Pref\u00e1cio:\u00a0Fernandes Manuel  Posf\u00e1cio: Manuel Rui  P\u00e1ginas: 146  Formato: 135 x 210 mm  PVP: 5 000 AKZ (Angola) - 13\u00a0EUR (Portugal\/Europa)","og_url":"https:\/\/elivulu.org\/en\/product\/psicologos-porque-e-para-que-nvunda-tonet\/","og_site_name":"ELIVULU Editora","article_modified_time":"2025-12-19T12:24:01+00:00","og_image":[{"width":2560,"height":2560,"url":"https:\/\/elivulu.org\/wp-content\/uploads\/2025\/12\/PSICO\u2560uLOGOS-PORQUE\u2560e-E-PARA-QUE\u2560e-scaled.png","type":"image\/png"}],"twitter_card":"summary_large_image","twitter_misc":{"Est. reading time":"1 minute"},"schema":{"@context":"https:\/\/schema.org","@graph":[{"@type":"WebPage","@id":"https:\/\/elivulu.org\/product\/psicologos-porque-e-para-que-nvunda-tonet\/","url":"https:\/\/elivulu.org\/product\/psicologos-porque-e-para-que-nvunda-tonet\/","name":"PSIC\u00d3LOGOS, PORQU\u00ca E PARA QU\u00ca? - ELIVULU Editora","isPartOf":{"@id":"https:\/\/elivulu.org\/#website"},"primaryImageOfPage":{"@id":"https:\/\/elivulu.org\/product\/psicologos-porque-e-para-que-nvunda-tonet\/#primaryimage"},"image":{"@id":"https:\/\/elivulu.org\/product\/psicologos-porque-e-para-que-nvunda-tonet\/#primaryimage"},"thumbnailUrl":"https:\/\/elivulu.org\/wp-content\/uploads\/2025\/12\/PSICO\u2560uLOGOS-PORQUE\u2560e-E-PARA-QUE\u2560e-scaled.png","datePublished":"2025-12-02T11:44:20+00:00","dateModified":"2025-12-19T12:24:01+00:00","breadcrumb":{"@id":"https:\/\/elivulu.org\/product\/psicologos-porque-e-para-que-nvunda-tonet\/#breadcrumb"},"inLanguage":"en-US","potentialAction":[{"@type":"ReadAction","target":["https:\/\/elivulu.org\/product\/psicologos-porque-e-para-que-nvunda-tonet\/"]}]},{"@type":"ImageObject","inLanguage":"en-US","@id":"https:\/\/elivulu.org\/product\/psicologos-porque-e-para-que-nvunda-tonet\/#primaryimage","url":"https:\/\/elivulu.org\/wp-content\/uploads\/2025\/12\/PSICO\u2560uLOGOS-PORQUE\u2560e-E-PARA-QUE\u2560e-scaled.png","contentUrl":"https:\/\/elivulu.org\/wp-content\/uploads\/2025\/12\/PSICO\u2560uLOGOS-PORQUE\u2560e-E-PARA-QUE\u2560e-scaled.png","width":2560,"height":2560},{"@type":"BreadcrumbList","@id":"https:\/\/elivulu.org\/product\/psicologos-porque-e-para-que-nvunda-tonet\/#breadcrumb","itemListElement":[{"@type":"ListItem","position":1,"name":"In\u00edcio","item":"https:\/\/elivulu.org\/"},{"@type":"ListItem","position":2,"name":"Edi\u00e7\u00f5es","item":"https:\/\/elivulu.org\/shop\/"},{"@type":"ListItem","position":3,"name":"PSIC\u00d3LOGOS, PORQU\u00ca E PARA QU\u00ca?"}]},{"@type":"WebSite","@id":"https:\/\/elivulu.org\/#website","url":"https:\/\/elivulu.org\/","name":"ELIVULU Editora","description":"","potentialAction":[{"@type":"SearchAction","target":{"@type":"EntryPoint","urlTemplate":"https:\/\/elivulu.org\/?s={search_term_string}"},"query-input":{"@type":"PropertyValueSpecification","valueRequired":true,"valueName":"search_term_string"}}],"inLanguage":"en-US"}]}},"_links":{"self":[{"href":"https:\/\/elivulu.org\/en\/wp-json\/wp\/v2\/product\/1288","targetHints":{"allow":["GET"]}}],"collection":[{"href":"https:\/\/elivulu.org\/en\/wp-json\/wp\/v2\/product"}],"about":[{"href":"https:\/\/elivulu.org\/en\/wp-json\/wp\/v2\/types\/product"}],"replies":[{"embeddable":true,"href":"https:\/\/elivulu.org\/en\/wp-json\/wp\/v2\/comments?post=1288"}],"version-history":[{"count":3,"href":"https:\/\/elivulu.org\/en\/wp-json\/wp\/v2\/product\/1288\/revisions"}],"predecessor-version":[{"id":2093,"href":"https:\/\/elivulu.org\/en\/wp-json\/wp\/v2\/product\/1288\/revisions\/2093"}],"wp:featuredmedia":[{"embeddable":true,"href":"https:\/\/elivulu.org\/en\/wp-json\/wp\/v2\/media\/2057"}],"wp:attachment":[{"href":"https:\/\/elivulu.org\/en\/wp-json\/wp\/v2\/media?parent=1288"}],"wp:term":[{"taxonomy":"book_author","embeddable":true,"href":"https:\/\/elivulu.org\/en\/wp-json\/wp\/v2\/book_author?post=1288"},{"taxonomy":"product_brand","embeddable":true,"href":"https:\/\/elivulu.org\/en\/wp-json\/wp\/v2\/product_brand?post=1288"},{"taxonomy":"product_cat","embeddable":true,"href":"https:\/\/elivulu.org\/en\/wp-json\/wp\/v2\/product_cat?post=1288"},{"taxonomy":"product_tag","embeddable":true,"href":"https:\/\/elivulu.org\/en\/wp-json\/wp\/v2\/product_tag?post=1288"}],"curies":[{"name":"wp","href":"https:\/\/api.w.org\/{rel}","templated":true}]}}