{"id":1286,"date":"2025-12-02T11:43:29","date_gmt":"2025-12-02T11:43:29","guid":{"rendered":"https:\/\/elivulu.org\/?post_type=product&#038;p=1286"},"modified":"2025-12-19T12:20:19","modified_gmt":"2025-12-19T12:20:19","slug":"meu-querido-caos-a-razao-o-activismo-e-a-cadeia-magno-domingos","status":"publish","type":"product","link":"https:\/\/elivulu.org\/en\/product\/meu-querido-caos-a-razao-o-activismo-e-a-cadeia-magno-domingos\/","title":{"rendered":"MEU QUERIDO CAOS: A RAZ\u00c3O, O ACTIVISMO E A CADEIA"},"content":{"rendered":"","protected":false},"excerpt":{"rendered":"<p class=\"zfr3Q CDt4Ke\" dir=\"ltr\"><span class=\"C9DxTc\">\u00abMeu querido caos: A raz\u00e3o, o activismo e a cadeia\u00bb \u00e9 da autoria de Magno Domingos. O livro \u00e9 sobre a sua participa\u00e7\u00e3o c\u00edvica em prol da democracia em Angola. Esteve nos calabou\u00e7os da cadeia de Viana, em celas h\u00famidas e p\u00fatridas, assistiu horrores e suportou intimida\u00e7\u00f5es pol\u00edticas. Resistiu!<\/span><\/p>\n<p class=\"zfr3Q CDt4Ke\" dir=\"ltr\"><span class=\"C9DxTc\">No assertivo pref\u00e1cio que faz \u00e0 obra, o acad\u00e9mico Domingos da Cruz destaca a import\u00e2ncia do livro: \u00abEvitar que no futuro contenha factos que n\u00e3o aconteceram\u00bb. \u00c9 exactamente essa a preocupa\u00e7\u00e3o do autor.<\/span><\/p>\n<p class=\"zfr3Q CDt4Ke\" dir=\"ltr\"><span class=\"C9DxTc\">A ELIVULU Editora tem a honra de publicar este livro como o primeiro da colec\u00e7\u00e3o \u00abBiblioteca de C\u00e1rcere\u00bb, um livro que deve ser lido por todos e todas.\u00a0<\/span><\/p>\n<ul>\n<li class=\"zfr3Q CDt4Ke\" dir=\"ltr\" role=\"presentation\"><span class=\"C9DxTc\">Ano de edi\u00e7\u00e3o: 0<\/span><span class=\"C9DxTc\">2<\/span><span class=\"C9DxTc\">-2020<\/span><\/li>\n<li class=\"zfr3Q CDt4Ke\" dir=\"ltr\" role=\"presentation\"><span class=\"C9DxTc\">Pref\u00e1cio:\u00a0<\/span><span class=\"C9DxTc\">Domingos da Cruz<\/span><\/li>\n<li class=\"zfr3Q CDt4Ke\" dir=\"ltr\" role=\"presentation\"><span class=\"C9DxTc\">P\u00e1ginas: 1<\/span><span class=\"C9DxTc\">24<\/span><\/li>\n<li class=\"zfr3Q CDt4Ke\" dir=\"ltr\" role=\"presentation\"><span class=\"C9DxTc\">Formato: 13<\/span><span class=\"C9DxTc\">0<\/span><span class=\"C9DxTc\">\u00a0x\u00a0<\/span><span class=\"C9DxTc\">185\u00a0<\/span><span class=\"C9DxTc\">mm<\/span><\/li>\n<li class=\"zfr3Q CDt4Ke\" dir=\"ltr\" role=\"presentation\"><span class=\"C9DxTc\">PVP:\u00a0<\/span><span class=\"C9DxTc\">3<\/span><span class=\"C9DxTc\">\u00a0000 AKZ (Angola) &#8211;\u00a0<\/span><span class=\"C9DxTc\">9,50<\/span><span class=\"C9DxTc\">\u00a0EUR (Portugal\/Europa)<\/span><\/li>\n<\/ul>","protected":false},"featured_media":2050,"comment_status":"open","ping_status":"closed","template":"","meta":{"_acf_changed":false},"book_author":[50],"product_brand":[],"product_cat":[15],"product_tag":[],"class_list":{"0":"post-1286","1":"product","2":"type-product","3":"status-publish","4":"has-post-thumbnail","6":"book_author-magno-domingos","7":"product_cat-books","9":"first","10":"instock","11":"shipping-taxable","12":"purchasable","13":"product-type-simple"},"acf":[],"yoast_head":"<!-- This site is optimized with the Yoast SEO plugin v27.0 - https:\/\/yoast.com\/product\/yoast-seo-wordpress\/ -->\n<title>MEU QUERIDO CAOS: A RAZ\u00c3O, O ACTIVISMO E A CADEIA - ELIVULU Editora<\/title>\n<meta name=\"robots\" content=\"index, follow, max-snippet:-1, max-image-preview:large, max-video-preview:-1\" \/>\n<link rel=\"canonical\" href=\"https:\/\/elivulu.org\/en\/product\/meu-querido-caos-a-razao-o-activismo-e-a-cadeia-magno-domingos\/\" \/>\n<meta property=\"og:locale\" content=\"en_US\" \/>\n<meta property=\"og:type\" content=\"article\" \/>\n<meta property=\"og:title\" content=\"MEU QUERIDO CAOS: A RAZ\u00c3O, O ACTIVISMO E A CADEIA - ELIVULU Editora\" \/>\n<meta property=\"og:description\" content=\"\u00abMeu querido caos: A raz\u00e3o, o activismo e a cadeia\u00bb \u00e9 da autoria de Magno Domingos. O livro \u00e9 sobre a sua participa\u00e7\u00e3o c\u00edvica em prol da democracia em Angola. Esteve nos calabou\u00e7os da cadeia de Viana, em celas h\u00famidas e p\u00fatridas, assistiu horrores e suportou intimida\u00e7\u00f5es pol\u00edticas. Resistiu! No assertivo pref\u00e1cio que faz \u00e0 obra, o acad\u00e9mico Domingos da Cruz destaca a import\u00e2ncia do livro: \u00abEvitar que no futuro contenha factos que n\u00e3o aconteceram\u00bb. \u00c9 exactamente essa a preocupa\u00e7\u00e3o do autor. A ELIVULU Editora tem a honra de publicar este livro como o primeiro da colec\u00e7\u00e3o \u00abBiblioteca de C\u00e1rcere\u00bb, um livro que deve ser lido por todos e todas.\u00a0    Ano de edi\u00e7\u00e3o: 02-2020  Pref\u00e1cio:\u00a0Domingos da Cruz  P\u00e1ginas: 124  Formato: 130\u00a0x\u00a0185\u00a0mm  PVP:\u00a03\u00a0000 AKZ (Angola) -\u00a09,50\u00a0EUR (Portugal\/Europa)\" \/>\n<meta property=\"og:url\" content=\"https:\/\/elivulu.org\/en\/product\/meu-querido-caos-a-razao-o-activismo-e-a-cadeia-magno-domingos\/\" \/>\n<meta property=\"og:site_name\" content=\"ELIVULU Editora\" \/>\n<meta property=\"article:modified_time\" content=\"2025-12-19T12:20:19+00:00\" \/>\n<meta property=\"og:image\" content=\"https:\/\/elivulu.org\/wp-content\/uploads\/2025\/12\/MEU-QUERIDO-CAOS_-A-RAZA\u2560aO-O-ACTIVISMO-E-A-CADEIA-scaled.png\" \/>\n\t<meta property=\"og:image:width\" content=\"2560\" \/>\n\t<meta property=\"og:image:height\" content=\"2560\" \/>\n\t<meta property=\"og:image:type\" content=\"image\/png\" \/>\n<meta name=\"twitter:card\" content=\"summary_large_image\" \/>\n<meta name=\"twitter:label1\" content=\"Est. reading time\" \/>\n\t<meta name=\"twitter:data1\" content=\"1 minute\" \/>\n<script type=\"application\/ld+json\" class=\"yoast-schema-graph\">{\"@context\":\"https:\/\/schema.org\",\"@graph\":[{\"@type\":\"WebPage\",\"@id\":\"https:\/\/elivulu.org\/product\/meu-querido-caos-a-razao-o-activismo-e-a-cadeia-magno-domingos\/\",\"url\":\"https:\/\/elivulu.org\/product\/meu-querido-caos-a-razao-o-activismo-e-a-cadeia-magno-domingos\/\",\"name\":\"MEU QUERIDO CAOS: A RAZ\u00c3O, O ACTIVISMO E A CADEIA - ELIVULU Editora\",\"isPartOf\":{\"@id\":\"https:\/\/elivulu.org\/#website\"},\"primaryImageOfPage\":{\"@id\":\"https:\/\/elivulu.org\/product\/meu-querido-caos-a-razao-o-activismo-e-a-cadeia-magno-domingos\/#primaryimage\"},\"image\":{\"@id\":\"https:\/\/elivulu.org\/product\/meu-querido-caos-a-razao-o-activismo-e-a-cadeia-magno-domingos\/#primaryimage\"},\"thumbnailUrl\":\"https:\/\/elivulu.org\/wp-content\/uploads\/2025\/12\/MEU-QUERIDO-CAOS_-A-RAZA\u2560aO-O-ACTIVISMO-E-A-CADEIA-scaled.png\",\"datePublished\":\"2025-12-02T11:43:29+00:00\",\"dateModified\":\"2025-12-19T12:20:19+00:00\",\"breadcrumb\":{\"@id\":\"https:\/\/elivulu.org\/product\/meu-querido-caos-a-razao-o-activismo-e-a-cadeia-magno-domingos\/#breadcrumb\"},\"inLanguage\":\"en-US\",\"potentialAction\":[{\"@type\":\"ReadAction\",\"target\":[\"https:\/\/elivulu.org\/product\/meu-querido-caos-a-razao-o-activismo-e-a-cadeia-magno-domingos\/\"]}]},{\"@type\":\"ImageObject\",\"inLanguage\":\"en-US\",\"@id\":\"https:\/\/elivulu.org\/product\/meu-querido-caos-a-razao-o-activismo-e-a-cadeia-magno-domingos\/#primaryimage\",\"url\":\"https:\/\/elivulu.org\/wp-content\/uploads\/2025\/12\/MEU-QUERIDO-CAOS_-A-RAZA\u2560aO-O-ACTIVISMO-E-A-CADEIA-scaled.png\",\"contentUrl\":\"https:\/\/elivulu.org\/wp-content\/uploads\/2025\/12\/MEU-QUERIDO-CAOS_-A-RAZA\u2560aO-O-ACTIVISMO-E-A-CADEIA-scaled.png\",\"width\":2560,\"height\":2560},{\"@type\":\"BreadcrumbList\",\"@id\":\"https:\/\/elivulu.org\/product\/meu-querido-caos-a-razao-o-activismo-e-a-cadeia-magno-domingos\/#breadcrumb\",\"itemListElement\":[{\"@type\":\"ListItem\",\"position\":1,\"name\":\"In\u00edcio\",\"item\":\"https:\/\/elivulu.org\/\"},{\"@type\":\"ListItem\",\"position\":2,\"name\":\"Edi\u00e7\u00f5es\",\"item\":\"https:\/\/elivulu.org\/shop\/\"},{\"@type\":\"ListItem\",\"position\":3,\"name\":\"MEU QUERIDO CAOS: A RAZ\u00c3O, O ACTIVISMO E A CADEIA\"}]},{\"@type\":\"WebSite\",\"@id\":\"https:\/\/elivulu.org\/#website\",\"url\":\"https:\/\/elivulu.org\/\",\"name\":\"ELIVULU Editora\",\"description\":\"\",\"potentialAction\":[{\"@type\":\"SearchAction\",\"target\":{\"@type\":\"EntryPoint\",\"urlTemplate\":\"https:\/\/elivulu.org\/?s={search_term_string}\"},\"query-input\":{\"@type\":\"PropertyValueSpecification\",\"valueRequired\":true,\"valueName\":\"search_term_string\"}}],\"inLanguage\":\"en-US\"}]}<\/script>\n<!-- \/ Yoast SEO plugin. -->","yoast_head_json":{"title":"MEU QUERIDO CAOS: A RAZ\u00c3O, O ACTIVISMO E A CADEIA - ELIVULU Editora","robots":{"index":"index","follow":"follow","max-snippet":"max-snippet:-1","max-image-preview":"max-image-preview:large","max-video-preview":"max-video-preview:-1"},"canonical":"https:\/\/elivulu.org\/en\/product\/meu-querido-caos-a-razao-o-activismo-e-a-cadeia-magno-domingos\/","og_locale":"en_US","og_type":"article","og_title":"MEU QUERIDO CAOS: A RAZ\u00c3O, O ACTIVISMO E A CADEIA - ELIVULU Editora","og_description":"\u00abMeu querido caos: A raz\u00e3o, o activismo e a cadeia\u00bb \u00e9 da autoria de Magno Domingos. O livro \u00e9 sobre a sua participa\u00e7\u00e3o c\u00edvica em prol da democracia em Angola. Esteve nos calabou\u00e7os da cadeia de Viana, em celas h\u00famidas e p\u00fatridas, assistiu horrores e suportou intimida\u00e7\u00f5es pol\u00edticas. Resistiu! No assertivo pref\u00e1cio que faz \u00e0 obra, o acad\u00e9mico Domingos da Cruz destaca a import\u00e2ncia do livro: \u00abEvitar que no futuro contenha factos que n\u00e3o aconteceram\u00bb. \u00c9 exactamente essa a preocupa\u00e7\u00e3o do autor. A ELIVULU Editora tem a honra de publicar este livro como o primeiro da colec\u00e7\u00e3o \u00abBiblioteca de C\u00e1rcere\u00bb, um livro que deve ser lido por todos e todas.\u00a0    Ano de edi\u00e7\u00e3o: 02-2020  Pref\u00e1cio:\u00a0Domingos da Cruz  P\u00e1ginas: 124  Formato: 130\u00a0x\u00a0185\u00a0mm  PVP:\u00a03\u00a0000 AKZ (Angola) -\u00a09,50\u00a0EUR (Portugal\/Europa)","og_url":"https:\/\/elivulu.org\/en\/product\/meu-querido-caos-a-razao-o-activismo-e-a-cadeia-magno-domingos\/","og_site_name":"ELIVULU Editora","article_modified_time":"2025-12-19T12:20:19+00:00","og_image":[{"width":2560,"height":2560,"url":"https:\/\/elivulu.org\/wp-content\/uploads\/2025\/12\/MEU-QUERIDO-CAOS_-A-RAZA\u2560aO-O-ACTIVISMO-E-A-CADEIA-scaled.png","type":"image\/png"}],"twitter_card":"summary_large_image","twitter_misc":{"Est. reading time":"1 minute"},"schema":{"@context":"https:\/\/schema.org","@graph":[{"@type":"WebPage","@id":"https:\/\/elivulu.org\/product\/meu-querido-caos-a-razao-o-activismo-e-a-cadeia-magno-domingos\/","url":"https:\/\/elivulu.org\/product\/meu-querido-caos-a-razao-o-activismo-e-a-cadeia-magno-domingos\/","name":"MEU QUERIDO CAOS: A RAZ\u00c3O, O ACTIVISMO E A CADEIA - ELIVULU Editora","isPartOf":{"@id":"https:\/\/elivulu.org\/#website"},"primaryImageOfPage":{"@id":"https:\/\/elivulu.org\/product\/meu-querido-caos-a-razao-o-activismo-e-a-cadeia-magno-domingos\/#primaryimage"},"image":{"@id":"https:\/\/elivulu.org\/product\/meu-querido-caos-a-razao-o-activismo-e-a-cadeia-magno-domingos\/#primaryimage"},"thumbnailUrl":"https:\/\/elivulu.org\/wp-content\/uploads\/2025\/12\/MEU-QUERIDO-CAOS_-A-RAZA\u2560aO-O-ACTIVISMO-E-A-CADEIA-scaled.png","datePublished":"2025-12-02T11:43:29+00:00","dateModified":"2025-12-19T12:20:19+00:00","breadcrumb":{"@id":"https:\/\/elivulu.org\/product\/meu-querido-caos-a-razao-o-activismo-e-a-cadeia-magno-domingos\/#breadcrumb"},"inLanguage":"en-US","potentialAction":[{"@type":"ReadAction","target":["https:\/\/elivulu.org\/product\/meu-querido-caos-a-razao-o-activismo-e-a-cadeia-magno-domingos\/"]}]},{"@type":"ImageObject","inLanguage":"en-US","@id":"https:\/\/elivulu.org\/product\/meu-querido-caos-a-razao-o-activismo-e-a-cadeia-magno-domingos\/#primaryimage","url":"https:\/\/elivulu.org\/wp-content\/uploads\/2025\/12\/MEU-QUERIDO-CAOS_-A-RAZA\u2560aO-O-ACTIVISMO-E-A-CADEIA-scaled.png","contentUrl":"https:\/\/elivulu.org\/wp-content\/uploads\/2025\/12\/MEU-QUERIDO-CAOS_-A-RAZA\u2560aO-O-ACTIVISMO-E-A-CADEIA-scaled.png","width":2560,"height":2560},{"@type":"BreadcrumbList","@id":"https:\/\/elivulu.org\/product\/meu-querido-caos-a-razao-o-activismo-e-a-cadeia-magno-domingos\/#breadcrumb","itemListElement":[{"@type":"ListItem","position":1,"name":"In\u00edcio","item":"https:\/\/elivulu.org\/"},{"@type":"ListItem","position":2,"name":"Edi\u00e7\u00f5es","item":"https:\/\/elivulu.org\/shop\/"},{"@type":"ListItem","position":3,"name":"MEU QUERIDO CAOS: A RAZ\u00c3O, O ACTIVISMO E A CADEIA"}]},{"@type":"WebSite","@id":"https:\/\/elivulu.org\/#website","url":"https:\/\/elivulu.org\/","name":"ELIVULU Editora","description":"","potentialAction":[{"@type":"SearchAction","target":{"@type":"EntryPoint","urlTemplate":"https:\/\/elivulu.org\/?s={search_term_string}"},"query-input":{"@type":"PropertyValueSpecification","valueRequired":true,"valueName":"search_term_string"}}],"inLanguage":"en-US"}]}},"_links":{"self":[{"href":"https:\/\/elivulu.org\/en\/wp-json\/wp\/v2\/product\/1286","targetHints":{"allow":["GET"]}}],"collection":[{"href":"https:\/\/elivulu.org\/en\/wp-json\/wp\/v2\/product"}],"about":[{"href":"https:\/\/elivulu.org\/en\/wp-json\/wp\/v2\/types\/product"}],"replies":[{"embeddable":true,"href":"https:\/\/elivulu.org\/en\/wp-json\/wp\/v2\/comments?post=1286"}],"version-history":[{"count":4,"href":"https:\/\/elivulu.org\/en\/wp-json\/wp\/v2\/product\/1286\/revisions"}],"predecessor-version":[{"id":2086,"href":"https:\/\/elivulu.org\/en\/wp-json\/wp\/v2\/product\/1286\/revisions\/2086"}],"wp:featuredmedia":[{"embeddable":true,"href":"https:\/\/elivulu.org\/en\/wp-json\/wp\/v2\/media\/2050"}],"wp:attachment":[{"href":"https:\/\/elivulu.org\/en\/wp-json\/wp\/v2\/media?parent=1286"}],"wp:term":[{"taxonomy":"book_author","embeddable":true,"href":"https:\/\/elivulu.org\/en\/wp-json\/wp\/v2\/book_author?post=1286"},{"taxonomy":"product_brand","embeddable":true,"href":"https:\/\/elivulu.org\/en\/wp-json\/wp\/v2\/product_brand?post=1286"},{"taxonomy":"product_cat","embeddable":true,"href":"https:\/\/elivulu.org\/en\/wp-json\/wp\/v2\/product_cat?post=1286"},{"taxonomy":"product_tag","embeddable":true,"href":"https:\/\/elivulu.org\/en\/wp-json\/wp\/v2\/product_tag?post=1286"}],"curies":[{"name":"wp","href":"https:\/\/api.w.org\/{rel}","templated":true}]}}