{"id":1284,"date":"2025-12-02T11:42:40","date_gmt":"2025-12-02T11:42:40","guid":{"rendered":"https:\/\/elivulu.org\/?post_type=product&#038;p=1284"},"modified":"2025-12-19T11:40:42","modified_gmt":"2025-12-19T11:40:42","slug":"fraccionismo-quem-disse-o-que-no-jornal-de-angola-antes-e-depois-do-27-de-maio-de-1977-leonor-figueiredo","status":"publish","type":"product","link":"https:\/\/elivulu.org\/en\/product\/fraccionismo-quem-disse-o-que-no-jornal-de-angola-antes-e-depois-do-27-de-maio-de-1977-leonor-figueiredo\/","title":{"rendered":"FRACCIONISMO: QUEM DISSE O QU\u00ca NO \u00abJORNAL DE ANGOLA\u00bb ANTES E DEPOIS DO 27 DE MAIO DE 1977"},"content":{"rendered":"","protected":false},"excerpt":{"rendered":"<p class=\"zfr3Q CDt4Ke\" dir=\"ltr\"><span class=\"C9DxTc\">Este ano o 27 de Maio de 1977 voltou a ser lembrado. Foi assinalado pela\u00a0<\/span><span class=\"C9DxTc\">ELIVULU Editora<\/span><span class=\"C9DxTc\">\u00a0com o lan\u00e7amento do livro\u00a0<\/span><span class=\"C9DxTc\">Fraccionismo \u2013 Quem Disse o Qu\u00ea no Jornal de Angola Antes e Depois do 27 de Maio de 1977<\/span><span class=\"C9DxTc\">\u00a0da jornalista e investigadora Leonor Figueiredo. Uma obra que se junta \u00e0 nossa colec\u00e7\u00e3o \u00abBiblioteca de C\u00e1rcere\u00bb.<\/span><\/p>\n<p class=\"zfr3Q CDt4Ke\" dir=\"ltr\"><span class=\"C9DxTc\">Numa altura em que o governo angolano saiu do sil\u00eancio com a cria\u00e7\u00e3o da \u00abComiss\u00e3o de Reconcilia\u00e7\u00e3o em Mem\u00f3ria das V\u00edtimas dos Conflitos Pol\u00edticos\u00bb, contestada por familiares e v\u00edtimas do 27, faz todo o sentido dar \u00e0 estampa as declara\u00e7\u00f5es ent\u00e3o proferidas no jornal do poder.<\/span><\/p>\n<p class=\"zfr3Q CDt4Ke\" dir=\"ltr\"><span class=\"C9DxTc\">Passados 43 anos do massacre que ceifou a vida de milhares de angolano(a)s, Leonor Figueiredo aborda o tema, lembrando os discursos directos de Agostinho Neto, L\u00facio Lara, Iko Carreira, Beto Va-D\u00fanem, Saidy Mingas, Dino Matross, Lopo do Nascimento, Jos\u00e9 Eduardo dos Santos e outros.<\/span><\/p>\n<p class=\"zfr3Q CDt4Ke\" dir=\"ltr\"><span class=\"C9DxTc\">\u00abEste trabalho pretende espelhar as p\u00e1ginas do Jornal de Angola entre 1 de Janeiro e 11 de Dezembro de 1977, tendo como moldura os acontecimentos que se iniciaram a 27 de Maio. Trata-se de interrogar o passado recente, percorrendo o caminho do \u201cfraccionismo\u201d tra\u00e7ado pelo jornal do poder. Quisemos saber, no per\u00edodo pr\u00e9-27, quem falou de \u201cfraccionismo\u201d e como se lhe referiu, al\u00e9m de verificar como este \u00f3rg\u00e3o de comunica\u00e7\u00e3o social noticiou, adjectivou e comentou, directa e indirectamente a \u00abfrac\u00e7\u00e3o\u00bb discordante da direc\u00e7\u00e3o do MPLA. No p\u00f3s-27 de Maio, o foco incidiu no que foi noticiado e nos dados oficiais que da\u00ed se podem inferir, quer sobre o MPLA, quer sobre os \u201cfraccionistas\u201d\u00bb. A autora especifica.<\/span><\/p>\n<p>&nbsp;<\/p>\n<ul class=\"n8H08c UVNKR\">\n<li class=\"zfr3Q TYR86d eD0Rn\" dir=\"ltr\">\n<p class=\"zfr3Q CDt4Ke\" dir=\"ltr\" role=\"presentation\"><span class=\"C9DxTc\">Ano de edi\u00e7\u00e3o: 0<\/span><span class=\"C9DxTc\">5<\/span><span class=\"C9DxTc\">-2020<\/span><\/p>\n<\/li>\n<li class=\"zfr3Q TYR86d eD0Rn\" dir=\"ltr\">\n<p class=\"zfr3Q CDt4Ke\" dir=\"ltr\" role=\"presentation\"><span class=\"C9DxTc\">P\u00e1ginas:\u00a0<\/span><span class=\"C9DxTc\">226<\/span><\/p>\n<\/li>\n<li class=\"zfr3Q TYR86d eD0Rn\" dir=\"ltr\">\n<p class=\"zfr3Q CDt4Ke\" dir=\"ltr\" role=\"presentation\"><span class=\"C9DxTc\">Formato: 1<\/span><span class=\"C9DxTc\">50<\/span><span class=\"C9DxTc\">\u00a0x 2<\/span><span class=\"C9DxTc\">3<\/span><span class=\"C9DxTc\">0 mm<\/span><\/p>\n<\/li>\n<li class=\"zfr3Q TYR86d eD0Rn\" dir=\"ltr\">\n<p class=\"zfr3Q CDt4Ke\" dir=\"ltr\" role=\"presentation\"><span class=\"C9DxTc\">PVP:\u00a0<\/span><span class=\"C9DxTc\">12<\/span><span class=\"C9DxTc\">\u00a0000 AKZ (Angola) &#8211; 1<\/span><span class=\"C9DxTc\">5<\/span><span class=\"C9DxTc\">\u00a0EUR (Portugal\/Europa)<\/span><\/p>\n<\/li>\n<\/ul>","protected":false},"featured_media":2046,"comment_status":"open","ping_status":"closed","template":"","meta":{"_acf_changed":false},"book_author":[49],"product_brand":[],"product_cat":[15],"product_tag":[],"class_list":{"0":"post-1284","1":"product","2":"type-product","3":"status-publish","4":"has-post-thumbnail","6":"book_author-leonor-figueiredo","7":"product_cat-books","9":"first","10":"instock","11":"shipping-taxable","12":"purchasable","13":"product-type-simple"},"acf":[],"yoast_head":"<!-- This site is optimized with the Yoast SEO plugin v27.0 - https:\/\/yoast.com\/product\/yoast-seo-wordpress\/ -->\n<title>FRACCIONISMO: QUEM DISSE O QU\u00ca NO \u00abJORNAL DE ANGOLA\u00bb ANTES E DEPOIS DO 27 DE MAIO DE 1977 - ELIVULU Editora<\/title>\n<meta name=\"robots\" content=\"index, follow, max-snippet:-1, max-image-preview:large, max-video-preview:-1\" \/>\n<link rel=\"canonical\" href=\"https:\/\/elivulu.org\/en\/product\/fraccionismo-quem-disse-o-que-no-jornal-de-angola-antes-e-depois-do-27-de-maio-de-1977-leonor-figueiredo\/\" \/>\n<meta property=\"og:locale\" content=\"en_US\" \/>\n<meta property=\"og:type\" content=\"article\" \/>\n<meta property=\"og:title\" content=\"FRACCIONISMO: QUEM DISSE O QU\u00ca NO \u00abJORNAL DE ANGOLA\u00bb ANTES E DEPOIS DO 27 DE MAIO DE 1977 - ELIVULU Editora\" \/>\n<meta property=\"og:description\" content=\"Este ano o 27 de Maio de 1977 voltou a ser lembrado. Foi assinalado pela\u00a0ELIVULU Editora\u00a0com o lan\u00e7amento do livro\u00a0Fraccionismo \u2013 Quem Disse o Qu\u00ea no Jornal de Angola Antes e Depois do 27 de Maio de 1977\u00a0da jornalista e investigadora Leonor Figueiredo. Uma obra que se junta \u00e0 nossa colec\u00e7\u00e3o \u00abBiblioteca de C\u00e1rcere\u00bb. Numa altura em que o governo angolano saiu do sil\u00eancio com a cria\u00e7\u00e3o da \u00abComiss\u00e3o de Reconcilia\u00e7\u00e3o em Mem\u00f3ria das V\u00edtimas dos Conflitos Pol\u00edticos\u00bb, contestada por familiares e v\u00edtimas do 27, faz todo o sentido dar \u00e0 estampa as declara\u00e7\u00f5es ent\u00e3o proferidas no jornal do poder. Passados 43 anos do massacre que ceifou a vida de milhares de angolano(a)s, Leonor Figueiredo aborda o tema, lembrando os discursos directos de Agostinho Neto, L\u00facio Lara, Iko Carreira, Beto Va-D\u00fanem, Saidy Mingas, Dino Matross, Lopo do Nascimento, Jos\u00e9 Eduardo dos Santos e outros. \u00abEste trabalho pretende espelhar as p\u00e1ginas do Jornal de Angola entre 1 de Janeiro e 11 de Dezembro de 1977, tendo como moldura os acontecimentos que se iniciaram a 27 de Maio. Trata-se de interrogar o passado recente, percorrendo o caminho do \u201cfraccionismo\u201d tra\u00e7ado pelo jornal do poder. Quisemos saber, no per\u00edodo pr\u00e9-27, quem falou de \u201cfraccionismo\u201d e como se lhe referiu, al\u00e9m de verificar como este \u00f3rg\u00e3o de comunica\u00e7\u00e3o social noticiou, adjectivou e comentou, directa e indirectamente a \u00abfrac\u00e7\u00e3o\u00bb discordante da direc\u00e7\u00e3o do MPLA. No p\u00f3s-27 de Maio, o foco incidiu no que foi noticiado e nos dados oficiais que da\u00ed se podem inferir, quer sobre o MPLA, quer sobre os \u201cfraccionistas\u201d\u00bb. A autora especifica. &nbsp;    Ano de edi\u00e7\u00e3o: 05-2020    P\u00e1ginas:\u00a0226    Formato: 150\u00a0x 230 mm    PVP:\u00a012\u00a0000 AKZ (Angola) - 15\u00a0EUR (Portugal\/Europa)\" \/>\n<meta property=\"og:url\" content=\"https:\/\/elivulu.org\/en\/product\/fraccionismo-quem-disse-o-que-no-jornal-de-angola-antes-e-depois-do-27-de-maio-de-1977-leonor-figueiredo\/\" \/>\n<meta property=\"og:site_name\" content=\"ELIVULU Editora\" \/>\n<meta property=\"article:modified_time\" content=\"2025-12-19T11:40:42+00:00\" \/>\n<meta property=\"og:image\" content=\"https:\/\/elivulu.org\/wp-content\/uploads\/2025\/12\/FRACCIONISMO_-QUEM-DISSE-O-QUE\u2560e-NO-\u252c\u00bdJORNAL-DE-ANGOLA\u252c\u2557-ANTES-E-DEPOIS-DO-27-DE-MAIO-DE-1977.png\" \/>\n\t<meta property=\"og:image:width\" content=\"1\" \/>\n\t<meta property=\"og:image:height\" content=\"1\" \/>\n\t<meta property=\"og:image:type\" content=\"image\/png\" \/>\n<meta name=\"twitter:card\" content=\"summary_large_image\" \/>\n<meta name=\"twitter:label1\" content=\"Est. reading time\" \/>\n\t<meta name=\"twitter:data1\" content=\"1 minute\" \/>\n<script type=\"application\/ld+json\" class=\"yoast-schema-graph\">{\"@context\":\"https:\/\/schema.org\",\"@graph\":[{\"@type\":\"WebPage\",\"@id\":\"https:\/\/elivulu.org\/product\/fraccionismo-quem-disse-o-que-no-jornal-de-angola-antes-e-depois-do-27-de-maio-de-1977-leonor-figueiredo\/\",\"url\":\"https:\/\/elivulu.org\/product\/fraccionismo-quem-disse-o-que-no-jornal-de-angola-antes-e-depois-do-27-de-maio-de-1977-leonor-figueiredo\/\",\"name\":\"FRACCIONISMO: QUEM DISSE O QU\u00ca NO \u00abJORNAL DE ANGOLA\u00bb ANTES E DEPOIS DO 27 DE MAIO DE 1977 - ELIVULU Editora\",\"isPartOf\":{\"@id\":\"https:\/\/elivulu.org\/#website\"},\"primaryImageOfPage\":{\"@id\":\"https:\/\/elivulu.org\/product\/fraccionismo-quem-disse-o-que-no-jornal-de-angola-antes-e-depois-do-27-de-maio-de-1977-leonor-figueiredo\/#primaryimage\"},\"image\":{\"@id\":\"https:\/\/elivulu.org\/product\/fraccionismo-quem-disse-o-que-no-jornal-de-angola-antes-e-depois-do-27-de-maio-de-1977-leonor-figueiredo\/#primaryimage\"},\"thumbnailUrl\":\"https:\/\/elivulu.org\/wp-content\/uploads\/2025\/12\/FRACCIONISMO_-QUEM-DISSE-O-QUE\u2560e-NO-\u252c\u00bdJORNAL-DE-ANGOLA\u252c\u2557-ANTES-E-DEPOIS-DO-27-DE-MAIO-DE-1977-scaled.png\",\"datePublished\":\"2025-12-02T11:42:40+00:00\",\"dateModified\":\"2025-12-19T11:40:42+00:00\",\"breadcrumb\":{\"@id\":\"https:\/\/elivulu.org\/product\/fraccionismo-quem-disse-o-que-no-jornal-de-angola-antes-e-depois-do-27-de-maio-de-1977-leonor-figueiredo\/#breadcrumb\"},\"inLanguage\":\"en-US\",\"potentialAction\":[{\"@type\":\"ReadAction\",\"target\":[\"https:\/\/elivulu.org\/product\/fraccionismo-quem-disse-o-que-no-jornal-de-angola-antes-e-depois-do-27-de-maio-de-1977-leonor-figueiredo\/\"]}]},{\"@type\":\"ImageObject\",\"inLanguage\":\"en-US\",\"@id\":\"https:\/\/elivulu.org\/product\/fraccionismo-quem-disse-o-que-no-jornal-de-angola-antes-e-depois-do-27-de-maio-de-1977-leonor-figueiredo\/#primaryimage\",\"url\":\"https:\/\/elivulu.org\/wp-content\/uploads\/2025\/12\/FRACCIONISMO_-QUEM-DISSE-O-QUE\u2560e-NO-\u252c\u00bdJORNAL-DE-ANGOLA\u252c\u2557-ANTES-E-DEPOIS-DO-27-DE-MAIO-DE-1977-scaled.png\",\"contentUrl\":\"https:\/\/elivulu.org\/wp-content\/uploads\/2025\/12\/FRACCIONISMO_-QUEM-DISSE-O-QUE\u2560e-NO-\u252c\u00bdJORNAL-DE-ANGOLA\u252c\u2557-ANTES-E-DEPOIS-DO-27-DE-MAIO-DE-1977-scaled.png\",\"width\":2560,\"height\":2560},{\"@type\":\"BreadcrumbList\",\"@id\":\"https:\/\/elivulu.org\/product\/fraccionismo-quem-disse-o-que-no-jornal-de-angola-antes-e-depois-do-27-de-maio-de-1977-leonor-figueiredo\/#breadcrumb\",\"itemListElement\":[{\"@type\":\"ListItem\",\"position\":1,\"name\":\"In\u00edcio\",\"item\":\"https:\/\/elivulu.org\/\"},{\"@type\":\"ListItem\",\"position\":2,\"name\":\"Edi\u00e7\u00f5es\",\"item\":\"https:\/\/elivulu.org\/shop\/\"},{\"@type\":\"ListItem\",\"position\":3,\"name\":\"FRACCIONISMO: QUEM DISSE O QU\u00ca NO \u00abJORNAL DE ANGOLA\u00bb ANTES E DEPOIS DO 27 DE MAIO DE 1977\"}]},{\"@type\":\"WebSite\",\"@id\":\"https:\/\/elivulu.org\/#website\",\"url\":\"https:\/\/elivulu.org\/\",\"name\":\"ELIVULU Editora\",\"description\":\"\",\"potentialAction\":[{\"@type\":\"SearchAction\",\"target\":{\"@type\":\"EntryPoint\",\"urlTemplate\":\"https:\/\/elivulu.org\/?s={search_term_string}\"},\"query-input\":{\"@type\":\"PropertyValueSpecification\",\"valueRequired\":true,\"valueName\":\"search_term_string\"}}],\"inLanguage\":\"en-US\"}]}<\/script>\n<!-- \/ Yoast SEO plugin. -->","yoast_head_json":{"title":"FRACCIONISMO: QUEM DISSE O QU\u00ca NO \u00abJORNAL DE ANGOLA\u00bb ANTES E DEPOIS DO 27 DE MAIO DE 1977 - ELIVULU Editora","robots":{"index":"index","follow":"follow","max-snippet":"max-snippet:-1","max-image-preview":"max-image-preview:large","max-video-preview":"max-video-preview:-1"},"canonical":"https:\/\/elivulu.org\/en\/product\/fraccionismo-quem-disse-o-que-no-jornal-de-angola-antes-e-depois-do-27-de-maio-de-1977-leonor-figueiredo\/","og_locale":"en_US","og_type":"article","og_title":"FRACCIONISMO: QUEM DISSE O QU\u00ca NO \u00abJORNAL DE ANGOLA\u00bb ANTES E DEPOIS DO 27 DE MAIO DE 1977 - ELIVULU Editora","og_description":"Este ano o 27 de Maio de 1977 voltou a ser lembrado. Foi assinalado pela\u00a0ELIVULU Editora\u00a0com o lan\u00e7amento do livro\u00a0Fraccionismo \u2013 Quem Disse o Qu\u00ea no Jornal de Angola Antes e Depois do 27 de Maio de 1977\u00a0da jornalista e investigadora Leonor Figueiredo. Uma obra que se junta \u00e0 nossa colec\u00e7\u00e3o \u00abBiblioteca de C\u00e1rcere\u00bb. Numa altura em que o governo angolano saiu do sil\u00eancio com a cria\u00e7\u00e3o da \u00abComiss\u00e3o de Reconcilia\u00e7\u00e3o em Mem\u00f3ria das V\u00edtimas dos Conflitos Pol\u00edticos\u00bb, contestada por familiares e v\u00edtimas do 27, faz todo o sentido dar \u00e0 estampa as declara\u00e7\u00f5es ent\u00e3o proferidas no jornal do poder. Passados 43 anos do massacre que ceifou a vida de milhares de angolano(a)s, Leonor Figueiredo aborda o tema, lembrando os discursos directos de Agostinho Neto, L\u00facio Lara, Iko Carreira, Beto Va-D\u00fanem, Saidy Mingas, Dino Matross, Lopo do Nascimento, Jos\u00e9 Eduardo dos Santos e outros. \u00abEste trabalho pretende espelhar as p\u00e1ginas do Jornal de Angola entre 1 de Janeiro e 11 de Dezembro de 1977, tendo como moldura os acontecimentos que se iniciaram a 27 de Maio. Trata-se de interrogar o passado recente, percorrendo o caminho do \u201cfraccionismo\u201d tra\u00e7ado pelo jornal do poder. Quisemos saber, no per\u00edodo pr\u00e9-27, quem falou de \u201cfraccionismo\u201d e como se lhe referiu, al\u00e9m de verificar como este \u00f3rg\u00e3o de comunica\u00e7\u00e3o social noticiou, adjectivou e comentou, directa e indirectamente a \u00abfrac\u00e7\u00e3o\u00bb discordante da direc\u00e7\u00e3o do MPLA. No p\u00f3s-27 de Maio, o foco incidiu no que foi noticiado e nos dados oficiais que da\u00ed se podem inferir, quer sobre o MPLA, quer sobre os \u201cfraccionistas\u201d\u00bb. A autora especifica. &nbsp;    Ano de edi\u00e7\u00e3o: 05-2020    P\u00e1ginas:\u00a0226    Formato: 150\u00a0x 230 mm    PVP:\u00a012\u00a0000 AKZ (Angola) - 15\u00a0EUR (Portugal\/Europa)","og_url":"https:\/\/elivulu.org\/en\/product\/fraccionismo-quem-disse-o-que-no-jornal-de-angola-antes-e-depois-do-27-de-maio-de-1977-leonor-figueiredo\/","og_site_name":"ELIVULU Editora","article_modified_time":"2025-12-19T11:40:42+00:00","og_image":[{"url":"https:\/\/elivulu.org\/wp-content\/uploads\/2025\/12\/FRACCIONISMO_-QUEM-DISSE-O-QUE\u2560e-NO-\u252c\u00bdJORNAL-DE-ANGOLA\u252c\u2557-ANTES-E-DEPOIS-DO-27-DE-MAIO-DE-1977.png","width":1,"height":1,"type":"image\/png"}],"twitter_card":"summary_large_image","twitter_misc":{"Est. reading time":"1 minute"},"schema":{"@context":"https:\/\/schema.org","@graph":[{"@type":"WebPage","@id":"https:\/\/elivulu.org\/product\/fraccionismo-quem-disse-o-que-no-jornal-de-angola-antes-e-depois-do-27-de-maio-de-1977-leonor-figueiredo\/","url":"https:\/\/elivulu.org\/product\/fraccionismo-quem-disse-o-que-no-jornal-de-angola-antes-e-depois-do-27-de-maio-de-1977-leonor-figueiredo\/","name":"FRACCIONISMO: QUEM DISSE O QU\u00ca NO \u00abJORNAL DE ANGOLA\u00bb ANTES E DEPOIS DO 27 DE MAIO DE 1977 - ELIVULU Editora","isPartOf":{"@id":"https:\/\/elivulu.org\/#website"},"primaryImageOfPage":{"@id":"https:\/\/elivulu.org\/product\/fraccionismo-quem-disse-o-que-no-jornal-de-angola-antes-e-depois-do-27-de-maio-de-1977-leonor-figueiredo\/#primaryimage"},"image":{"@id":"https:\/\/elivulu.org\/product\/fraccionismo-quem-disse-o-que-no-jornal-de-angola-antes-e-depois-do-27-de-maio-de-1977-leonor-figueiredo\/#primaryimage"},"thumbnailUrl":"https:\/\/elivulu.org\/wp-content\/uploads\/2025\/12\/FRACCIONISMO_-QUEM-DISSE-O-QUE\u2560e-NO-\u252c\u00bdJORNAL-DE-ANGOLA\u252c\u2557-ANTES-E-DEPOIS-DO-27-DE-MAIO-DE-1977-scaled.png","datePublished":"2025-12-02T11:42:40+00:00","dateModified":"2025-12-19T11:40:42+00:00","breadcrumb":{"@id":"https:\/\/elivulu.org\/product\/fraccionismo-quem-disse-o-que-no-jornal-de-angola-antes-e-depois-do-27-de-maio-de-1977-leonor-figueiredo\/#breadcrumb"},"inLanguage":"en-US","potentialAction":[{"@type":"ReadAction","target":["https:\/\/elivulu.org\/product\/fraccionismo-quem-disse-o-que-no-jornal-de-angola-antes-e-depois-do-27-de-maio-de-1977-leonor-figueiredo\/"]}]},{"@type":"ImageObject","inLanguage":"en-US","@id":"https:\/\/elivulu.org\/product\/fraccionismo-quem-disse-o-que-no-jornal-de-angola-antes-e-depois-do-27-de-maio-de-1977-leonor-figueiredo\/#primaryimage","url":"https:\/\/elivulu.org\/wp-content\/uploads\/2025\/12\/FRACCIONISMO_-QUEM-DISSE-O-QUE\u2560e-NO-\u252c\u00bdJORNAL-DE-ANGOLA\u252c\u2557-ANTES-E-DEPOIS-DO-27-DE-MAIO-DE-1977-scaled.png","contentUrl":"https:\/\/elivulu.org\/wp-content\/uploads\/2025\/12\/FRACCIONISMO_-QUEM-DISSE-O-QUE\u2560e-NO-\u252c\u00bdJORNAL-DE-ANGOLA\u252c\u2557-ANTES-E-DEPOIS-DO-27-DE-MAIO-DE-1977-scaled.png","width":2560,"height":2560},{"@type":"BreadcrumbList","@id":"https:\/\/elivulu.org\/product\/fraccionismo-quem-disse-o-que-no-jornal-de-angola-antes-e-depois-do-27-de-maio-de-1977-leonor-figueiredo\/#breadcrumb","itemListElement":[{"@type":"ListItem","position":1,"name":"In\u00edcio","item":"https:\/\/elivulu.org\/"},{"@type":"ListItem","position":2,"name":"Edi\u00e7\u00f5es","item":"https:\/\/elivulu.org\/shop\/"},{"@type":"ListItem","position":3,"name":"FRACCIONISMO: QUEM DISSE O QU\u00ca NO \u00abJORNAL DE ANGOLA\u00bb ANTES E DEPOIS DO 27 DE MAIO DE 1977"}]},{"@type":"WebSite","@id":"https:\/\/elivulu.org\/#website","url":"https:\/\/elivulu.org\/","name":"ELIVULU Editora","description":"","potentialAction":[{"@type":"SearchAction","target":{"@type":"EntryPoint","urlTemplate":"https:\/\/elivulu.org\/?s={search_term_string}"},"query-input":{"@type":"PropertyValueSpecification","valueRequired":true,"valueName":"search_term_string"}}],"inLanguage":"en-US"}]}},"_links":{"self":[{"href":"https:\/\/elivulu.org\/en\/wp-json\/wp\/v2\/product\/1284","targetHints":{"allow":["GET"]}}],"collection":[{"href":"https:\/\/elivulu.org\/en\/wp-json\/wp\/v2\/product"}],"about":[{"href":"https:\/\/elivulu.org\/en\/wp-json\/wp\/v2\/types\/product"}],"replies":[{"embeddable":true,"href":"https:\/\/elivulu.org\/en\/wp-json\/wp\/v2\/comments?post=1284"}],"version-history":[{"count":2,"href":"https:\/\/elivulu.org\/en\/wp-json\/wp\/v2\/product\/1284\/revisions"}],"predecessor-version":[{"id":1878,"href":"https:\/\/elivulu.org\/en\/wp-json\/wp\/v2\/product\/1284\/revisions\/1878"}],"wp:featuredmedia":[{"embeddable":true,"href":"https:\/\/elivulu.org\/en\/wp-json\/wp\/v2\/media\/2046"}],"wp:attachment":[{"href":"https:\/\/elivulu.org\/en\/wp-json\/wp\/v2\/media?parent=1284"}],"wp:term":[{"taxonomy":"book_author","embeddable":true,"href":"https:\/\/elivulu.org\/en\/wp-json\/wp\/v2\/book_author?post=1284"},{"taxonomy":"product_brand","embeddable":true,"href":"https:\/\/elivulu.org\/en\/wp-json\/wp\/v2\/product_brand?post=1284"},{"taxonomy":"product_cat","embeddable":true,"href":"https:\/\/elivulu.org\/en\/wp-json\/wp\/v2\/product_cat?post=1284"},{"taxonomy":"product_tag","embeddable":true,"href":"https:\/\/elivulu.org\/en\/wp-json\/wp\/v2\/product_tag?post=1284"}],"curies":[{"name":"wp","href":"https:\/\/api.w.org\/{rel}","templated":true}]}}