{"id":1282,"date":"2025-12-02T11:41:46","date_gmt":"2025-12-02T11:41:46","guid":{"rendered":"https:\/\/elivulu.org\/?post_type=product&#038;p=1282"},"modified":"2025-12-19T12:22:41","modified_gmt":"2025-12-19T12:22:41","slug":"prefacio-do-amor-recondito-poeta-chiwale","status":"publish","type":"product","link":"https:\/\/elivulu.org\/en\/product\/prefacio-do-amor-recondito-poeta-chiwale\/","title":{"rendered":"PREF\u00c1CIO DO AMOR"},"content":{"rendered":"","protected":false},"excerpt":{"rendered":"<p class=\"zfr3Q CDt4Ke\" dir=\"ltr\"><span class=\"C9DxTc\">\u00abPref\u00e1cio do Amor\u00bb \u00e9 um livro que re\u00fane 56 poesias do autor Rec\u00f4ndito Poeta Chiwale, pseud\u00f3nimo liter\u00e1rio do psic\u00f3logo cl\u00ednico Ter\u00eancio Chiwale, que com esta obra se estreia na literatura. \u00c9 um belo livro, tanto no seu conte\u00fado como no grafismo, garantiram as pessoas que j\u00e1 tiveram contacto com a obra. Por isso recomendam a sua leitura e sua contempla\u00e7\u00e3o, a sua textura e leveza, sem precisar de motivo ou incentivo, mas, se precisar, ent\u00e3o sinta-se convidado pelo perfume crom\u00e1tico e arom\u00e1tico rom\u00e2ntico, nas palavras do poeta.\u00a0<\/span><\/p>\n<ul>\n<li class=\"zfr3Q CDt4Ke\" dir=\"ltr\" role=\"presentation\"><span class=\"C9DxTc\">Ano de edi\u00e7\u00e3o:\u00a0<\/span><span class=\"C9DxTc\">09<\/span><span class=\"C9DxTc\">-2020<\/span><\/li>\n<li class=\"zfr3Q CDt4Ke\" dir=\"ltr\" role=\"presentation\"><span class=\"C9DxTc\">Pref\u00e1cio:\u00a0<\/span><span class=\"C9DxTc\">Bussulo do Livro<\/span><\/li>\n<li class=\"zfr3Q CDt4Ke\" dir=\"ltr\" role=\"presentation\"><span class=\"C9DxTc\">P\u00e1ginas: 1<\/span><span class=\"C9DxTc\">10<\/span><\/li>\n<li class=\"zfr3Q CDt4Ke\" dir=\"ltr\" role=\"presentation\"><span class=\"C9DxTc\">Formato: 13<\/span><span class=\"C9DxTc\">5<\/span><span class=\"C9DxTc\">\u00a0x\u00a0<\/span><span class=\"C9DxTc\">210\u00a0<\/span><span class=\"C9DxTc\">mm<\/span><\/li>\n<li class=\"zfr3Q CDt4Ke\" dir=\"ltr\" role=\"presentation\"><span class=\"C9DxTc\">PVP:\u00a0<\/span><span class=\"C9DxTc\">5<\/span><span class=\"C9DxTc\">\u00a0<\/span><span class=\"C9DxTc\">0<\/span><span class=\"C9DxTc\">00 AKZ (Angola)\u00a0<\/span><span class=\"C9DxTc\">&#8211;\u00a0<\/span><span class=\"C9DxTc\">1<\/span><span class=\"C9DxTc\">0<\/span><span class=\"C9DxTc\">\u00a0EUR (Portugal\/Europa)<\/span><\/li>\n<\/ul>","protected":false},"featured_media":2055,"comment_status":"open","ping_status":"closed","template":"","meta":{"_acf_changed":false},"book_author":[48],"product_brand":[],"product_cat":[15],"product_tag":[],"class_list":{"0":"post-1282","1":"product","2":"type-product","3":"status-publish","4":"has-post-thumbnail","6":"book_author-recondito-poeta-chiwale","7":"product_cat-books","9":"first","10":"instock","11":"shipping-taxable","12":"purchasable","13":"product-type-simple"},"acf":[],"yoast_head":"<!-- This site is optimized with the Yoast SEO plugin v27.0 - https:\/\/yoast.com\/product\/yoast-seo-wordpress\/ -->\n<title>PREF\u00c1CIO DO AMOR - ELIVULU Editora<\/title>\n<meta name=\"robots\" content=\"index, follow, max-snippet:-1, max-image-preview:large, max-video-preview:-1\" \/>\n<link rel=\"canonical\" href=\"https:\/\/elivulu.org\/en\/product\/prefacio-do-amor-recondito-poeta-chiwale\/\" \/>\n<meta property=\"og:locale\" content=\"en_US\" \/>\n<meta property=\"og:type\" content=\"article\" \/>\n<meta property=\"og:title\" content=\"PREF\u00c1CIO DO AMOR - ELIVULU Editora\" \/>\n<meta property=\"og:description\" content=\"\u00abPref\u00e1cio do Amor\u00bb \u00e9 um livro que re\u00fane 56 poesias do autor Rec\u00f4ndito Poeta Chiwale, pseud\u00f3nimo liter\u00e1rio do psic\u00f3logo cl\u00ednico Ter\u00eancio Chiwale, que com esta obra se estreia na literatura. \u00c9 um belo livro, tanto no seu conte\u00fado como no grafismo, garantiram as pessoas que j\u00e1 tiveram contacto com a obra. Por isso recomendam a sua leitura e sua contempla\u00e7\u00e3o, a sua textura e leveza, sem precisar de motivo ou incentivo, mas, se precisar, ent\u00e3o sinta-se convidado pelo perfume crom\u00e1tico e arom\u00e1tico rom\u00e2ntico, nas palavras do poeta.\u00a0    Ano de edi\u00e7\u00e3o:\u00a009-2020  Pref\u00e1cio:\u00a0Bussulo do Livro  P\u00e1ginas: 110  Formato: 135\u00a0x\u00a0210\u00a0mm  PVP:\u00a05\u00a0000 AKZ (Angola)\u00a0-\u00a010\u00a0EUR (Portugal\/Europa)\" \/>\n<meta property=\"og:url\" content=\"https:\/\/elivulu.org\/en\/product\/prefacio-do-amor-recondito-poeta-chiwale\/\" \/>\n<meta property=\"og:site_name\" content=\"ELIVULU Editora\" \/>\n<meta property=\"article:modified_time\" content=\"2025-12-19T12:22:41+00:00\" \/>\n<meta property=\"og:image\" content=\"https:\/\/elivulu.org\/wp-content\/uploads\/2025\/12\/PREFA\u2560uCIO-DO-AMOR-scaled.png\" \/>\n\t<meta property=\"og:image:width\" content=\"2560\" \/>\n\t<meta property=\"og:image:height\" content=\"2560\" \/>\n\t<meta property=\"og:image:type\" content=\"image\/png\" \/>\n<meta name=\"twitter:card\" content=\"summary_large_image\" \/>\n<meta name=\"twitter:label1\" content=\"Est. reading time\" \/>\n\t<meta name=\"twitter:data1\" content=\"1 minute\" \/>\n<script type=\"application\/ld+json\" class=\"yoast-schema-graph\">{\"@context\":\"https:\/\/schema.org\",\"@graph\":[{\"@type\":\"WebPage\",\"@id\":\"https:\/\/elivulu.org\/product\/prefacio-do-amor-recondito-poeta-chiwale\/\",\"url\":\"https:\/\/elivulu.org\/product\/prefacio-do-amor-recondito-poeta-chiwale\/\",\"name\":\"PREF\u00c1CIO DO AMOR - ELIVULU Editora\",\"isPartOf\":{\"@id\":\"https:\/\/elivulu.org\/#website\"},\"primaryImageOfPage\":{\"@id\":\"https:\/\/elivulu.org\/product\/prefacio-do-amor-recondito-poeta-chiwale\/#primaryimage\"},\"image\":{\"@id\":\"https:\/\/elivulu.org\/product\/prefacio-do-amor-recondito-poeta-chiwale\/#primaryimage\"},\"thumbnailUrl\":\"https:\/\/elivulu.org\/wp-content\/uploads\/2025\/12\/PREFA\u2560uCIO-DO-AMOR-scaled.png\",\"datePublished\":\"2025-12-02T11:41:46+00:00\",\"dateModified\":\"2025-12-19T12:22:41+00:00\",\"breadcrumb\":{\"@id\":\"https:\/\/elivulu.org\/product\/prefacio-do-amor-recondito-poeta-chiwale\/#breadcrumb\"},\"inLanguage\":\"en-US\",\"potentialAction\":[{\"@type\":\"ReadAction\",\"target\":[\"https:\/\/elivulu.org\/product\/prefacio-do-amor-recondito-poeta-chiwale\/\"]}]},{\"@type\":\"ImageObject\",\"inLanguage\":\"en-US\",\"@id\":\"https:\/\/elivulu.org\/product\/prefacio-do-amor-recondito-poeta-chiwale\/#primaryimage\",\"url\":\"https:\/\/elivulu.org\/wp-content\/uploads\/2025\/12\/PREFA\u2560uCIO-DO-AMOR-scaled.png\",\"contentUrl\":\"https:\/\/elivulu.org\/wp-content\/uploads\/2025\/12\/PREFA\u2560uCIO-DO-AMOR-scaled.png\",\"width\":2560,\"height\":2560},{\"@type\":\"BreadcrumbList\",\"@id\":\"https:\/\/elivulu.org\/product\/prefacio-do-amor-recondito-poeta-chiwale\/#breadcrumb\",\"itemListElement\":[{\"@type\":\"ListItem\",\"position\":1,\"name\":\"In\u00edcio\",\"item\":\"https:\/\/elivulu.org\/\"},{\"@type\":\"ListItem\",\"position\":2,\"name\":\"Edi\u00e7\u00f5es\",\"item\":\"https:\/\/elivulu.org\/shop\/\"},{\"@type\":\"ListItem\",\"position\":3,\"name\":\"PREF\u00c1CIO DO AMOR\"}]},{\"@type\":\"WebSite\",\"@id\":\"https:\/\/elivulu.org\/#website\",\"url\":\"https:\/\/elivulu.org\/\",\"name\":\"ELIVULU Editora\",\"description\":\"\",\"potentialAction\":[{\"@type\":\"SearchAction\",\"target\":{\"@type\":\"EntryPoint\",\"urlTemplate\":\"https:\/\/elivulu.org\/?s={search_term_string}\"},\"query-input\":{\"@type\":\"PropertyValueSpecification\",\"valueRequired\":true,\"valueName\":\"search_term_string\"}}],\"inLanguage\":\"en-US\"}]}<\/script>\n<!-- \/ Yoast SEO plugin. -->","yoast_head_json":{"title":"PREF\u00c1CIO DO AMOR - ELIVULU Editora","robots":{"index":"index","follow":"follow","max-snippet":"max-snippet:-1","max-image-preview":"max-image-preview:large","max-video-preview":"max-video-preview:-1"},"canonical":"https:\/\/elivulu.org\/en\/product\/prefacio-do-amor-recondito-poeta-chiwale\/","og_locale":"en_US","og_type":"article","og_title":"PREF\u00c1CIO DO AMOR - ELIVULU Editora","og_description":"\u00abPref\u00e1cio do Amor\u00bb \u00e9 um livro que re\u00fane 56 poesias do autor Rec\u00f4ndito Poeta Chiwale, pseud\u00f3nimo liter\u00e1rio do psic\u00f3logo cl\u00ednico Ter\u00eancio Chiwale, que com esta obra se estreia na literatura. \u00c9 um belo livro, tanto no seu conte\u00fado como no grafismo, garantiram as pessoas que j\u00e1 tiveram contacto com a obra. Por isso recomendam a sua leitura e sua contempla\u00e7\u00e3o, a sua textura e leveza, sem precisar de motivo ou incentivo, mas, se precisar, ent\u00e3o sinta-se convidado pelo perfume crom\u00e1tico e arom\u00e1tico rom\u00e2ntico, nas palavras do poeta.\u00a0    Ano de edi\u00e7\u00e3o:\u00a009-2020  Pref\u00e1cio:\u00a0Bussulo do Livro  P\u00e1ginas: 110  Formato: 135\u00a0x\u00a0210\u00a0mm  PVP:\u00a05\u00a0000 AKZ (Angola)\u00a0-\u00a010\u00a0EUR (Portugal\/Europa)","og_url":"https:\/\/elivulu.org\/en\/product\/prefacio-do-amor-recondito-poeta-chiwale\/","og_site_name":"ELIVULU Editora","article_modified_time":"2025-12-19T12:22:41+00:00","og_image":[{"width":2560,"height":2560,"url":"https:\/\/elivulu.org\/wp-content\/uploads\/2025\/12\/PREFA\u2560uCIO-DO-AMOR-scaled.png","type":"image\/png"}],"twitter_card":"summary_large_image","twitter_misc":{"Est. reading time":"1 minute"},"schema":{"@context":"https:\/\/schema.org","@graph":[{"@type":"WebPage","@id":"https:\/\/elivulu.org\/product\/prefacio-do-amor-recondito-poeta-chiwale\/","url":"https:\/\/elivulu.org\/product\/prefacio-do-amor-recondito-poeta-chiwale\/","name":"PREF\u00c1CIO DO AMOR - ELIVULU Editora","isPartOf":{"@id":"https:\/\/elivulu.org\/#website"},"primaryImageOfPage":{"@id":"https:\/\/elivulu.org\/product\/prefacio-do-amor-recondito-poeta-chiwale\/#primaryimage"},"image":{"@id":"https:\/\/elivulu.org\/product\/prefacio-do-amor-recondito-poeta-chiwale\/#primaryimage"},"thumbnailUrl":"https:\/\/elivulu.org\/wp-content\/uploads\/2025\/12\/PREFA\u2560uCIO-DO-AMOR-scaled.png","datePublished":"2025-12-02T11:41:46+00:00","dateModified":"2025-12-19T12:22:41+00:00","breadcrumb":{"@id":"https:\/\/elivulu.org\/product\/prefacio-do-amor-recondito-poeta-chiwale\/#breadcrumb"},"inLanguage":"en-US","potentialAction":[{"@type":"ReadAction","target":["https:\/\/elivulu.org\/product\/prefacio-do-amor-recondito-poeta-chiwale\/"]}]},{"@type":"ImageObject","inLanguage":"en-US","@id":"https:\/\/elivulu.org\/product\/prefacio-do-amor-recondito-poeta-chiwale\/#primaryimage","url":"https:\/\/elivulu.org\/wp-content\/uploads\/2025\/12\/PREFA\u2560uCIO-DO-AMOR-scaled.png","contentUrl":"https:\/\/elivulu.org\/wp-content\/uploads\/2025\/12\/PREFA\u2560uCIO-DO-AMOR-scaled.png","width":2560,"height":2560},{"@type":"BreadcrumbList","@id":"https:\/\/elivulu.org\/product\/prefacio-do-amor-recondito-poeta-chiwale\/#breadcrumb","itemListElement":[{"@type":"ListItem","position":1,"name":"In\u00edcio","item":"https:\/\/elivulu.org\/"},{"@type":"ListItem","position":2,"name":"Edi\u00e7\u00f5es","item":"https:\/\/elivulu.org\/shop\/"},{"@type":"ListItem","position":3,"name":"PREF\u00c1CIO DO AMOR"}]},{"@type":"WebSite","@id":"https:\/\/elivulu.org\/#website","url":"https:\/\/elivulu.org\/","name":"ELIVULU Editora","description":"","potentialAction":[{"@type":"SearchAction","target":{"@type":"EntryPoint","urlTemplate":"https:\/\/elivulu.org\/?s={search_term_string}"},"query-input":{"@type":"PropertyValueSpecification","valueRequired":true,"valueName":"search_term_string"}}],"inLanguage":"en-US"}]}},"_links":{"self":[{"href":"https:\/\/elivulu.org\/en\/wp-json\/wp\/v2\/product\/1282","targetHints":{"allow":["GET"]}}],"collection":[{"href":"https:\/\/elivulu.org\/en\/wp-json\/wp\/v2\/product"}],"about":[{"href":"https:\/\/elivulu.org\/en\/wp-json\/wp\/v2\/types\/product"}],"replies":[{"embeddable":true,"href":"https:\/\/elivulu.org\/en\/wp-json\/wp\/v2\/comments?post=1282"}],"version-history":[{"count":3,"href":"https:\/\/elivulu.org\/en\/wp-json\/wp\/v2\/product\/1282\/revisions"}],"predecessor-version":[{"id":2091,"href":"https:\/\/elivulu.org\/en\/wp-json\/wp\/v2\/product\/1282\/revisions\/2091"}],"wp:featuredmedia":[{"embeddable":true,"href":"https:\/\/elivulu.org\/en\/wp-json\/wp\/v2\/media\/2055"}],"wp:attachment":[{"href":"https:\/\/elivulu.org\/en\/wp-json\/wp\/v2\/media?parent=1282"}],"wp:term":[{"taxonomy":"book_author","embeddable":true,"href":"https:\/\/elivulu.org\/en\/wp-json\/wp\/v2\/book_author?post=1282"},{"taxonomy":"product_brand","embeddable":true,"href":"https:\/\/elivulu.org\/en\/wp-json\/wp\/v2\/product_brand?post=1282"},{"taxonomy":"product_cat","embeddable":true,"href":"https:\/\/elivulu.org\/en\/wp-json\/wp\/v2\/product_cat?post=1282"},{"taxonomy":"product_tag","embeddable":true,"href":"https:\/\/elivulu.org\/en\/wp-json\/wp\/v2\/product_tag?post=1282"}],"curies":[{"name":"wp","href":"https:\/\/api.w.org\/{rel}","templated":true}]}}