{"id":1279,"date":"2025-12-02T11:40:57","date_gmt":"2025-12-02T11:40:57","guid":{"rendered":"https:\/\/elivulu.org\/?post_type=product&#038;p=1279"},"modified":"2025-12-19T12:24:30","modified_gmt":"2025-12-19T12:24:30","slug":"revelacoes-afectivas-e-sexuais-nvunda-tonet","status":"publish","type":"product","link":"https:\/\/elivulu.org\/en\/product\/revelacoes-afectivas-e-sexuais-nvunda-tonet\/","title":{"rendered":"REVELA\u00c7\u00d5ES AFECTIVAS E SEXUAIS"},"content":{"rendered":"","protected":false},"excerpt":{"rendered":"<p class=\"zfr3Q CDt4Ke\" dir=\"ltr\"><span class=\"C9DxTc\">\u00abRevela\u00e7\u00f5es afectivas e sexuais\u00bb \u00e9 um ensaio sobre as rela\u00e7\u00f5es afectivas, interpessoais e sexuais de uma utente do consult\u00f3rio de Psicologia. Nele, o autor reflecte sobre o ser segundo\/a na vida. Este \u00e9 o tema a explorar: o papel de segundo\/a na vida.<\/span><\/p>\n<p class=\"zfr3Q CDt4Ke\" dir=\"ltr\"><span class=\"C9DxTc\">Habitualmente temos o culto do primeiro. O grande objectivo que nos \u00e9 colocado \u00e9 ser o primeiro, alcan\u00e7ar os p\u00edncaros. Para Rui S Verde, autor do Posf\u00e1cio do livro, \u00abas escolhas que temos que fazer nos levam necessariamente a erros, a falhas, a insucessos. Por isso \u00e9 que o conceito do segundo \u00e9 importante. No fim das contas, temos de saber que h\u00e1 uma segunda oportunidade, no casamento, na escola, e essencialmente na vida\u00bb.<\/span><\/p>\n<p class=\"zfr3Q CDt4Ke\" dir=\"ltr\"><span class=\"C9DxTc\">Nvunda Tonet volta ao debate sobre a poligamia e o papel social da mulher na condi\u00e7\u00e3o de amante, numa linguagem simples, potenciando a qualquer leitor uma leitura agrad\u00e1vel. O autor d\u00e1 voz a uma mulher que vive na pele a \u00abvida madrasta\u00bb de segunda mulher, a amante ou \u00aba outra\u00bb. O estilo de vida da protagonista do enredo \u00e9 a jornada di\u00e1ria de milhares de mo\u00e7as angolanas que vivem no sil\u00eancio de uma vida sem auto-estima nem transpar\u00eancia afectiva.<\/span><\/p>\n<ul>\n<li class=\"zfr3Q CDt4Ke\" dir=\"ltr\" role=\"presentation\"><span class=\"C9DxTc\">Ano de edi\u00e7\u00e3o: 1<\/span><span class=\"C9DxTc\">1<\/span><span class=\"C9DxTc\">-2020<\/span><\/li>\n<li class=\"zfr3Q CDt4Ke\" dir=\"ltr\" role=\"presentation\"><span class=\"C9DxTc\">Pref\u00e1cio:\u00a0<\/span><span class=\"C9DxTc\">Jo\u00e3o Papelo<\/span><\/li>\n<li class=\"zfr3Q CDt4Ke\" dir=\"ltr\" role=\"presentation\"><span class=\"C9DxTc\">Posf\u00e1cio: Rui Verde<\/span><\/li>\n<li class=\"zfr3Q CDt4Ke\" dir=\"ltr\" role=\"presentation\"><span class=\"C9DxTc\">P\u00e1ginas: 1<\/span><span class=\"C9DxTc\">26<\/span><\/li>\n<li class=\"zfr3Q CDt4Ke\" dir=\"ltr\" role=\"presentation\"><span class=\"C9DxTc\">Formato: 13<\/span><span class=\"C9DxTc\">0<\/span><span class=\"C9DxTc\">\u00a0x\u00a0<\/span><span class=\"C9DxTc\">185\u00a0<\/span><span class=\"C9DxTc\">mm<\/span><\/li>\n<li class=\"zfr3Q CDt4Ke\" dir=\"ltr\" role=\"presentation\"><span class=\"C9DxTc\">PVP:\u00a0<\/span><span class=\"C9DxTc\">2<\/span><span class=\"C9DxTc\">\u00a0<\/span><span class=\"C9DxTc\">5<\/span><span class=\"C9DxTc\">00 AKZ (Angola)<\/span><\/li>\n<\/ul>","protected":false},"featured_media":2058,"comment_status":"open","ping_status":"closed","template":"","meta":{"_acf_changed":false},"book_author":[51],"product_brand":[],"product_cat":[15],"product_tag":[],"class_list":{"0":"post-1279","1":"product","2":"type-product","3":"status-publish","4":"has-post-thumbnail","6":"book_author-nvunda-tonet","7":"product_cat-books","9":"first","10":"instock","11":"shipping-taxable","12":"purchasable","13":"product-type-simple"},"acf":[],"yoast_head":"<!-- This site is optimized with the Yoast SEO plugin v27.0 - https:\/\/yoast.com\/product\/yoast-seo-wordpress\/ -->\n<title>REVELA\u00c7\u00d5ES AFECTIVAS E SEXUAIS - ELIVULU Editora<\/title>\n<meta name=\"robots\" content=\"index, follow, max-snippet:-1, max-image-preview:large, max-video-preview:-1\" \/>\n<link rel=\"canonical\" href=\"https:\/\/elivulu.org\/en\/product\/revelacoes-afectivas-e-sexuais-nvunda-tonet\/\" \/>\n<meta property=\"og:locale\" content=\"en_US\" \/>\n<meta property=\"og:type\" content=\"article\" \/>\n<meta property=\"og:title\" content=\"REVELA\u00c7\u00d5ES AFECTIVAS E SEXUAIS - ELIVULU Editora\" \/>\n<meta property=\"og:description\" content=\"\u00abRevela\u00e7\u00f5es afectivas e sexuais\u00bb \u00e9 um ensaio sobre as rela\u00e7\u00f5es afectivas, interpessoais e sexuais de uma utente do consult\u00f3rio de Psicologia. Nele, o autor reflecte sobre o ser segundo\/a na vida. Este \u00e9 o tema a explorar: o papel de segundo\/a na vida. Habitualmente temos o culto do primeiro. O grande objectivo que nos \u00e9 colocado \u00e9 ser o primeiro, alcan\u00e7ar os p\u00edncaros. Para Rui S Verde, autor do Posf\u00e1cio do livro, \u00abas escolhas que temos que fazer nos levam necessariamente a erros, a falhas, a insucessos. Por isso \u00e9 que o conceito do segundo \u00e9 importante. No fim das contas, temos de saber que h\u00e1 uma segunda oportunidade, no casamento, na escola, e essencialmente na vida\u00bb. Nvunda Tonet volta ao debate sobre a poligamia e o papel social da mulher na condi\u00e7\u00e3o de amante, numa linguagem simples, potenciando a qualquer leitor uma leitura agrad\u00e1vel. O autor d\u00e1 voz a uma mulher que vive na pele a \u00abvida madrasta\u00bb de segunda mulher, a amante ou \u00aba outra\u00bb. O estilo de vida da protagonista do enredo \u00e9 a jornada di\u00e1ria de milhares de mo\u00e7as angolanas que vivem no sil\u00eancio de uma vida sem auto-estima nem transpar\u00eancia afectiva.    Ano de edi\u00e7\u00e3o: 11-2020  Pref\u00e1cio:\u00a0Jo\u00e3o Papelo  Posf\u00e1cio: Rui Verde  P\u00e1ginas: 126  Formato: 130\u00a0x\u00a0185\u00a0mm  PVP:\u00a02\u00a0500 AKZ (Angola)\" \/>\n<meta property=\"og:url\" content=\"https:\/\/elivulu.org\/en\/product\/revelacoes-afectivas-e-sexuais-nvunda-tonet\/\" \/>\n<meta property=\"og:site_name\" content=\"ELIVULU Editora\" \/>\n<meta property=\"article:modified_time\" content=\"2025-12-19T12:24:30+00:00\" \/>\n<meta property=\"og:image\" content=\"https:\/\/elivulu.org\/wp-content\/uploads\/2025\/12\/REVELAC\u2560oO\u2560aES-AFECTIVAS-E-SEXUAIS.png\" \/>\n\t<meta property=\"og:image:width\" content=\"1\" \/>\n\t<meta property=\"og:image:height\" content=\"1\" \/>\n\t<meta property=\"og:image:type\" content=\"image\/png\" \/>\n<meta name=\"twitter:card\" content=\"summary_large_image\" \/>\n<meta name=\"twitter:label1\" content=\"Est. reading time\" \/>\n\t<meta name=\"twitter:data1\" content=\"1 minute\" \/>\n<script type=\"application\/ld+json\" class=\"yoast-schema-graph\">{\"@context\":\"https:\/\/schema.org\",\"@graph\":[{\"@type\":\"WebPage\",\"@id\":\"https:\/\/elivulu.org\/product\/revelacoes-afectivas-e-sexuais-nvunda-tonet\/\",\"url\":\"https:\/\/elivulu.org\/product\/revelacoes-afectivas-e-sexuais-nvunda-tonet\/\",\"name\":\"REVELA\u00c7\u00d5ES AFECTIVAS E SEXUAIS - ELIVULU Editora\",\"isPartOf\":{\"@id\":\"https:\/\/elivulu.org\/#website\"},\"primaryImageOfPage\":{\"@id\":\"https:\/\/elivulu.org\/product\/revelacoes-afectivas-e-sexuais-nvunda-tonet\/#primaryimage\"},\"image\":{\"@id\":\"https:\/\/elivulu.org\/product\/revelacoes-afectivas-e-sexuais-nvunda-tonet\/#primaryimage\"},\"thumbnailUrl\":\"https:\/\/elivulu.org\/wp-content\/uploads\/2025\/12\/REVELAC\u2560oO\u2560aES-AFECTIVAS-E-SEXUAIS-scaled.png\",\"datePublished\":\"2025-12-02T11:40:57+00:00\",\"dateModified\":\"2025-12-19T12:24:30+00:00\",\"breadcrumb\":{\"@id\":\"https:\/\/elivulu.org\/product\/revelacoes-afectivas-e-sexuais-nvunda-tonet\/#breadcrumb\"},\"inLanguage\":\"en-US\",\"potentialAction\":[{\"@type\":\"ReadAction\",\"target\":[\"https:\/\/elivulu.org\/product\/revelacoes-afectivas-e-sexuais-nvunda-tonet\/\"]}]},{\"@type\":\"ImageObject\",\"inLanguage\":\"en-US\",\"@id\":\"https:\/\/elivulu.org\/product\/revelacoes-afectivas-e-sexuais-nvunda-tonet\/#primaryimage\",\"url\":\"https:\/\/elivulu.org\/wp-content\/uploads\/2025\/12\/REVELAC\u2560oO\u2560aES-AFECTIVAS-E-SEXUAIS-scaled.png\",\"contentUrl\":\"https:\/\/elivulu.org\/wp-content\/uploads\/2025\/12\/REVELAC\u2560oO\u2560aES-AFECTIVAS-E-SEXUAIS-scaled.png\",\"width\":2560,\"height\":2560},{\"@type\":\"BreadcrumbList\",\"@id\":\"https:\/\/elivulu.org\/product\/revelacoes-afectivas-e-sexuais-nvunda-tonet\/#breadcrumb\",\"itemListElement\":[{\"@type\":\"ListItem\",\"position\":1,\"name\":\"In\u00edcio\",\"item\":\"https:\/\/elivulu.org\/\"},{\"@type\":\"ListItem\",\"position\":2,\"name\":\"Edi\u00e7\u00f5es\",\"item\":\"https:\/\/elivulu.org\/shop\/\"},{\"@type\":\"ListItem\",\"position\":3,\"name\":\"REVELA\u00c7\u00d5ES AFECTIVAS E SEXUAIS\"}]},{\"@type\":\"WebSite\",\"@id\":\"https:\/\/elivulu.org\/#website\",\"url\":\"https:\/\/elivulu.org\/\",\"name\":\"ELIVULU Editora\",\"description\":\"\",\"potentialAction\":[{\"@type\":\"SearchAction\",\"target\":{\"@type\":\"EntryPoint\",\"urlTemplate\":\"https:\/\/elivulu.org\/?s={search_term_string}\"},\"query-input\":{\"@type\":\"PropertyValueSpecification\",\"valueRequired\":true,\"valueName\":\"search_term_string\"}}],\"inLanguage\":\"en-US\"}]}<\/script>\n<!-- \/ Yoast SEO plugin. -->","yoast_head_json":{"title":"REVELA\u00c7\u00d5ES AFECTIVAS E SEXUAIS - ELIVULU Editora","robots":{"index":"index","follow":"follow","max-snippet":"max-snippet:-1","max-image-preview":"max-image-preview:large","max-video-preview":"max-video-preview:-1"},"canonical":"https:\/\/elivulu.org\/en\/product\/revelacoes-afectivas-e-sexuais-nvunda-tonet\/","og_locale":"en_US","og_type":"article","og_title":"REVELA\u00c7\u00d5ES AFECTIVAS E SEXUAIS - ELIVULU Editora","og_description":"\u00abRevela\u00e7\u00f5es afectivas e sexuais\u00bb \u00e9 um ensaio sobre as rela\u00e7\u00f5es afectivas, interpessoais e sexuais de uma utente do consult\u00f3rio de Psicologia. Nele, o autor reflecte sobre o ser segundo\/a na vida. Este \u00e9 o tema a explorar: o papel de segundo\/a na vida. Habitualmente temos o culto do primeiro. O grande objectivo que nos \u00e9 colocado \u00e9 ser o primeiro, alcan\u00e7ar os p\u00edncaros. Para Rui S Verde, autor do Posf\u00e1cio do livro, \u00abas escolhas que temos que fazer nos levam necessariamente a erros, a falhas, a insucessos. Por isso \u00e9 que o conceito do segundo \u00e9 importante. No fim das contas, temos de saber que h\u00e1 uma segunda oportunidade, no casamento, na escola, e essencialmente na vida\u00bb. Nvunda Tonet volta ao debate sobre a poligamia e o papel social da mulher na condi\u00e7\u00e3o de amante, numa linguagem simples, potenciando a qualquer leitor uma leitura agrad\u00e1vel. O autor d\u00e1 voz a uma mulher que vive na pele a \u00abvida madrasta\u00bb de segunda mulher, a amante ou \u00aba outra\u00bb. O estilo de vida da protagonista do enredo \u00e9 a jornada di\u00e1ria de milhares de mo\u00e7as angolanas que vivem no sil\u00eancio de uma vida sem auto-estima nem transpar\u00eancia afectiva.    Ano de edi\u00e7\u00e3o: 11-2020  Pref\u00e1cio:\u00a0Jo\u00e3o Papelo  Posf\u00e1cio: Rui Verde  P\u00e1ginas: 126  Formato: 130\u00a0x\u00a0185\u00a0mm  PVP:\u00a02\u00a0500 AKZ (Angola)","og_url":"https:\/\/elivulu.org\/en\/product\/revelacoes-afectivas-e-sexuais-nvunda-tonet\/","og_site_name":"ELIVULU Editora","article_modified_time":"2025-12-19T12:24:30+00:00","og_image":[{"url":"https:\/\/elivulu.org\/wp-content\/uploads\/2025\/12\/REVELAC\u2560oO\u2560aES-AFECTIVAS-E-SEXUAIS.png","width":1,"height":1,"type":"image\/png"}],"twitter_card":"summary_large_image","twitter_misc":{"Est. reading time":"1 minute"},"schema":{"@context":"https:\/\/schema.org","@graph":[{"@type":"WebPage","@id":"https:\/\/elivulu.org\/product\/revelacoes-afectivas-e-sexuais-nvunda-tonet\/","url":"https:\/\/elivulu.org\/product\/revelacoes-afectivas-e-sexuais-nvunda-tonet\/","name":"REVELA\u00c7\u00d5ES AFECTIVAS E SEXUAIS - ELIVULU Editora","isPartOf":{"@id":"https:\/\/elivulu.org\/#website"},"primaryImageOfPage":{"@id":"https:\/\/elivulu.org\/product\/revelacoes-afectivas-e-sexuais-nvunda-tonet\/#primaryimage"},"image":{"@id":"https:\/\/elivulu.org\/product\/revelacoes-afectivas-e-sexuais-nvunda-tonet\/#primaryimage"},"thumbnailUrl":"https:\/\/elivulu.org\/wp-content\/uploads\/2025\/12\/REVELAC\u2560oO\u2560aES-AFECTIVAS-E-SEXUAIS-scaled.png","datePublished":"2025-12-02T11:40:57+00:00","dateModified":"2025-12-19T12:24:30+00:00","breadcrumb":{"@id":"https:\/\/elivulu.org\/product\/revelacoes-afectivas-e-sexuais-nvunda-tonet\/#breadcrumb"},"inLanguage":"en-US","potentialAction":[{"@type":"ReadAction","target":["https:\/\/elivulu.org\/product\/revelacoes-afectivas-e-sexuais-nvunda-tonet\/"]}]},{"@type":"ImageObject","inLanguage":"en-US","@id":"https:\/\/elivulu.org\/product\/revelacoes-afectivas-e-sexuais-nvunda-tonet\/#primaryimage","url":"https:\/\/elivulu.org\/wp-content\/uploads\/2025\/12\/REVELAC\u2560oO\u2560aES-AFECTIVAS-E-SEXUAIS-scaled.png","contentUrl":"https:\/\/elivulu.org\/wp-content\/uploads\/2025\/12\/REVELAC\u2560oO\u2560aES-AFECTIVAS-E-SEXUAIS-scaled.png","width":2560,"height":2560},{"@type":"BreadcrumbList","@id":"https:\/\/elivulu.org\/product\/revelacoes-afectivas-e-sexuais-nvunda-tonet\/#breadcrumb","itemListElement":[{"@type":"ListItem","position":1,"name":"In\u00edcio","item":"https:\/\/elivulu.org\/"},{"@type":"ListItem","position":2,"name":"Edi\u00e7\u00f5es","item":"https:\/\/elivulu.org\/shop\/"},{"@type":"ListItem","position":3,"name":"REVELA\u00c7\u00d5ES AFECTIVAS E SEXUAIS"}]},{"@type":"WebSite","@id":"https:\/\/elivulu.org\/#website","url":"https:\/\/elivulu.org\/","name":"ELIVULU Editora","description":"","potentialAction":[{"@type":"SearchAction","target":{"@type":"EntryPoint","urlTemplate":"https:\/\/elivulu.org\/?s={search_term_string}"},"query-input":{"@type":"PropertyValueSpecification","valueRequired":true,"valueName":"search_term_string"}}],"inLanguage":"en-US"}]}},"_links":{"self":[{"href":"https:\/\/elivulu.org\/en\/wp-json\/wp\/v2\/product\/1279","targetHints":{"allow":["GET"]}}],"collection":[{"href":"https:\/\/elivulu.org\/en\/wp-json\/wp\/v2\/product"}],"about":[{"href":"https:\/\/elivulu.org\/en\/wp-json\/wp\/v2\/types\/product"}],"replies":[{"embeddable":true,"href":"https:\/\/elivulu.org\/en\/wp-json\/wp\/v2\/comments?post=1279"}],"version-history":[{"count":3,"href":"https:\/\/elivulu.org\/en\/wp-json\/wp\/v2\/product\/1279\/revisions"}],"predecessor-version":[{"id":2094,"href":"https:\/\/elivulu.org\/en\/wp-json\/wp\/v2\/product\/1279\/revisions\/2094"}],"wp:featuredmedia":[{"embeddable":true,"href":"https:\/\/elivulu.org\/en\/wp-json\/wp\/v2\/media\/2058"}],"wp:attachment":[{"href":"https:\/\/elivulu.org\/en\/wp-json\/wp\/v2\/media?parent=1279"}],"wp:term":[{"taxonomy":"book_author","embeddable":true,"href":"https:\/\/elivulu.org\/en\/wp-json\/wp\/v2\/book_author?post=1279"},{"taxonomy":"product_brand","embeddable":true,"href":"https:\/\/elivulu.org\/en\/wp-json\/wp\/v2\/product_brand?post=1279"},{"taxonomy":"product_cat","embeddable":true,"href":"https:\/\/elivulu.org\/en\/wp-json\/wp\/v2\/product_cat?post=1279"},{"taxonomy":"product_tag","embeddable":true,"href":"https:\/\/elivulu.org\/en\/wp-json\/wp\/v2\/product_tag?post=1279"}],"curies":[{"name":"wp","href":"https:\/\/api.w.org\/{rel}","templated":true}]}}