{"id":1277,"date":"2025-12-02T11:38:58","date_gmt":"2025-12-02T11:38:58","guid":{"rendered":"https:\/\/elivulu.org\/?post_type=product&#038;p=1277"},"modified":"2025-12-19T12:22:14","modified_gmt":"2025-12-19T12:22:14","slug":"os-meus-tios-e-os-seus-atongoko-mwene-vunongue","status":"publish","type":"product","link":"https:\/\/elivulu.org\/en\/product\/os-meus-tios-e-os-seus-atongoko-mwene-vunongue\/","title":{"rendered":"OS MEUS TIOS E OS SEUS ATONGOKO"},"content":{"rendered":"","protected":false},"excerpt":{"rendered":"<p class=\"zfr3Q CDt4Ke \" dir=\"ltr\"><span class=\"C9DxTc \">Livro que re\u00fane 60 cr\u00f3nicas da autoria de Mwene Vunongue, pseud\u00f3nimo do professor e activista c\u00edvico Manuel das Mangas, que com esta obra se estreia na literatura. Da Mukanka, bairro localizado no munic\u00edpio do Lubango, na Hu\u00edla, tem escrito e publicado os seus contos numa linguagem descontra\u00edda, comum e contagiante, num misto de portugu\u00eas com umbundu. As cr\u00f3nicas t\u00eam suscitado muitas reac\u00e7\u00f5es nas redes sociais, de onde surgiu a ideia de os compilar neste livro extraordin\u00e1rio pelas est\u00f3rias que conta, como as conta, as pessoas que nos apresenta e a sua linguagem.<\/span><\/p>\n<p class=\"zfr3Q CDt4Ke \" dir=\"ltr\"><span class=\"C9DxTc \">Sobre linguagem, o professor Isaac Paxe refere no pref\u00e1cio que faz \u00e0 obra que \u00abas nossas sociedades herdaram a excentricidade de julgar o valor das aptid\u00f5es das pessoas pela qualidade do seu portugu\u00eas. Esta situa\u00e7\u00e3o produz em si realidades caricatas. Por um lado, o dom\u00ednio da l\u00edngua portuguesa tornou-se num instrumento de discrimina\u00e7\u00e3o. As variantes regionais resultantes das naturais contamina\u00e7\u00f5es tornaram-se objecto de chacota e de sustento das pr\u00e1ticas de nega\u00e7\u00e3o de direitos alheios\u00bb. Paxe adianta que, \u00abpor outro [lado], as realidades fizeram-se teimosas e deram vida pr\u00f3pria aos seus falares. Podem n\u00e3o ser formalmente reconhecidas, mas s\u00e3o mesmo marcas da identidade dos grupos usu\u00e1rios destes falares. Ao lermos Das Mangas, sempre que n\u00e3o precisarmos de notas de rodap\u00e9 para tradu\u00e7\u00e3o da express\u00e3o \u00e9 sinal de estarmos tamb\u00e9m contaminados\u00bb.<\/span><\/p>\n<p class=\"zfr3Q CDt4Ke \" dir=\"ltr\"><span class=\"C9DxTc \">\u00c9 o primeiro livro impresso integralmente com o apoio financeiro da comunidade de leitores e leitoras, atrav\u00e9s do mecanismo denominado \u00abFinanciamento Colectivo do Livro\u00bb, estrat\u00e9gia de sustentabilidade criada pela ELIVULU Editora, uma economia criativa e de multid\u00f5es.<\/span><\/p>\n<ul>\n<li class=\"zfr3Q CDt4Ke \" dir=\"ltr\" role=\"presentation\"><span class=\"C9DxTc \">Ano de edi\u00e7\u00e3o:\u00a0<\/span><span class=\"C9DxTc \">12<\/span><span class=\"C9DxTc \">-202<\/span><span class=\"C9DxTc \">0<\/span><\/li>\n<li class=\"zfr3Q CDt4Ke \" dir=\"ltr\" role=\"presentation\"><span class=\"C9DxTc \">Pref\u00e1cio:\u00a0<\/span><span class=\"C9DxTc \">Isaac Paxe<\/span><\/li>\n<li class=\"zfr3Q CDt4Ke \" dir=\"ltr\" role=\"presentation\"><span class=\"C9DxTc \">P\u00e1ginas:\u00a0<\/span><span class=\"C9DxTc \">192<\/span><\/li>\n<li class=\"zfr3Q CDt4Ke \" dir=\"ltr\" role=\"presentation\"><span class=\"C9DxTc \">Formato: 1<\/span><span class=\"C9DxTc \">35<\/span><span class=\"C9DxTc \">\u00a0x 2<\/span><span class=\"C9DxTc \">1<\/span><span class=\"C9DxTc \">0 mm<\/span><\/li>\n<li class=\"zfr3Q CDt4Ke \" dir=\"ltr\" role=\"presentation\"><span class=\"C9DxTc \">PVP:\u00a0<\/span><span class=\"C9DxTc \">3<\/span><span class=\"C9DxTc \">\u00a0000 AKZ (Angola) &#8211; 1<\/span><span class=\"C9DxTc \">2<\/span><span class=\"C9DxTc \">\u00a0EUR (Portugal\/Europa)<\/span><\/li>\n<\/ul>\n","protected":false},"featured_media":2054,"comment_status":"open","ping_status":"closed","template":"","meta":{"_acf_changed":false},"book_author":[47],"product_brand":[],"product_cat":[15],"product_tag":[],"class_list":{"0":"post-1277","1":"product","2":"type-product","3":"status-publish","4":"has-post-thumbnail","6":"book_author-mwene-vunongue","7":"product_cat-books","9":"first","10":"instock","11":"shipping-taxable","12":"purchasable","13":"product-type-simple"},"acf":[],"yoast_head":"<!-- This site is optimized with the Yoast SEO plugin v27.0 - https:\/\/yoast.com\/product\/yoast-seo-wordpress\/ -->\n<title>OS MEUS TIOS E OS SEUS ATONGOKO - ELIVULU Editora<\/title>\n<meta name=\"robots\" content=\"index, follow, max-snippet:-1, max-image-preview:large, max-video-preview:-1\" \/>\n<link rel=\"canonical\" href=\"https:\/\/elivulu.org\/en\/product\/os-meus-tios-e-os-seus-atongoko-mwene-vunongue\/\" \/>\n<meta property=\"og:locale\" content=\"en_US\" \/>\n<meta property=\"og:type\" content=\"article\" \/>\n<meta property=\"og:title\" content=\"OS MEUS TIOS E OS SEUS ATONGOKO - ELIVULU Editora\" \/>\n<meta property=\"og:description\" content=\"Livro que re\u00fane 60 cr\u00f3nicas da autoria de Mwene Vunongue, pseud\u00f3nimo do professor e activista c\u00edvico Manuel das Mangas, que com esta obra se estreia na literatura. Da Mukanka, bairro localizado no munic\u00edpio do Lubango, na Hu\u00edla, tem escrito e publicado os seus contos numa linguagem descontra\u00edda, comum e contagiante, num misto de portugu\u00eas com umbundu. As cr\u00f3nicas t\u00eam suscitado muitas reac\u00e7\u00f5es nas redes sociais, de onde surgiu a ideia de os compilar neste livro extraordin\u00e1rio pelas est\u00f3rias que conta, como as conta, as pessoas que nos apresenta e a sua linguagem. Sobre linguagem, o professor Isaac Paxe refere no pref\u00e1cio que faz \u00e0 obra que \u00abas nossas sociedades herdaram a excentricidade de julgar o valor das aptid\u00f5es das pessoas pela qualidade do seu portugu\u00eas. Esta situa\u00e7\u00e3o produz em si realidades caricatas. Por um lado, o dom\u00ednio da l\u00edngua portuguesa tornou-se num instrumento de discrimina\u00e7\u00e3o. As variantes regionais resultantes das naturais contamina\u00e7\u00f5es tornaram-se objecto de chacota e de sustento das pr\u00e1ticas de nega\u00e7\u00e3o de direitos alheios\u00bb. Paxe adianta que, \u00abpor outro [lado], as realidades fizeram-se teimosas e deram vida pr\u00f3pria aos seus falares. Podem n\u00e3o ser formalmente reconhecidas, mas s\u00e3o mesmo marcas da identidade dos grupos usu\u00e1rios destes falares. Ao lermos Das Mangas, sempre que n\u00e3o precisarmos de notas de rodap\u00e9 para tradu\u00e7\u00e3o da express\u00e3o \u00e9 sinal de estarmos tamb\u00e9m contaminados\u00bb. \u00c9 o primeiro livro impresso integralmente com o apoio financeiro da comunidade de leitores e leitoras, atrav\u00e9s do mecanismo denominado \u00abFinanciamento Colectivo do Livro\u00bb, estrat\u00e9gia de sustentabilidade criada pela ELIVULU Editora, uma economia criativa e de multid\u00f5es.    Ano de edi\u00e7\u00e3o:\u00a012-2020  Pref\u00e1cio:\u00a0Isaac Paxe  P\u00e1ginas:\u00a0192  Formato: 135\u00a0x 210 mm  PVP:\u00a03\u00a0000 AKZ (Angola) - 12\u00a0EUR (Portugal\/Europa)\" \/>\n<meta property=\"og:url\" content=\"https:\/\/elivulu.org\/en\/product\/os-meus-tios-e-os-seus-atongoko-mwene-vunongue\/\" \/>\n<meta property=\"og:site_name\" content=\"ELIVULU Editora\" \/>\n<meta property=\"article:modified_time\" content=\"2025-12-19T12:22:14+00:00\" \/>\n<meta property=\"og:image\" content=\"https:\/\/elivulu.org\/wp-content\/uploads\/2025\/12\/OS-MEUS-TIOS-E-OS-SEUS-ATONGOKO-scaled.png\" \/>\n\t<meta property=\"og:image:width\" content=\"2560\" \/>\n\t<meta property=\"og:image:height\" content=\"2560\" \/>\n\t<meta property=\"og:image:type\" content=\"image\/png\" \/>\n<meta name=\"twitter:card\" content=\"summary_large_image\" \/>\n<meta name=\"twitter:label1\" content=\"Est. reading time\" \/>\n\t<meta name=\"twitter:data1\" content=\"1 minute\" \/>\n<script type=\"application\/ld+json\" class=\"yoast-schema-graph\">{\"@context\":\"https:\/\/schema.org\",\"@graph\":[{\"@type\":\"WebPage\",\"@id\":\"https:\/\/elivulu.org\/product\/os-meus-tios-e-os-seus-atongoko-mwene-vunongue\/\",\"url\":\"https:\/\/elivulu.org\/product\/os-meus-tios-e-os-seus-atongoko-mwene-vunongue\/\",\"name\":\"OS MEUS TIOS E OS SEUS ATONGOKO - ELIVULU Editora\",\"isPartOf\":{\"@id\":\"https:\/\/elivulu.org\/#website\"},\"primaryImageOfPage\":{\"@id\":\"https:\/\/elivulu.org\/product\/os-meus-tios-e-os-seus-atongoko-mwene-vunongue\/#primaryimage\"},\"image\":{\"@id\":\"https:\/\/elivulu.org\/product\/os-meus-tios-e-os-seus-atongoko-mwene-vunongue\/#primaryimage\"},\"thumbnailUrl\":\"https:\/\/elivulu.org\/wp-content\/uploads\/2025\/12\/OS-MEUS-TIOS-E-OS-SEUS-ATONGOKO-scaled.png\",\"datePublished\":\"2025-12-02T11:38:58+00:00\",\"dateModified\":\"2025-12-19T12:22:14+00:00\",\"breadcrumb\":{\"@id\":\"https:\/\/elivulu.org\/product\/os-meus-tios-e-os-seus-atongoko-mwene-vunongue\/#breadcrumb\"},\"inLanguage\":\"en-US\",\"potentialAction\":[{\"@type\":\"ReadAction\",\"target\":[\"https:\/\/elivulu.org\/product\/os-meus-tios-e-os-seus-atongoko-mwene-vunongue\/\"]}]},{\"@type\":\"ImageObject\",\"inLanguage\":\"en-US\",\"@id\":\"https:\/\/elivulu.org\/product\/os-meus-tios-e-os-seus-atongoko-mwene-vunongue\/#primaryimage\",\"url\":\"https:\/\/elivulu.org\/wp-content\/uploads\/2025\/12\/OS-MEUS-TIOS-E-OS-SEUS-ATONGOKO-scaled.png\",\"contentUrl\":\"https:\/\/elivulu.org\/wp-content\/uploads\/2025\/12\/OS-MEUS-TIOS-E-OS-SEUS-ATONGOKO-scaled.png\",\"width\":2560,\"height\":2560},{\"@type\":\"BreadcrumbList\",\"@id\":\"https:\/\/elivulu.org\/product\/os-meus-tios-e-os-seus-atongoko-mwene-vunongue\/#breadcrumb\",\"itemListElement\":[{\"@type\":\"ListItem\",\"position\":1,\"name\":\"In\u00edcio\",\"item\":\"https:\/\/elivulu.org\/\"},{\"@type\":\"ListItem\",\"position\":2,\"name\":\"Edi\u00e7\u00f5es\",\"item\":\"https:\/\/elivulu.org\/shop\/\"},{\"@type\":\"ListItem\",\"position\":3,\"name\":\"OS MEUS TIOS E OS SEUS ATONGOKO\"}]},{\"@type\":\"WebSite\",\"@id\":\"https:\/\/elivulu.org\/#website\",\"url\":\"https:\/\/elivulu.org\/\",\"name\":\"ELIVULU Editora\",\"description\":\"\",\"potentialAction\":[{\"@type\":\"SearchAction\",\"target\":{\"@type\":\"EntryPoint\",\"urlTemplate\":\"https:\/\/elivulu.org\/?s={search_term_string}\"},\"query-input\":{\"@type\":\"PropertyValueSpecification\",\"valueRequired\":true,\"valueName\":\"search_term_string\"}}],\"inLanguage\":\"en-US\"}]}<\/script>\n<!-- \/ Yoast SEO plugin. -->","yoast_head_json":{"title":"OS MEUS TIOS E OS SEUS ATONGOKO - ELIVULU Editora","robots":{"index":"index","follow":"follow","max-snippet":"max-snippet:-1","max-image-preview":"max-image-preview:large","max-video-preview":"max-video-preview:-1"},"canonical":"https:\/\/elivulu.org\/en\/product\/os-meus-tios-e-os-seus-atongoko-mwene-vunongue\/","og_locale":"en_US","og_type":"article","og_title":"OS MEUS TIOS E OS SEUS ATONGOKO - ELIVULU Editora","og_description":"Livro que re\u00fane 60 cr\u00f3nicas da autoria de Mwene Vunongue, pseud\u00f3nimo do professor e activista c\u00edvico Manuel das Mangas, que com esta obra se estreia na literatura. Da Mukanka, bairro localizado no munic\u00edpio do Lubango, na Hu\u00edla, tem escrito e publicado os seus contos numa linguagem descontra\u00edda, comum e contagiante, num misto de portugu\u00eas com umbundu. As cr\u00f3nicas t\u00eam suscitado muitas reac\u00e7\u00f5es nas redes sociais, de onde surgiu a ideia de os compilar neste livro extraordin\u00e1rio pelas est\u00f3rias que conta, como as conta, as pessoas que nos apresenta e a sua linguagem. Sobre linguagem, o professor Isaac Paxe refere no pref\u00e1cio que faz \u00e0 obra que \u00abas nossas sociedades herdaram a excentricidade de julgar o valor das aptid\u00f5es das pessoas pela qualidade do seu portugu\u00eas. Esta situa\u00e7\u00e3o produz em si realidades caricatas. Por um lado, o dom\u00ednio da l\u00edngua portuguesa tornou-se num instrumento de discrimina\u00e7\u00e3o. As variantes regionais resultantes das naturais contamina\u00e7\u00f5es tornaram-se objecto de chacota e de sustento das pr\u00e1ticas de nega\u00e7\u00e3o de direitos alheios\u00bb. Paxe adianta que, \u00abpor outro [lado], as realidades fizeram-se teimosas e deram vida pr\u00f3pria aos seus falares. Podem n\u00e3o ser formalmente reconhecidas, mas s\u00e3o mesmo marcas da identidade dos grupos usu\u00e1rios destes falares. Ao lermos Das Mangas, sempre que n\u00e3o precisarmos de notas de rodap\u00e9 para tradu\u00e7\u00e3o da express\u00e3o \u00e9 sinal de estarmos tamb\u00e9m contaminados\u00bb. \u00c9 o primeiro livro impresso integralmente com o apoio financeiro da comunidade de leitores e leitoras, atrav\u00e9s do mecanismo denominado \u00abFinanciamento Colectivo do Livro\u00bb, estrat\u00e9gia de sustentabilidade criada pela ELIVULU Editora, uma economia criativa e de multid\u00f5es.    Ano de edi\u00e7\u00e3o:\u00a012-2020  Pref\u00e1cio:\u00a0Isaac Paxe  P\u00e1ginas:\u00a0192  Formato: 135\u00a0x 210 mm  PVP:\u00a03\u00a0000 AKZ (Angola) - 12\u00a0EUR (Portugal\/Europa)","og_url":"https:\/\/elivulu.org\/en\/product\/os-meus-tios-e-os-seus-atongoko-mwene-vunongue\/","og_site_name":"ELIVULU Editora","article_modified_time":"2025-12-19T12:22:14+00:00","og_image":[{"width":2560,"height":2560,"url":"https:\/\/elivulu.org\/wp-content\/uploads\/2025\/12\/OS-MEUS-TIOS-E-OS-SEUS-ATONGOKO-scaled.png","type":"image\/png"}],"twitter_card":"summary_large_image","twitter_misc":{"Est. reading time":"1 minute"},"schema":{"@context":"https:\/\/schema.org","@graph":[{"@type":"WebPage","@id":"https:\/\/elivulu.org\/product\/os-meus-tios-e-os-seus-atongoko-mwene-vunongue\/","url":"https:\/\/elivulu.org\/product\/os-meus-tios-e-os-seus-atongoko-mwene-vunongue\/","name":"OS MEUS TIOS E OS SEUS ATONGOKO - ELIVULU Editora","isPartOf":{"@id":"https:\/\/elivulu.org\/#website"},"primaryImageOfPage":{"@id":"https:\/\/elivulu.org\/product\/os-meus-tios-e-os-seus-atongoko-mwene-vunongue\/#primaryimage"},"image":{"@id":"https:\/\/elivulu.org\/product\/os-meus-tios-e-os-seus-atongoko-mwene-vunongue\/#primaryimage"},"thumbnailUrl":"https:\/\/elivulu.org\/wp-content\/uploads\/2025\/12\/OS-MEUS-TIOS-E-OS-SEUS-ATONGOKO-scaled.png","datePublished":"2025-12-02T11:38:58+00:00","dateModified":"2025-12-19T12:22:14+00:00","breadcrumb":{"@id":"https:\/\/elivulu.org\/product\/os-meus-tios-e-os-seus-atongoko-mwene-vunongue\/#breadcrumb"},"inLanguage":"en-US","potentialAction":[{"@type":"ReadAction","target":["https:\/\/elivulu.org\/product\/os-meus-tios-e-os-seus-atongoko-mwene-vunongue\/"]}]},{"@type":"ImageObject","inLanguage":"en-US","@id":"https:\/\/elivulu.org\/product\/os-meus-tios-e-os-seus-atongoko-mwene-vunongue\/#primaryimage","url":"https:\/\/elivulu.org\/wp-content\/uploads\/2025\/12\/OS-MEUS-TIOS-E-OS-SEUS-ATONGOKO-scaled.png","contentUrl":"https:\/\/elivulu.org\/wp-content\/uploads\/2025\/12\/OS-MEUS-TIOS-E-OS-SEUS-ATONGOKO-scaled.png","width":2560,"height":2560},{"@type":"BreadcrumbList","@id":"https:\/\/elivulu.org\/product\/os-meus-tios-e-os-seus-atongoko-mwene-vunongue\/#breadcrumb","itemListElement":[{"@type":"ListItem","position":1,"name":"In\u00edcio","item":"https:\/\/elivulu.org\/"},{"@type":"ListItem","position":2,"name":"Edi\u00e7\u00f5es","item":"https:\/\/elivulu.org\/shop\/"},{"@type":"ListItem","position":3,"name":"OS MEUS TIOS E OS SEUS ATONGOKO"}]},{"@type":"WebSite","@id":"https:\/\/elivulu.org\/#website","url":"https:\/\/elivulu.org\/","name":"ELIVULU Editora","description":"","potentialAction":[{"@type":"SearchAction","target":{"@type":"EntryPoint","urlTemplate":"https:\/\/elivulu.org\/?s={search_term_string}"},"query-input":{"@type":"PropertyValueSpecification","valueRequired":true,"valueName":"search_term_string"}}],"inLanguage":"en-US"}]}},"_links":{"self":[{"href":"https:\/\/elivulu.org\/en\/wp-json\/wp\/v2\/product\/1277","targetHints":{"allow":["GET"]}}],"collection":[{"href":"https:\/\/elivulu.org\/en\/wp-json\/wp\/v2\/product"}],"about":[{"href":"https:\/\/elivulu.org\/en\/wp-json\/wp\/v2\/types\/product"}],"replies":[{"embeddable":true,"href":"https:\/\/elivulu.org\/en\/wp-json\/wp\/v2\/comments?post=1277"}],"version-history":[{"count":3,"href":"https:\/\/elivulu.org\/en\/wp-json\/wp\/v2\/product\/1277\/revisions"}],"predecessor-version":[{"id":2090,"href":"https:\/\/elivulu.org\/en\/wp-json\/wp\/v2\/product\/1277\/revisions\/2090"}],"wp:featuredmedia":[{"embeddable":true,"href":"https:\/\/elivulu.org\/en\/wp-json\/wp\/v2\/media\/2054"}],"wp:attachment":[{"href":"https:\/\/elivulu.org\/en\/wp-json\/wp\/v2\/media?parent=1277"}],"wp:term":[{"taxonomy":"book_author","embeddable":true,"href":"https:\/\/elivulu.org\/en\/wp-json\/wp\/v2\/book_author?post=1277"},{"taxonomy":"product_brand","embeddable":true,"href":"https:\/\/elivulu.org\/en\/wp-json\/wp\/v2\/product_brand?post=1277"},{"taxonomy":"product_cat","embeddable":true,"href":"https:\/\/elivulu.org\/en\/wp-json\/wp\/v2\/product_cat?post=1277"},{"taxonomy":"product_tag","embeddable":true,"href":"https:\/\/elivulu.org\/en\/wp-json\/wp\/v2\/product_tag?post=1277"}],"curies":[{"name":"wp","href":"https:\/\/api.w.org\/{rel}","templated":true}]}}