{"id":1275,"date":"2025-12-02T11:38:09","date_gmt":"2025-12-02T11:38:09","guid":{"rendered":"https:\/\/elivulu.org\/?post_type=product&#038;p=1275"},"modified":"2025-12-19T12:15:32","modified_gmt":"2025-12-19T12:15:32","slug":"educacao-e-ensino-em-angola-em-tempo-de-covid-19-chocolate-bras","status":"publish","type":"product","link":"https:\/\/elivulu.org\/en\/product\/educacao-e-ensino-em-angola-em-tempo-de-covid-19-chocolate-bras\/","title":{"rendered":"EDUCA\u00c7\u00c3O E ENSINO EM ANGOLA EM TEMPO DE COVID-19"},"content":{"rendered":"","protected":false},"excerpt":{"rendered":"<p class=\"zfr3Q CDt4Ke\" dir=\"ltr\"><span class=\"C9DxTc\">O livro \u00e9 um estudo das respostas dos sectores da Educa\u00e7\u00e3o e Ensino Superior \u00e0 pandemia da Covid-19. Apresenta os resultados de um estudo misto com enfoque descritivo-explorat\u00f3rio sobre a Educa\u00e7\u00e3o e Ensino em Angola no per\u00edodo de resposta \u00e0 pandemia da COVID-19, isto \u00e9, do Estado de Emerg\u00eancia \u00e0 Situa\u00e7\u00e3o de Calamidade P\u00fablica, realizado entre os meses de Mar\u00e7o a Julho de 2020.<\/span><\/p>\n<p class=\"zfr3Q CDt4Ke\" dir=\"ltr\"><span class=\"C9DxTc\">Este livro, escreve Ludi Pedro no pref\u00e1cio, aventa que os diferentes escritores e investigadores deveriam abdicar de arqu\u00e9tipos desajustados aos tempos em que assistimos e a esgaravatar novos paradigmas, outras refer\u00eancias para uma reinstitucionaliza\u00e7\u00e3o da educa\u00e7\u00e3o em tempos da Pandemia Covid-19.<\/span><\/p>\n<p class=\"zfr3Q CDt4Ke\" dir=\"ltr\"><span class=\"C9DxTc\">\u00c9 o segundo livro impresso integralmente com o apoio financeiro da comunidade de leitores e leitoras, atrav\u00e9s do mecanismo denominado \u00abFinanciamento Colectivo do Livro\u00bb, estrat\u00e9gia de sustentabilidade criada pela ELIVULU Editora, uma economia criativa e de multid\u00f5es.<\/span><\/p>\n<ul>\n<li class=\"zfr3Q CDt4Ke\" dir=\"ltr\" role=\"presentation\"><span class=\"C9DxTc\">Ano de edi\u00e7\u00e3o: 0<\/span><span class=\"C9DxTc\">5<\/span><span class=\"C9DxTc\">-2021<\/span><\/li>\n<li class=\"zfr3Q CDt4Ke\" dir=\"ltr\" role=\"presentation\"><span class=\"C9DxTc\">Pref\u00e1cio:\u00a0<\/span><span class=\"C9DxTc\">Lando Emanuel Ludi Pedro<\/span><\/li>\n<li class=\"zfr3Q CDt4Ke\" dir=\"ltr\" role=\"presentation\"><span class=\"C9DxTc\">P\u00e1ginas: 2<\/span><span class=\"C9DxTc\">28<\/span><\/li>\n<li class=\"zfr3Q CDt4Ke\" dir=\"ltr\" role=\"presentation\"><span class=\"C9DxTc\">Formato: 1<\/span><span class=\"C9DxTc\">50<\/span><span class=\"C9DxTc\">\u00a0x 2<\/span><span class=\"C9DxTc\">3<\/span><span class=\"C9DxTc\">0 mm<\/span><\/li>\n<li class=\"zfr3Q CDt4Ke\" dir=\"ltr\" role=\"presentation\"><span class=\"C9DxTc\">PVP:\u00a0<\/span><span class=\"C9DxTc\">5<\/span><span class=\"C9DxTc\">\u00a0<\/span><span class=\"C9DxTc\">0<\/span><span class=\"C9DxTc\">00 AKZ (Angola) &#8211; 1<\/span><span class=\"C9DxTc\">6<\/span><span class=\"C9DxTc\">\u00a0EUR (Portugal\/Europa)<\/span><\/li>\n<\/ul>","protected":false},"featured_media":2040,"comment_status":"open","ping_status":"closed","template":"","meta":{"_acf_changed":false},"book_author":[33],"product_brand":[],"product_cat":[15],"product_tag":[],"class_list":{"0":"post-1275","1":"product","2":"type-product","3":"status-publish","4":"has-post-thumbnail","6":"book_author-chocolate-bras","7":"product_cat-books","9":"first","10":"instock","11":"shipping-taxable","12":"purchasable","13":"product-type-simple"},"acf":[],"yoast_head":"<!-- This site is optimized with the Yoast SEO plugin v27.0 - https:\/\/yoast.com\/product\/yoast-seo-wordpress\/ -->\n<title>EDUCA\u00c7\u00c3O E ENSINO EM ANGOLA EM TEMPO DE COVID-19 - ELIVULU Editora<\/title>\n<meta name=\"robots\" content=\"index, follow, max-snippet:-1, max-image-preview:large, max-video-preview:-1\" \/>\n<link rel=\"canonical\" href=\"https:\/\/elivulu.org\/en\/product\/educacao-e-ensino-em-angola-em-tempo-de-covid-19-chocolate-bras\/\" \/>\n<meta property=\"og:locale\" content=\"en_US\" \/>\n<meta property=\"og:type\" content=\"article\" \/>\n<meta property=\"og:title\" content=\"EDUCA\u00c7\u00c3O E ENSINO EM ANGOLA EM TEMPO DE COVID-19 - ELIVULU Editora\" \/>\n<meta property=\"og:description\" content=\"O livro \u00e9 um estudo das respostas dos sectores da Educa\u00e7\u00e3o e Ensino Superior \u00e0 pandemia da Covid-19. Apresenta os resultados de um estudo misto com enfoque descritivo-explorat\u00f3rio sobre a Educa\u00e7\u00e3o e Ensino em Angola no per\u00edodo de resposta \u00e0 pandemia da COVID-19, isto \u00e9, do Estado de Emerg\u00eancia \u00e0 Situa\u00e7\u00e3o de Calamidade P\u00fablica, realizado entre os meses de Mar\u00e7o a Julho de 2020. Este livro, escreve Ludi Pedro no pref\u00e1cio, aventa que os diferentes escritores e investigadores deveriam abdicar de arqu\u00e9tipos desajustados aos tempos em que assistimos e a esgaravatar novos paradigmas, outras refer\u00eancias para uma reinstitucionaliza\u00e7\u00e3o da educa\u00e7\u00e3o em tempos da Pandemia Covid-19. \u00c9 o segundo livro impresso integralmente com o apoio financeiro da comunidade de leitores e leitoras, atrav\u00e9s do mecanismo denominado \u00abFinanciamento Colectivo do Livro\u00bb, estrat\u00e9gia de sustentabilidade criada pela ELIVULU Editora, uma economia criativa e de multid\u00f5es.    Ano de edi\u00e7\u00e3o: 05-2021  Pref\u00e1cio:\u00a0Lando Emanuel Ludi Pedro  P\u00e1ginas: 228  Formato: 150\u00a0x 230 mm  PVP:\u00a05\u00a0000 AKZ (Angola) - 16\u00a0EUR (Portugal\/Europa)\" \/>\n<meta property=\"og:url\" content=\"https:\/\/elivulu.org\/en\/product\/educacao-e-ensino-em-angola-em-tempo-de-covid-19-chocolate-bras\/\" \/>\n<meta property=\"og:site_name\" content=\"ELIVULU Editora\" \/>\n<meta property=\"article:modified_time\" content=\"2025-12-19T12:15:32+00:00\" \/>\n<meta property=\"og:image\" content=\"https:\/\/elivulu.org\/wp-content\/uploads\/2025\/12\/EDUCAC\u2560oA\u2560aO-E-ENSINO-EM-ANGOLA-EM-TEMPO-DE-COVID-19.png\" \/>\n\t<meta property=\"og:image:width\" content=\"1\" \/>\n\t<meta property=\"og:image:height\" content=\"1\" \/>\n\t<meta property=\"og:image:type\" content=\"image\/png\" \/>\n<meta name=\"twitter:card\" content=\"summary_large_image\" \/>\n<meta name=\"twitter:label1\" content=\"Est. reading time\" \/>\n\t<meta name=\"twitter:data1\" content=\"1 minute\" \/>\n<script type=\"application\/ld+json\" class=\"yoast-schema-graph\">{\"@context\":\"https:\/\/schema.org\",\"@graph\":[{\"@type\":\"WebPage\",\"@id\":\"https:\/\/elivulu.org\/product\/educacao-e-ensino-em-angola-em-tempo-de-covid-19-chocolate-bras\/\",\"url\":\"https:\/\/elivulu.org\/product\/educacao-e-ensino-em-angola-em-tempo-de-covid-19-chocolate-bras\/\",\"name\":\"EDUCA\u00c7\u00c3O E ENSINO EM ANGOLA EM TEMPO DE COVID-19 - ELIVULU Editora\",\"isPartOf\":{\"@id\":\"https:\/\/elivulu.org\/#website\"},\"primaryImageOfPage\":{\"@id\":\"https:\/\/elivulu.org\/product\/educacao-e-ensino-em-angola-em-tempo-de-covid-19-chocolate-bras\/#primaryimage\"},\"image\":{\"@id\":\"https:\/\/elivulu.org\/product\/educacao-e-ensino-em-angola-em-tempo-de-covid-19-chocolate-bras\/#primaryimage\"},\"thumbnailUrl\":\"https:\/\/elivulu.org\/wp-content\/uploads\/2025\/12\/EDUCAC\u2560oA\u2560aO-E-ENSINO-EM-ANGOLA-EM-TEMPO-DE-COVID-19-scaled.png\",\"datePublished\":\"2025-12-02T11:38:09+00:00\",\"dateModified\":\"2025-12-19T12:15:32+00:00\",\"breadcrumb\":{\"@id\":\"https:\/\/elivulu.org\/product\/educacao-e-ensino-em-angola-em-tempo-de-covid-19-chocolate-bras\/#breadcrumb\"},\"inLanguage\":\"en-US\",\"potentialAction\":[{\"@type\":\"ReadAction\",\"target\":[\"https:\/\/elivulu.org\/product\/educacao-e-ensino-em-angola-em-tempo-de-covid-19-chocolate-bras\/\"]}]},{\"@type\":\"ImageObject\",\"inLanguage\":\"en-US\",\"@id\":\"https:\/\/elivulu.org\/product\/educacao-e-ensino-em-angola-em-tempo-de-covid-19-chocolate-bras\/#primaryimage\",\"url\":\"https:\/\/elivulu.org\/wp-content\/uploads\/2025\/12\/EDUCAC\u2560oA\u2560aO-E-ENSINO-EM-ANGOLA-EM-TEMPO-DE-COVID-19-scaled.png\",\"contentUrl\":\"https:\/\/elivulu.org\/wp-content\/uploads\/2025\/12\/EDUCAC\u2560oA\u2560aO-E-ENSINO-EM-ANGOLA-EM-TEMPO-DE-COVID-19-scaled.png\",\"width\":2560,\"height\":2560},{\"@type\":\"BreadcrumbList\",\"@id\":\"https:\/\/elivulu.org\/product\/educacao-e-ensino-em-angola-em-tempo-de-covid-19-chocolate-bras\/#breadcrumb\",\"itemListElement\":[{\"@type\":\"ListItem\",\"position\":1,\"name\":\"In\u00edcio\",\"item\":\"https:\/\/elivulu.org\/\"},{\"@type\":\"ListItem\",\"position\":2,\"name\":\"Edi\u00e7\u00f5es\",\"item\":\"https:\/\/elivulu.org\/shop\/\"},{\"@type\":\"ListItem\",\"position\":3,\"name\":\"EDUCA\u00c7\u00c3O E ENSINO EM ANGOLA EM TEMPO DE COVID-19\"}]},{\"@type\":\"WebSite\",\"@id\":\"https:\/\/elivulu.org\/#website\",\"url\":\"https:\/\/elivulu.org\/\",\"name\":\"ELIVULU Editora\",\"description\":\"\",\"potentialAction\":[{\"@type\":\"SearchAction\",\"target\":{\"@type\":\"EntryPoint\",\"urlTemplate\":\"https:\/\/elivulu.org\/?s={search_term_string}\"},\"query-input\":{\"@type\":\"PropertyValueSpecification\",\"valueRequired\":true,\"valueName\":\"search_term_string\"}}],\"inLanguage\":\"en-US\"}]}<\/script>\n<!-- \/ Yoast SEO plugin. -->","yoast_head_json":{"title":"EDUCA\u00c7\u00c3O E ENSINO EM ANGOLA EM TEMPO DE COVID-19 - ELIVULU Editora","robots":{"index":"index","follow":"follow","max-snippet":"max-snippet:-1","max-image-preview":"max-image-preview:large","max-video-preview":"max-video-preview:-1"},"canonical":"https:\/\/elivulu.org\/en\/product\/educacao-e-ensino-em-angola-em-tempo-de-covid-19-chocolate-bras\/","og_locale":"en_US","og_type":"article","og_title":"EDUCA\u00c7\u00c3O E ENSINO EM ANGOLA EM TEMPO DE COVID-19 - ELIVULU Editora","og_description":"O livro \u00e9 um estudo das respostas dos sectores da Educa\u00e7\u00e3o e Ensino Superior \u00e0 pandemia da Covid-19. Apresenta os resultados de um estudo misto com enfoque descritivo-explorat\u00f3rio sobre a Educa\u00e7\u00e3o e Ensino em Angola no per\u00edodo de resposta \u00e0 pandemia da COVID-19, isto \u00e9, do Estado de Emerg\u00eancia \u00e0 Situa\u00e7\u00e3o de Calamidade P\u00fablica, realizado entre os meses de Mar\u00e7o a Julho de 2020. Este livro, escreve Ludi Pedro no pref\u00e1cio, aventa que os diferentes escritores e investigadores deveriam abdicar de arqu\u00e9tipos desajustados aos tempos em que assistimos e a esgaravatar novos paradigmas, outras refer\u00eancias para uma reinstitucionaliza\u00e7\u00e3o da educa\u00e7\u00e3o em tempos da Pandemia Covid-19. \u00c9 o segundo livro impresso integralmente com o apoio financeiro da comunidade de leitores e leitoras, atrav\u00e9s do mecanismo denominado \u00abFinanciamento Colectivo do Livro\u00bb, estrat\u00e9gia de sustentabilidade criada pela ELIVULU Editora, uma economia criativa e de multid\u00f5es.    Ano de edi\u00e7\u00e3o: 05-2021  Pref\u00e1cio:\u00a0Lando Emanuel Ludi Pedro  P\u00e1ginas: 228  Formato: 150\u00a0x 230 mm  PVP:\u00a05\u00a0000 AKZ (Angola) - 16\u00a0EUR (Portugal\/Europa)","og_url":"https:\/\/elivulu.org\/en\/product\/educacao-e-ensino-em-angola-em-tempo-de-covid-19-chocolate-bras\/","og_site_name":"ELIVULU Editora","article_modified_time":"2025-12-19T12:15:32+00:00","og_image":[{"url":"https:\/\/elivulu.org\/wp-content\/uploads\/2025\/12\/EDUCAC\u2560oA\u2560aO-E-ENSINO-EM-ANGOLA-EM-TEMPO-DE-COVID-19.png","width":1,"height":1,"type":"image\/png"}],"twitter_card":"summary_large_image","twitter_misc":{"Est. reading time":"1 minute"},"schema":{"@context":"https:\/\/schema.org","@graph":[{"@type":"WebPage","@id":"https:\/\/elivulu.org\/product\/educacao-e-ensino-em-angola-em-tempo-de-covid-19-chocolate-bras\/","url":"https:\/\/elivulu.org\/product\/educacao-e-ensino-em-angola-em-tempo-de-covid-19-chocolate-bras\/","name":"EDUCA\u00c7\u00c3O E ENSINO EM ANGOLA EM TEMPO DE COVID-19 - ELIVULU Editora","isPartOf":{"@id":"https:\/\/elivulu.org\/#website"},"primaryImageOfPage":{"@id":"https:\/\/elivulu.org\/product\/educacao-e-ensino-em-angola-em-tempo-de-covid-19-chocolate-bras\/#primaryimage"},"image":{"@id":"https:\/\/elivulu.org\/product\/educacao-e-ensino-em-angola-em-tempo-de-covid-19-chocolate-bras\/#primaryimage"},"thumbnailUrl":"https:\/\/elivulu.org\/wp-content\/uploads\/2025\/12\/EDUCAC\u2560oA\u2560aO-E-ENSINO-EM-ANGOLA-EM-TEMPO-DE-COVID-19-scaled.png","datePublished":"2025-12-02T11:38:09+00:00","dateModified":"2025-12-19T12:15:32+00:00","breadcrumb":{"@id":"https:\/\/elivulu.org\/product\/educacao-e-ensino-em-angola-em-tempo-de-covid-19-chocolate-bras\/#breadcrumb"},"inLanguage":"en-US","potentialAction":[{"@type":"ReadAction","target":["https:\/\/elivulu.org\/product\/educacao-e-ensino-em-angola-em-tempo-de-covid-19-chocolate-bras\/"]}]},{"@type":"ImageObject","inLanguage":"en-US","@id":"https:\/\/elivulu.org\/product\/educacao-e-ensino-em-angola-em-tempo-de-covid-19-chocolate-bras\/#primaryimage","url":"https:\/\/elivulu.org\/wp-content\/uploads\/2025\/12\/EDUCAC\u2560oA\u2560aO-E-ENSINO-EM-ANGOLA-EM-TEMPO-DE-COVID-19-scaled.png","contentUrl":"https:\/\/elivulu.org\/wp-content\/uploads\/2025\/12\/EDUCAC\u2560oA\u2560aO-E-ENSINO-EM-ANGOLA-EM-TEMPO-DE-COVID-19-scaled.png","width":2560,"height":2560},{"@type":"BreadcrumbList","@id":"https:\/\/elivulu.org\/product\/educacao-e-ensino-em-angola-em-tempo-de-covid-19-chocolate-bras\/#breadcrumb","itemListElement":[{"@type":"ListItem","position":1,"name":"In\u00edcio","item":"https:\/\/elivulu.org\/"},{"@type":"ListItem","position":2,"name":"Edi\u00e7\u00f5es","item":"https:\/\/elivulu.org\/shop\/"},{"@type":"ListItem","position":3,"name":"EDUCA\u00c7\u00c3O E ENSINO EM ANGOLA EM TEMPO DE COVID-19"}]},{"@type":"WebSite","@id":"https:\/\/elivulu.org\/#website","url":"https:\/\/elivulu.org\/","name":"ELIVULU Editora","description":"","potentialAction":[{"@type":"SearchAction","target":{"@type":"EntryPoint","urlTemplate":"https:\/\/elivulu.org\/?s={search_term_string}"},"query-input":{"@type":"PropertyValueSpecification","valueRequired":true,"valueName":"search_term_string"}}],"inLanguage":"en-US"}]}},"_links":{"self":[{"href":"https:\/\/elivulu.org\/en\/wp-json\/wp\/v2\/product\/1275","targetHints":{"allow":["GET"]}}],"collection":[{"href":"https:\/\/elivulu.org\/en\/wp-json\/wp\/v2\/product"}],"about":[{"href":"https:\/\/elivulu.org\/en\/wp-json\/wp\/v2\/types\/product"}],"replies":[{"embeddable":true,"href":"https:\/\/elivulu.org\/en\/wp-json\/wp\/v2\/comments?post=1275"}],"version-history":[{"count":2,"href":"https:\/\/elivulu.org\/en\/wp-json\/wp\/v2\/product\/1275\/revisions"}],"predecessor-version":[{"id":2077,"href":"https:\/\/elivulu.org\/en\/wp-json\/wp\/v2\/product\/1275\/revisions\/2077"}],"wp:featuredmedia":[{"embeddable":true,"href":"https:\/\/elivulu.org\/en\/wp-json\/wp\/v2\/media\/2040"}],"wp:attachment":[{"href":"https:\/\/elivulu.org\/en\/wp-json\/wp\/v2\/media?parent=1275"}],"wp:term":[{"taxonomy":"book_author","embeddable":true,"href":"https:\/\/elivulu.org\/en\/wp-json\/wp\/v2\/book_author?post=1275"},{"taxonomy":"product_brand","embeddable":true,"href":"https:\/\/elivulu.org\/en\/wp-json\/wp\/v2\/product_brand?post=1275"},{"taxonomy":"product_cat","embeddable":true,"href":"https:\/\/elivulu.org\/en\/wp-json\/wp\/v2\/product_cat?post=1275"},{"taxonomy":"product_tag","embeddable":true,"href":"https:\/\/elivulu.org\/en\/wp-json\/wp\/v2\/product_tag?post=1275"}],"curies":[{"name":"wp","href":"https:\/\/api.w.org\/{rel}","templated":true}]}}