{"id":1273,"date":"2025-12-02T11:37:19","date_gmt":"2025-12-02T11:37:19","guid":{"rendered":"https:\/\/elivulu.org\/?post_type=product&#038;p=1273"},"modified":"2025-12-19T12:23:07","modified_gmt":"2025-12-19T12:23:07","slug":"prisao-politica-sedrick-de-carvalho","status":"publish","type":"product","link":"https:\/\/elivulu.org\/en\/product\/prisao-politica-sedrick-de-carvalho\/","title":{"rendered":"PRIS\u00c3O POL\u00cdTICA"},"content":{"rendered":"","protected":false},"excerpt":{"rendered":"<p class=\"zfr3Q CDt4Ke\" dir=\"ltr\"><span class=\"C9DxTc\">As editoras Elivulu (Angola) e Perfil Criativo (Portugal) no seguimento da publica\u00e7\u00e3o de v\u00e1rias edi\u00e7\u00f5es dedicadas \u00e0 quest\u00e3o da mem\u00f3ria colectiva de Angola, trazem este ano (2021) o di\u00e1rio de c\u00e1rcere de um jovem preso pol\u00edtico angolano, Sedrick de Carvalho, do processo conhecido como 15+2, que nos revela os bastidores da sua deten\u00e7\u00e3o, pris\u00e3o e julgamento.<\/span><\/p>\n<p class=\"zfr3Q CDt4Ke\" dir=\"ltr\"><span class=\"C9DxTc\">O relato come\u00e7a a 20 de Junho de 2015, na Vila Alice (Luanda) quando um grupo de jovens se encontrou no ILULA para realizar uma leitura colectiva da obra \u201cDa Ditadura \u00e0 Democracia\u201d, de Gene Sharp. Estes jovens foram violentamente presos por uma for\u00e7a especial de interven\u00e7\u00e3o r\u00e1pida do Servi\u00e7o de Investiga\u00e7\u00e3o Criminal e, mais tarde, assistiram a um bizarro julgamento no qual foram acusados de terrorismo. Sofreram uma pris\u00e3o prolongada at\u00e9 29 de Junho de 2016, data em que foram libertados por ordem do Tribunal Supremo.<\/span><\/p>\n<ul>\n<li class=\"zfr3Q CDt4Ke\" dir=\"ltr\" role=\"presentation\"><span class=\"C9DxTc\">Ano de edi\u00e7\u00e3o: 0<\/span><span class=\"C9DxTc\">6<\/span><span class=\"C9DxTc\">-2021<\/span><\/li>\n<li class=\"zfr3Q CDt4Ke\" dir=\"ltr\" role=\"presentation\"><span class=\"C9DxTc\">Pref\u00e1cio:\u00a0<\/span><span class=\"C9DxTc\">Carlos Taveira &#8220;Piri&#8221;<\/span><\/li>\n<li class=\"zfr3Q CDt4Ke\" dir=\"ltr\" role=\"presentation\"><span class=\"C9DxTc\">P\u00e1ginas: 212<\/span><\/li>\n<li class=\"zfr3Q CDt4Ke\" dir=\"ltr\" role=\"presentation\"><span class=\"C9DxTc\">Formato: 1<\/span><span class=\"C9DxTc\">35<\/span><span class=\"C9DxTc\">\u00a0x 2<\/span><span class=\"C9DxTc\">1<\/span><span class=\"C9DxTc\">0 mm<\/span><\/li>\n<li class=\"zfr3Q CDt4Ke\" dir=\"ltr\" role=\"presentation\"><span class=\"C9DxTc\">PVP:\u00a0<\/span><span class=\"C9DxTc\">7<\/span><span class=\"C9DxTc\">\u00a0<\/span><span class=\"C9DxTc\">5<\/span><span class=\"C9DxTc\">00 AKZ (Angola) &#8211; 1<\/span><span class=\"C9DxTc\">7<\/span><span class=\"C9DxTc\">\u00a0EUR (Portugal\/Europa)<\/span><\/li>\n<\/ul>","protected":false},"featured_media":2056,"comment_status":"open","ping_status":"closed","template":"","meta":{"_acf_changed":false},"book_author":[23],"product_brand":[],"product_cat":[15],"product_tag":[],"class_list":{"0":"post-1273","1":"product","2":"type-product","3":"status-publish","4":"has-post-thumbnail","6":"book_author-sedrick-de-carvalho","7":"product_cat-books","9":"first","10":"instock","11":"shipping-taxable","12":"purchasable","13":"product-type-simple"},"acf":[],"yoast_head":"<!-- This site is optimized with the Yoast SEO plugin v27.0 - https:\/\/yoast.com\/product\/yoast-seo-wordpress\/ -->\n<title>PRIS\u00c3O POL\u00cdTICA - ELIVULU Editora<\/title>\n<meta name=\"robots\" content=\"index, follow, max-snippet:-1, max-image-preview:large, max-video-preview:-1\" \/>\n<link rel=\"canonical\" href=\"https:\/\/elivulu.org\/en\/product\/prisao-politica-sedrick-de-carvalho\/\" \/>\n<meta property=\"og:locale\" content=\"en_US\" \/>\n<meta property=\"og:type\" content=\"article\" \/>\n<meta property=\"og:title\" content=\"PRIS\u00c3O POL\u00cdTICA - ELIVULU Editora\" \/>\n<meta property=\"og:description\" content=\"As editoras Elivulu (Angola) e Perfil Criativo (Portugal) no seguimento da publica\u00e7\u00e3o de v\u00e1rias edi\u00e7\u00f5es dedicadas \u00e0 quest\u00e3o da mem\u00f3ria colectiva de Angola, trazem este ano (2021) o di\u00e1rio de c\u00e1rcere de um jovem preso pol\u00edtico angolano, Sedrick de Carvalho, do processo conhecido como 15+2, que nos revela os bastidores da sua deten\u00e7\u00e3o, pris\u00e3o e julgamento. O relato come\u00e7a a 20 de Junho de 2015, na Vila Alice (Luanda) quando um grupo de jovens se encontrou no ILULA para realizar uma leitura colectiva da obra \u201cDa Ditadura \u00e0 Democracia\u201d, de Gene Sharp. Estes jovens foram violentamente presos por uma for\u00e7a especial de interven\u00e7\u00e3o r\u00e1pida do Servi\u00e7o de Investiga\u00e7\u00e3o Criminal e, mais tarde, assistiram a um bizarro julgamento no qual foram acusados de terrorismo. Sofreram uma pris\u00e3o prolongada at\u00e9 29 de Junho de 2016, data em que foram libertados por ordem do Tribunal Supremo.    Ano de edi\u00e7\u00e3o: 06-2021  Pref\u00e1cio:\u00a0Carlos Taveira &quot;Piri&quot;  P\u00e1ginas: 212  Formato: 135\u00a0x 210 mm  PVP:\u00a07\u00a0500 AKZ (Angola) - 17\u00a0EUR (Portugal\/Europa)\" \/>\n<meta property=\"og:url\" content=\"https:\/\/elivulu.org\/en\/product\/prisao-politica-sedrick-de-carvalho\/\" \/>\n<meta property=\"og:site_name\" content=\"ELIVULU Editora\" \/>\n<meta property=\"article:modified_time\" content=\"2025-12-19T12:23:07+00:00\" \/>\n<meta property=\"og:image\" content=\"https:\/\/elivulu.org\/wp-content\/uploads\/2025\/12\/PRISA\u2560aO-POLI\u2560uTICA-scaled.png\" \/>\n\t<meta property=\"og:image:width\" content=\"2560\" \/>\n\t<meta property=\"og:image:height\" content=\"2560\" \/>\n\t<meta property=\"og:image:type\" content=\"image\/png\" \/>\n<meta name=\"twitter:card\" content=\"summary_large_image\" \/>\n<meta name=\"twitter:label1\" content=\"Est. reading time\" \/>\n\t<meta name=\"twitter:data1\" content=\"1 minute\" \/>\n<script type=\"application\/ld+json\" class=\"yoast-schema-graph\">{\"@context\":\"https:\/\/schema.org\",\"@graph\":[{\"@type\":\"WebPage\",\"@id\":\"https:\/\/elivulu.org\/product\/prisao-politica-sedrick-de-carvalho\/\",\"url\":\"https:\/\/elivulu.org\/product\/prisao-politica-sedrick-de-carvalho\/\",\"name\":\"PRIS\u00c3O POL\u00cdTICA - ELIVULU Editora\",\"isPartOf\":{\"@id\":\"https:\/\/elivulu.org\/#website\"},\"primaryImageOfPage\":{\"@id\":\"https:\/\/elivulu.org\/product\/prisao-politica-sedrick-de-carvalho\/#primaryimage\"},\"image\":{\"@id\":\"https:\/\/elivulu.org\/product\/prisao-politica-sedrick-de-carvalho\/#primaryimage\"},\"thumbnailUrl\":\"https:\/\/elivulu.org\/wp-content\/uploads\/2025\/12\/PRISA\u2560aO-POLI\u2560uTICA-scaled.png\",\"datePublished\":\"2025-12-02T11:37:19+00:00\",\"dateModified\":\"2025-12-19T12:23:07+00:00\",\"breadcrumb\":{\"@id\":\"https:\/\/elivulu.org\/product\/prisao-politica-sedrick-de-carvalho\/#breadcrumb\"},\"inLanguage\":\"en-US\",\"potentialAction\":[{\"@type\":\"ReadAction\",\"target\":[\"https:\/\/elivulu.org\/product\/prisao-politica-sedrick-de-carvalho\/\"]}]},{\"@type\":\"ImageObject\",\"inLanguage\":\"en-US\",\"@id\":\"https:\/\/elivulu.org\/product\/prisao-politica-sedrick-de-carvalho\/#primaryimage\",\"url\":\"https:\/\/elivulu.org\/wp-content\/uploads\/2025\/12\/PRISA\u2560aO-POLI\u2560uTICA-scaled.png\",\"contentUrl\":\"https:\/\/elivulu.org\/wp-content\/uploads\/2025\/12\/PRISA\u2560aO-POLI\u2560uTICA-scaled.png\",\"width\":2560,\"height\":2560},{\"@type\":\"BreadcrumbList\",\"@id\":\"https:\/\/elivulu.org\/product\/prisao-politica-sedrick-de-carvalho\/#breadcrumb\",\"itemListElement\":[{\"@type\":\"ListItem\",\"position\":1,\"name\":\"In\u00edcio\",\"item\":\"https:\/\/elivulu.org\/\"},{\"@type\":\"ListItem\",\"position\":2,\"name\":\"Edi\u00e7\u00f5es\",\"item\":\"https:\/\/elivulu.org\/shop\/\"},{\"@type\":\"ListItem\",\"position\":3,\"name\":\"PRIS\u00c3O POL\u00cdTICA\"}]},{\"@type\":\"WebSite\",\"@id\":\"https:\/\/elivulu.org\/#website\",\"url\":\"https:\/\/elivulu.org\/\",\"name\":\"ELIVULU Editora\",\"description\":\"\",\"potentialAction\":[{\"@type\":\"SearchAction\",\"target\":{\"@type\":\"EntryPoint\",\"urlTemplate\":\"https:\/\/elivulu.org\/?s={search_term_string}\"},\"query-input\":{\"@type\":\"PropertyValueSpecification\",\"valueRequired\":true,\"valueName\":\"search_term_string\"}}],\"inLanguage\":\"en-US\"}]}<\/script>\n<!-- \/ Yoast SEO plugin. -->","yoast_head_json":{"title":"PRIS\u00c3O POL\u00cdTICA - ELIVULU Editora","robots":{"index":"index","follow":"follow","max-snippet":"max-snippet:-1","max-image-preview":"max-image-preview:large","max-video-preview":"max-video-preview:-1"},"canonical":"https:\/\/elivulu.org\/en\/product\/prisao-politica-sedrick-de-carvalho\/","og_locale":"en_US","og_type":"article","og_title":"PRIS\u00c3O POL\u00cdTICA - ELIVULU Editora","og_description":"As editoras Elivulu (Angola) e Perfil Criativo (Portugal) no seguimento da publica\u00e7\u00e3o de v\u00e1rias edi\u00e7\u00f5es dedicadas \u00e0 quest\u00e3o da mem\u00f3ria colectiva de Angola, trazem este ano (2021) o di\u00e1rio de c\u00e1rcere de um jovem preso pol\u00edtico angolano, Sedrick de Carvalho, do processo conhecido como 15+2, que nos revela os bastidores da sua deten\u00e7\u00e3o, pris\u00e3o e julgamento. O relato come\u00e7a a 20 de Junho de 2015, na Vila Alice (Luanda) quando um grupo de jovens se encontrou no ILULA para realizar uma leitura colectiva da obra \u201cDa Ditadura \u00e0 Democracia\u201d, de Gene Sharp. Estes jovens foram violentamente presos por uma for\u00e7a especial de interven\u00e7\u00e3o r\u00e1pida do Servi\u00e7o de Investiga\u00e7\u00e3o Criminal e, mais tarde, assistiram a um bizarro julgamento no qual foram acusados de terrorismo. Sofreram uma pris\u00e3o prolongada at\u00e9 29 de Junho de 2016, data em que foram libertados por ordem do Tribunal Supremo.    Ano de edi\u00e7\u00e3o: 06-2021  Pref\u00e1cio:\u00a0Carlos Taveira \"Piri\"  P\u00e1ginas: 212  Formato: 135\u00a0x 210 mm  PVP:\u00a07\u00a0500 AKZ (Angola) - 17\u00a0EUR (Portugal\/Europa)","og_url":"https:\/\/elivulu.org\/en\/product\/prisao-politica-sedrick-de-carvalho\/","og_site_name":"ELIVULU Editora","article_modified_time":"2025-12-19T12:23:07+00:00","og_image":[{"width":2560,"height":2560,"url":"https:\/\/elivulu.org\/wp-content\/uploads\/2025\/12\/PRISA\u2560aO-POLI\u2560uTICA-scaled.png","type":"image\/png"}],"twitter_card":"summary_large_image","twitter_misc":{"Est. reading time":"1 minute"},"schema":{"@context":"https:\/\/schema.org","@graph":[{"@type":"WebPage","@id":"https:\/\/elivulu.org\/product\/prisao-politica-sedrick-de-carvalho\/","url":"https:\/\/elivulu.org\/product\/prisao-politica-sedrick-de-carvalho\/","name":"PRIS\u00c3O POL\u00cdTICA - ELIVULU Editora","isPartOf":{"@id":"https:\/\/elivulu.org\/#website"},"primaryImageOfPage":{"@id":"https:\/\/elivulu.org\/product\/prisao-politica-sedrick-de-carvalho\/#primaryimage"},"image":{"@id":"https:\/\/elivulu.org\/product\/prisao-politica-sedrick-de-carvalho\/#primaryimage"},"thumbnailUrl":"https:\/\/elivulu.org\/wp-content\/uploads\/2025\/12\/PRISA\u2560aO-POLI\u2560uTICA-scaled.png","datePublished":"2025-12-02T11:37:19+00:00","dateModified":"2025-12-19T12:23:07+00:00","breadcrumb":{"@id":"https:\/\/elivulu.org\/product\/prisao-politica-sedrick-de-carvalho\/#breadcrumb"},"inLanguage":"en-US","potentialAction":[{"@type":"ReadAction","target":["https:\/\/elivulu.org\/product\/prisao-politica-sedrick-de-carvalho\/"]}]},{"@type":"ImageObject","inLanguage":"en-US","@id":"https:\/\/elivulu.org\/product\/prisao-politica-sedrick-de-carvalho\/#primaryimage","url":"https:\/\/elivulu.org\/wp-content\/uploads\/2025\/12\/PRISA\u2560aO-POLI\u2560uTICA-scaled.png","contentUrl":"https:\/\/elivulu.org\/wp-content\/uploads\/2025\/12\/PRISA\u2560aO-POLI\u2560uTICA-scaled.png","width":2560,"height":2560},{"@type":"BreadcrumbList","@id":"https:\/\/elivulu.org\/product\/prisao-politica-sedrick-de-carvalho\/#breadcrumb","itemListElement":[{"@type":"ListItem","position":1,"name":"In\u00edcio","item":"https:\/\/elivulu.org\/"},{"@type":"ListItem","position":2,"name":"Edi\u00e7\u00f5es","item":"https:\/\/elivulu.org\/shop\/"},{"@type":"ListItem","position":3,"name":"PRIS\u00c3O POL\u00cdTICA"}]},{"@type":"WebSite","@id":"https:\/\/elivulu.org\/#website","url":"https:\/\/elivulu.org\/","name":"ELIVULU Editora","description":"","potentialAction":[{"@type":"SearchAction","target":{"@type":"EntryPoint","urlTemplate":"https:\/\/elivulu.org\/?s={search_term_string}"},"query-input":{"@type":"PropertyValueSpecification","valueRequired":true,"valueName":"search_term_string"}}],"inLanguage":"en-US"}]}},"_links":{"self":[{"href":"https:\/\/elivulu.org\/en\/wp-json\/wp\/v2\/product\/1273","targetHints":{"allow":["GET"]}}],"collection":[{"href":"https:\/\/elivulu.org\/en\/wp-json\/wp\/v2\/product"}],"about":[{"href":"https:\/\/elivulu.org\/en\/wp-json\/wp\/v2\/types\/product"}],"replies":[{"embeddable":true,"href":"https:\/\/elivulu.org\/en\/wp-json\/wp\/v2\/comments?post=1273"}],"version-history":[{"count":3,"href":"https:\/\/elivulu.org\/en\/wp-json\/wp\/v2\/product\/1273\/revisions"}],"predecessor-version":[{"id":2092,"href":"https:\/\/elivulu.org\/en\/wp-json\/wp\/v2\/product\/1273\/revisions\/2092"}],"wp:featuredmedia":[{"embeddable":true,"href":"https:\/\/elivulu.org\/en\/wp-json\/wp\/v2\/media\/2056"}],"wp:attachment":[{"href":"https:\/\/elivulu.org\/en\/wp-json\/wp\/v2\/media?parent=1273"}],"wp:term":[{"taxonomy":"book_author","embeddable":true,"href":"https:\/\/elivulu.org\/en\/wp-json\/wp\/v2\/book_author?post=1273"},{"taxonomy":"product_brand","embeddable":true,"href":"https:\/\/elivulu.org\/en\/wp-json\/wp\/v2\/product_brand?post=1273"},{"taxonomy":"product_cat","embeddable":true,"href":"https:\/\/elivulu.org\/en\/wp-json\/wp\/v2\/product_cat?post=1273"},{"taxonomy":"product_tag","embeddable":true,"href":"https:\/\/elivulu.org\/en\/wp-json\/wp\/v2\/product_tag?post=1273"}],"curies":[{"name":"wp","href":"https:\/\/api.w.org\/{rel}","templated":true}]}}