{"id":1271,"date":"2025-12-02T11:36:15","date_gmt":"2025-12-02T11:36:15","guid":{"rendered":"https:\/\/elivulu.org\/?post_type=product&#038;p=1271"},"modified":"2025-12-19T12:20:48","modified_gmt":"2025-12-19T12:20:48","slug":"mpla-a-revolucao-traida-13-teses-em-minha-defesa-nito-alves","status":"publish","type":"product","link":"https:\/\/elivulu.org\/en\/product\/mpla-a-revolucao-traida-13-teses-em-minha-defesa-nito-alves\/","title":{"rendered":"MPLA &#8211; A REVOLU\u00c7\u00c3O TRA\u00cdDA: 13 TESES EM MINHA DEFESA"},"content":{"rendered":"","protected":false},"excerpt":{"rendered":"<p class=\"zfr3Q CDt4Ke\" dir=\"ltr\"><span class=\"C9DxTc\">A obra consiste na defesa de Nito Alves perante o Comit\u00e9\u0301 Central do MPLA, face as acusa\u00e7\u00f5es de fraccionismo. Seguiu-se uma onda de viol\u00eancia a 27 de Maio de 1977, um banho de sangue que vitimou milhares de angolanos.<\/span><\/p>\n<p class=\"zfr3Q CDt4Ke\" dir=\"ltr\"><span class=\"C9DxTc\">Conforme escreve Jos\u00e9 Reis no pref\u00e1cio, publicar, \u00abpassados quarenta e quatro anos, um documento, que pela sua exist\u00eancia, foi um dos pretextos, por ventura o mais velhaco, para, na sequela da chamada \u201cTentativa de Golpe de Estado de 27 de Maio de 1977\u201d, na ent\u00e3o Rep\u00fablica Popular de Angola, mandar passar pelas armas, 16 criaturas jovens, com uma m\u00e9dia de 25 anos de idade, e\u0301, estou seguro, um dever\u00bb.<\/span><\/p>\n<ul>\n<li class=\"zfr3Q CDt4Ke\" dir=\"ltr\" role=\"presentation\"><span class=\"C9DxTc\">Ano de edi\u00e7\u00e3o: 07-2021<\/span><\/li>\n<li class=\"zfr3Q CDt4Ke\" dir=\"ltr\" role=\"presentation\"><span class=\"C9DxTc\">Pref\u00e1cio: Jos\u00e9 Reis<\/span><\/li>\n<li class=\"zfr3Q CDt4Ke\" dir=\"ltr\" role=\"presentation\"><span class=\"C9DxTc\">Posf\u00e1cio: Manuel Santos Torres<\/span><\/li>\n<li class=\"zfr3Q CDt4Ke\" dir=\"ltr\" role=\"presentation\"><span class=\"C9DxTc\">P\u00e1ginas: 224<\/span><\/li>\n<li class=\"zfr3Q CDt4Ke\" dir=\"ltr\" role=\"presentation\"><span class=\"C9DxTc\">Formato: 170 x 240 mm<\/span><\/li>\n<li class=\"zfr3Q CDt4Ke\" dir=\"ltr\" role=\"presentation\"><span class=\"C9DxTc\">PVP: 18 000 AKZ (Angola) &#8211; 18 EUR (Portugal\/Europa)<\/span><\/li>\n<\/ul>","protected":false},"featured_media":2051,"comment_status":"open","ping_status":"closed","template":"","meta":{"_acf_changed":false},"book_author":[46],"product_brand":[],"product_cat":[15],"product_tag":[],"class_list":{"0":"post-1271","1":"product","2":"type-product","3":"status-publish","4":"has-post-thumbnail","6":"book_author-nito-alves","7":"product_cat-books","9":"first","10":"instock","11":"shipping-taxable","12":"purchasable","13":"product-type-simple"},"acf":[],"yoast_head":"<!-- This site is optimized with the Yoast SEO plugin v27.0 - https:\/\/yoast.com\/product\/yoast-seo-wordpress\/ -->\n<title>MPLA - A REVOLU\u00c7\u00c3O TRA\u00cdDA: 13 TESES EM MINHA DEFESA - ELIVULU Editora<\/title>\n<meta name=\"robots\" content=\"index, follow, max-snippet:-1, max-image-preview:large, max-video-preview:-1\" \/>\n<link rel=\"canonical\" href=\"https:\/\/elivulu.org\/en\/product\/mpla-a-revolucao-traida-13-teses-em-minha-defesa-nito-alves\/\" \/>\n<meta property=\"og:locale\" content=\"en_US\" \/>\n<meta property=\"og:type\" content=\"article\" \/>\n<meta property=\"og:title\" content=\"MPLA - A REVOLU\u00c7\u00c3O TRA\u00cdDA: 13 TESES EM MINHA DEFESA - ELIVULU Editora\" \/>\n<meta property=\"og:description\" content=\"A obra consiste na defesa de Nito Alves perante o Comit\u00e9\u0301 Central do MPLA, face as acusa\u00e7\u00f5es de fraccionismo. Seguiu-se uma onda de viol\u00eancia a 27 de Maio de 1977, um banho de sangue que vitimou milhares de angolanos. Conforme escreve Jos\u00e9 Reis no pref\u00e1cio, publicar, \u00abpassados quarenta e quatro anos, um documento, que pela sua exist\u00eancia, foi um dos pretextos, por ventura o mais velhaco, para, na sequela da chamada \u201cTentativa de Golpe de Estado de 27 de Maio de 1977\u201d, na ent\u00e3o Rep\u00fablica Popular de Angola, mandar passar pelas armas, 16 criaturas jovens, com uma m\u00e9dia de 25 anos de idade, e\u0301, estou seguro, um dever\u00bb.    Ano de edi\u00e7\u00e3o: 07-2021  Pref\u00e1cio: Jos\u00e9 Reis  Posf\u00e1cio: Manuel Santos Torres  P\u00e1ginas: 224  Formato: 170 x 240 mm  PVP: 18 000 AKZ (Angola) - 18 EUR (Portugal\/Europa)\" \/>\n<meta property=\"og:url\" content=\"https:\/\/elivulu.org\/en\/product\/mpla-a-revolucao-traida-13-teses-em-minha-defesa-nito-alves\/\" \/>\n<meta property=\"og:site_name\" content=\"ELIVULU Editora\" \/>\n<meta property=\"article:modified_time\" content=\"2025-12-19T12:20:48+00:00\" \/>\n<meta property=\"og:image\" content=\"https:\/\/elivulu.org\/wp-content\/uploads\/2025\/12\/MPLA-\u0393Co-A-REVOLUC\u2560oA\u2560aO-TRAI\u2560uDA_-13-TESES-EM-MINHA-DEFESA-1024x1024.png\" \/>\n\t<meta property=\"og:image:width\" content=\"1024\" \/>\n\t<meta property=\"og:image:height\" content=\"1024\" \/>\n\t<meta property=\"og:image:type\" content=\"image\/png\" \/>\n<meta name=\"twitter:card\" content=\"summary_large_image\" \/>\n<meta name=\"twitter:label1\" content=\"Est. reading time\" \/>\n\t<meta name=\"twitter:data1\" content=\"1 minute\" \/>\n<script type=\"application\/ld+json\" class=\"yoast-schema-graph\">{\"@context\":\"https:\/\/schema.org\",\"@graph\":[{\"@type\":\"WebPage\",\"@id\":\"https:\/\/elivulu.org\/product\/mpla-a-revolucao-traida-13-teses-em-minha-defesa-nito-alves\/\",\"url\":\"https:\/\/elivulu.org\/product\/mpla-a-revolucao-traida-13-teses-em-minha-defesa-nito-alves\/\",\"name\":\"MPLA - A REVOLU\u00c7\u00c3O TRA\u00cdDA: 13 TESES EM MINHA DEFESA - ELIVULU Editora\",\"isPartOf\":{\"@id\":\"https:\/\/elivulu.org\/#website\"},\"primaryImageOfPage\":{\"@id\":\"https:\/\/elivulu.org\/product\/mpla-a-revolucao-traida-13-teses-em-minha-defesa-nito-alves\/#primaryimage\"},\"image\":{\"@id\":\"https:\/\/elivulu.org\/product\/mpla-a-revolucao-traida-13-teses-em-minha-defesa-nito-alves\/#primaryimage\"},\"thumbnailUrl\":\"https:\/\/elivulu.org\/wp-content\/uploads\/2025\/12\/MPLA-\u0393Co-A-REVOLUC\u2560oA\u2560aO-TRAI\u2560uDA_-13-TESES-EM-MINHA-DEFESA-scaled.png\",\"datePublished\":\"2025-12-02T11:36:15+00:00\",\"dateModified\":\"2025-12-19T12:20:48+00:00\",\"breadcrumb\":{\"@id\":\"https:\/\/elivulu.org\/product\/mpla-a-revolucao-traida-13-teses-em-minha-defesa-nito-alves\/#breadcrumb\"},\"inLanguage\":\"en-US\",\"potentialAction\":[{\"@type\":\"ReadAction\",\"target\":[\"https:\/\/elivulu.org\/product\/mpla-a-revolucao-traida-13-teses-em-minha-defesa-nito-alves\/\"]}]},{\"@type\":\"ImageObject\",\"inLanguage\":\"en-US\",\"@id\":\"https:\/\/elivulu.org\/product\/mpla-a-revolucao-traida-13-teses-em-minha-defesa-nito-alves\/#primaryimage\",\"url\":\"https:\/\/elivulu.org\/wp-content\/uploads\/2025\/12\/MPLA-\u0393Co-A-REVOLUC\u2560oA\u2560aO-TRAI\u2560uDA_-13-TESES-EM-MINHA-DEFESA-scaled.png\",\"contentUrl\":\"https:\/\/elivulu.org\/wp-content\/uploads\/2025\/12\/MPLA-\u0393Co-A-REVOLUC\u2560oA\u2560aO-TRAI\u2560uDA_-13-TESES-EM-MINHA-DEFESA-scaled.png\",\"width\":2560,\"height\":2560},{\"@type\":\"BreadcrumbList\",\"@id\":\"https:\/\/elivulu.org\/product\/mpla-a-revolucao-traida-13-teses-em-minha-defesa-nito-alves\/#breadcrumb\",\"itemListElement\":[{\"@type\":\"ListItem\",\"position\":1,\"name\":\"In\u00edcio\",\"item\":\"https:\/\/elivulu.org\/\"},{\"@type\":\"ListItem\",\"position\":2,\"name\":\"Edi\u00e7\u00f5es\",\"item\":\"https:\/\/elivulu.org\/shop\/\"},{\"@type\":\"ListItem\",\"position\":3,\"name\":\"MPLA &#8211; A REVOLU\u00c7\u00c3O TRA\u00cdDA: 13 TESES EM MINHA DEFESA\"}]},{\"@type\":\"WebSite\",\"@id\":\"https:\/\/elivulu.org\/#website\",\"url\":\"https:\/\/elivulu.org\/\",\"name\":\"ELIVULU Editora\",\"description\":\"\",\"potentialAction\":[{\"@type\":\"SearchAction\",\"target\":{\"@type\":\"EntryPoint\",\"urlTemplate\":\"https:\/\/elivulu.org\/?s={search_term_string}\"},\"query-input\":{\"@type\":\"PropertyValueSpecification\",\"valueRequired\":true,\"valueName\":\"search_term_string\"}}],\"inLanguage\":\"en-US\"}]}<\/script>\n<!-- \/ Yoast SEO plugin. -->","yoast_head_json":{"title":"MPLA - A REVOLU\u00c7\u00c3O TRA\u00cdDA: 13 TESES EM MINHA DEFESA - ELIVULU Editora","robots":{"index":"index","follow":"follow","max-snippet":"max-snippet:-1","max-image-preview":"max-image-preview:large","max-video-preview":"max-video-preview:-1"},"canonical":"https:\/\/elivulu.org\/en\/product\/mpla-a-revolucao-traida-13-teses-em-minha-defesa-nito-alves\/","og_locale":"en_US","og_type":"article","og_title":"MPLA - A REVOLU\u00c7\u00c3O TRA\u00cdDA: 13 TESES EM MINHA DEFESA - ELIVULU Editora","og_description":"A obra consiste na defesa de Nito Alves perante o Comit\u00e9\u0301 Central do MPLA, face as acusa\u00e7\u00f5es de fraccionismo. Seguiu-se uma onda de viol\u00eancia a 27 de Maio de 1977, um banho de sangue que vitimou milhares de angolanos. Conforme escreve Jos\u00e9 Reis no pref\u00e1cio, publicar, \u00abpassados quarenta e quatro anos, um documento, que pela sua exist\u00eancia, foi um dos pretextos, por ventura o mais velhaco, para, na sequela da chamada \u201cTentativa de Golpe de Estado de 27 de Maio de 1977\u201d, na ent\u00e3o Rep\u00fablica Popular de Angola, mandar passar pelas armas, 16 criaturas jovens, com uma m\u00e9dia de 25 anos de idade, e\u0301, estou seguro, um dever\u00bb.    Ano de edi\u00e7\u00e3o: 07-2021  Pref\u00e1cio: Jos\u00e9 Reis  Posf\u00e1cio: Manuel Santos Torres  P\u00e1ginas: 224  Formato: 170 x 240 mm  PVP: 18 000 AKZ (Angola) - 18 EUR (Portugal\/Europa)","og_url":"https:\/\/elivulu.org\/en\/product\/mpla-a-revolucao-traida-13-teses-em-minha-defesa-nito-alves\/","og_site_name":"ELIVULU Editora","article_modified_time":"2025-12-19T12:20:48+00:00","og_image":[{"width":1024,"height":1024,"url":"https:\/\/elivulu.org\/wp-content\/uploads\/2025\/12\/MPLA-\u0393Co-A-REVOLUC\u2560oA\u2560aO-TRAI\u2560uDA_-13-TESES-EM-MINHA-DEFESA-1024x1024.png","type":"image\/png"}],"twitter_card":"summary_large_image","twitter_misc":{"Est. reading time":"1 minute"},"schema":{"@context":"https:\/\/schema.org","@graph":[{"@type":"WebPage","@id":"https:\/\/elivulu.org\/product\/mpla-a-revolucao-traida-13-teses-em-minha-defesa-nito-alves\/","url":"https:\/\/elivulu.org\/product\/mpla-a-revolucao-traida-13-teses-em-minha-defesa-nito-alves\/","name":"MPLA - A REVOLU\u00c7\u00c3O TRA\u00cdDA: 13 TESES EM MINHA DEFESA - ELIVULU Editora","isPartOf":{"@id":"https:\/\/elivulu.org\/#website"},"primaryImageOfPage":{"@id":"https:\/\/elivulu.org\/product\/mpla-a-revolucao-traida-13-teses-em-minha-defesa-nito-alves\/#primaryimage"},"image":{"@id":"https:\/\/elivulu.org\/product\/mpla-a-revolucao-traida-13-teses-em-minha-defesa-nito-alves\/#primaryimage"},"thumbnailUrl":"https:\/\/elivulu.org\/wp-content\/uploads\/2025\/12\/MPLA-\u0393Co-A-REVOLUC\u2560oA\u2560aO-TRAI\u2560uDA_-13-TESES-EM-MINHA-DEFESA-scaled.png","datePublished":"2025-12-02T11:36:15+00:00","dateModified":"2025-12-19T12:20:48+00:00","breadcrumb":{"@id":"https:\/\/elivulu.org\/product\/mpla-a-revolucao-traida-13-teses-em-minha-defesa-nito-alves\/#breadcrumb"},"inLanguage":"en-US","potentialAction":[{"@type":"ReadAction","target":["https:\/\/elivulu.org\/product\/mpla-a-revolucao-traida-13-teses-em-minha-defesa-nito-alves\/"]}]},{"@type":"ImageObject","inLanguage":"en-US","@id":"https:\/\/elivulu.org\/product\/mpla-a-revolucao-traida-13-teses-em-minha-defesa-nito-alves\/#primaryimage","url":"https:\/\/elivulu.org\/wp-content\/uploads\/2025\/12\/MPLA-\u0393Co-A-REVOLUC\u2560oA\u2560aO-TRAI\u2560uDA_-13-TESES-EM-MINHA-DEFESA-scaled.png","contentUrl":"https:\/\/elivulu.org\/wp-content\/uploads\/2025\/12\/MPLA-\u0393Co-A-REVOLUC\u2560oA\u2560aO-TRAI\u2560uDA_-13-TESES-EM-MINHA-DEFESA-scaled.png","width":2560,"height":2560},{"@type":"BreadcrumbList","@id":"https:\/\/elivulu.org\/product\/mpla-a-revolucao-traida-13-teses-em-minha-defesa-nito-alves\/#breadcrumb","itemListElement":[{"@type":"ListItem","position":1,"name":"In\u00edcio","item":"https:\/\/elivulu.org\/"},{"@type":"ListItem","position":2,"name":"Edi\u00e7\u00f5es","item":"https:\/\/elivulu.org\/shop\/"},{"@type":"ListItem","position":3,"name":"MPLA &#8211; A REVOLU\u00c7\u00c3O TRA\u00cdDA: 13 TESES EM MINHA DEFESA"}]},{"@type":"WebSite","@id":"https:\/\/elivulu.org\/#website","url":"https:\/\/elivulu.org\/","name":"ELIVULU Editora","description":"","potentialAction":[{"@type":"SearchAction","target":{"@type":"EntryPoint","urlTemplate":"https:\/\/elivulu.org\/?s={search_term_string}"},"query-input":{"@type":"PropertyValueSpecification","valueRequired":true,"valueName":"search_term_string"}}],"inLanguage":"en-US"}]}},"_links":{"self":[{"href":"https:\/\/elivulu.org\/en\/wp-json\/wp\/v2\/product\/1271","targetHints":{"allow":["GET"]}}],"collection":[{"href":"https:\/\/elivulu.org\/en\/wp-json\/wp\/v2\/product"}],"about":[{"href":"https:\/\/elivulu.org\/en\/wp-json\/wp\/v2\/types\/product"}],"replies":[{"embeddable":true,"href":"https:\/\/elivulu.org\/en\/wp-json\/wp\/v2\/comments?post=1271"}],"version-history":[{"count":3,"href":"https:\/\/elivulu.org\/en\/wp-json\/wp\/v2\/product\/1271\/revisions"}],"predecessor-version":[{"id":2087,"href":"https:\/\/elivulu.org\/en\/wp-json\/wp\/v2\/product\/1271\/revisions\/2087"}],"wp:featuredmedia":[{"embeddable":true,"href":"https:\/\/elivulu.org\/en\/wp-json\/wp\/v2\/media\/2051"}],"wp:attachment":[{"href":"https:\/\/elivulu.org\/en\/wp-json\/wp\/v2\/media?parent=1271"}],"wp:term":[{"taxonomy":"book_author","embeddable":true,"href":"https:\/\/elivulu.org\/en\/wp-json\/wp\/v2\/book_author?post=1271"},{"taxonomy":"product_brand","embeddable":true,"href":"https:\/\/elivulu.org\/en\/wp-json\/wp\/v2\/product_brand?post=1271"},{"taxonomy":"product_cat","embeddable":true,"href":"https:\/\/elivulu.org\/en\/wp-json\/wp\/v2\/product_cat?post=1271"},{"taxonomy":"product_tag","embeddable":true,"href":"https:\/\/elivulu.org\/en\/wp-json\/wp\/v2\/product_tag?post=1271"}],"curies":[{"name":"wp","href":"https:\/\/api.w.org\/{rel}","templated":true}]}}