{"id":1269,"date":"2025-12-02T11:35:30","date_gmt":"2025-12-02T11:35:30","guid":{"rendered":"https:\/\/elivulu.org\/?post_type=product&#038;p=1269"},"modified":"2025-12-19T12:26:04","modified_gmt":"2025-12-19T12:26:04","slug":"viver-sem-se-cansar-ensaios-sobre-a-vida-januario-kahango-panela-nova","status":"publish","type":"product","link":"https:\/\/elivulu.org\/en\/product\/viver-sem-se-cansar-ensaios-sobre-a-vida-januario-kahango-panela-nova\/","title":{"rendered":"VIVER SEM SE CANSAR &#8211; ENSAIOS SOBRE A VIDA"},"content":{"rendered":"","protected":false},"excerpt":{"rendered":"<p class=\"zfr3Q CDt4Ke\" dir=\"ltr\"><span class=\"C9DxTc\">\u00abViver sem se cansar &#8211; Ensaios sobre a vida\u00bb n\u00e3o \u00e9 uma receita sobre como viver a vida, mas um conjunto de reflex\u00f5es livre sobre a pr\u00f3pria vida que ocorre. Segundo o reverendo Jorge Baptista, que assina o pref\u00e1cio, Janu\u00e1rio Kahango, sendo um indiv\u00edduo dado tanto \u00e0s letras sagradas, quanto \u00e0s seculares, deseja conduzir-nos num caminho que remove da vida o fardo de uma exist\u00eancia sem prop\u00f3sito, de um viver por viver, de uma vida que anula Deus e mutila a f\u00e9.\u00a0<\/span><\/p>\n<p class=\"zfr3Q CDt4Ke\" dir=\"ltr\"><span class=\"C9DxTc\">\u00c9 o terceiro livro impresso integralmente com o apoio financeiro da comunidade de leitores e leitoras, atrav\u00e9s do mecanismo denominado \u00abFinanciamento Colectivo do Livro\u00bb, estrat\u00e9gia de sustentabilidade criada pela ELIVULU Editora, uma economia criativa e de multid\u00f5es.\u00a0<\/span><\/p>\n<ul>\n<li class=\"zfr3Q CDt4Ke\" dir=\"ltr\" role=\"presentation\"><span class=\"C9DxTc\">Ano de edi\u00e7\u00e3o: 0<\/span><span class=\"C9DxTc\">8<\/span><span class=\"C9DxTc\">-2021<\/span><\/li>\n<li class=\"zfr3Q CDt4Ke\" dir=\"ltr\" role=\"presentation\"><span class=\"C9DxTc\">Pref\u00e1cio:\u00a0<\/span><span class=\"C9DxTc\">Reverendo Pastor Jorge Baptista<\/span><\/li>\n<li class=\"zfr3Q CDt4Ke\" dir=\"ltr\" role=\"presentation\"><span class=\"C9DxTc\">P\u00e1ginas:\u00a0<\/span><span class=\"C9DxTc\">122<\/span><\/li>\n<li class=\"zfr3Q CDt4Ke\" dir=\"ltr\" role=\"presentation\"><span class=\"C9DxTc\">Formato:\u00a0<\/span><span class=\"C9DxTc\">130 x 185 mm<\/span><\/li>\n<li class=\"zfr3Q CDt4Ke\" dir=\"ltr\" role=\"presentation\"><span class=\"C9DxTc\">PVP:\u00a0<\/span><span class=\"C9DxTc\">2<\/span><span class=\"C9DxTc\">\u00a0<\/span><span class=\"C9DxTc\">5<\/span><span class=\"C9DxTc\">00 AKZ (Angola) &#8211;\u00a0<\/span><span class=\"C9DxTc\">5<\/span><span class=\"C9DxTc\">\u00a0EUR (Portugal\/Europa)<\/span><\/li>\n<\/ul>","protected":false},"featured_media":2062,"comment_status":"open","ping_status":"closed","template":"","meta":{"_acf_changed":false},"book_author":[42],"product_brand":[],"product_cat":[15],"product_tag":[],"class_list":{"0":"post-1269","1":"product","2":"type-product","3":"status-publish","4":"has-post-thumbnail","6":"book_author-januario-kahango-panela-nova","7":"product_cat-books","9":"first","10":"instock","11":"shipping-taxable","12":"purchasable","13":"product-type-simple"},"acf":[],"yoast_head":"<!-- This site is optimized with the Yoast SEO plugin v27.0 - https:\/\/yoast.com\/product\/yoast-seo-wordpress\/ -->\n<title>VIVER SEM SE CANSAR - ENSAIOS SOBRE A VIDA - ELIVULU Editora<\/title>\n<meta name=\"robots\" content=\"index, follow, max-snippet:-1, max-image-preview:large, max-video-preview:-1\" \/>\n<link rel=\"canonical\" href=\"https:\/\/elivulu.org\/en\/product\/viver-sem-se-cansar-ensaios-sobre-a-vida-januario-kahango-panela-nova\/\" \/>\n<meta property=\"og:locale\" content=\"en_US\" \/>\n<meta property=\"og:type\" content=\"article\" \/>\n<meta property=\"og:title\" content=\"VIVER SEM SE CANSAR - ENSAIOS SOBRE A VIDA - ELIVULU Editora\" \/>\n<meta property=\"og:description\" content=\"\u00abViver sem se cansar - Ensaios sobre a vida\u00bb n\u00e3o \u00e9 uma receita sobre como viver a vida, mas um conjunto de reflex\u00f5es livre sobre a pr\u00f3pria vida que ocorre. Segundo o reverendo Jorge Baptista, que assina o pref\u00e1cio, Janu\u00e1rio Kahango, sendo um indiv\u00edduo dado tanto \u00e0s letras sagradas, quanto \u00e0s seculares, deseja conduzir-nos num caminho que remove da vida o fardo de uma exist\u00eancia sem prop\u00f3sito, de um viver por viver, de uma vida que anula Deus e mutila a f\u00e9.\u00a0 \u00c9 o terceiro livro impresso integralmente com o apoio financeiro da comunidade de leitores e leitoras, atrav\u00e9s do mecanismo denominado \u00abFinanciamento Colectivo do Livro\u00bb, estrat\u00e9gia de sustentabilidade criada pela ELIVULU Editora, uma economia criativa e de multid\u00f5es.\u00a0    Ano de edi\u00e7\u00e3o: 08-2021  Pref\u00e1cio:\u00a0Reverendo Pastor Jorge Baptista  P\u00e1ginas:\u00a0122  Formato:\u00a0130 x 185 mm  PVP:\u00a02\u00a0500 AKZ (Angola) -\u00a05\u00a0EUR (Portugal\/Europa)\" \/>\n<meta property=\"og:url\" content=\"https:\/\/elivulu.org\/en\/product\/viver-sem-se-cansar-ensaios-sobre-a-vida-januario-kahango-panela-nova\/\" \/>\n<meta property=\"og:site_name\" content=\"ELIVULU Editora\" \/>\n<meta property=\"article:modified_time\" content=\"2025-12-19T12:26:04+00:00\" \/>\n<meta property=\"og:image\" content=\"https:\/\/elivulu.org\/wp-content\/uploads\/2025\/12\/VIVER-SEM-SE-CANSAR-\u0393Co-ENSAIOS-SOBRE-A-VIDA-scaled.png\" \/>\n\t<meta property=\"og:image:width\" content=\"2560\" \/>\n\t<meta property=\"og:image:height\" content=\"2560\" \/>\n\t<meta property=\"og:image:type\" content=\"image\/png\" \/>\n<meta name=\"twitter:card\" content=\"summary_large_image\" \/>\n<meta name=\"twitter:label1\" content=\"Est. reading time\" \/>\n\t<meta name=\"twitter:data1\" content=\"1 minute\" \/>\n<script type=\"application\/ld+json\" class=\"yoast-schema-graph\">{\"@context\":\"https:\/\/schema.org\",\"@graph\":[{\"@type\":\"WebPage\",\"@id\":\"https:\/\/elivulu.org\/product\/viver-sem-se-cansar-ensaios-sobre-a-vida-januario-kahango-panela-nova\/\",\"url\":\"https:\/\/elivulu.org\/product\/viver-sem-se-cansar-ensaios-sobre-a-vida-januario-kahango-panela-nova\/\",\"name\":\"VIVER SEM SE CANSAR - ENSAIOS SOBRE A VIDA - ELIVULU Editora\",\"isPartOf\":{\"@id\":\"https:\/\/elivulu.org\/#website\"},\"primaryImageOfPage\":{\"@id\":\"https:\/\/elivulu.org\/product\/viver-sem-se-cansar-ensaios-sobre-a-vida-januario-kahango-panela-nova\/#primaryimage\"},\"image\":{\"@id\":\"https:\/\/elivulu.org\/product\/viver-sem-se-cansar-ensaios-sobre-a-vida-januario-kahango-panela-nova\/#primaryimage\"},\"thumbnailUrl\":\"https:\/\/elivulu.org\/wp-content\/uploads\/2025\/12\/VIVER-SEM-SE-CANSAR-\u0393Co-ENSAIOS-SOBRE-A-VIDA-scaled.png\",\"datePublished\":\"2025-12-02T11:35:30+00:00\",\"dateModified\":\"2025-12-19T12:26:04+00:00\",\"breadcrumb\":{\"@id\":\"https:\/\/elivulu.org\/product\/viver-sem-se-cansar-ensaios-sobre-a-vida-januario-kahango-panela-nova\/#breadcrumb\"},\"inLanguage\":\"en-US\",\"potentialAction\":[{\"@type\":\"ReadAction\",\"target\":[\"https:\/\/elivulu.org\/product\/viver-sem-se-cansar-ensaios-sobre-a-vida-januario-kahango-panela-nova\/\"]}]},{\"@type\":\"ImageObject\",\"inLanguage\":\"en-US\",\"@id\":\"https:\/\/elivulu.org\/product\/viver-sem-se-cansar-ensaios-sobre-a-vida-januario-kahango-panela-nova\/#primaryimage\",\"url\":\"https:\/\/elivulu.org\/wp-content\/uploads\/2025\/12\/VIVER-SEM-SE-CANSAR-\u0393Co-ENSAIOS-SOBRE-A-VIDA-scaled.png\",\"contentUrl\":\"https:\/\/elivulu.org\/wp-content\/uploads\/2025\/12\/VIVER-SEM-SE-CANSAR-\u0393Co-ENSAIOS-SOBRE-A-VIDA-scaled.png\",\"width\":2560,\"height\":2560},{\"@type\":\"BreadcrumbList\",\"@id\":\"https:\/\/elivulu.org\/product\/viver-sem-se-cansar-ensaios-sobre-a-vida-januario-kahango-panela-nova\/#breadcrumb\",\"itemListElement\":[{\"@type\":\"ListItem\",\"position\":1,\"name\":\"In\u00edcio\",\"item\":\"https:\/\/elivulu.org\/\"},{\"@type\":\"ListItem\",\"position\":2,\"name\":\"Edi\u00e7\u00f5es\",\"item\":\"https:\/\/elivulu.org\/shop\/\"},{\"@type\":\"ListItem\",\"position\":3,\"name\":\"VIVER SEM SE CANSAR &#8211; ENSAIOS SOBRE A VIDA\"}]},{\"@type\":\"WebSite\",\"@id\":\"https:\/\/elivulu.org\/#website\",\"url\":\"https:\/\/elivulu.org\/\",\"name\":\"ELIVULU Editora\",\"description\":\"\",\"potentialAction\":[{\"@type\":\"SearchAction\",\"target\":{\"@type\":\"EntryPoint\",\"urlTemplate\":\"https:\/\/elivulu.org\/?s={search_term_string}\"},\"query-input\":{\"@type\":\"PropertyValueSpecification\",\"valueRequired\":true,\"valueName\":\"search_term_string\"}}],\"inLanguage\":\"en-US\"}]}<\/script>\n<!-- \/ Yoast SEO plugin. -->","yoast_head_json":{"title":"VIVER SEM SE CANSAR - ENSAIOS SOBRE A VIDA - ELIVULU Editora","robots":{"index":"index","follow":"follow","max-snippet":"max-snippet:-1","max-image-preview":"max-image-preview:large","max-video-preview":"max-video-preview:-1"},"canonical":"https:\/\/elivulu.org\/en\/product\/viver-sem-se-cansar-ensaios-sobre-a-vida-januario-kahango-panela-nova\/","og_locale":"en_US","og_type":"article","og_title":"VIVER SEM SE CANSAR - ENSAIOS SOBRE A VIDA - ELIVULU Editora","og_description":"\u00abViver sem se cansar - Ensaios sobre a vida\u00bb n\u00e3o \u00e9 uma receita sobre como viver a vida, mas um conjunto de reflex\u00f5es livre sobre a pr\u00f3pria vida que ocorre. Segundo o reverendo Jorge Baptista, que assina o pref\u00e1cio, Janu\u00e1rio Kahango, sendo um indiv\u00edduo dado tanto \u00e0s letras sagradas, quanto \u00e0s seculares, deseja conduzir-nos num caminho que remove da vida o fardo de uma exist\u00eancia sem prop\u00f3sito, de um viver por viver, de uma vida que anula Deus e mutila a f\u00e9.\u00a0 \u00c9 o terceiro livro impresso integralmente com o apoio financeiro da comunidade de leitores e leitoras, atrav\u00e9s do mecanismo denominado \u00abFinanciamento Colectivo do Livro\u00bb, estrat\u00e9gia de sustentabilidade criada pela ELIVULU Editora, uma economia criativa e de multid\u00f5es.\u00a0    Ano de edi\u00e7\u00e3o: 08-2021  Pref\u00e1cio:\u00a0Reverendo Pastor Jorge Baptista  P\u00e1ginas:\u00a0122  Formato:\u00a0130 x 185 mm  PVP:\u00a02\u00a0500 AKZ (Angola) -\u00a05\u00a0EUR (Portugal\/Europa)","og_url":"https:\/\/elivulu.org\/en\/product\/viver-sem-se-cansar-ensaios-sobre-a-vida-januario-kahango-panela-nova\/","og_site_name":"ELIVULU Editora","article_modified_time":"2025-12-19T12:26:04+00:00","og_image":[{"width":2560,"height":2560,"url":"https:\/\/elivulu.org\/wp-content\/uploads\/2025\/12\/VIVER-SEM-SE-CANSAR-\u0393Co-ENSAIOS-SOBRE-A-VIDA-scaled.png","type":"image\/png"}],"twitter_card":"summary_large_image","twitter_misc":{"Est. reading time":"1 minute"},"schema":{"@context":"https:\/\/schema.org","@graph":[{"@type":"WebPage","@id":"https:\/\/elivulu.org\/product\/viver-sem-se-cansar-ensaios-sobre-a-vida-januario-kahango-panela-nova\/","url":"https:\/\/elivulu.org\/product\/viver-sem-se-cansar-ensaios-sobre-a-vida-januario-kahango-panela-nova\/","name":"VIVER SEM SE CANSAR - ENSAIOS SOBRE A VIDA - ELIVULU Editora","isPartOf":{"@id":"https:\/\/elivulu.org\/#website"},"primaryImageOfPage":{"@id":"https:\/\/elivulu.org\/product\/viver-sem-se-cansar-ensaios-sobre-a-vida-januario-kahango-panela-nova\/#primaryimage"},"image":{"@id":"https:\/\/elivulu.org\/product\/viver-sem-se-cansar-ensaios-sobre-a-vida-januario-kahango-panela-nova\/#primaryimage"},"thumbnailUrl":"https:\/\/elivulu.org\/wp-content\/uploads\/2025\/12\/VIVER-SEM-SE-CANSAR-\u0393Co-ENSAIOS-SOBRE-A-VIDA-scaled.png","datePublished":"2025-12-02T11:35:30+00:00","dateModified":"2025-12-19T12:26:04+00:00","breadcrumb":{"@id":"https:\/\/elivulu.org\/product\/viver-sem-se-cansar-ensaios-sobre-a-vida-januario-kahango-panela-nova\/#breadcrumb"},"inLanguage":"en-US","potentialAction":[{"@type":"ReadAction","target":["https:\/\/elivulu.org\/product\/viver-sem-se-cansar-ensaios-sobre-a-vida-januario-kahango-panela-nova\/"]}]},{"@type":"ImageObject","inLanguage":"en-US","@id":"https:\/\/elivulu.org\/product\/viver-sem-se-cansar-ensaios-sobre-a-vida-januario-kahango-panela-nova\/#primaryimage","url":"https:\/\/elivulu.org\/wp-content\/uploads\/2025\/12\/VIVER-SEM-SE-CANSAR-\u0393Co-ENSAIOS-SOBRE-A-VIDA-scaled.png","contentUrl":"https:\/\/elivulu.org\/wp-content\/uploads\/2025\/12\/VIVER-SEM-SE-CANSAR-\u0393Co-ENSAIOS-SOBRE-A-VIDA-scaled.png","width":2560,"height":2560},{"@type":"BreadcrumbList","@id":"https:\/\/elivulu.org\/product\/viver-sem-se-cansar-ensaios-sobre-a-vida-januario-kahango-panela-nova\/#breadcrumb","itemListElement":[{"@type":"ListItem","position":1,"name":"In\u00edcio","item":"https:\/\/elivulu.org\/"},{"@type":"ListItem","position":2,"name":"Edi\u00e7\u00f5es","item":"https:\/\/elivulu.org\/shop\/"},{"@type":"ListItem","position":3,"name":"VIVER SEM SE CANSAR &#8211; ENSAIOS SOBRE A VIDA"}]},{"@type":"WebSite","@id":"https:\/\/elivulu.org\/#website","url":"https:\/\/elivulu.org\/","name":"ELIVULU Editora","description":"","potentialAction":[{"@type":"SearchAction","target":{"@type":"EntryPoint","urlTemplate":"https:\/\/elivulu.org\/?s={search_term_string}"},"query-input":{"@type":"PropertyValueSpecification","valueRequired":true,"valueName":"search_term_string"}}],"inLanguage":"en-US"}]}},"_links":{"self":[{"href":"https:\/\/elivulu.org\/en\/wp-json\/wp\/v2\/product\/1269","targetHints":{"allow":["GET"]}}],"collection":[{"href":"https:\/\/elivulu.org\/en\/wp-json\/wp\/v2\/product"}],"about":[{"href":"https:\/\/elivulu.org\/en\/wp-json\/wp\/v2\/types\/product"}],"replies":[{"embeddable":true,"href":"https:\/\/elivulu.org\/en\/wp-json\/wp\/v2\/comments?post=1269"}],"version-history":[{"count":3,"href":"https:\/\/elivulu.org\/en\/wp-json\/wp\/v2\/product\/1269\/revisions"}],"predecessor-version":[{"id":2099,"href":"https:\/\/elivulu.org\/en\/wp-json\/wp\/v2\/product\/1269\/revisions\/2099"}],"wp:featuredmedia":[{"embeddable":true,"href":"https:\/\/elivulu.org\/en\/wp-json\/wp\/v2\/media\/2062"}],"wp:attachment":[{"href":"https:\/\/elivulu.org\/en\/wp-json\/wp\/v2\/media?parent=1269"}],"wp:term":[{"taxonomy":"book_author","embeddable":true,"href":"https:\/\/elivulu.org\/en\/wp-json\/wp\/v2\/book_author?post=1269"},{"taxonomy":"product_brand","embeddable":true,"href":"https:\/\/elivulu.org\/en\/wp-json\/wp\/v2\/product_brand?post=1269"},{"taxonomy":"product_cat","embeddable":true,"href":"https:\/\/elivulu.org\/en\/wp-json\/wp\/v2\/product_cat?post=1269"},{"taxonomy":"product_tag","embeddable":true,"href":"https:\/\/elivulu.org\/en\/wp-json\/wp\/v2\/product_tag?post=1269"}],"curies":[{"name":"wp","href":"https:\/\/api.w.org\/{rel}","templated":true}]}}