{"id":1267,"date":"2025-12-02T11:34:41","date_gmt":"2025-12-02T11:34:41","guid":{"rendered":"https:\/\/elivulu.org\/?post_type=product&#038;p=1267"},"modified":"2025-12-19T12:09:28","modified_gmt":"2025-12-19T12:09:28","slug":"angola-gestao-e-assimetrias-das-guerras-jonuel-goncalves","status":"publish","type":"product","link":"https:\/\/elivulu.org\/en\/product\/angola-gestao-e-assimetrias-das-guerras-jonuel-goncalves\/","title":{"rendered":"ANGOLA: GEST\u00c3O E ASSIMETRIAS DAS GUERRAS"},"content":{"rendered":"","protected":false},"excerpt":{"rendered":"<p class=\"zfr3Q CDt4Ke\" dir=\"ltr\"><span class=\"C9DxTc\">Angola tem sido secularmente marcada pela guerra tanto para fixa\u00e7\u00e3o de limites geogr\u00e1ficos como para implanta\u00e7\u00e3o ou consolida\u00e7\u00e3o dos sucessivos regimes pol\u00edticos. Embora a guerra j\u00e1 existisse no atual espa\u00e7o durante o per\u00edodo pr\u00e9-angolano, portanto, antes do surgimento de Angola como entidade territorial, este trabalho prop\u00f5e uma reflex\u00e3o a partir desse surgimento, em termos de estudos estrat\u00e9gicos com os seus componentes militares, pol\u00edticos, socioecon\u00f3micos e a participa\u00e7\u00e3o social marcada por vias de combate assim\u00e9trico. Portanto, soma das \u00e1reas de tens\u00e3o produtoras da Angola hoje.<\/span><\/p>\n<ul>\n<li class=\"zfr3Q CDt4Ke\" dir=\"ltr\" role=\"presentation\"><span class=\"C9DxTc\">Ano de edi\u00e7\u00e3o: 08-2021<\/span><\/li>\n<li class=\"zfr3Q CDt4Ke\" dir=\"ltr\" role=\"presentation\"><span class=\"C9DxTc\">P\u00e1ginas: 86<\/span><\/li>\n<li class=\"zfr3Q CDt4Ke\" dir=\"ltr\" role=\"presentation\"><span class=\"C9DxTc\">Formato: 135 x 210 mm<\/span><\/li>\n<li class=\"zfr3Q CDt4Ke\" dir=\"ltr\" role=\"presentation\"><span class=\"C9DxTc\">PVP: 5 000 AKZ (Angola) &#8211; 12 EUR (Portugal\/Europa)<\/span><\/li>\n<\/ul>","protected":false},"featured_media":2032,"comment_status":"open","ping_status":"closed","template":"","meta":{"_acf_changed":false},"book_author":[44],"product_brand":[],"product_cat":[15],"product_tag":[],"class_list":{"0":"post-1267","1":"product","2":"type-product","3":"status-publish","4":"has-post-thumbnail","6":"book_author-jonuel-goncalves","7":"product_cat-books","9":"first","10":"instock","11":"shipping-taxable","12":"purchasable","13":"product-type-simple"},"acf":[],"yoast_head":"<!-- This site is optimized with the Yoast SEO plugin v27.0 - https:\/\/yoast.com\/product\/yoast-seo-wordpress\/ -->\n<title>ANGOLA: GEST\u00c3O E ASSIMETRIAS DAS GUERRAS - ELIVULU Editora<\/title>\n<meta name=\"robots\" content=\"index, follow, max-snippet:-1, max-image-preview:large, max-video-preview:-1\" \/>\n<link rel=\"canonical\" href=\"https:\/\/elivulu.org\/en\/product\/angola-gestao-e-assimetrias-das-guerras-jonuel-goncalves\/\" \/>\n<meta property=\"og:locale\" content=\"en_US\" \/>\n<meta property=\"og:type\" content=\"article\" \/>\n<meta property=\"og:title\" content=\"ANGOLA: GEST\u00c3O E ASSIMETRIAS DAS GUERRAS - ELIVULU Editora\" \/>\n<meta property=\"og:description\" content=\"Angola tem sido secularmente marcada pela guerra tanto para fixa\u00e7\u00e3o de limites geogr\u00e1ficos como para implanta\u00e7\u00e3o ou consolida\u00e7\u00e3o dos sucessivos regimes pol\u00edticos. Embora a guerra j\u00e1 existisse no atual espa\u00e7o durante o per\u00edodo pr\u00e9-angolano, portanto, antes do surgimento de Angola como entidade territorial, este trabalho prop\u00f5e uma reflex\u00e3o a partir desse surgimento, em termos de estudos estrat\u00e9gicos com os seus componentes militares, pol\u00edticos, socioecon\u00f3micos e a participa\u00e7\u00e3o social marcada por vias de combate assim\u00e9trico. Portanto, soma das \u00e1reas de tens\u00e3o produtoras da Angola hoje.    Ano de edi\u00e7\u00e3o: 08-2021  P\u00e1ginas: 86  Formato: 135 x 210 mm  PVP: 5 000 AKZ (Angola) - 12 EUR (Portugal\/Europa)\" \/>\n<meta property=\"og:url\" content=\"https:\/\/elivulu.org\/en\/product\/angola-gestao-e-assimetrias-das-guerras-jonuel-goncalves\/\" \/>\n<meta property=\"og:site_name\" content=\"ELIVULU Editora\" \/>\n<meta property=\"article:modified_time\" content=\"2025-12-19T12:09:28+00:00\" \/>\n<meta property=\"og:image\" content=\"https:\/\/elivulu.org\/wp-content\/uploads\/2025\/12\/ANGOLA_-GESTA\u2560aO-E-ASSIMETRIAS-DAS-GUERRAS-scaled.png\" \/>\n\t<meta property=\"og:image:width\" content=\"2560\" \/>\n\t<meta property=\"og:image:height\" content=\"2560\" \/>\n\t<meta property=\"og:image:type\" content=\"image\/png\" \/>\n<meta name=\"twitter:card\" content=\"summary_large_image\" \/>\n<meta name=\"twitter:label1\" content=\"Est. reading time\" \/>\n\t<meta name=\"twitter:data1\" content=\"1 minute\" \/>\n<script type=\"application\/ld+json\" class=\"yoast-schema-graph\">{\"@context\":\"https:\/\/schema.org\",\"@graph\":[{\"@type\":\"WebPage\",\"@id\":\"https:\/\/elivulu.org\/product\/angola-gestao-e-assimetrias-das-guerras-jonuel-goncalves\/\",\"url\":\"https:\/\/elivulu.org\/product\/angola-gestao-e-assimetrias-das-guerras-jonuel-goncalves\/\",\"name\":\"ANGOLA: GEST\u00c3O E ASSIMETRIAS DAS GUERRAS - ELIVULU Editora\",\"isPartOf\":{\"@id\":\"https:\/\/elivulu.org\/#website\"},\"primaryImageOfPage\":{\"@id\":\"https:\/\/elivulu.org\/product\/angola-gestao-e-assimetrias-das-guerras-jonuel-goncalves\/#primaryimage\"},\"image\":{\"@id\":\"https:\/\/elivulu.org\/product\/angola-gestao-e-assimetrias-das-guerras-jonuel-goncalves\/#primaryimage\"},\"thumbnailUrl\":\"https:\/\/elivulu.org\/wp-content\/uploads\/2025\/12\/ANGOLA_-GESTA\u2560aO-E-ASSIMETRIAS-DAS-GUERRAS-scaled.png\",\"datePublished\":\"2025-12-02T11:34:41+00:00\",\"dateModified\":\"2025-12-19T12:09:28+00:00\",\"breadcrumb\":{\"@id\":\"https:\/\/elivulu.org\/product\/angola-gestao-e-assimetrias-das-guerras-jonuel-goncalves\/#breadcrumb\"},\"inLanguage\":\"en-US\",\"potentialAction\":[{\"@type\":\"ReadAction\",\"target\":[\"https:\/\/elivulu.org\/product\/angola-gestao-e-assimetrias-das-guerras-jonuel-goncalves\/\"]}]},{\"@type\":\"ImageObject\",\"inLanguage\":\"en-US\",\"@id\":\"https:\/\/elivulu.org\/product\/angola-gestao-e-assimetrias-das-guerras-jonuel-goncalves\/#primaryimage\",\"url\":\"https:\/\/elivulu.org\/wp-content\/uploads\/2025\/12\/ANGOLA_-GESTA\u2560aO-E-ASSIMETRIAS-DAS-GUERRAS-scaled.png\",\"contentUrl\":\"https:\/\/elivulu.org\/wp-content\/uploads\/2025\/12\/ANGOLA_-GESTA\u2560aO-E-ASSIMETRIAS-DAS-GUERRAS-scaled.png\",\"width\":2560,\"height\":2560},{\"@type\":\"BreadcrumbList\",\"@id\":\"https:\/\/elivulu.org\/product\/angola-gestao-e-assimetrias-das-guerras-jonuel-goncalves\/#breadcrumb\",\"itemListElement\":[{\"@type\":\"ListItem\",\"position\":1,\"name\":\"In\u00edcio\",\"item\":\"https:\/\/elivulu.org\/\"},{\"@type\":\"ListItem\",\"position\":2,\"name\":\"Edi\u00e7\u00f5es\",\"item\":\"https:\/\/elivulu.org\/shop\/\"},{\"@type\":\"ListItem\",\"position\":3,\"name\":\"ANGOLA: GEST\u00c3O E ASSIMETRIAS DAS GUERRAS\"}]},{\"@type\":\"WebSite\",\"@id\":\"https:\/\/elivulu.org\/#website\",\"url\":\"https:\/\/elivulu.org\/\",\"name\":\"ELIVULU Editora\",\"description\":\"\",\"potentialAction\":[{\"@type\":\"SearchAction\",\"target\":{\"@type\":\"EntryPoint\",\"urlTemplate\":\"https:\/\/elivulu.org\/?s={search_term_string}\"},\"query-input\":{\"@type\":\"PropertyValueSpecification\",\"valueRequired\":true,\"valueName\":\"search_term_string\"}}],\"inLanguage\":\"en-US\"}]}<\/script>\n<!-- \/ Yoast SEO plugin. -->","yoast_head_json":{"title":"ANGOLA: GEST\u00c3O E ASSIMETRIAS DAS GUERRAS - ELIVULU Editora","robots":{"index":"index","follow":"follow","max-snippet":"max-snippet:-1","max-image-preview":"max-image-preview:large","max-video-preview":"max-video-preview:-1"},"canonical":"https:\/\/elivulu.org\/en\/product\/angola-gestao-e-assimetrias-das-guerras-jonuel-goncalves\/","og_locale":"en_US","og_type":"article","og_title":"ANGOLA: GEST\u00c3O E ASSIMETRIAS DAS GUERRAS - ELIVULU Editora","og_description":"Angola tem sido secularmente marcada pela guerra tanto para fixa\u00e7\u00e3o de limites geogr\u00e1ficos como para implanta\u00e7\u00e3o ou consolida\u00e7\u00e3o dos sucessivos regimes pol\u00edticos. Embora a guerra j\u00e1 existisse no atual espa\u00e7o durante o per\u00edodo pr\u00e9-angolano, portanto, antes do surgimento de Angola como entidade territorial, este trabalho prop\u00f5e uma reflex\u00e3o a partir desse surgimento, em termos de estudos estrat\u00e9gicos com os seus componentes militares, pol\u00edticos, socioecon\u00f3micos e a participa\u00e7\u00e3o social marcada por vias de combate assim\u00e9trico. Portanto, soma das \u00e1reas de tens\u00e3o produtoras da Angola hoje.    Ano de edi\u00e7\u00e3o: 08-2021  P\u00e1ginas: 86  Formato: 135 x 210 mm  PVP: 5 000 AKZ (Angola) - 12 EUR (Portugal\/Europa)","og_url":"https:\/\/elivulu.org\/en\/product\/angola-gestao-e-assimetrias-das-guerras-jonuel-goncalves\/","og_site_name":"ELIVULU Editora","article_modified_time":"2025-12-19T12:09:28+00:00","og_image":[{"width":2560,"height":2560,"url":"https:\/\/elivulu.org\/wp-content\/uploads\/2025\/12\/ANGOLA_-GESTA\u2560aO-E-ASSIMETRIAS-DAS-GUERRAS-scaled.png","type":"image\/png"}],"twitter_card":"summary_large_image","twitter_misc":{"Est. reading time":"1 minute"},"schema":{"@context":"https:\/\/schema.org","@graph":[{"@type":"WebPage","@id":"https:\/\/elivulu.org\/product\/angola-gestao-e-assimetrias-das-guerras-jonuel-goncalves\/","url":"https:\/\/elivulu.org\/product\/angola-gestao-e-assimetrias-das-guerras-jonuel-goncalves\/","name":"ANGOLA: GEST\u00c3O E ASSIMETRIAS DAS GUERRAS - ELIVULU Editora","isPartOf":{"@id":"https:\/\/elivulu.org\/#website"},"primaryImageOfPage":{"@id":"https:\/\/elivulu.org\/product\/angola-gestao-e-assimetrias-das-guerras-jonuel-goncalves\/#primaryimage"},"image":{"@id":"https:\/\/elivulu.org\/product\/angola-gestao-e-assimetrias-das-guerras-jonuel-goncalves\/#primaryimage"},"thumbnailUrl":"https:\/\/elivulu.org\/wp-content\/uploads\/2025\/12\/ANGOLA_-GESTA\u2560aO-E-ASSIMETRIAS-DAS-GUERRAS-scaled.png","datePublished":"2025-12-02T11:34:41+00:00","dateModified":"2025-12-19T12:09:28+00:00","breadcrumb":{"@id":"https:\/\/elivulu.org\/product\/angola-gestao-e-assimetrias-das-guerras-jonuel-goncalves\/#breadcrumb"},"inLanguage":"en-US","potentialAction":[{"@type":"ReadAction","target":["https:\/\/elivulu.org\/product\/angola-gestao-e-assimetrias-das-guerras-jonuel-goncalves\/"]}]},{"@type":"ImageObject","inLanguage":"en-US","@id":"https:\/\/elivulu.org\/product\/angola-gestao-e-assimetrias-das-guerras-jonuel-goncalves\/#primaryimage","url":"https:\/\/elivulu.org\/wp-content\/uploads\/2025\/12\/ANGOLA_-GESTA\u2560aO-E-ASSIMETRIAS-DAS-GUERRAS-scaled.png","contentUrl":"https:\/\/elivulu.org\/wp-content\/uploads\/2025\/12\/ANGOLA_-GESTA\u2560aO-E-ASSIMETRIAS-DAS-GUERRAS-scaled.png","width":2560,"height":2560},{"@type":"BreadcrumbList","@id":"https:\/\/elivulu.org\/product\/angola-gestao-e-assimetrias-das-guerras-jonuel-goncalves\/#breadcrumb","itemListElement":[{"@type":"ListItem","position":1,"name":"In\u00edcio","item":"https:\/\/elivulu.org\/"},{"@type":"ListItem","position":2,"name":"Edi\u00e7\u00f5es","item":"https:\/\/elivulu.org\/shop\/"},{"@type":"ListItem","position":3,"name":"ANGOLA: GEST\u00c3O E ASSIMETRIAS DAS GUERRAS"}]},{"@type":"WebSite","@id":"https:\/\/elivulu.org\/#website","url":"https:\/\/elivulu.org\/","name":"ELIVULU Editora","description":"","potentialAction":[{"@type":"SearchAction","target":{"@type":"EntryPoint","urlTemplate":"https:\/\/elivulu.org\/?s={search_term_string}"},"query-input":{"@type":"PropertyValueSpecification","valueRequired":true,"valueName":"search_term_string"}}],"inLanguage":"en-US"}]}},"_links":{"self":[{"href":"https:\/\/elivulu.org\/en\/wp-json\/wp\/v2\/product\/1267","targetHints":{"allow":["GET"]}}],"collection":[{"href":"https:\/\/elivulu.org\/en\/wp-json\/wp\/v2\/product"}],"about":[{"href":"https:\/\/elivulu.org\/en\/wp-json\/wp\/v2\/types\/product"}],"replies":[{"embeddable":true,"href":"https:\/\/elivulu.org\/en\/wp-json\/wp\/v2\/comments?post=1267"}],"version-history":[{"count":3,"href":"https:\/\/elivulu.org\/en\/wp-json\/wp\/v2\/product\/1267\/revisions"}],"predecessor-version":[{"id":2069,"href":"https:\/\/elivulu.org\/en\/wp-json\/wp\/v2\/product\/1267\/revisions\/2069"}],"wp:featuredmedia":[{"embeddable":true,"href":"https:\/\/elivulu.org\/en\/wp-json\/wp\/v2\/media\/2032"}],"wp:attachment":[{"href":"https:\/\/elivulu.org\/en\/wp-json\/wp\/v2\/media?parent=1267"}],"wp:term":[{"taxonomy":"book_author","embeddable":true,"href":"https:\/\/elivulu.org\/en\/wp-json\/wp\/v2\/book_author?post=1267"},{"taxonomy":"product_brand","embeddable":true,"href":"https:\/\/elivulu.org\/en\/wp-json\/wp\/v2\/product_brand?post=1267"},{"taxonomy":"product_cat","embeddable":true,"href":"https:\/\/elivulu.org\/en\/wp-json\/wp\/v2\/product_cat?post=1267"},{"taxonomy":"product_tag","embeddable":true,"href":"https:\/\/elivulu.org\/en\/wp-json\/wp\/v2\/product_tag?post=1267"}],"curies":[{"name":"wp","href":"https:\/\/api.w.org\/{rel}","templated":true}]}}