{"id":1265,"date":"2025-12-02T11:33:51","date_gmt":"2025-12-02T11:33:51","guid":{"rendered":"https:\/\/elivulu.org\/?post_type=product&#038;p=1265"},"modified":"2025-12-19T12:17:32","modified_gmt":"2025-12-19T12:17:32","slug":"etica-educativa-a-luz-da-racionalidade-comunicativa-domingos-da-cruz","status":"publish","type":"product","link":"https:\/\/elivulu.org\/en\/product\/etica-educativa-a-luz-da-racionalidade-comunicativa-domingos-da-cruz\/","title":{"rendered":"\u00c9TICA EDUCATIVA \u00c0 LUZ DA RACIONALIDADE COMUNICATIVA"},"content":{"rendered":"","protected":false},"excerpt":{"rendered":"<p class=\"zfr3Q CDt4Ke\" dir=\"ltr\"><span class=\"C9DxTc\">A \u00e9tica profissional \u00e9 um problema que o mundo contempor\u00e2neo entende ser importante para o exerc\u00edcio profissional adequado em todas as profiss\u00f5es e profissionais. No campo educativo parece que a necessidade de crit\u00e9rios valorativos \u00e9 urgente e necess\u00e1rio porque o processo educativo est\u00e1 centrado no sujeito, que \u00e9 o princ\u00edpio, centro e fim da civiliza\u00e7\u00e3o: a pessoa, o cidad\u00e3o. A diferen\u00e7a entre a deontologia profissional na educa\u00e7\u00e3o e noutras profiss\u00f5es \u00e9 que a educa\u00e7\u00e3o visa a constru\u00e7\u00e3o e reconstru\u00e7\u00e3o humana conforme os avan\u00e7os civilizacionais de cada \u00e9poca hist\u00f3rica. Isto s\u00f3 \u00e9 poss\u00edvel quando o facilitador (professor) interioriza e vivencia alguns crit\u00e9rios morais estabelecidos pela deontologia da sua \u00e1rea.<\/span><\/p>\n<ul>\n<li class=\"zfr3Q CDt4Ke\" dir=\"ltr\" role=\"presentation\"><span class=\"C9DxTc\">Ano de edi\u00e7\u00e3o: 08-2021<\/span><\/li>\n<li class=\"zfr3Q CDt4Ke\" dir=\"ltr\" role=\"presentation\"><span class=\"C9DxTc\">P\u00e1ginas: 82<\/span><\/li>\n<li class=\"zfr3Q CDt4Ke\" dir=\"ltr\" role=\"presentation\"><span class=\"C9DxTc\">Formato: 130 x 185 mm<\/span><\/li>\n<li class=\"zfr3Q CDt4Ke\" dir=\"ltr\" role=\"presentation\"><span class=\"C9DxTc\">PVP: 3 000 AKZ (Angola) &#8211; 9 EUR (Portugal\/Europa)<\/span><\/li>\n<\/ul>","protected":false},"featured_media":2044,"comment_status":"open","ping_status":"closed","template":"","meta":{"_acf_changed":false},"book_author":[43],"product_brand":[],"product_cat":[15],"product_tag":[],"class_list":{"0":"post-1265","1":"product","2":"type-product","3":"status-publish","4":"has-post-thumbnail","6":"book_author-domingos-da-cruz","7":"product_cat-books","9":"first","10":"instock","11":"shipping-taxable","12":"purchasable","13":"product-type-simple"},"acf":[],"yoast_head":"<!-- This site is optimized with the Yoast SEO plugin v27.0 - https:\/\/yoast.com\/product\/yoast-seo-wordpress\/ -->\n<title>\u00c9TICA EDUCATIVA \u00c0 LUZ DA RACIONALIDADE COMUNICATIVA - ELIVULU Editora<\/title>\n<meta name=\"robots\" content=\"index, follow, max-snippet:-1, max-image-preview:large, max-video-preview:-1\" \/>\n<link rel=\"canonical\" href=\"https:\/\/elivulu.org\/en\/product\/etica-educativa-a-luz-da-racionalidade-comunicativa-domingos-da-cruz\/\" \/>\n<meta property=\"og:locale\" content=\"en_US\" \/>\n<meta property=\"og:type\" content=\"article\" \/>\n<meta property=\"og:title\" content=\"\u00c9TICA EDUCATIVA \u00c0 LUZ DA RACIONALIDADE COMUNICATIVA - ELIVULU Editora\" \/>\n<meta property=\"og:description\" content=\"A \u00e9tica profissional \u00e9 um problema que o mundo contempor\u00e2neo entende ser importante para o exerc\u00edcio profissional adequado em todas as profiss\u00f5es e profissionais. No campo educativo parece que a necessidade de crit\u00e9rios valorativos \u00e9 urgente e necess\u00e1rio porque o processo educativo est\u00e1 centrado no sujeito, que \u00e9 o princ\u00edpio, centro e fim da civiliza\u00e7\u00e3o: a pessoa, o cidad\u00e3o. A diferen\u00e7a entre a deontologia profissional na educa\u00e7\u00e3o e noutras profiss\u00f5es \u00e9 que a educa\u00e7\u00e3o visa a constru\u00e7\u00e3o e reconstru\u00e7\u00e3o humana conforme os avan\u00e7os civilizacionais de cada \u00e9poca hist\u00f3rica. Isto s\u00f3 \u00e9 poss\u00edvel quando o facilitador (professor) interioriza e vivencia alguns crit\u00e9rios morais estabelecidos pela deontologia da sua \u00e1rea.    Ano de edi\u00e7\u00e3o: 08-2021  P\u00e1ginas: 82  Formato: 130 x 185 mm  PVP: 3 000 AKZ (Angola) - 9 EUR (Portugal\/Europa)\" \/>\n<meta property=\"og:url\" content=\"https:\/\/elivulu.org\/en\/product\/etica-educativa-a-luz-da-racionalidade-comunicativa-domingos-da-cruz\/\" \/>\n<meta property=\"og:site_name\" content=\"ELIVULU Editora\" \/>\n<meta property=\"article:modified_time\" content=\"2025-12-19T12:17:32+00:00\" \/>\n<meta property=\"og:image\" content=\"https:\/\/elivulu.org\/wp-content\/uploads\/2025\/12\/E\u2560uTICA-EDUCATIVA-A\u2560C-LUZ-DA-RACIONALIDADE-COMUNICATIVA-scaled.png\" \/>\n\t<meta property=\"og:image:width\" content=\"2560\" \/>\n\t<meta property=\"og:image:height\" content=\"2560\" \/>\n\t<meta property=\"og:image:type\" content=\"image\/png\" \/>\n<meta name=\"twitter:card\" content=\"summary_large_image\" \/>\n<meta name=\"twitter:label1\" content=\"Est. reading time\" \/>\n\t<meta name=\"twitter:data1\" content=\"1 minute\" \/>\n<script type=\"application\/ld+json\" class=\"yoast-schema-graph\">{\"@context\":\"https:\/\/schema.org\",\"@graph\":[{\"@type\":\"WebPage\",\"@id\":\"https:\/\/elivulu.org\/product\/etica-educativa-a-luz-da-racionalidade-comunicativa-domingos-da-cruz\/\",\"url\":\"https:\/\/elivulu.org\/product\/etica-educativa-a-luz-da-racionalidade-comunicativa-domingos-da-cruz\/\",\"name\":\"\u00c9TICA EDUCATIVA \u00c0 LUZ DA RACIONALIDADE COMUNICATIVA - ELIVULU Editora\",\"isPartOf\":{\"@id\":\"https:\/\/elivulu.org\/#website\"},\"primaryImageOfPage\":{\"@id\":\"https:\/\/elivulu.org\/product\/etica-educativa-a-luz-da-racionalidade-comunicativa-domingos-da-cruz\/#primaryimage\"},\"image\":{\"@id\":\"https:\/\/elivulu.org\/product\/etica-educativa-a-luz-da-racionalidade-comunicativa-domingos-da-cruz\/#primaryimage\"},\"thumbnailUrl\":\"https:\/\/elivulu.org\/wp-content\/uploads\/2025\/12\/E\u2560uTICA-EDUCATIVA-A\u2560C-LUZ-DA-RACIONALIDADE-COMUNICATIVA-scaled.png\",\"datePublished\":\"2025-12-02T11:33:51+00:00\",\"dateModified\":\"2025-12-19T12:17:32+00:00\",\"breadcrumb\":{\"@id\":\"https:\/\/elivulu.org\/product\/etica-educativa-a-luz-da-racionalidade-comunicativa-domingos-da-cruz\/#breadcrumb\"},\"inLanguage\":\"en-US\",\"potentialAction\":[{\"@type\":\"ReadAction\",\"target\":[\"https:\/\/elivulu.org\/product\/etica-educativa-a-luz-da-racionalidade-comunicativa-domingos-da-cruz\/\"]}]},{\"@type\":\"ImageObject\",\"inLanguage\":\"en-US\",\"@id\":\"https:\/\/elivulu.org\/product\/etica-educativa-a-luz-da-racionalidade-comunicativa-domingos-da-cruz\/#primaryimage\",\"url\":\"https:\/\/elivulu.org\/wp-content\/uploads\/2025\/12\/E\u2560uTICA-EDUCATIVA-A\u2560C-LUZ-DA-RACIONALIDADE-COMUNICATIVA-scaled.png\",\"contentUrl\":\"https:\/\/elivulu.org\/wp-content\/uploads\/2025\/12\/E\u2560uTICA-EDUCATIVA-A\u2560C-LUZ-DA-RACIONALIDADE-COMUNICATIVA-scaled.png\",\"width\":2560,\"height\":2560},{\"@type\":\"BreadcrumbList\",\"@id\":\"https:\/\/elivulu.org\/product\/etica-educativa-a-luz-da-racionalidade-comunicativa-domingos-da-cruz\/#breadcrumb\",\"itemListElement\":[{\"@type\":\"ListItem\",\"position\":1,\"name\":\"In\u00edcio\",\"item\":\"https:\/\/elivulu.org\/\"},{\"@type\":\"ListItem\",\"position\":2,\"name\":\"Edi\u00e7\u00f5es\",\"item\":\"https:\/\/elivulu.org\/shop\/\"},{\"@type\":\"ListItem\",\"position\":3,\"name\":\"\u00c9TICA EDUCATIVA \u00c0 LUZ DA RACIONALIDADE COMUNICATIVA\"}]},{\"@type\":\"WebSite\",\"@id\":\"https:\/\/elivulu.org\/#website\",\"url\":\"https:\/\/elivulu.org\/\",\"name\":\"ELIVULU Editora\",\"description\":\"\",\"potentialAction\":[{\"@type\":\"SearchAction\",\"target\":{\"@type\":\"EntryPoint\",\"urlTemplate\":\"https:\/\/elivulu.org\/?s={search_term_string}\"},\"query-input\":{\"@type\":\"PropertyValueSpecification\",\"valueRequired\":true,\"valueName\":\"search_term_string\"}}],\"inLanguage\":\"en-US\"}]}<\/script>\n<!-- \/ Yoast SEO plugin. -->","yoast_head_json":{"title":"\u00c9TICA EDUCATIVA \u00c0 LUZ DA RACIONALIDADE COMUNICATIVA - ELIVULU Editora","robots":{"index":"index","follow":"follow","max-snippet":"max-snippet:-1","max-image-preview":"max-image-preview:large","max-video-preview":"max-video-preview:-1"},"canonical":"https:\/\/elivulu.org\/en\/product\/etica-educativa-a-luz-da-racionalidade-comunicativa-domingos-da-cruz\/","og_locale":"en_US","og_type":"article","og_title":"\u00c9TICA EDUCATIVA \u00c0 LUZ DA RACIONALIDADE COMUNICATIVA - ELIVULU Editora","og_description":"A \u00e9tica profissional \u00e9 um problema que o mundo contempor\u00e2neo entende ser importante para o exerc\u00edcio profissional adequado em todas as profiss\u00f5es e profissionais. No campo educativo parece que a necessidade de crit\u00e9rios valorativos \u00e9 urgente e necess\u00e1rio porque o processo educativo est\u00e1 centrado no sujeito, que \u00e9 o princ\u00edpio, centro e fim da civiliza\u00e7\u00e3o: a pessoa, o cidad\u00e3o. A diferen\u00e7a entre a deontologia profissional na educa\u00e7\u00e3o e noutras profiss\u00f5es \u00e9 que a educa\u00e7\u00e3o visa a constru\u00e7\u00e3o e reconstru\u00e7\u00e3o humana conforme os avan\u00e7os civilizacionais de cada \u00e9poca hist\u00f3rica. Isto s\u00f3 \u00e9 poss\u00edvel quando o facilitador (professor) interioriza e vivencia alguns crit\u00e9rios morais estabelecidos pela deontologia da sua \u00e1rea.    Ano de edi\u00e7\u00e3o: 08-2021  P\u00e1ginas: 82  Formato: 130 x 185 mm  PVP: 3 000 AKZ (Angola) - 9 EUR (Portugal\/Europa)","og_url":"https:\/\/elivulu.org\/en\/product\/etica-educativa-a-luz-da-racionalidade-comunicativa-domingos-da-cruz\/","og_site_name":"ELIVULU Editora","article_modified_time":"2025-12-19T12:17:32+00:00","og_image":[{"width":2560,"height":2560,"url":"https:\/\/elivulu.org\/wp-content\/uploads\/2025\/12\/E\u2560uTICA-EDUCATIVA-A\u2560C-LUZ-DA-RACIONALIDADE-COMUNICATIVA-scaled.png","type":"image\/png"}],"twitter_card":"summary_large_image","twitter_misc":{"Est. reading time":"1 minute"},"schema":{"@context":"https:\/\/schema.org","@graph":[{"@type":"WebPage","@id":"https:\/\/elivulu.org\/product\/etica-educativa-a-luz-da-racionalidade-comunicativa-domingos-da-cruz\/","url":"https:\/\/elivulu.org\/product\/etica-educativa-a-luz-da-racionalidade-comunicativa-domingos-da-cruz\/","name":"\u00c9TICA EDUCATIVA \u00c0 LUZ DA RACIONALIDADE COMUNICATIVA - ELIVULU Editora","isPartOf":{"@id":"https:\/\/elivulu.org\/#website"},"primaryImageOfPage":{"@id":"https:\/\/elivulu.org\/product\/etica-educativa-a-luz-da-racionalidade-comunicativa-domingos-da-cruz\/#primaryimage"},"image":{"@id":"https:\/\/elivulu.org\/product\/etica-educativa-a-luz-da-racionalidade-comunicativa-domingos-da-cruz\/#primaryimage"},"thumbnailUrl":"https:\/\/elivulu.org\/wp-content\/uploads\/2025\/12\/E\u2560uTICA-EDUCATIVA-A\u2560C-LUZ-DA-RACIONALIDADE-COMUNICATIVA-scaled.png","datePublished":"2025-12-02T11:33:51+00:00","dateModified":"2025-12-19T12:17:32+00:00","breadcrumb":{"@id":"https:\/\/elivulu.org\/product\/etica-educativa-a-luz-da-racionalidade-comunicativa-domingos-da-cruz\/#breadcrumb"},"inLanguage":"en-US","potentialAction":[{"@type":"ReadAction","target":["https:\/\/elivulu.org\/product\/etica-educativa-a-luz-da-racionalidade-comunicativa-domingos-da-cruz\/"]}]},{"@type":"ImageObject","inLanguage":"en-US","@id":"https:\/\/elivulu.org\/product\/etica-educativa-a-luz-da-racionalidade-comunicativa-domingos-da-cruz\/#primaryimage","url":"https:\/\/elivulu.org\/wp-content\/uploads\/2025\/12\/E\u2560uTICA-EDUCATIVA-A\u2560C-LUZ-DA-RACIONALIDADE-COMUNICATIVA-scaled.png","contentUrl":"https:\/\/elivulu.org\/wp-content\/uploads\/2025\/12\/E\u2560uTICA-EDUCATIVA-A\u2560C-LUZ-DA-RACIONALIDADE-COMUNICATIVA-scaled.png","width":2560,"height":2560},{"@type":"BreadcrumbList","@id":"https:\/\/elivulu.org\/product\/etica-educativa-a-luz-da-racionalidade-comunicativa-domingos-da-cruz\/#breadcrumb","itemListElement":[{"@type":"ListItem","position":1,"name":"In\u00edcio","item":"https:\/\/elivulu.org\/"},{"@type":"ListItem","position":2,"name":"Edi\u00e7\u00f5es","item":"https:\/\/elivulu.org\/shop\/"},{"@type":"ListItem","position":3,"name":"\u00c9TICA EDUCATIVA \u00c0 LUZ DA RACIONALIDADE COMUNICATIVA"}]},{"@type":"WebSite","@id":"https:\/\/elivulu.org\/#website","url":"https:\/\/elivulu.org\/","name":"ELIVULU Editora","description":"","potentialAction":[{"@type":"SearchAction","target":{"@type":"EntryPoint","urlTemplate":"https:\/\/elivulu.org\/?s={search_term_string}"},"query-input":{"@type":"PropertyValueSpecification","valueRequired":true,"valueName":"search_term_string"}}],"inLanguage":"en-US"}]}},"_links":{"self":[{"href":"https:\/\/elivulu.org\/en\/wp-json\/wp\/v2\/product\/1265","targetHints":{"allow":["GET"]}}],"collection":[{"href":"https:\/\/elivulu.org\/en\/wp-json\/wp\/v2\/product"}],"about":[{"href":"https:\/\/elivulu.org\/en\/wp-json\/wp\/v2\/types\/product"}],"replies":[{"embeddable":true,"href":"https:\/\/elivulu.org\/en\/wp-json\/wp\/v2\/comments?post=1265"}],"version-history":[{"count":3,"href":"https:\/\/elivulu.org\/en\/wp-json\/wp\/v2\/product\/1265\/revisions"}],"predecessor-version":[{"id":2081,"href":"https:\/\/elivulu.org\/en\/wp-json\/wp\/v2\/product\/1265\/revisions\/2081"}],"wp:featuredmedia":[{"embeddable":true,"href":"https:\/\/elivulu.org\/en\/wp-json\/wp\/v2\/media\/2044"}],"wp:attachment":[{"href":"https:\/\/elivulu.org\/en\/wp-json\/wp\/v2\/media?parent=1265"}],"wp:term":[{"taxonomy":"book_author","embeddable":true,"href":"https:\/\/elivulu.org\/en\/wp-json\/wp\/v2\/book_author?post=1265"},{"taxonomy":"product_brand","embeddable":true,"href":"https:\/\/elivulu.org\/en\/wp-json\/wp\/v2\/product_brand?post=1265"},{"taxonomy":"product_cat","embeddable":true,"href":"https:\/\/elivulu.org\/en\/wp-json\/wp\/v2\/product_cat?post=1265"},{"taxonomy":"product_tag","embeddable":true,"href":"https:\/\/elivulu.org\/en\/wp-json\/wp\/v2\/product_tag?post=1265"}],"curies":[{"name":"wp","href":"https:\/\/api.w.org\/{rel}","templated":true}]}}