{"id":1259,"date":"2025-12-02T11:31:16","date_gmt":"2025-12-02T11:31:16","guid":{"rendered":"https:\/\/elivulu.org\/?post_type=product&#038;p=1259"},"modified":"2025-12-19T12:06:59","modified_gmt":"2025-12-19T12:06:59","slug":"angola-caminhos-e-desafios-da-reconciliacao-e-da-reconstrucao-orlando-ferraz","status":"publish","type":"product","link":"https:\/\/elivulu.org\/en\/product\/angola-caminhos-e-desafios-da-reconciliacao-e-da-reconstrucao-orlando-ferraz\/","title":{"rendered":"ANGOLA: CAMINHOS E DESAFIOS DA RECONCILIA\u00c7\u00c3O E DA RECONSTRU\u00c7\u00c3O"},"content":{"rendered":"","protected":false},"excerpt":{"rendered":"<p class=\"zfr3Q CDt4Ke\" dir=\"ltr\"><span class=\"C9DxTc\">Este \u00e9 um livro sobre o futuro, a sua constru\u00e7\u00e3o a partir do presente, com um olhar ao passado para seguir adiante. Como refere no pref\u00e1cio Ernesto Joaquim Mulato, engenheiro e ex-deputado \u00e0 Assembleia Nacional de Angola, o tema desta obra \u00abconstitui uma das aspira\u00e7\u00f5es nacionais prim\u00e1rias de qualquer Estado que queira trilhar o caminho do desenvolvimento harmonioso e sustentado tendo como o ponto de chegada o bem-estar econ\u00f3mico e social do seu povo\u00bb.<\/span><\/p>\n<p class=\"zfr3Q CDt4Ke\" dir=\"ltr\"><span class=\"C9DxTc\">O livro est\u00e1 estruturado em 5 parte. Na primeira o autor retrata os factos hist\u00f3ricos que directa ou indirectamente contribu\u00edram na forma\u00e7\u00e3o e tomada de consci\u00eancia nacional para a revolta contra a ocupa\u00e7\u00e3o colonial que se desenvolveu com a luta de liberta\u00e7\u00e3o nacional encetada pelos nacionalistas angolanos at\u00e9 a assinatura dos acordos de Alvor entre o governo portugu\u00eas e os tr\u00eas movimentos de liberta\u00e7\u00e3o nacional. A segunda parte traz \u00e0 lembran\u00e7a o hist\u00f3rico da guerra fratricida influenciada pela guerra fria. O autor faz ainda uma incurs\u00e3o at\u00e9 aos acontecimentos vivenciados em Angola no fat\u00eddico e memor\u00e1vel dia 27 de Maio de 1977 devido ao seu impacto adverso na defesa e garantia dos direitos humanos. As elei\u00e7\u00f5es gerais de 1992 e os acontecimentos p\u00f3s-eleitorais, incluindo a retoma do conflito armado at\u00e9 a expuls\u00e3o da UNITA das cidades do Bailundo (Huambo) e Andulo (Bi\u00e9) constituem a abordagem da terceira parte. A seguir trata do recrudescimento da guerra civil p\u00f3s-eleitoral. A \u00faltima parte \u00e9 sobre esperan\u00e7a, sobre a merecida bonan\u00e7a que \u00abAngola, agora ou nunca\u00bb, muito precisa. Enfatiza o autor: todo angolano deve acreditar que a felicidade \u00e9 o \u00faltimo bem prosseguido pela reconcilia\u00e7\u00e3o e reconstru\u00e7\u00e3o nacional.<\/span><\/p>\n<p class=\"zfr3Q CDt4Ke\" dir=\"ltr\"><span class=\"C9DxTc\">Um estudo profundo que condensa 25 anos de pesquisa \u2013 1997 a 2022 \u2013 com recurso a diversas fontes, quer bibliogr\u00e1ficas como orais, com entrevistas in\u00e9ditas de personalidades da hist\u00f3ria angolana e de \u00c1frica, entre as quais se destaca Kenneth Kaunda, pan-africanista, primeiro presidente da Z\u00e1mbia (1964-1991).<\/span><\/p>\n<p class=\"zfr3Q CDt4Ke\" dir=\"ltr\"><span class=\"C9DxTc\">Este \u00e9 o segundo livro do mestre em ci\u00eancias sociais e pol\u00edticas Orlando Ferraz. \u00abA pol\u00edtica africana de Alemanha depois da queda do Muro de Berlim\u00bb (Editora Tectum, Marburg, 2005).<\/span><\/p>\n<ul>\n<li class=\"zfr3Q CDt4Ke\" dir=\"ltr\" role=\"presentation\"><span class=\"C9DxTc\">Ano de edi\u00e7\u00e3o:\u00a0<\/span><span class=\"C9DxTc\">12<\/span><span class=\"C9DxTc\">-202<\/span><span class=\"C9DxTc\">2<\/span><\/li>\n<li class=\"zfr3Q CDt4Ke\" dir=\"ltr\" role=\"presentation\"><span class=\"C9DxTc\">P\u00e1ginas: 202<\/span><\/li>\n<li class=\"zfr3Q CDt4Ke\" dir=\"ltr\" role=\"presentation\"><span class=\"C9DxTc\">Formato: 115 x 230 mm<\/span><\/li>\n<li class=\"zfr3Q CDt4Ke\" dir=\"ltr\" role=\"presentation\"><span class=\"C9DxTc\">PVP:\u00a0<\/span><span class=\"C9DxTc\">10<\/span><span class=\"C9DxTc\">\u00a0000 AKZ (Angola) &#8211; 17,5 EUR (Portugal\/Europa)<\/span><\/li>\n<li class=\"zfr3Q CDt4Ke\" dir=\"ltr\" role=\"presentation\"><span class=\"C9DxTc\">ISBN: 978-989-53269-2-1<\/span><\/li>\n<\/ul>","protected":false},"featured_media":2031,"comment_status":"open","ping_status":"closed","template":"","meta":{"_acf_changed":false},"book_author":[41],"product_brand":[],"product_cat":[15],"product_tag":[],"class_list":{"0":"post-1259","1":"product","2":"type-product","3":"status-publish","4":"has-post-thumbnail","6":"book_author-orlando-ferraz","7":"product_cat-books","9":"first","10":"instock","11":"shipping-taxable","12":"purchasable","13":"product-type-simple"},"acf":[],"yoast_head":"<!-- This site is optimized with the Yoast SEO plugin v27.0 - https:\/\/yoast.com\/product\/yoast-seo-wordpress\/ -->\n<title>ANGOLA: CAMINHOS E DESAFIOS DA RECONCILIA\u00c7\u00c3O E DA RECONSTRU\u00c7\u00c3O - ELIVULU Editora<\/title>\n<meta name=\"robots\" content=\"index, follow, max-snippet:-1, max-image-preview:large, max-video-preview:-1\" \/>\n<link rel=\"canonical\" href=\"https:\/\/elivulu.org\/en\/product\/angola-caminhos-e-desafios-da-reconciliacao-e-da-reconstrucao-orlando-ferraz\/\" \/>\n<meta property=\"og:locale\" content=\"en_US\" \/>\n<meta property=\"og:type\" content=\"article\" \/>\n<meta property=\"og:title\" content=\"ANGOLA: CAMINHOS E DESAFIOS DA RECONCILIA\u00c7\u00c3O E DA RECONSTRU\u00c7\u00c3O - ELIVULU Editora\" \/>\n<meta property=\"og:description\" content=\"Este \u00e9 um livro sobre o futuro, a sua constru\u00e7\u00e3o a partir do presente, com um olhar ao passado para seguir adiante. Como refere no pref\u00e1cio Ernesto Joaquim Mulato, engenheiro e ex-deputado \u00e0 Assembleia Nacional de Angola, o tema desta obra \u00abconstitui uma das aspira\u00e7\u00f5es nacionais prim\u00e1rias de qualquer Estado que queira trilhar o caminho do desenvolvimento harmonioso e sustentado tendo como o ponto de chegada o bem-estar econ\u00f3mico e social do seu povo\u00bb. O livro est\u00e1 estruturado em 5 parte. Na primeira o autor retrata os factos hist\u00f3ricos que directa ou indirectamente contribu\u00edram na forma\u00e7\u00e3o e tomada de consci\u00eancia nacional para a revolta contra a ocupa\u00e7\u00e3o colonial que se desenvolveu com a luta de liberta\u00e7\u00e3o nacional encetada pelos nacionalistas angolanos at\u00e9 a assinatura dos acordos de Alvor entre o governo portugu\u00eas e os tr\u00eas movimentos de liberta\u00e7\u00e3o nacional. A segunda parte traz \u00e0 lembran\u00e7a o hist\u00f3rico da guerra fratricida influenciada pela guerra fria. O autor faz ainda uma incurs\u00e3o at\u00e9 aos acontecimentos vivenciados em Angola no fat\u00eddico e memor\u00e1vel dia 27 de Maio de 1977 devido ao seu impacto adverso na defesa e garantia dos direitos humanos. As elei\u00e7\u00f5es gerais de 1992 e os acontecimentos p\u00f3s-eleitorais, incluindo a retoma do conflito armado at\u00e9 a expuls\u00e3o da UNITA das cidades do Bailundo (Huambo) e Andulo (Bi\u00e9) constituem a abordagem da terceira parte. A seguir trata do recrudescimento da guerra civil p\u00f3s-eleitoral. A \u00faltima parte \u00e9 sobre esperan\u00e7a, sobre a merecida bonan\u00e7a que \u00abAngola, agora ou nunca\u00bb, muito precisa. Enfatiza o autor: todo angolano deve acreditar que a felicidade \u00e9 o \u00faltimo bem prosseguido pela reconcilia\u00e7\u00e3o e reconstru\u00e7\u00e3o nacional. Um estudo profundo que condensa 25 anos de pesquisa \u2013 1997 a 2022 \u2013 com recurso a diversas fontes, quer bibliogr\u00e1ficas como orais, com entrevistas in\u00e9ditas de personalidades da hist\u00f3ria angolana e de \u00c1frica, entre as quais se destaca Kenneth Kaunda, pan-africanista, primeiro presidente da Z\u00e1mbia (1964-1991). Este \u00e9 o segundo livro do mestre em ci\u00eancias sociais e pol\u00edticas Orlando Ferraz. \u00abA pol\u00edtica africana de Alemanha depois da queda do Muro de Berlim\u00bb (Editora Tectum, Marburg, 2005).    Ano de edi\u00e7\u00e3o:\u00a012-2022  P\u00e1ginas: 202  Formato: 115 x 230 mm  PVP:\u00a010\u00a0000 AKZ (Angola) - 17,5 EUR (Portugal\/Europa)  ISBN: 978-989-53269-2-1\" \/>\n<meta property=\"og:url\" content=\"https:\/\/elivulu.org\/en\/product\/angola-caminhos-e-desafios-da-reconciliacao-e-da-reconstrucao-orlando-ferraz\/\" \/>\n<meta property=\"og:site_name\" content=\"ELIVULU Editora\" \/>\n<meta property=\"article:modified_time\" content=\"2025-12-19T12:06:59+00:00\" \/>\n<meta property=\"og:image\" content=\"https:\/\/elivulu.org\/wp-content\/uploads\/2025\/12\/ANGOLA_-CAMINHOS-E-DESAFIOS-DA-RECONCILIAC\u2560oA\u2560aO-E-DA-RECONSTRUC\u2560oA\u2560aO-scaled.png\" \/>\n\t<meta property=\"og:image:width\" content=\"2560\" \/>\n\t<meta property=\"og:image:height\" content=\"2560\" \/>\n\t<meta property=\"og:image:type\" content=\"image\/png\" \/>\n<meta name=\"twitter:card\" content=\"summary_large_image\" \/>\n<meta name=\"twitter:label1\" content=\"Est. reading time\" \/>\n\t<meta name=\"twitter:data1\" content=\"1 minute\" \/>\n<script type=\"application\/ld+json\" class=\"yoast-schema-graph\">{\"@context\":\"https:\/\/schema.org\",\"@graph\":[{\"@type\":\"WebPage\",\"@id\":\"https:\/\/elivulu.org\/product\/angola-caminhos-e-desafios-da-reconciliacao-e-da-reconstrucao-orlando-ferraz\/\",\"url\":\"https:\/\/elivulu.org\/product\/angola-caminhos-e-desafios-da-reconciliacao-e-da-reconstrucao-orlando-ferraz\/\",\"name\":\"ANGOLA: CAMINHOS E DESAFIOS DA RECONCILIA\u00c7\u00c3O E DA RECONSTRU\u00c7\u00c3O - ELIVULU Editora\",\"isPartOf\":{\"@id\":\"https:\/\/elivulu.org\/#website\"},\"primaryImageOfPage\":{\"@id\":\"https:\/\/elivulu.org\/product\/angola-caminhos-e-desafios-da-reconciliacao-e-da-reconstrucao-orlando-ferraz\/#primaryimage\"},\"image\":{\"@id\":\"https:\/\/elivulu.org\/product\/angola-caminhos-e-desafios-da-reconciliacao-e-da-reconstrucao-orlando-ferraz\/#primaryimage\"},\"thumbnailUrl\":\"https:\/\/elivulu.org\/wp-content\/uploads\/2025\/12\/ANGOLA_-CAMINHOS-E-DESAFIOS-DA-RECONCILIAC\u2560oA\u2560aO-E-DA-RECONSTRUC\u2560oA\u2560aO-scaled.png\",\"datePublished\":\"2025-12-02T11:31:16+00:00\",\"dateModified\":\"2025-12-19T12:06:59+00:00\",\"breadcrumb\":{\"@id\":\"https:\/\/elivulu.org\/product\/angola-caminhos-e-desafios-da-reconciliacao-e-da-reconstrucao-orlando-ferraz\/#breadcrumb\"},\"inLanguage\":\"en-US\",\"potentialAction\":[{\"@type\":\"ReadAction\",\"target\":[\"https:\/\/elivulu.org\/product\/angola-caminhos-e-desafios-da-reconciliacao-e-da-reconstrucao-orlando-ferraz\/\"]}]},{\"@type\":\"ImageObject\",\"inLanguage\":\"en-US\",\"@id\":\"https:\/\/elivulu.org\/product\/angola-caminhos-e-desafios-da-reconciliacao-e-da-reconstrucao-orlando-ferraz\/#primaryimage\",\"url\":\"https:\/\/elivulu.org\/wp-content\/uploads\/2025\/12\/ANGOLA_-CAMINHOS-E-DESAFIOS-DA-RECONCILIAC\u2560oA\u2560aO-E-DA-RECONSTRUC\u2560oA\u2560aO-scaled.png\",\"contentUrl\":\"https:\/\/elivulu.org\/wp-content\/uploads\/2025\/12\/ANGOLA_-CAMINHOS-E-DESAFIOS-DA-RECONCILIAC\u2560oA\u2560aO-E-DA-RECONSTRUC\u2560oA\u2560aO-scaled.png\",\"width\":2560,\"height\":2560},{\"@type\":\"BreadcrumbList\",\"@id\":\"https:\/\/elivulu.org\/product\/angola-caminhos-e-desafios-da-reconciliacao-e-da-reconstrucao-orlando-ferraz\/#breadcrumb\",\"itemListElement\":[{\"@type\":\"ListItem\",\"position\":1,\"name\":\"In\u00edcio\",\"item\":\"https:\/\/elivulu.org\/\"},{\"@type\":\"ListItem\",\"position\":2,\"name\":\"Edi\u00e7\u00f5es\",\"item\":\"https:\/\/elivulu.org\/shop\/\"},{\"@type\":\"ListItem\",\"position\":3,\"name\":\"ANGOLA: CAMINHOS E DESAFIOS DA RECONCILIA\u00c7\u00c3O E DA RECONSTRU\u00c7\u00c3O\"}]},{\"@type\":\"WebSite\",\"@id\":\"https:\/\/elivulu.org\/#website\",\"url\":\"https:\/\/elivulu.org\/\",\"name\":\"ELIVULU Editora\",\"description\":\"\",\"potentialAction\":[{\"@type\":\"SearchAction\",\"target\":{\"@type\":\"EntryPoint\",\"urlTemplate\":\"https:\/\/elivulu.org\/?s={search_term_string}\"},\"query-input\":{\"@type\":\"PropertyValueSpecification\",\"valueRequired\":true,\"valueName\":\"search_term_string\"}}],\"inLanguage\":\"en-US\"}]}<\/script>\n<!-- \/ Yoast SEO plugin. -->","yoast_head_json":{"title":"ANGOLA: CAMINHOS E DESAFIOS DA RECONCILIA\u00c7\u00c3O E DA RECONSTRU\u00c7\u00c3O - ELIVULU Editora","robots":{"index":"index","follow":"follow","max-snippet":"max-snippet:-1","max-image-preview":"max-image-preview:large","max-video-preview":"max-video-preview:-1"},"canonical":"https:\/\/elivulu.org\/en\/product\/angola-caminhos-e-desafios-da-reconciliacao-e-da-reconstrucao-orlando-ferraz\/","og_locale":"en_US","og_type":"article","og_title":"ANGOLA: CAMINHOS E DESAFIOS DA RECONCILIA\u00c7\u00c3O E DA RECONSTRU\u00c7\u00c3O - ELIVULU Editora","og_description":"Este \u00e9 um livro sobre o futuro, a sua constru\u00e7\u00e3o a partir do presente, com um olhar ao passado para seguir adiante. Como refere no pref\u00e1cio Ernesto Joaquim Mulato, engenheiro e ex-deputado \u00e0 Assembleia Nacional de Angola, o tema desta obra \u00abconstitui uma das aspira\u00e7\u00f5es nacionais prim\u00e1rias de qualquer Estado que queira trilhar o caminho do desenvolvimento harmonioso e sustentado tendo como o ponto de chegada o bem-estar econ\u00f3mico e social do seu povo\u00bb. O livro est\u00e1 estruturado em 5 parte. Na primeira o autor retrata os factos hist\u00f3ricos que directa ou indirectamente contribu\u00edram na forma\u00e7\u00e3o e tomada de consci\u00eancia nacional para a revolta contra a ocupa\u00e7\u00e3o colonial que se desenvolveu com a luta de liberta\u00e7\u00e3o nacional encetada pelos nacionalistas angolanos at\u00e9 a assinatura dos acordos de Alvor entre o governo portugu\u00eas e os tr\u00eas movimentos de liberta\u00e7\u00e3o nacional. A segunda parte traz \u00e0 lembran\u00e7a o hist\u00f3rico da guerra fratricida influenciada pela guerra fria. O autor faz ainda uma incurs\u00e3o at\u00e9 aos acontecimentos vivenciados em Angola no fat\u00eddico e memor\u00e1vel dia 27 de Maio de 1977 devido ao seu impacto adverso na defesa e garantia dos direitos humanos. As elei\u00e7\u00f5es gerais de 1992 e os acontecimentos p\u00f3s-eleitorais, incluindo a retoma do conflito armado at\u00e9 a expuls\u00e3o da UNITA das cidades do Bailundo (Huambo) e Andulo (Bi\u00e9) constituem a abordagem da terceira parte. A seguir trata do recrudescimento da guerra civil p\u00f3s-eleitoral. A \u00faltima parte \u00e9 sobre esperan\u00e7a, sobre a merecida bonan\u00e7a que \u00abAngola, agora ou nunca\u00bb, muito precisa. Enfatiza o autor: todo angolano deve acreditar que a felicidade \u00e9 o \u00faltimo bem prosseguido pela reconcilia\u00e7\u00e3o e reconstru\u00e7\u00e3o nacional. Um estudo profundo que condensa 25 anos de pesquisa \u2013 1997 a 2022 \u2013 com recurso a diversas fontes, quer bibliogr\u00e1ficas como orais, com entrevistas in\u00e9ditas de personalidades da hist\u00f3ria angolana e de \u00c1frica, entre as quais se destaca Kenneth Kaunda, pan-africanista, primeiro presidente da Z\u00e1mbia (1964-1991). Este \u00e9 o segundo livro do mestre em ci\u00eancias sociais e pol\u00edticas Orlando Ferraz. \u00abA pol\u00edtica africana de Alemanha depois da queda do Muro de Berlim\u00bb (Editora Tectum, Marburg, 2005).    Ano de edi\u00e7\u00e3o:\u00a012-2022  P\u00e1ginas: 202  Formato: 115 x 230 mm  PVP:\u00a010\u00a0000 AKZ (Angola) - 17,5 EUR (Portugal\/Europa)  ISBN: 978-989-53269-2-1","og_url":"https:\/\/elivulu.org\/en\/product\/angola-caminhos-e-desafios-da-reconciliacao-e-da-reconstrucao-orlando-ferraz\/","og_site_name":"ELIVULU Editora","article_modified_time":"2025-12-19T12:06:59+00:00","og_image":[{"width":2560,"height":2560,"url":"https:\/\/elivulu.org\/wp-content\/uploads\/2025\/12\/ANGOLA_-CAMINHOS-E-DESAFIOS-DA-RECONCILIAC\u2560oA\u2560aO-E-DA-RECONSTRUC\u2560oA\u2560aO-scaled.png","type":"image\/png"}],"twitter_card":"summary_large_image","twitter_misc":{"Est. reading time":"1 minute"},"schema":{"@context":"https:\/\/schema.org","@graph":[{"@type":"WebPage","@id":"https:\/\/elivulu.org\/product\/angola-caminhos-e-desafios-da-reconciliacao-e-da-reconstrucao-orlando-ferraz\/","url":"https:\/\/elivulu.org\/product\/angola-caminhos-e-desafios-da-reconciliacao-e-da-reconstrucao-orlando-ferraz\/","name":"ANGOLA: CAMINHOS E DESAFIOS DA RECONCILIA\u00c7\u00c3O E DA RECONSTRU\u00c7\u00c3O - ELIVULU Editora","isPartOf":{"@id":"https:\/\/elivulu.org\/#website"},"primaryImageOfPage":{"@id":"https:\/\/elivulu.org\/product\/angola-caminhos-e-desafios-da-reconciliacao-e-da-reconstrucao-orlando-ferraz\/#primaryimage"},"image":{"@id":"https:\/\/elivulu.org\/product\/angola-caminhos-e-desafios-da-reconciliacao-e-da-reconstrucao-orlando-ferraz\/#primaryimage"},"thumbnailUrl":"https:\/\/elivulu.org\/wp-content\/uploads\/2025\/12\/ANGOLA_-CAMINHOS-E-DESAFIOS-DA-RECONCILIAC\u2560oA\u2560aO-E-DA-RECONSTRUC\u2560oA\u2560aO-scaled.png","datePublished":"2025-12-02T11:31:16+00:00","dateModified":"2025-12-19T12:06:59+00:00","breadcrumb":{"@id":"https:\/\/elivulu.org\/product\/angola-caminhos-e-desafios-da-reconciliacao-e-da-reconstrucao-orlando-ferraz\/#breadcrumb"},"inLanguage":"en-US","potentialAction":[{"@type":"ReadAction","target":["https:\/\/elivulu.org\/product\/angola-caminhos-e-desafios-da-reconciliacao-e-da-reconstrucao-orlando-ferraz\/"]}]},{"@type":"ImageObject","inLanguage":"en-US","@id":"https:\/\/elivulu.org\/product\/angola-caminhos-e-desafios-da-reconciliacao-e-da-reconstrucao-orlando-ferraz\/#primaryimage","url":"https:\/\/elivulu.org\/wp-content\/uploads\/2025\/12\/ANGOLA_-CAMINHOS-E-DESAFIOS-DA-RECONCILIAC\u2560oA\u2560aO-E-DA-RECONSTRUC\u2560oA\u2560aO-scaled.png","contentUrl":"https:\/\/elivulu.org\/wp-content\/uploads\/2025\/12\/ANGOLA_-CAMINHOS-E-DESAFIOS-DA-RECONCILIAC\u2560oA\u2560aO-E-DA-RECONSTRUC\u2560oA\u2560aO-scaled.png","width":2560,"height":2560},{"@type":"BreadcrumbList","@id":"https:\/\/elivulu.org\/product\/angola-caminhos-e-desafios-da-reconciliacao-e-da-reconstrucao-orlando-ferraz\/#breadcrumb","itemListElement":[{"@type":"ListItem","position":1,"name":"In\u00edcio","item":"https:\/\/elivulu.org\/"},{"@type":"ListItem","position":2,"name":"Edi\u00e7\u00f5es","item":"https:\/\/elivulu.org\/shop\/"},{"@type":"ListItem","position":3,"name":"ANGOLA: CAMINHOS E DESAFIOS DA RECONCILIA\u00c7\u00c3O E DA RECONSTRU\u00c7\u00c3O"}]},{"@type":"WebSite","@id":"https:\/\/elivulu.org\/#website","url":"https:\/\/elivulu.org\/","name":"ELIVULU Editora","description":"","potentialAction":[{"@type":"SearchAction","target":{"@type":"EntryPoint","urlTemplate":"https:\/\/elivulu.org\/?s={search_term_string}"},"query-input":{"@type":"PropertyValueSpecification","valueRequired":true,"valueName":"search_term_string"}}],"inLanguage":"en-US"}]}},"_links":{"self":[{"href":"https:\/\/elivulu.org\/en\/wp-json\/wp\/v2\/product\/1259","targetHints":{"allow":["GET"]}}],"collection":[{"href":"https:\/\/elivulu.org\/en\/wp-json\/wp\/v2\/product"}],"about":[{"href":"https:\/\/elivulu.org\/en\/wp-json\/wp\/v2\/types\/product"}],"replies":[{"embeddable":true,"href":"https:\/\/elivulu.org\/en\/wp-json\/wp\/v2\/comments?post=1259"}],"version-history":[{"count":3,"href":"https:\/\/elivulu.org\/en\/wp-json\/wp\/v2\/product\/1259\/revisions"}],"predecessor-version":[{"id":2068,"href":"https:\/\/elivulu.org\/en\/wp-json\/wp\/v2\/product\/1259\/revisions\/2068"}],"wp:featuredmedia":[{"embeddable":true,"href":"https:\/\/elivulu.org\/en\/wp-json\/wp\/v2\/media\/2031"}],"wp:attachment":[{"href":"https:\/\/elivulu.org\/en\/wp-json\/wp\/v2\/media?parent=1259"}],"wp:term":[{"taxonomy":"book_author","embeddable":true,"href":"https:\/\/elivulu.org\/en\/wp-json\/wp\/v2\/book_author?post=1259"},{"taxonomy":"product_brand","embeddable":true,"href":"https:\/\/elivulu.org\/en\/wp-json\/wp\/v2\/product_brand?post=1259"},{"taxonomy":"product_cat","embeddable":true,"href":"https:\/\/elivulu.org\/en\/wp-json\/wp\/v2\/product_cat?post=1259"},{"taxonomy":"product_tag","embeddable":true,"href":"https:\/\/elivulu.org\/en\/wp-json\/wp\/v2\/product_tag?post=1259"}],"curies":[{"name":"wp","href":"https:\/\/api.w.org\/{rel}","templated":true}]}}