{"id":1255,"date":"2025-12-02T11:29:47","date_gmt":"2025-12-02T11:29:47","guid":{"rendered":"https:\/\/elivulu.org\/?post_type=product&#038;p=1255"},"modified":"2025-12-19T12:14:19","modified_gmt":"2025-12-19T12:14:19","slug":"da-emergencia-do-nacionalismo-moderno-angolano-ao-assassinato-politico-de-viriato-da-cruz-fernando-luis-de-azevedo-e-silva","status":"publish","type":"product","link":"https:\/\/elivulu.org\/en\/product\/da-emergencia-do-nacionalismo-moderno-angolano-ao-assassinato-politico-de-viriato-da-cruz-fernando-luis-de-azevedo-e-silva\/","title":{"rendered":"DA EMERG\u00caNCIA DO NACIONALISMO MODERNO ANGOLANO AO ASSASSINATO POL\u00cdTICO DE VIRIATO DA CRUZ"},"content":{"rendered":"","protected":false},"excerpt":{"rendered":"<p class=\"zfr3Q CDt4Ke\" dir=\"ltr\"><span class=\"C9DxTc\">O autor escolheu o tema deste livro pela import\u00e2ncia da emerg\u00eancia do nacionalismo. Aos 18 anos, Fernando Lu\u00eds de Azevedo e Silva constava de uma lista da tenebrosa DISA para o seu assassinato. Neste livro deslinda o papel de Viriato da Cruz no movimento nacionalista em Angola, em meados do s\u00e9culo XX. Cruz nasceu em Angola, em 1928, foi escritor, poeta, jornalista e activista pol\u00edtico. Quando jovem, testemunhou as injusti\u00e7as e discrimina\u00e7\u00f5es sofridas pela popula\u00e7\u00e3o africana sob o dom\u00ednio colonial portugu\u00eas e envolveu-se com tenacidade na luta pela independ\u00eancia do territ\u00f3rio ocupado de Angola. Nessa altura, existiam em Angola numerosos grupos pol\u00edticos, incluindo organiza\u00e7\u00f5es culturais e grupos de teatro, mas sem estrutura partid\u00e1ria. Como consequ\u00eancia, surgiram organiza\u00e7\u00f5es nacionalistas, como a Uni\u00e3o dos Povos de Angola (UPA) e o Movimento Popular de Liberta\u00e7\u00e3o de Angola (MPLA). Esta efervesc\u00eancia ocorreu na d\u00e9cada de 1950, e tamb\u00e9m surgiu a revista Mensagem que se tornou uma importante plataforma de divulga\u00e7\u00e3o de ideias nacionalistas.<\/span><\/p>\n<ul>\n<li class=\"zfr3Q CDt4Ke\" dir=\"ltr\" role=\"presentation\"><span class=\"C9DxTc\">Ano de edi\u00e7\u00e3o: 05-2023<\/span><\/li>\n<li class=\"zfr3Q CDt4Ke\" dir=\"ltr\" role=\"presentation\"><span class=\"C9DxTc\">P\u00e1ginas: 198<\/span><\/li>\n<li class=\"zfr3Q CDt4Ke\" dir=\"ltr\" role=\"presentation\"><span class=\"C9DxTc\">Formato: 150 x 230 mm<\/span><\/li>\n<li class=\"zfr3Q CDt4Ke\" dir=\"ltr\" role=\"presentation\"><span class=\"C9DxTc\">PVP: 15.000 KZS<\/span><\/li>\n<\/ul>","protected":false},"featured_media":2038,"comment_status":"open","ping_status":"closed","template":"","meta":{"_acf_changed":false},"book_author":[39],"product_brand":[],"product_cat":[15],"product_tag":[],"class_list":{"0":"post-1255","1":"product","2":"type-product","3":"status-publish","4":"has-post-thumbnail","6":"book_author-fernando-luis-de-azevedo-e-silva","7":"product_cat-books","9":"first","10":"instock","11":"shipping-taxable","12":"purchasable","13":"product-type-simple"},"acf":[],"yoast_head":"<!-- This site is optimized with the Yoast SEO plugin v27.0 - https:\/\/yoast.com\/product\/yoast-seo-wordpress\/ -->\n<title>DA EMERG\u00caNCIA DO NACIONALISMO MODERNO ANGOLANO AO ASSASSINATO POL\u00cdTICO DE VIRIATO DA CRUZ - ELIVULU Editora<\/title>\n<meta name=\"robots\" content=\"index, follow, max-snippet:-1, max-image-preview:large, max-video-preview:-1\" \/>\n<link rel=\"canonical\" href=\"https:\/\/elivulu.org\/en\/product\/da-emergencia-do-nacionalismo-moderno-angolano-ao-assassinato-politico-de-viriato-da-cruz-fernando-luis-de-azevedo-e-silva\/\" \/>\n<meta property=\"og:locale\" content=\"en_US\" \/>\n<meta property=\"og:type\" content=\"article\" \/>\n<meta property=\"og:title\" content=\"DA EMERG\u00caNCIA DO NACIONALISMO MODERNO ANGOLANO AO ASSASSINATO POL\u00cdTICO DE VIRIATO DA CRUZ - ELIVULU Editora\" \/>\n<meta property=\"og:description\" content=\"O autor escolheu o tema deste livro pela import\u00e2ncia da emerg\u00eancia do nacionalismo. Aos 18 anos, Fernando Lu\u00eds de Azevedo e Silva constava de uma lista da tenebrosa DISA para o seu assassinato. Neste livro deslinda o papel de Viriato da Cruz no movimento nacionalista em Angola, em meados do s\u00e9culo XX. Cruz nasceu em Angola, em 1928, foi escritor, poeta, jornalista e activista pol\u00edtico. Quando jovem, testemunhou as injusti\u00e7as e discrimina\u00e7\u00f5es sofridas pela popula\u00e7\u00e3o africana sob o dom\u00ednio colonial portugu\u00eas e envolveu-se com tenacidade na luta pela independ\u00eancia do territ\u00f3rio ocupado de Angola. Nessa altura, existiam em Angola numerosos grupos pol\u00edticos, incluindo organiza\u00e7\u00f5es culturais e grupos de teatro, mas sem estrutura partid\u00e1ria. Como consequ\u00eancia, surgiram organiza\u00e7\u00f5es nacionalistas, como a Uni\u00e3o dos Povos de Angola (UPA) e o Movimento Popular de Liberta\u00e7\u00e3o de Angola (MPLA). Esta efervesc\u00eancia ocorreu na d\u00e9cada de 1950, e tamb\u00e9m surgiu a revista Mensagem que se tornou uma importante plataforma de divulga\u00e7\u00e3o de ideias nacionalistas.    Ano de edi\u00e7\u00e3o: 05-2023  P\u00e1ginas: 198  Formato: 150 x 230 mm  PVP: 15.000 KZS\" \/>\n<meta property=\"og:url\" content=\"https:\/\/elivulu.org\/en\/product\/da-emergencia-do-nacionalismo-moderno-angolano-ao-assassinato-politico-de-viriato-da-cruz-fernando-luis-de-azevedo-e-silva\/\" \/>\n<meta property=\"og:site_name\" content=\"ELIVULU Editora\" \/>\n<meta property=\"article:modified_time\" content=\"2025-12-19T12:14:19+00:00\" \/>\n<meta property=\"og:image\" content=\"https:\/\/elivulu.org\/wp-content\/uploads\/2025\/12\/DA-EMERGE\u2560eNCIA-DO-NACIONALISMO-MODERNO-ANGOLANO-AO-ASSASSINATO-POLI\u2560uTICO-DE-VIRIATO-DA-CRUZ-scaled.png\" \/>\n\t<meta property=\"og:image:width\" content=\"2560\" \/>\n\t<meta property=\"og:image:height\" content=\"2560\" \/>\n\t<meta property=\"og:image:type\" content=\"image\/png\" \/>\n<meta name=\"twitter:card\" content=\"summary_large_image\" \/>\n<meta name=\"twitter:label1\" content=\"Est. reading time\" \/>\n\t<meta name=\"twitter:data1\" content=\"1 minute\" \/>\n<script type=\"application\/ld+json\" class=\"yoast-schema-graph\">{\"@context\":\"https:\/\/schema.org\",\"@graph\":[{\"@type\":\"WebPage\",\"@id\":\"https:\/\/elivulu.org\/product\/da-emergencia-do-nacionalismo-moderno-angolano-ao-assassinato-politico-de-viriato-da-cruz-fernando-luis-de-azevedo-e-silva\/\",\"url\":\"https:\/\/elivulu.org\/product\/da-emergencia-do-nacionalismo-moderno-angolano-ao-assassinato-politico-de-viriato-da-cruz-fernando-luis-de-azevedo-e-silva\/\",\"name\":\"DA EMERG\u00caNCIA DO NACIONALISMO MODERNO ANGOLANO AO ASSASSINATO POL\u00cdTICO DE VIRIATO DA CRUZ - ELIVULU Editora\",\"isPartOf\":{\"@id\":\"https:\/\/elivulu.org\/#website\"},\"primaryImageOfPage\":{\"@id\":\"https:\/\/elivulu.org\/product\/da-emergencia-do-nacionalismo-moderno-angolano-ao-assassinato-politico-de-viriato-da-cruz-fernando-luis-de-azevedo-e-silva\/#primaryimage\"},\"image\":{\"@id\":\"https:\/\/elivulu.org\/product\/da-emergencia-do-nacionalismo-moderno-angolano-ao-assassinato-politico-de-viriato-da-cruz-fernando-luis-de-azevedo-e-silva\/#primaryimage\"},\"thumbnailUrl\":\"https:\/\/elivulu.org\/wp-content\/uploads\/2025\/12\/DA-EMERGE\u2560eNCIA-DO-NACIONALISMO-MODERNO-ANGOLANO-AO-ASSASSINATO-POLI\u2560uTICO-DE-VIRIATO-DA-CRUZ-scaled.png\",\"datePublished\":\"2025-12-02T11:29:47+00:00\",\"dateModified\":\"2025-12-19T12:14:19+00:00\",\"breadcrumb\":{\"@id\":\"https:\/\/elivulu.org\/product\/da-emergencia-do-nacionalismo-moderno-angolano-ao-assassinato-politico-de-viriato-da-cruz-fernando-luis-de-azevedo-e-silva\/#breadcrumb\"},\"inLanguage\":\"en-US\",\"potentialAction\":[{\"@type\":\"ReadAction\",\"target\":[\"https:\/\/elivulu.org\/product\/da-emergencia-do-nacionalismo-moderno-angolano-ao-assassinato-politico-de-viriato-da-cruz-fernando-luis-de-azevedo-e-silva\/\"]}]},{\"@type\":\"ImageObject\",\"inLanguage\":\"en-US\",\"@id\":\"https:\/\/elivulu.org\/product\/da-emergencia-do-nacionalismo-moderno-angolano-ao-assassinato-politico-de-viriato-da-cruz-fernando-luis-de-azevedo-e-silva\/#primaryimage\",\"url\":\"https:\/\/elivulu.org\/wp-content\/uploads\/2025\/12\/DA-EMERGE\u2560eNCIA-DO-NACIONALISMO-MODERNO-ANGOLANO-AO-ASSASSINATO-POLI\u2560uTICO-DE-VIRIATO-DA-CRUZ-scaled.png\",\"contentUrl\":\"https:\/\/elivulu.org\/wp-content\/uploads\/2025\/12\/DA-EMERGE\u2560eNCIA-DO-NACIONALISMO-MODERNO-ANGOLANO-AO-ASSASSINATO-POLI\u2560uTICO-DE-VIRIATO-DA-CRUZ-scaled.png\",\"width\":2560,\"height\":2560},{\"@type\":\"BreadcrumbList\",\"@id\":\"https:\/\/elivulu.org\/product\/da-emergencia-do-nacionalismo-moderno-angolano-ao-assassinato-politico-de-viriato-da-cruz-fernando-luis-de-azevedo-e-silva\/#breadcrumb\",\"itemListElement\":[{\"@type\":\"ListItem\",\"position\":1,\"name\":\"In\u00edcio\",\"item\":\"https:\/\/elivulu.org\/\"},{\"@type\":\"ListItem\",\"position\":2,\"name\":\"Edi\u00e7\u00f5es\",\"item\":\"https:\/\/elivulu.org\/shop\/\"},{\"@type\":\"ListItem\",\"position\":3,\"name\":\"DA EMERG\u00caNCIA DO NACIONALISMO MODERNO ANGOLANO AO ASSASSINATO POL\u00cdTICO DE VIRIATO DA CRUZ\"}]},{\"@type\":\"WebSite\",\"@id\":\"https:\/\/elivulu.org\/#website\",\"url\":\"https:\/\/elivulu.org\/\",\"name\":\"ELIVULU Editora\",\"description\":\"\",\"potentialAction\":[{\"@type\":\"SearchAction\",\"target\":{\"@type\":\"EntryPoint\",\"urlTemplate\":\"https:\/\/elivulu.org\/?s={search_term_string}\"},\"query-input\":{\"@type\":\"PropertyValueSpecification\",\"valueRequired\":true,\"valueName\":\"search_term_string\"}}],\"inLanguage\":\"en-US\"}]}<\/script>\n<!-- \/ Yoast SEO plugin. -->","yoast_head_json":{"title":"DA EMERG\u00caNCIA DO NACIONALISMO MODERNO ANGOLANO AO ASSASSINATO POL\u00cdTICO DE VIRIATO DA CRUZ - ELIVULU Editora","robots":{"index":"index","follow":"follow","max-snippet":"max-snippet:-1","max-image-preview":"max-image-preview:large","max-video-preview":"max-video-preview:-1"},"canonical":"https:\/\/elivulu.org\/en\/product\/da-emergencia-do-nacionalismo-moderno-angolano-ao-assassinato-politico-de-viriato-da-cruz-fernando-luis-de-azevedo-e-silva\/","og_locale":"en_US","og_type":"article","og_title":"DA EMERG\u00caNCIA DO NACIONALISMO MODERNO ANGOLANO AO ASSASSINATO POL\u00cdTICO DE VIRIATO DA CRUZ - ELIVULU Editora","og_description":"O autor escolheu o tema deste livro pela import\u00e2ncia da emerg\u00eancia do nacionalismo. Aos 18 anos, Fernando Lu\u00eds de Azevedo e Silva constava de uma lista da tenebrosa DISA para o seu assassinato. Neste livro deslinda o papel de Viriato da Cruz no movimento nacionalista em Angola, em meados do s\u00e9culo XX. Cruz nasceu em Angola, em 1928, foi escritor, poeta, jornalista e activista pol\u00edtico. Quando jovem, testemunhou as injusti\u00e7as e discrimina\u00e7\u00f5es sofridas pela popula\u00e7\u00e3o africana sob o dom\u00ednio colonial portugu\u00eas e envolveu-se com tenacidade na luta pela independ\u00eancia do territ\u00f3rio ocupado de Angola. Nessa altura, existiam em Angola numerosos grupos pol\u00edticos, incluindo organiza\u00e7\u00f5es culturais e grupos de teatro, mas sem estrutura partid\u00e1ria. Como consequ\u00eancia, surgiram organiza\u00e7\u00f5es nacionalistas, como a Uni\u00e3o dos Povos de Angola (UPA) e o Movimento Popular de Liberta\u00e7\u00e3o de Angola (MPLA). Esta efervesc\u00eancia ocorreu na d\u00e9cada de 1950, e tamb\u00e9m surgiu a revista Mensagem que se tornou uma importante plataforma de divulga\u00e7\u00e3o de ideias nacionalistas.    Ano de edi\u00e7\u00e3o: 05-2023  P\u00e1ginas: 198  Formato: 150 x 230 mm  PVP: 15.000 KZS","og_url":"https:\/\/elivulu.org\/en\/product\/da-emergencia-do-nacionalismo-moderno-angolano-ao-assassinato-politico-de-viriato-da-cruz-fernando-luis-de-azevedo-e-silva\/","og_site_name":"ELIVULU Editora","article_modified_time":"2025-12-19T12:14:19+00:00","og_image":[{"width":2560,"height":2560,"url":"https:\/\/elivulu.org\/wp-content\/uploads\/2025\/12\/DA-EMERGE\u2560eNCIA-DO-NACIONALISMO-MODERNO-ANGOLANO-AO-ASSASSINATO-POLI\u2560uTICO-DE-VIRIATO-DA-CRUZ-scaled.png","type":"image\/png"}],"twitter_card":"summary_large_image","twitter_misc":{"Est. reading time":"1 minute"},"schema":{"@context":"https:\/\/schema.org","@graph":[{"@type":"WebPage","@id":"https:\/\/elivulu.org\/product\/da-emergencia-do-nacionalismo-moderno-angolano-ao-assassinato-politico-de-viriato-da-cruz-fernando-luis-de-azevedo-e-silva\/","url":"https:\/\/elivulu.org\/product\/da-emergencia-do-nacionalismo-moderno-angolano-ao-assassinato-politico-de-viriato-da-cruz-fernando-luis-de-azevedo-e-silva\/","name":"DA EMERG\u00caNCIA DO NACIONALISMO MODERNO ANGOLANO AO ASSASSINATO POL\u00cdTICO DE VIRIATO DA CRUZ - ELIVULU Editora","isPartOf":{"@id":"https:\/\/elivulu.org\/#website"},"primaryImageOfPage":{"@id":"https:\/\/elivulu.org\/product\/da-emergencia-do-nacionalismo-moderno-angolano-ao-assassinato-politico-de-viriato-da-cruz-fernando-luis-de-azevedo-e-silva\/#primaryimage"},"image":{"@id":"https:\/\/elivulu.org\/product\/da-emergencia-do-nacionalismo-moderno-angolano-ao-assassinato-politico-de-viriato-da-cruz-fernando-luis-de-azevedo-e-silva\/#primaryimage"},"thumbnailUrl":"https:\/\/elivulu.org\/wp-content\/uploads\/2025\/12\/DA-EMERGE\u2560eNCIA-DO-NACIONALISMO-MODERNO-ANGOLANO-AO-ASSASSINATO-POLI\u2560uTICO-DE-VIRIATO-DA-CRUZ-scaled.png","datePublished":"2025-12-02T11:29:47+00:00","dateModified":"2025-12-19T12:14:19+00:00","breadcrumb":{"@id":"https:\/\/elivulu.org\/product\/da-emergencia-do-nacionalismo-moderno-angolano-ao-assassinato-politico-de-viriato-da-cruz-fernando-luis-de-azevedo-e-silva\/#breadcrumb"},"inLanguage":"en-US","potentialAction":[{"@type":"ReadAction","target":["https:\/\/elivulu.org\/product\/da-emergencia-do-nacionalismo-moderno-angolano-ao-assassinato-politico-de-viriato-da-cruz-fernando-luis-de-azevedo-e-silva\/"]}]},{"@type":"ImageObject","inLanguage":"en-US","@id":"https:\/\/elivulu.org\/product\/da-emergencia-do-nacionalismo-moderno-angolano-ao-assassinato-politico-de-viriato-da-cruz-fernando-luis-de-azevedo-e-silva\/#primaryimage","url":"https:\/\/elivulu.org\/wp-content\/uploads\/2025\/12\/DA-EMERGE\u2560eNCIA-DO-NACIONALISMO-MODERNO-ANGOLANO-AO-ASSASSINATO-POLI\u2560uTICO-DE-VIRIATO-DA-CRUZ-scaled.png","contentUrl":"https:\/\/elivulu.org\/wp-content\/uploads\/2025\/12\/DA-EMERGE\u2560eNCIA-DO-NACIONALISMO-MODERNO-ANGOLANO-AO-ASSASSINATO-POLI\u2560uTICO-DE-VIRIATO-DA-CRUZ-scaled.png","width":2560,"height":2560},{"@type":"BreadcrumbList","@id":"https:\/\/elivulu.org\/product\/da-emergencia-do-nacionalismo-moderno-angolano-ao-assassinato-politico-de-viriato-da-cruz-fernando-luis-de-azevedo-e-silva\/#breadcrumb","itemListElement":[{"@type":"ListItem","position":1,"name":"In\u00edcio","item":"https:\/\/elivulu.org\/"},{"@type":"ListItem","position":2,"name":"Edi\u00e7\u00f5es","item":"https:\/\/elivulu.org\/shop\/"},{"@type":"ListItem","position":3,"name":"DA EMERG\u00caNCIA DO NACIONALISMO MODERNO ANGOLANO AO ASSASSINATO POL\u00cdTICO DE VIRIATO DA CRUZ"}]},{"@type":"WebSite","@id":"https:\/\/elivulu.org\/#website","url":"https:\/\/elivulu.org\/","name":"ELIVULU Editora","description":"","potentialAction":[{"@type":"SearchAction","target":{"@type":"EntryPoint","urlTemplate":"https:\/\/elivulu.org\/?s={search_term_string}"},"query-input":{"@type":"PropertyValueSpecification","valueRequired":true,"valueName":"search_term_string"}}],"inLanguage":"en-US"}]}},"_links":{"self":[{"href":"https:\/\/elivulu.org\/en\/wp-json\/wp\/v2\/product\/1255","targetHints":{"allow":["GET"]}}],"collection":[{"href":"https:\/\/elivulu.org\/en\/wp-json\/wp\/v2\/product"}],"about":[{"href":"https:\/\/elivulu.org\/en\/wp-json\/wp\/v2\/types\/product"}],"replies":[{"embeddable":true,"href":"https:\/\/elivulu.org\/en\/wp-json\/wp\/v2\/comments?post=1255"}],"version-history":[{"count":3,"href":"https:\/\/elivulu.org\/en\/wp-json\/wp\/v2\/product\/1255\/revisions"}],"predecessor-version":[{"id":2075,"href":"https:\/\/elivulu.org\/en\/wp-json\/wp\/v2\/product\/1255\/revisions\/2075"}],"wp:featuredmedia":[{"embeddable":true,"href":"https:\/\/elivulu.org\/en\/wp-json\/wp\/v2\/media\/2038"}],"wp:attachment":[{"href":"https:\/\/elivulu.org\/en\/wp-json\/wp\/v2\/media?parent=1255"}],"wp:term":[{"taxonomy":"book_author","embeddable":true,"href":"https:\/\/elivulu.org\/en\/wp-json\/wp\/v2\/book_author?post=1255"},{"taxonomy":"product_brand","embeddable":true,"href":"https:\/\/elivulu.org\/en\/wp-json\/wp\/v2\/product_brand?post=1255"},{"taxonomy":"product_cat","embeddable":true,"href":"https:\/\/elivulu.org\/en\/wp-json\/wp\/v2\/product_cat?post=1255"},{"taxonomy":"product_tag","embeddable":true,"href":"https:\/\/elivulu.org\/en\/wp-json\/wp\/v2\/product_tag?post=1255"}],"curies":[{"name":"wp","href":"https:\/\/api.w.org\/{rel}","templated":true}]}}