{"id":1253,"date":"2025-12-02T11:29:04","date_gmt":"2025-12-02T11:29:04","guid":{"rendered":"https:\/\/elivulu.org\/?post_type=product&#038;p=1253"},"modified":"2025-12-22T05:49:00","modified_gmt":"2025-12-22T05:49:00","slug":"administracao-hospitalar-humanizacao-no-atendimento-dos-servicos-de-saude-publica-estudo-de-caso-corpaan-lourenco-jose-e-ivete-jose","status":"publish","type":"product","link":"https:\/\/elivulu.org\/en\/product\/administracao-hospitalar-humanizacao-no-atendimento-dos-servicos-de-saude-publica-estudo-de-caso-corpaan-lourenco-jose-e-ivete-jose\/","title":{"rendered":"ADMINISTRA\u00c7\u00c3O HOSPITALAR: HUMANIZA\u00c7\u00c3O NO ATENDIMENTO DOS SERVI\u00c7OS DE SA\u00daDE P\u00daBLICA: ESTUDO DE CASO CORPAAN"},"content":{"rendered":"","protected":false},"excerpt":{"rendered":"<p class=\"zfr3Q CDt4Ke\" dir=\"ltr\"><span class=\"C9DxTc\">Tendo em conta a import\u00e2ncia da sa\u00fade em qualquer sociedade, in\u00fameros debates sobre a necessidade de se melhorarem as t\u00e9cnicas de atendimento aos pacientes t\u00eam sido realizados em v\u00e1rias partes do mundo, de modo a se encontrarem mecanismos que possam satisfazer as reais necessidades dos mesmos. Em boa verdade, n\u00e3o \u00e9 f\u00e1cil agradar os cidad\u00e3os, tampouco os pacientes, que querem ver resolvidos com delicadeza e humanismo os seus problemas de sa\u00fade.<\/span><\/p>\n<p class=\"zfr3Q CDt4Ke\" dir=\"ltr\"><span class=\"C9DxTc\">Este livro destaca que a sa\u00fade p\u00fablica deve centrar a sua actividade na promo\u00e7\u00e3o da sa\u00fade, preven\u00e7\u00e3o da doen\u00e7a e prolongamento da vida. Neste desafio, os profissionais de sa\u00fade s\u00e3o cada vez mais elementos centrais, por terem a responsabilidade e a miss\u00e3o de prestar um servi\u00e7o de atendimento humanizado aos pacientes, uma vez que um mau atendimento tem repercuss\u00f5es negativas na sa\u00fade dos pacientes.<\/span><\/p>\n<ul>\n<li class=\"zfr3Q CDt4Ke\" dir=\"ltr\" role=\"presentation\"><span class=\"C9DxTc\">Ano de edi\u00e7\u00e3o: 08-2023<\/span><\/li>\n<li class=\"zfr3Q CDt4Ke\" dir=\"ltr\" role=\"presentation\"><span class=\"C9DxTc\">P\u00e1ginas: 198<\/span><\/li>\n<li class=\"zfr3Q CDt4Ke\" dir=\"ltr\" role=\"presentation\"><span class=\"C9DxTc\">Formato: 150 x 230 mm<\/span><\/li>\n<li class=\"zfr3Q CDt4Ke\" dir=\"ltr\" role=\"presentation\"><span class=\"C9DxTc\">PVP: 7.000 KZS<\/span><\/li>\n<\/ul>","protected":false},"featured_media":2100,"comment_status":"open","ping_status":"closed","template":"","meta":{"_acf_changed":false},"book_author":[37,38],"product_brand":[],"product_cat":[15],"product_tag":[],"class_list":{"0":"post-1253","1":"product","2":"type-product","3":"status-publish","4":"has-post-thumbnail","6":"book_author-ivete-ruth-l-capalo-jose","7":"book_author-lourenco-a-almeida-jose","8":"product_cat-books","10":"first","11":"instock","12":"shipping-taxable","13":"purchasable","14":"product-type-simple"},"acf":[],"yoast_head":"<!-- This site is optimized with the Yoast SEO plugin v27.0 - https:\/\/yoast.com\/product\/yoast-seo-wordpress\/ -->\n<title>ADMINISTRA\u00c7\u00c3O HOSPITALAR: HUMANIZA\u00c7\u00c3O NO ATENDIMENTO DOS SERVI\u00c7OS DE SA\u00daDE P\u00daBLICA: ESTUDO DE CASO CORPAAN - ELIVULU Editora<\/title>\n<meta name=\"robots\" content=\"index, follow, max-snippet:-1, max-image-preview:large, max-video-preview:-1\" \/>\n<link rel=\"canonical\" href=\"https:\/\/elivulu.org\/en\/product\/administracao-hospitalar-humanizacao-no-atendimento-dos-servicos-de-saude-publica-estudo-de-caso-corpaan-lourenco-jose-e-ivete-jose\/\" \/>\n<meta property=\"og:locale\" content=\"en_US\" \/>\n<meta property=\"og:type\" content=\"article\" \/>\n<meta property=\"og:title\" content=\"ADMINISTRA\u00c7\u00c3O HOSPITALAR: HUMANIZA\u00c7\u00c3O NO ATENDIMENTO DOS SERVI\u00c7OS DE SA\u00daDE P\u00daBLICA: ESTUDO DE CASO CORPAAN - ELIVULU Editora\" \/>\n<meta property=\"og:description\" content=\"Tendo em conta a import\u00e2ncia da sa\u00fade em qualquer sociedade, in\u00fameros debates sobre a necessidade de se melhorarem as t\u00e9cnicas de atendimento aos pacientes t\u00eam sido realizados em v\u00e1rias partes do mundo, de modo a se encontrarem mecanismos que possam satisfazer as reais necessidades dos mesmos. Em boa verdade, n\u00e3o \u00e9 f\u00e1cil agradar os cidad\u00e3os, tampouco os pacientes, que querem ver resolvidos com delicadeza e humanismo os seus problemas de sa\u00fade. Este livro destaca que a sa\u00fade p\u00fablica deve centrar a sua actividade na promo\u00e7\u00e3o da sa\u00fade, preven\u00e7\u00e3o da doen\u00e7a e prolongamento da vida. Neste desafio, os profissionais de sa\u00fade s\u00e3o cada vez mais elementos centrais, por terem a responsabilidade e a miss\u00e3o de prestar um servi\u00e7o de atendimento humanizado aos pacientes, uma vez que um mau atendimento tem repercuss\u00f5es negativas na sa\u00fade dos pacientes.    Ano de edi\u00e7\u00e3o: 08-2023  P\u00e1ginas: 198  Formato: 150 x 230 mm  PVP: 7.000 KZS\" \/>\n<meta property=\"og:url\" content=\"https:\/\/elivulu.org\/en\/product\/administracao-hospitalar-humanizacao-no-atendimento-dos-servicos-de-saude-publica-estudo-de-caso-corpaan-lourenco-jose-e-ivete-jose\/\" \/>\n<meta property=\"og:site_name\" content=\"ELIVULU Editora\" \/>\n<meta property=\"article:modified_time\" content=\"2025-12-22T05:49:00+00:00\" \/>\n<meta property=\"og:image\" content=\"https:\/\/elivulu.org\/wp-content\/uploads\/2025\/12\/ADMINISTRAC\u2560oA\u2560aO-HOSPITALAR_-HUMANIZAC\u2560oA\u2560aO-NO-ATENDIMENTO-DOS-SERVIC\u2560oOS-DE-SAU\u2560uDE-PU\u2560uBLICA_-ESTUDO-DE-CASO-CORPAAN.png\" \/>\n\t<meta property=\"og:image:width\" content=\"1\" \/>\n\t<meta property=\"og:image:height\" content=\"1\" \/>\n\t<meta property=\"og:image:type\" content=\"image\/png\" \/>\n<meta name=\"twitter:card\" content=\"summary_large_image\" \/>\n<meta name=\"twitter:label1\" content=\"Est. reading time\" \/>\n\t<meta name=\"twitter:data1\" content=\"1 minute\" \/>\n<script type=\"application\/ld+json\" class=\"yoast-schema-graph\">{\"@context\":\"https:\/\/schema.org\",\"@graph\":[{\"@type\":\"WebPage\",\"@id\":\"https:\/\/elivulu.org\/product\/administracao-hospitalar-humanizacao-no-atendimento-dos-servicos-de-saude-publica-estudo-de-caso-corpaan-lourenco-jose-e-ivete-jose\/\",\"url\":\"https:\/\/elivulu.org\/product\/administracao-hospitalar-humanizacao-no-atendimento-dos-servicos-de-saude-publica-estudo-de-caso-corpaan-lourenco-jose-e-ivete-jose\/\",\"name\":\"ADMINISTRA\u00c7\u00c3O HOSPITALAR: HUMANIZA\u00c7\u00c3O NO ATENDIMENTO DOS SERVI\u00c7OS DE SA\u00daDE P\u00daBLICA: ESTUDO DE CASO CORPAAN - ELIVULU Editora\",\"isPartOf\":{\"@id\":\"https:\/\/elivulu.org\/#website\"},\"primaryImageOfPage\":{\"@id\":\"https:\/\/elivulu.org\/product\/administracao-hospitalar-humanizacao-no-atendimento-dos-servicos-de-saude-publica-estudo-de-caso-corpaan-lourenco-jose-e-ivete-jose\/#primaryimage\"},\"image\":{\"@id\":\"https:\/\/elivulu.org\/product\/administracao-hospitalar-humanizacao-no-atendimento-dos-servicos-de-saude-publica-estudo-de-caso-corpaan-lourenco-jose-e-ivete-jose\/#primaryimage\"},\"thumbnailUrl\":\"https:\/\/elivulu.org\/wp-content\/uploads\/2025\/12\/ADMINISTRAC\u2560oA\u2560aO-HOSPITALAR_-HUMANIZAC\u2560oA\u2560aO-NO-ATENDIMENTO-DOS-SERVIC\u2560oOS-DE-SAU\u2560uDE-PU\u2560uBLICA_-ESTUDO-DE-CASO-CORPAAN-scaled.png\",\"datePublished\":\"2025-12-02T11:29:04+00:00\",\"dateModified\":\"2025-12-22T05:49:00+00:00\",\"breadcrumb\":{\"@id\":\"https:\/\/elivulu.org\/product\/administracao-hospitalar-humanizacao-no-atendimento-dos-servicos-de-saude-publica-estudo-de-caso-corpaan-lourenco-jose-e-ivete-jose\/#breadcrumb\"},\"inLanguage\":\"en-US\",\"potentialAction\":[{\"@type\":\"ReadAction\",\"target\":[\"https:\/\/elivulu.org\/product\/administracao-hospitalar-humanizacao-no-atendimento-dos-servicos-de-saude-publica-estudo-de-caso-corpaan-lourenco-jose-e-ivete-jose\/\"]}]},{\"@type\":\"ImageObject\",\"inLanguage\":\"en-US\",\"@id\":\"https:\/\/elivulu.org\/product\/administracao-hospitalar-humanizacao-no-atendimento-dos-servicos-de-saude-publica-estudo-de-caso-corpaan-lourenco-jose-e-ivete-jose\/#primaryimage\",\"url\":\"https:\/\/elivulu.org\/wp-content\/uploads\/2025\/12\/ADMINISTRAC\u2560oA\u2560aO-HOSPITALAR_-HUMANIZAC\u2560oA\u2560aO-NO-ATENDIMENTO-DOS-SERVIC\u2560oOS-DE-SAU\u2560uDE-PU\u2560uBLICA_-ESTUDO-DE-CASO-CORPAAN-scaled.png\",\"contentUrl\":\"https:\/\/elivulu.org\/wp-content\/uploads\/2025\/12\/ADMINISTRAC\u2560oA\u2560aO-HOSPITALAR_-HUMANIZAC\u2560oA\u2560aO-NO-ATENDIMENTO-DOS-SERVIC\u2560oOS-DE-SAU\u2560uDE-PU\u2560uBLICA_-ESTUDO-DE-CASO-CORPAAN-scaled.png\",\"width\":2560,\"height\":2560},{\"@type\":\"BreadcrumbList\",\"@id\":\"https:\/\/elivulu.org\/product\/administracao-hospitalar-humanizacao-no-atendimento-dos-servicos-de-saude-publica-estudo-de-caso-corpaan-lourenco-jose-e-ivete-jose\/#breadcrumb\",\"itemListElement\":[{\"@type\":\"ListItem\",\"position\":1,\"name\":\"In\u00edcio\",\"item\":\"https:\/\/elivulu.org\/\"},{\"@type\":\"ListItem\",\"position\":2,\"name\":\"Edi\u00e7\u00f5es\",\"item\":\"https:\/\/elivulu.org\/shop\/\"},{\"@type\":\"ListItem\",\"position\":3,\"name\":\"ADMINISTRA\u00c7\u00c3O HOSPITALAR: HUMANIZA\u00c7\u00c3O NO ATENDIMENTO DOS SERVI\u00c7OS DE SA\u00daDE P\u00daBLICA: ESTUDO DE CASO CORPAAN\"}]},{\"@type\":\"WebSite\",\"@id\":\"https:\/\/elivulu.org\/#website\",\"url\":\"https:\/\/elivulu.org\/\",\"name\":\"ELIVULU Editora\",\"description\":\"\",\"potentialAction\":[{\"@type\":\"SearchAction\",\"target\":{\"@type\":\"EntryPoint\",\"urlTemplate\":\"https:\/\/elivulu.org\/?s={search_term_string}\"},\"query-input\":{\"@type\":\"PropertyValueSpecification\",\"valueRequired\":true,\"valueName\":\"search_term_string\"}}],\"inLanguage\":\"en-US\"}]}<\/script>\n<!-- \/ Yoast SEO plugin. -->","yoast_head_json":{"title":"ADMINISTRA\u00c7\u00c3O HOSPITALAR: HUMANIZA\u00c7\u00c3O NO ATENDIMENTO DOS SERVI\u00c7OS DE SA\u00daDE P\u00daBLICA: ESTUDO DE CASO CORPAAN - ELIVULU Editora","robots":{"index":"index","follow":"follow","max-snippet":"max-snippet:-1","max-image-preview":"max-image-preview:large","max-video-preview":"max-video-preview:-1"},"canonical":"https:\/\/elivulu.org\/en\/product\/administracao-hospitalar-humanizacao-no-atendimento-dos-servicos-de-saude-publica-estudo-de-caso-corpaan-lourenco-jose-e-ivete-jose\/","og_locale":"en_US","og_type":"article","og_title":"ADMINISTRA\u00c7\u00c3O HOSPITALAR: HUMANIZA\u00c7\u00c3O NO ATENDIMENTO DOS SERVI\u00c7OS DE SA\u00daDE P\u00daBLICA: ESTUDO DE CASO CORPAAN - ELIVULU Editora","og_description":"Tendo em conta a import\u00e2ncia da sa\u00fade em qualquer sociedade, in\u00fameros debates sobre a necessidade de se melhorarem as t\u00e9cnicas de atendimento aos pacientes t\u00eam sido realizados em v\u00e1rias partes do mundo, de modo a se encontrarem mecanismos que possam satisfazer as reais necessidades dos mesmos. Em boa verdade, n\u00e3o \u00e9 f\u00e1cil agradar os cidad\u00e3os, tampouco os pacientes, que querem ver resolvidos com delicadeza e humanismo os seus problemas de sa\u00fade. Este livro destaca que a sa\u00fade p\u00fablica deve centrar a sua actividade na promo\u00e7\u00e3o da sa\u00fade, preven\u00e7\u00e3o da doen\u00e7a e prolongamento da vida. Neste desafio, os profissionais de sa\u00fade s\u00e3o cada vez mais elementos centrais, por terem a responsabilidade e a miss\u00e3o de prestar um servi\u00e7o de atendimento humanizado aos pacientes, uma vez que um mau atendimento tem repercuss\u00f5es negativas na sa\u00fade dos pacientes.    Ano de edi\u00e7\u00e3o: 08-2023  P\u00e1ginas: 198  Formato: 150 x 230 mm  PVP: 7.000 KZS","og_url":"https:\/\/elivulu.org\/en\/product\/administracao-hospitalar-humanizacao-no-atendimento-dos-servicos-de-saude-publica-estudo-de-caso-corpaan-lourenco-jose-e-ivete-jose\/","og_site_name":"ELIVULU Editora","article_modified_time":"2025-12-22T05:49:00+00:00","og_image":[{"url":"https:\/\/elivulu.org\/wp-content\/uploads\/2025\/12\/ADMINISTRAC\u2560oA\u2560aO-HOSPITALAR_-HUMANIZAC\u2560oA\u2560aO-NO-ATENDIMENTO-DOS-SERVIC\u2560oOS-DE-SAU\u2560uDE-PU\u2560uBLICA_-ESTUDO-DE-CASO-CORPAAN.png","width":1,"height":1,"type":"image\/png"}],"twitter_card":"summary_large_image","twitter_misc":{"Est. reading time":"1 minute"},"schema":{"@context":"https:\/\/schema.org","@graph":[{"@type":"WebPage","@id":"https:\/\/elivulu.org\/product\/administracao-hospitalar-humanizacao-no-atendimento-dos-servicos-de-saude-publica-estudo-de-caso-corpaan-lourenco-jose-e-ivete-jose\/","url":"https:\/\/elivulu.org\/product\/administracao-hospitalar-humanizacao-no-atendimento-dos-servicos-de-saude-publica-estudo-de-caso-corpaan-lourenco-jose-e-ivete-jose\/","name":"ADMINISTRA\u00c7\u00c3O HOSPITALAR: HUMANIZA\u00c7\u00c3O NO ATENDIMENTO DOS SERVI\u00c7OS DE SA\u00daDE P\u00daBLICA: ESTUDO DE CASO CORPAAN - ELIVULU Editora","isPartOf":{"@id":"https:\/\/elivulu.org\/#website"},"primaryImageOfPage":{"@id":"https:\/\/elivulu.org\/product\/administracao-hospitalar-humanizacao-no-atendimento-dos-servicos-de-saude-publica-estudo-de-caso-corpaan-lourenco-jose-e-ivete-jose\/#primaryimage"},"image":{"@id":"https:\/\/elivulu.org\/product\/administracao-hospitalar-humanizacao-no-atendimento-dos-servicos-de-saude-publica-estudo-de-caso-corpaan-lourenco-jose-e-ivete-jose\/#primaryimage"},"thumbnailUrl":"https:\/\/elivulu.org\/wp-content\/uploads\/2025\/12\/ADMINISTRAC\u2560oA\u2560aO-HOSPITALAR_-HUMANIZAC\u2560oA\u2560aO-NO-ATENDIMENTO-DOS-SERVIC\u2560oOS-DE-SAU\u2560uDE-PU\u2560uBLICA_-ESTUDO-DE-CASO-CORPAAN-scaled.png","datePublished":"2025-12-02T11:29:04+00:00","dateModified":"2025-12-22T05:49:00+00:00","breadcrumb":{"@id":"https:\/\/elivulu.org\/product\/administracao-hospitalar-humanizacao-no-atendimento-dos-servicos-de-saude-publica-estudo-de-caso-corpaan-lourenco-jose-e-ivete-jose\/#breadcrumb"},"inLanguage":"en-US","potentialAction":[{"@type":"ReadAction","target":["https:\/\/elivulu.org\/product\/administracao-hospitalar-humanizacao-no-atendimento-dos-servicos-de-saude-publica-estudo-de-caso-corpaan-lourenco-jose-e-ivete-jose\/"]}]},{"@type":"ImageObject","inLanguage":"en-US","@id":"https:\/\/elivulu.org\/product\/administracao-hospitalar-humanizacao-no-atendimento-dos-servicos-de-saude-publica-estudo-de-caso-corpaan-lourenco-jose-e-ivete-jose\/#primaryimage","url":"https:\/\/elivulu.org\/wp-content\/uploads\/2025\/12\/ADMINISTRAC\u2560oA\u2560aO-HOSPITALAR_-HUMANIZAC\u2560oA\u2560aO-NO-ATENDIMENTO-DOS-SERVIC\u2560oOS-DE-SAU\u2560uDE-PU\u2560uBLICA_-ESTUDO-DE-CASO-CORPAAN-scaled.png","contentUrl":"https:\/\/elivulu.org\/wp-content\/uploads\/2025\/12\/ADMINISTRAC\u2560oA\u2560aO-HOSPITALAR_-HUMANIZAC\u2560oA\u2560aO-NO-ATENDIMENTO-DOS-SERVIC\u2560oOS-DE-SAU\u2560uDE-PU\u2560uBLICA_-ESTUDO-DE-CASO-CORPAAN-scaled.png","width":2560,"height":2560},{"@type":"BreadcrumbList","@id":"https:\/\/elivulu.org\/product\/administracao-hospitalar-humanizacao-no-atendimento-dos-servicos-de-saude-publica-estudo-de-caso-corpaan-lourenco-jose-e-ivete-jose\/#breadcrumb","itemListElement":[{"@type":"ListItem","position":1,"name":"In\u00edcio","item":"https:\/\/elivulu.org\/"},{"@type":"ListItem","position":2,"name":"Edi\u00e7\u00f5es","item":"https:\/\/elivulu.org\/shop\/"},{"@type":"ListItem","position":3,"name":"ADMINISTRA\u00c7\u00c3O HOSPITALAR: HUMANIZA\u00c7\u00c3O NO ATENDIMENTO DOS SERVI\u00c7OS DE SA\u00daDE P\u00daBLICA: ESTUDO DE CASO CORPAAN"}]},{"@type":"WebSite","@id":"https:\/\/elivulu.org\/#website","url":"https:\/\/elivulu.org\/","name":"ELIVULU Editora","description":"","potentialAction":[{"@type":"SearchAction","target":{"@type":"EntryPoint","urlTemplate":"https:\/\/elivulu.org\/?s={search_term_string}"},"query-input":{"@type":"PropertyValueSpecification","valueRequired":true,"valueName":"search_term_string"}}],"inLanguage":"en-US"}]}},"_links":{"self":[{"href":"https:\/\/elivulu.org\/en\/wp-json\/wp\/v2\/product\/1253","targetHints":{"allow":["GET"]}}],"collection":[{"href":"https:\/\/elivulu.org\/en\/wp-json\/wp\/v2\/product"}],"about":[{"href":"https:\/\/elivulu.org\/en\/wp-json\/wp\/v2\/types\/product"}],"replies":[{"embeddable":true,"href":"https:\/\/elivulu.org\/en\/wp-json\/wp\/v2\/comments?post=1253"}],"version-history":[{"count":2,"href":"https:\/\/elivulu.org\/en\/wp-json\/wp\/v2\/product\/1253\/revisions"}],"predecessor-version":[{"id":2066,"href":"https:\/\/elivulu.org\/en\/wp-json\/wp\/v2\/product\/1253\/revisions\/2066"}],"wp:featuredmedia":[{"embeddable":true,"href":"https:\/\/elivulu.org\/en\/wp-json\/wp\/v2\/media\/2100"}],"wp:attachment":[{"href":"https:\/\/elivulu.org\/en\/wp-json\/wp\/v2\/media?parent=1253"}],"wp:term":[{"taxonomy":"book_author","embeddable":true,"href":"https:\/\/elivulu.org\/en\/wp-json\/wp\/v2\/book_author?post=1253"},{"taxonomy":"product_brand","embeddable":true,"href":"https:\/\/elivulu.org\/en\/wp-json\/wp\/v2\/product_brand?post=1253"},{"taxonomy":"product_cat","embeddable":true,"href":"https:\/\/elivulu.org\/en\/wp-json\/wp\/v2\/product_cat?post=1253"},{"taxonomy":"product_tag","embeddable":true,"href":"https:\/\/elivulu.org\/en\/wp-json\/wp\/v2\/product_tag?post=1253"}],"curies":[{"name":"wp","href":"https:\/\/api.w.org\/{rel}","templated":true}]}}