{"id":1251,"date":"2025-12-02T11:28:11","date_gmt":"2025-12-02T11:28:11","guid":{"rendered":"https:\/\/elivulu.org\/?post_type=product&#038;p=1251"},"modified":"2025-12-19T12:18:23","modified_gmt":"2025-12-19T12:18:23","slug":"eu-a-sombra-da-figueira-da-india-alberto-oliveira-pinto","status":"publish","type":"product","link":"https:\/\/elivulu.org\/en\/product\/eu-a-sombra-da-figueira-da-india-alberto-oliveira-pinto\/","title":{"rendered":"EU \u00c0 SOMBRA DA FIGUEIRA DA \u00cdNDIA"},"content":{"rendered":"","protected":false},"excerpt":{"rendered":"<p class=\"zfr3Q CDt4Ke\" dir=\"ltr\"><span class=\"C9DxTc\">Este livro \u00e9 um documento de imensa import\u00e2ncia para estudar a obra do renomado autor, consagrado Professor e Historiador da Hist\u00f3ria de Angola. \u00abEu \u00e0 sombra da figueira da \u00cdndia\u00bb \u00e9 o primeiro romance escrito por Alberto Oliveira Pinto, em 1983, quando tinha 21 anos, e publicado em 1990.<\/span><\/p>\n<p class=\"zfr3Q CDt4Ke\" dir=\"ltr\"><span class=\"C9DxTc\">Desenrola-se nos anos de 1960 na Cidade Alta de Luanda, literalmente \u00e0 sombra duma figueira da \u00cdndia. \u00c9rica Antunes, Professora que assina o pref\u00e1cio, refere que, &#8220;embora n\u00e3o se trate de uma obra autobiogr\u00e1fica propriamente dita, n\u00e3o podemos descurar que a vida do autor aparece permeada no dia a dia do personagem central do romance, o menino Be\u00ed \u2013 a come\u00e7ar pelo apelido, caro a ambos \u2013, remetendo-nos, de algum modo, \u00e0 ideia da fun\u00e7\u00e3o humanizadora da literatura, em que \u00e0 necessidade de fic\u00e7\u00e3o e de fantasia \u00e9 acrescido o desejo de se entender \u2018no\u2019 e \u2018parte do\u2019 mundo&#8221;.\u00a0<\/span><\/p>\n<p class=\"zfr3Q CDt4Ke\" dir=\"ltr\"><span class=\"C9DxTc\">\u00c0 sombra da figueira da \u00cdndia, o menino protagonista est\u00e1 numa confort\u00e1vel resid\u00eancia com varanda gradeada de verde, relvado e port\u00e3o principal, baloi\u00e7o de jardim, casa de banho dos jardineiros, casa dos brinquedos, p\u00e1tio da lavadeira, terra\u00e7o, cheia de empregados e situada no alto da encosta, ou seja, na Cidade Alta, o que deixa bem clara a posi\u00e7\u00e3o social privilegiada da fam\u00edlia. Doutro lado, as barrocas, ali mesmo ao alcance dos olhos de Be\u00ed, que observa a sua fei\u00fara e pobreza presentes principalmente a partir da descri\u00e7\u00e3o f\u00edsica de seus habitantes.<\/span><\/p>\n<p class=\"zfr3Q CDt4Ke\" dir=\"ltr\"><span class=\"C9DxTc\">A fotografia da capa desta nova edi\u00e7\u00e3o, onde se pode ver parte da Cidade Alta de Luanda nos anos de 1960, foi tirada pelo pai do autor, Alberto Alves de Oliveira Pinto, a partir da casa do muito referido Beco do Bal\u00e3o.<\/span><\/p>\n<p class=\"zfr3Q CDt4Ke\" dir=\"ltr\"><span class=\"C9DxTc\">\u00c9 um livro sobre a mem\u00f3ria individual, mas que se interliga com a mem\u00f3ria colectiva daquelas outrora crian\u00e7as. Um exerc\u00edcio saud\u00e1vel de rememora\u00e7\u00e3o a que o autor nos convida a embarcar \u00e0 sombra da figueira da \u00cdndia.<\/span><\/p>\n<ul>\n<li class=\"zfr3Q CDt4Ke\" dir=\"ltr\" role=\"presentation\"><span class=\"C9DxTc\">Ano de edi\u00e7\u00e3o: 10-2023<\/span><\/li>\n<li class=\"zfr3Q CDt4Ke\" dir=\"ltr\" role=\"presentation\"><span class=\"C9DxTc\">P\u00e1ginas: 123<\/span><\/li>\n<li class=\"zfr3Q CDt4Ke\" dir=\"ltr\" role=\"presentation\"><span class=\"C9DxTc\">Formato: 115 x 230 mm<\/span><\/li>\n<li class=\"zfr3Q CDt4Ke\" dir=\"ltr\" role=\"presentation\"><span class=\"C9DxTc\">PVP: 10 000 AKZ (Angola) &#8211; 12 EUR (Portugal\/Europa)<\/span><\/li>\n<\/ul>","protected":false},"featured_media":2045,"comment_status":"open","ping_status":"closed","template":"","meta":{"_acf_changed":false},"book_author":[36],"product_brand":[],"product_cat":[15],"product_tag":[],"class_list":{"0":"post-1251","1":"product","2":"type-product","3":"status-publish","4":"has-post-thumbnail","6":"book_author-alberto-oliveira-pinto","7":"product_cat-books","9":"first","10":"instock","11":"shipping-taxable","12":"purchasable","13":"product-type-simple"},"acf":[],"yoast_head":"<!-- This site is optimized with the Yoast SEO plugin v27.0 - https:\/\/yoast.com\/product\/yoast-seo-wordpress\/ -->\n<title>EU \u00c0 SOMBRA DA FIGUEIRA DA \u00cdNDIA - ELIVULU Editora<\/title>\n<meta name=\"robots\" content=\"index, follow, max-snippet:-1, max-image-preview:large, max-video-preview:-1\" \/>\n<link rel=\"canonical\" href=\"https:\/\/elivulu.org\/en\/product\/eu-a-sombra-da-figueira-da-india-alberto-oliveira-pinto\/\" \/>\n<meta property=\"og:locale\" content=\"en_US\" \/>\n<meta property=\"og:type\" content=\"article\" \/>\n<meta property=\"og:title\" content=\"EU \u00c0 SOMBRA DA FIGUEIRA DA \u00cdNDIA - ELIVULU Editora\" \/>\n<meta property=\"og:description\" content=\"Este livro \u00e9 um documento de imensa import\u00e2ncia para estudar a obra do renomado autor, consagrado Professor e Historiador da Hist\u00f3ria de Angola. \u00abEu \u00e0 sombra da figueira da \u00cdndia\u00bb \u00e9 o primeiro romance escrito por Alberto Oliveira Pinto, em 1983, quando tinha 21 anos, e publicado em 1990. Desenrola-se nos anos de 1960 na Cidade Alta de Luanda, literalmente \u00e0 sombra duma figueira da \u00cdndia. \u00c9rica Antunes, Professora que assina o pref\u00e1cio, refere que, &quot;embora n\u00e3o se trate de uma obra autobiogr\u00e1fica propriamente dita, n\u00e3o podemos descurar que a vida do autor aparece permeada no dia a dia do personagem central do romance, o menino Be\u00ed \u2013 a come\u00e7ar pelo apelido, caro a ambos \u2013, remetendo-nos, de algum modo, \u00e0 ideia da fun\u00e7\u00e3o humanizadora da literatura, em que \u00e0 necessidade de fic\u00e7\u00e3o e de fantasia \u00e9 acrescido o desejo de se entender \u2018no\u2019 e \u2018parte do\u2019 mundo&quot;.\u00a0 \u00c0 sombra da figueira da \u00cdndia, o menino protagonista est\u00e1 numa confort\u00e1vel resid\u00eancia com varanda gradeada de verde, relvado e port\u00e3o principal, baloi\u00e7o de jardim, casa de banho dos jardineiros, casa dos brinquedos, p\u00e1tio da lavadeira, terra\u00e7o, cheia de empregados e situada no alto da encosta, ou seja, na Cidade Alta, o que deixa bem clara a posi\u00e7\u00e3o social privilegiada da fam\u00edlia. Doutro lado, as barrocas, ali mesmo ao alcance dos olhos de Be\u00ed, que observa a sua fei\u00fara e pobreza presentes principalmente a partir da descri\u00e7\u00e3o f\u00edsica de seus habitantes. A fotografia da capa desta nova edi\u00e7\u00e3o, onde se pode ver parte da Cidade Alta de Luanda nos anos de 1960, foi tirada pelo pai do autor, Alberto Alves de Oliveira Pinto, a partir da casa do muito referido Beco do Bal\u00e3o. \u00c9 um livro sobre a mem\u00f3ria individual, mas que se interliga com a mem\u00f3ria colectiva daquelas outrora crian\u00e7as. Um exerc\u00edcio saud\u00e1vel de rememora\u00e7\u00e3o a que o autor nos convida a embarcar \u00e0 sombra da figueira da \u00cdndia.    Ano de edi\u00e7\u00e3o: 10-2023  P\u00e1ginas: 123  Formato: 115 x 230 mm  PVP: 10 000 AKZ (Angola) - 12 EUR (Portugal\/Europa)\" \/>\n<meta property=\"og:url\" content=\"https:\/\/elivulu.org\/en\/product\/eu-a-sombra-da-figueira-da-india-alberto-oliveira-pinto\/\" \/>\n<meta property=\"og:site_name\" content=\"ELIVULU Editora\" \/>\n<meta property=\"article:modified_time\" content=\"2025-12-19T12:18:23+00:00\" \/>\n<meta property=\"og:image\" content=\"https:\/\/elivulu.org\/wp-content\/uploads\/2025\/12\/EU-A\u2560C-SOMBRA-DA-FIGUEIRA-DA-I\u2560uNDIA-scaled.png\" \/>\n\t<meta property=\"og:image:width\" content=\"2560\" \/>\n\t<meta property=\"og:image:height\" content=\"2560\" \/>\n\t<meta property=\"og:image:type\" content=\"image\/png\" \/>\n<meta name=\"twitter:card\" content=\"summary_large_image\" \/>\n<meta name=\"twitter:label1\" content=\"Est. reading time\" \/>\n\t<meta name=\"twitter:data1\" content=\"1 minute\" \/>\n<script type=\"application\/ld+json\" class=\"yoast-schema-graph\">{\"@context\":\"https:\/\/schema.org\",\"@graph\":[{\"@type\":\"WebPage\",\"@id\":\"https:\/\/elivulu.org\/product\/eu-a-sombra-da-figueira-da-india-alberto-oliveira-pinto\/\",\"url\":\"https:\/\/elivulu.org\/product\/eu-a-sombra-da-figueira-da-india-alberto-oliveira-pinto\/\",\"name\":\"EU \u00c0 SOMBRA DA FIGUEIRA DA \u00cdNDIA - ELIVULU Editora\",\"isPartOf\":{\"@id\":\"https:\/\/elivulu.org\/#website\"},\"primaryImageOfPage\":{\"@id\":\"https:\/\/elivulu.org\/product\/eu-a-sombra-da-figueira-da-india-alberto-oliveira-pinto\/#primaryimage\"},\"image\":{\"@id\":\"https:\/\/elivulu.org\/product\/eu-a-sombra-da-figueira-da-india-alberto-oliveira-pinto\/#primaryimage\"},\"thumbnailUrl\":\"https:\/\/elivulu.org\/wp-content\/uploads\/2025\/12\/EU-A\u2560C-SOMBRA-DA-FIGUEIRA-DA-I\u2560uNDIA-scaled.png\",\"datePublished\":\"2025-12-02T11:28:11+00:00\",\"dateModified\":\"2025-12-19T12:18:23+00:00\",\"breadcrumb\":{\"@id\":\"https:\/\/elivulu.org\/product\/eu-a-sombra-da-figueira-da-india-alberto-oliveira-pinto\/#breadcrumb\"},\"inLanguage\":\"en-US\",\"potentialAction\":[{\"@type\":\"ReadAction\",\"target\":[\"https:\/\/elivulu.org\/product\/eu-a-sombra-da-figueira-da-india-alberto-oliveira-pinto\/\"]}]},{\"@type\":\"ImageObject\",\"inLanguage\":\"en-US\",\"@id\":\"https:\/\/elivulu.org\/product\/eu-a-sombra-da-figueira-da-india-alberto-oliveira-pinto\/#primaryimage\",\"url\":\"https:\/\/elivulu.org\/wp-content\/uploads\/2025\/12\/EU-A\u2560C-SOMBRA-DA-FIGUEIRA-DA-I\u2560uNDIA-scaled.png\",\"contentUrl\":\"https:\/\/elivulu.org\/wp-content\/uploads\/2025\/12\/EU-A\u2560C-SOMBRA-DA-FIGUEIRA-DA-I\u2560uNDIA-scaled.png\",\"width\":2560,\"height\":2560},{\"@type\":\"BreadcrumbList\",\"@id\":\"https:\/\/elivulu.org\/product\/eu-a-sombra-da-figueira-da-india-alberto-oliveira-pinto\/#breadcrumb\",\"itemListElement\":[{\"@type\":\"ListItem\",\"position\":1,\"name\":\"In\u00edcio\",\"item\":\"https:\/\/elivulu.org\/\"},{\"@type\":\"ListItem\",\"position\":2,\"name\":\"Edi\u00e7\u00f5es\",\"item\":\"https:\/\/elivulu.org\/shop\/\"},{\"@type\":\"ListItem\",\"position\":3,\"name\":\"EU \u00c0 SOMBRA DA FIGUEIRA DA \u00cdNDIA\"}]},{\"@type\":\"WebSite\",\"@id\":\"https:\/\/elivulu.org\/#website\",\"url\":\"https:\/\/elivulu.org\/\",\"name\":\"ELIVULU Editora\",\"description\":\"\",\"potentialAction\":[{\"@type\":\"SearchAction\",\"target\":{\"@type\":\"EntryPoint\",\"urlTemplate\":\"https:\/\/elivulu.org\/?s={search_term_string}\"},\"query-input\":{\"@type\":\"PropertyValueSpecification\",\"valueRequired\":true,\"valueName\":\"search_term_string\"}}],\"inLanguage\":\"en-US\"}]}<\/script>\n<!-- \/ Yoast SEO plugin. -->","yoast_head_json":{"title":"EU \u00c0 SOMBRA DA FIGUEIRA DA \u00cdNDIA - ELIVULU Editora","robots":{"index":"index","follow":"follow","max-snippet":"max-snippet:-1","max-image-preview":"max-image-preview:large","max-video-preview":"max-video-preview:-1"},"canonical":"https:\/\/elivulu.org\/en\/product\/eu-a-sombra-da-figueira-da-india-alberto-oliveira-pinto\/","og_locale":"en_US","og_type":"article","og_title":"EU \u00c0 SOMBRA DA FIGUEIRA DA \u00cdNDIA - ELIVULU Editora","og_description":"Este livro \u00e9 um documento de imensa import\u00e2ncia para estudar a obra do renomado autor, consagrado Professor e Historiador da Hist\u00f3ria de Angola. \u00abEu \u00e0 sombra da figueira da \u00cdndia\u00bb \u00e9 o primeiro romance escrito por Alberto Oliveira Pinto, em 1983, quando tinha 21 anos, e publicado em 1990. Desenrola-se nos anos de 1960 na Cidade Alta de Luanda, literalmente \u00e0 sombra duma figueira da \u00cdndia. \u00c9rica Antunes, Professora que assina o pref\u00e1cio, refere que, \"embora n\u00e3o se trate de uma obra autobiogr\u00e1fica propriamente dita, n\u00e3o podemos descurar que a vida do autor aparece permeada no dia a dia do personagem central do romance, o menino Be\u00ed \u2013 a come\u00e7ar pelo apelido, caro a ambos \u2013, remetendo-nos, de algum modo, \u00e0 ideia da fun\u00e7\u00e3o humanizadora da literatura, em que \u00e0 necessidade de fic\u00e7\u00e3o e de fantasia \u00e9 acrescido o desejo de se entender \u2018no\u2019 e \u2018parte do\u2019 mundo\".\u00a0 \u00c0 sombra da figueira da \u00cdndia, o menino protagonista est\u00e1 numa confort\u00e1vel resid\u00eancia com varanda gradeada de verde, relvado e port\u00e3o principal, baloi\u00e7o de jardim, casa de banho dos jardineiros, casa dos brinquedos, p\u00e1tio da lavadeira, terra\u00e7o, cheia de empregados e situada no alto da encosta, ou seja, na Cidade Alta, o que deixa bem clara a posi\u00e7\u00e3o social privilegiada da fam\u00edlia. Doutro lado, as barrocas, ali mesmo ao alcance dos olhos de Be\u00ed, que observa a sua fei\u00fara e pobreza presentes principalmente a partir da descri\u00e7\u00e3o f\u00edsica de seus habitantes. A fotografia da capa desta nova edi\u00e7\u00e3o, onde se pode ver parte da Cidade Alta de Luanda nos anos de 1960, foi tirada pelo pai do autor, Alberto Alves de Oliveira Pinto, a partir da casa do muito referido Beco do Bal\u00e3o. \u00c9 um livro sobre a mem\u00f3ria individual, mas que se interliga com a mem\u00f3ria colectiva daquelas outrora crian\u00e7as. Um exerc\u00edcio saud\u00e1vel de rememora\u00e7\u00e3o a que o autor nos convida a embarcar \u00e0 sombra da figueira da \u00cdndia.    Ano de edi\u00e7\u00e3o: 10-2023  P\u00e1ginas: 123  Formato: 115 x 230 mm  PVP: 10 000 AKZ (Angola) - 12 EUR (Portugal\/Europa)","og_url":"https:\/\/elivulu.org\/en\/product\/eu-a-sombra-da-figueira-da-india-alberto-oliveira-pinto\/","og_site_name":"ELIVULU Editora","article_modified_time":"2025-12-19T12:18:23+00:00","og_image":[{"width":2560,"height":2560,"url":"https:\/\/elivulu.org\/wp-content\/uploads\/2025\/12\/EU-A\u2560C-SOMBRA-DA-FIGUEIRA-DA-I\u2560uNDIA-scaled.png","type":"image\/png"}],"twitter_card":"summary_large_image","twitter_misc":{"Est. reading time":"1 minute"},"schema":{"@context":"https:\/\/schema.org","@graph":[{"@type":"WebPage","@id":"https:\/\/elivulu.org\/product\/eu-a-sombra-da-figueira-da-india-alberto-oliveira-pinto\/","url":"https:\/\/elivulu.org\/product\/eu-a-sombra-da-figueira-da-india-alberto-oliveira-pinto\/","name":"EU \u00c0 SOMBRA DA FIGUEIRA DA \u00cdNDIA - ELIVULU Editora","isPartOf":{"@id":"https:\/\/elivulu.org\/#website"},"primaryImageOfPage":{"@id":"https:\/\/elivulu.org\/product\/eu-a-sombra-da-figueira-da-india-alberto-oliveira-pinto\/#primaryimage"},"image":{"@id":"https:\/\/elivulu.org\/product\/eu-a-sombra-da-figueira-da-india-alberto-oliveira-pinto\/#primaryimage"},"thumbnailUrl":"https:\/\/elivulu.org\/wp-content\/uploads\/2025\/12\/EU-A\u2560C-SOMBRA-DA-FIGUEIRA-DA-I\u2560uNDIA-scaled.png","datePublished":"2025-12-02T11:28:11+00:00","dateModified":"2025-12-19T12:18:23+00:00","breadcrumb":{"@id":"https:\/\/elivulu.org\/product\/eu-a-sombra-da-figueira-da-india-alberto-oliveira-pinto\/#breadcrumb"},"inLanguage":"en-US","potentialAction":[{"@type":"ReadAction","target":["https:\/\/elivulu.org\/product\/eu-a-sombra-da-figueira-da-india-alberto-oliveira-pinto\/"]}]},{"@type":"ImageObject","inLanguage":"en-US","@id":"https:\/\/elivulu.org\/product\/eu-a-sombra-da-figueira-da-india-alberto-oliveira-pinto\/#primaryimage","url":"https:\/\/elivulu.org\/wp-content\/uploads\/2025\/12\/EU-A\u2560C-SOMBRA-DA-FIGUEIRA-DA-I\u2560uNDIA-scaled.png","contentUrl":"https:\/\/elivulu.org\/wp-content\/uploads\/2025\/12\/EU-A\u2560C-SOMBRA-DA-FIGUEIRA-DA-I\u2560uNDIA-scaled.png","width":2560,"height":2560},{"@type":"BreadcrumbList","@id":"https:\/\/elivulu.org\/product\/eu-a-sombra-da-figueira-da-india-alberto-oliveira-pinto\/#breadcrumb","itemListElement":[{"@type":"ListItem","position":1,"name":"In\u00edcio","item":"https:\/\/elivulu.org\/"},{"@type":"ListItem","position":2,"name":"Edi\u00e7\u00f5es","item":"https:\/\/elivulu.org\/shop\/"},{"@type":"ListItem","position":3,"name":"EU \u00c0 SOMBRA DA FIGUEIRA DA \u00cdNDIA"}]},{"@type":"WebSite","@id":"https:\/\/elivulu.org\/#website","url":"https:\/\/elivulu.org\/","name":"ELIVULU Editora","description":"","potentialAction":[{"@type":"SearchAction","target":{"@type":"EntryPoint","urlTemplate":"https:\/\/elivulu.org\/?s={search_term_string}"},"query-input":{"@type":"PropertyValueSpecification","valueRequired":true,"valueName":"search_term_string"}}],"inLanguage":"en-US"}]}},"_links":{"self":[{"href":"https:\/\/elivulu.org\/en\/wp-json\/wp\/v2\/product\/1251","targetHints":{"allow":["GET"]}}],"collection":[{"href":"https:\/\/elivulu.org\/en\/wp-json\/wp\/v2\/product"}],"about":[{"href":"https:\/\/elivulu.org\/en\/wp-json\/wp\/v2\/types\/product"}],"replies":[{"embeddable":true,"href":"https:\/\/elivulu.org\/en\/wp-json\/wp\/v2\/comments?post=1251"}],"version-history":[{"count":3,"href":"https:\/\/elivulu.org\/en\/wp-json\/wp\/v2\/product\/1251\/revisions"}],"predecessor-version":[{"id":2082,"href":"https:\/\/elivulu.org\/en\/wp-json\/wp\/v2\/product\/1251\/revisions\/2082"}],"wp:featuredmedia":[{"embeddable":true,"href":"https:\/\/elivulu.org\/en\/wp-json\/wp\/v2\/media\/2045"}],"wp:attachment":[{"href":"https:\/\/elivulu.org\/en\/wp-json\/wp\/v2\/media?parent=1251"}],"wp:term":[{"taxonomy":"book_author","embeddable":true,"href":"https:\/\/elivulu.org\/en\/wp-json\/wp\/v2\/book_author?post=1251"},{"taxonomy":"product_brand","embeddable":true,"href":"https:\/\/elivulu.org\/en\/wp-json\/wp\/v2\/product_brand?post=1251"},{"taxonomy":"product_cat","embeddable":true,"href":"https:\/\/elivulu.org\/en\/wp-json\/wp\/v2\/product_cat?post=1251"},{"taxonomy":"product_tag","embeddable":true,"href":"https:\/\/elivulu.org\/en\/wp-json\/wp\/v2\/product_tag?post=1251"}],"curies":[{"name":"wp","href":"https:\/\/api.w.org\/{rel}","templated":true}]}}