{"id":1245,"date":"2025-12-02T11:25:55","date_gmt":"2025-12-02T11:25:55","guid":{"rendered":"https:\/\/elivulu.org\/?post_type=product&#038;p=1245"},"modified":"2025-12-19T12:18:53","modified_gmt":"2025-12-19T12:18:53","slug":"identidade-historica-e-cultural-dos-cabindas-raul-tati","status":"publish","type":"product","link":"https:\/\/elivulu.org\/en\/product\/identidade-historica-e-cultural-dos-cabindas-raul-tati\/","title":{"rendered":"IDENTIDADE HIST\u00d3RICA E CULTURAL DOS CABINDAS"},"content":{"rendered":"","protected":false},"excerpt":{"rendered":"<p class=\"zfr3Q CDt4Ke\" dir=\"ltr\"><span class=\"C9DxTc\">Este \u00e9 um trabalho de pesquisa muito importante, da autoria do Professor Doutor Raul Tati. Como refere o autor, &#8220;o aforismo socr\u00e1tico &#8216;conhece-te a ti mesmo&#8217; justifica esta afirma\u00e7\u00e3o na medida em que dev\u00edamos partir primeiro do autoconhecimento para depois empreendermos a grande odisseia do conhecimento do cosmos e dos fen\u00f3menos naturais e sociais doutras latitudes&#8221;. Este livro visa partilhar o conhecimento do mundo dos cabindas e para o reconhecimento da sua dignidade como povo distinto e inconfund\u00edvel.\u00a0<\/span><\/p>\n<p class=\"zfr3Q CDt4Ke\" dir=\"ltr\"><span class=\"C9DxTc\">No pref\u00e1cio, o Professor Doutor Martinho Nombo classifica esta obra como \u201cuma p\u00e9rola que vai, seguramente, deleitar investigadores em Ci\u00eancias Sociais, comunidade acad\u00e9mica, leitores comuns e o Povo Cabind\u00eas, pelo qual, h\u00e1 muito se bate estoicamente, pelo reconhecimento da sua real identidade e, por via dela, assegurar-lhe melhor defesa, garantia da sua dignidade e direito de existir ontologicamente enquanto na\u00e7\u00e3o, numa conjuntura em que a comunidade internacional, infelizmente, cada vez menos altru\u00edsta, renegou a sua pr\u00f3pria exist\u00eancia\u201d.\u00a0<\/span><\/p>\n<ul>\n<li class=\"zfr3Q CDt4Ke\" dir=\"ltr\" role=\"presentation\"><span class=\"C9DxTc\">Ano de edi\u00e7\u00e3o: 02-2024<\/span><\/li>\n<li class=\"zfr3Q CDt4Ke\" dir=\"ltr\" role=\"presentation\"><span class=\"C9DxTc\">P\u00e1ginas: 272<\/span><\/li>\n<li class=\"zfr3Q CDt4Ke\" dir=\"ltr\" role=\"presentation\"><span class=\"C9DxTc\">Formato: 150 x 230 mm<\/span><\/li>\n<li class=\"zfr3Q CDt4Ke\" dir=\"ltr\" role=\"presentation\"><span class=\"C9DxTc\">PVP: 15.000 AKZ (Angola)<\/span><\/li>\n<\/ul>","protected":false},"featured_media":2047,"comment_status":"open","ping_status":"closed","template":"","meta":{"_acf_changed":false},"book_author":[26],"product_brand":[],"product_cat":[15],"product_tag":[],"class_list":{"0":"post-1245","1":"product","2":"type-product","3":"status-publish","4":"has-post-thumbnail","6":"book_author-raul-tati","7":"product_cat-books","9":"first","10":"instock","11":"shipping-taxable","12":"purchasable","13":"product-type-simple"},"acf":[],"yoast_head":"<!-- This site is optimized with the Yoast SEO plugin v27.0 - https:\/\/yoast.com\/product\/yoast-seo-wordpress\/ -->\n<title>IDENTIDADE HIST\u00d3RICA E CULTURAL DOS CABINDAS - ELIVULU Editora<\/title>\n<meta name=\"robots\" content=\"index, follow, max-snippet:-1, max-image-preview:large, max-video-preview:-1\" \/>\n<link rel=\"canonical\" href=\"https:\/\/elivulu.org\/en\/product\/identidade-historica-e-cultural-dos-cabindas-raul-tati\/\" \/>\n<meta property=\"og:locale\" content=\"en_US\" \/>\n<meta property=\"og:type\" content=\"article\" \/>\n<meta property=\"og:title\" content=\"IDENTIDADE HIST\u00d3RICA E CULTURAL DOS CABINDAS - ELIVULU Editora\" \/>\n<meta property=\"og:description\" content=\"Este \u00e9 um trabalho de pesquisa muito importante, da autoria do Professor Doutor Raul Tati. Como refere o autor, &quot;o aforismo socr\u00e1tico &#039;conhece-te a ti mesmo&#039; justifica esta afirma\u00e7\u00e3o na medida em que dev\u00edamos partir primeiro do autoconhecimento para depois empreendermos a grande odisseia do conhecimento do cosmos e dos fen\u00f3menos naturais e sociais doutras latitudes&quot;. Este livro visa partilhar o conhecimento do mundo dos cabindas e para o reconhecimento da sua dignidade como povo distinto e inconfund\u00edvel.\u00a0 No pref\u00e1cio, o Professor Doutor Martinho Nombo classifica esta obra como \u201cuma p\u00e9rola que vai, seguramente, deleitar investigadores em Ci\u00eancias Sociais, comunidade acad\u00e9mica, leitores comuns e o Povo Cabind\u00eas, pelo qual, h\u00e1 muito se bate estoicamente, pelo reconhecimento da sua real identidade e, por via dela, assegurar-lhe melhor defesa, garantia da sua dignidade e direito de existir ontologicamente enquanto na\u00e7\u00e3o, numa conjuntura em que a comunidade internacional, infelizmente, cada vez menos altru\u00edsta, renegou a sua pr\u00f3pria exist\u00eancia\u201d.\u00a0    Ano de edi\u00e7\u00e3o: 02-2024  P\u00e1ginas: 272  Formato: 150 x 230 mm  PVP: 15.000 AKZ (Angola)\" \/>\n<meta property=\"og:url\" content=\"https:\/\/elivulu.org\/en\/product\/identidade-historica-e-cultural-dos-cabindas-raul-tati\/\" \/>\n<meta property=\"og:site_name\" content=\"ELIVULU Editora\" \/>\n<meta property=\"article:modified_time\" content=\"2025-12-19T12:18:53+00:00\" \/>\n<meta property=\"og:image\" content=\"https:\/\/elivulu.org\/wp-content\/uploads\/2025\/12\/O-SEMBA-VAI-A\u2560C-LUTA_-LICEU-VIEIRA-DIAS-NGOLA-RITMOS-E-O-MOVIMENTO-PELA-INDEPENDE\u2560eNCIA-DE-ANGOLA-scaled.png\" \/>\n\t<meta property=\"og:image:width\" content=\"2560\" \/>\n\t<meta property=\"og:image:height\" content=\"2560\" \/>\n\t<meta property=\"og:image:type\" content=\"image\/png\" \/>\n<meta name=\"twitter:card\" content=\"summary_large_image\" \/>\n<meta name=\"twitter:label1\" content=\"Est. reading time\" \/>\n\t<meta name=\"twitter:data1\" content=\"1 minute\" \/>\n<script type=\"application\/ld+json\" class=\"yoast-schema-graph\">{\"@context\":\"https:\/\/schema.org\",\"@graph\":[{\"@type\":\"WebPage\",\"@id\":\"https:\/\/elivulu.org\/product\/identidade-historica-e-cultural-dos-cabindas-raul-tati\/\",\"url\":\"https:\/\/elivulu.org\/product\/identidade-historica-e-cultural-dos-cabindas-raul-tati\/\",\"name\":\"IDENTIDADE HIST\u00d3RICA E CULTURAL DOS CABINDAS - ELIVULU Editora\",\"isPartOf\":{\"@id\":\"https:\/\/elivulu.org\/#website\"},\"primaryImageOfPage\":{\"@id\":\"https:\/\/elivulu.org\/product\/identidade-historica-e-cultural-dos-cabindas-raul-tati\/#primaryimage\"},\"image\":{\"@id\":\"https:\/\/elivulu.org\/product\/identidade-historica-e-cultural-dos-cabindas-raul-tati\/#primaryimage\"},\"thumbnailUrl\":\"https:\/\/elivulu.org\/wp-content\/uploads\/2025\/12\/O-SEMBA-VAI-A\u2560C-LUTA_-LICEU-VIEIRA-DIAS-NGOLA-RITMOS-E-O-MOVIMENTO-PELA-INDEPENDE\u2560eNCIA-DE-ANGOLA-scaled.png\",\"datePublished\":\"2025-12-02T11:25:55+00:00\",\"dateModified\":\"2025-12-19T12:18:53+00:00\",\"breadcrumb\":{\"@id\":\"https:\/\/elivulu.org\/product\/identidade-historica-e-cultural-dos-cabindas-raul-tati\/#breadcrumb\"},\"inLanguage\":\"en-US\",\"potentialAction\":[{\"@type\":\"ReadAction\",\"target\":[\"https:\/\/elivulu.org\/product\/identidade-historica-e-cultural-dos-cabindas-raul-tati\/\"]}]},{\"@type\":\"ImageObject\",\"inLanguage\":\"en-US\",\"@id\":\"https:\/\/elivulu.org\/product\/identidade-historica-e-cultural-dos-cabindas-raul-tati\/#primaryimage\",\"url\":\"https:\/\/elivulu.org\/wp-content\/uploads\/2025\/12\/O-SEMBA-VAI-A\u2560C-LUTA_-LICEU-VIEIRA-DIAS-NGOLA-RITMOS-E-O-MOVIMENTO-PELA-INDEPENDE\u2560eNCIA-DE-ANGOLA-scaled.png\",\"contentUrl\":\"https:\/\/elivulu.org\/wp-content\/uploads\/2025\/12\/O-SEMBA-VAI-A\u2560C-LUTA_-LICEU-VIEIRA-DIAS-NGOLA-RITMOS-E-O-MOVIMENTO-PELA-INDEPENDE\u2560eNCIA-DE-ANGOLA-scaled.png\",\"width\":2560,\"height\":2560},{\"@type\":\"BreadcrumbList\",\"@id\":\"https:\/\/elivulu.org\/product\/identidade-historica-e-cultural-dos-cabindas-raul-tati\/#breadcrumb\",\"itemListElement\":[{\"@type\":\"ListItem\",\"position\":1,\"name\":\"In\u00edcio\",\"item\":\"https:\/\/elivulu.org\/\"},{\"@type\":\"ListItem\",\"position\":2,\"name\":\"Edi\u00e7\u00f5es\",\"item\":\"https:\/\/elivulu.org\/shop\/\"},{\"@type\":\"ListItem\",\"position\":3,\"name\":\"IDENTIDADE HIST\u00d3RICA E CULTURAL DOS CABINDAS\"}]},{\"@type\":\"WebSite\",\"@id\":\"https:\/\/elivulu.org\/#website\",\"url\":\"https:\/\/elivulu.org\/\",\"name\":\"ELIVULU Editora\",\"description\":\"\",\"potentialAction\":[{\"@type\":\"SearchAction\",\"target\":{\"@type\":\"EntryPoint\",\"urlTemplate\":\"https:\/\/elivulu.org\/?s={search_term_string}\"},\"query-input\":{\"@type\":\"PropertyValueSpecification\",\"valueRequired\":true,\"valueName\":\"search_term_string\"}}],\"inLanguage\":\"en-US\"}]}<\/script>\n<!-- \/ Yoast SEO plugin. -->","yoast_head_json":{"title":"IDENTIDADE HIST\u00d3RICA E CULTURAL DOS CABINDAS - ELIVULU Editora","robots":{"index":"index","follow":"follow","max-snippet":"max-snippet:-1","max-image-preview":"max-image-preview:large","max-video-preview":"max-video-preview:-1"},"canonical":"https:\/\/elivulu.org\/en\/product\/identidade-historica-e-cultural-dos-cabindas-raul-tati\/","og_locale":"en_US","og_type":"article","og_title":"IDENTIDADE HIST\u00d3RICA E CULTURAL DOS CABINDAS - ELIVULU Editora","og_description":"Este \u00e9 um trabalho de pesquisa muito importante, da autoria do Professor Doutor Raul Tati. Como refere o autor, \"o aforismo socr\u00e1tico 'conhece-te a ti mesmo' justifica esta afirma\u00e7\u00e3o na medida em que dev\u00edamos partir primeiro do autoconhecimento para depois empreendermos a grande odisseia do conhecimento do cosmos e dos fen\u00f3menos naturais e sociais doutras latitudes\". Este livro visa partilhar o conhecimento do mundo dos cabindas e para o reconhecimento da sua dignidade como povo distinto e inconfund\u00edvel.\u00a0 No pref\u00e1cio, o Professor Doutor Martinho Nombo classifica esta obra como \u201cuma p\u00e9rola que vai, seguramente, deleitar investigadores em Ci\u00eancias Sociais, comunidade acad\u00e9mica, leitores comuns e o Povo Cabind\u00eas, pelo qual, h\u00e1 muito se bate estoicamente, pelo reconhecimento da sua real identidade e, por via dela, assegurar-lhe melhor defesa, garantia da sua dignidade e direito de existir ontologicamente enquanto na\u00e7\u00e3o, numa conjuntura em que a comunidade internacional, infelizmente, cada vez menos altru\u00edsta, renegou a sua pr\u00f3pria exist\u00eancia\u201d.\u00a0    Ano de edi\u00e7\u00e3o: 02-2024  P\u00e1ginas: 272  Formato: 150 x 230 mm  PVP: 15.000 AKZ (Angola)","og_url":"https:\/\/elivulu.org\/en\/product\/identidade-historica-e-cultural-dos-cabindas-raul-tati\/","og_site_name":"ELIVULU Editora","article_modified_time":"2025-12-19T12:18:53+00:00","og_image":[{"width":2560,"height":2560,"url":"https:\/\/elivulu.org\/wp-content\/uploads\/2025\/12\/O-SEMBA-VAI-A\u2560C-LUTA_-LICEU-VIEIRA-DIAS-NGOLA-RITMOS-E-O-MOVIMENTO-PELA-INDEPENDE\u2560eNCIA-DE-ANGOLA-scaled.png","type":"image\/png"}],"twitter_card":"summary_large_image","twitter_misc":{"Est. reading time":"1 minute"},"schema":{"@context":"https:\/\/schema.org","@graph":[{"@type":"WebPage","@id":"https:\/\/elivulu.org\/product\/identidade-historica-e-cultural-dos-cabindas-raul-tati\/","url":"https:\/\/elivulu.org\/product\/identidade-historica-e-cultural-dos-cabindas-raul-tati\/","name":"IDENTIDADE HIST\u00d3RICA E CULTURAL DOS CABINDAS - ELIVULU Editora","isPartOf":{"@id":"https:\/\/elivulu.org\/#website"},"primaryImageOfPage":{"@id":"https:\/\/elivulu.org\/product\/identidade-historica-e-cultural-dos-cabindas-raul-tati\/#primaryimage"},"image":{"@id":"https:\/\/elivulu.org\/product\/identidade-historica-e-cultural-dos-cabindas-raul-tati\/#primaryimage"},"thumbnailUrl":"https:\/\/elivulu.org\/wp-content\/uploads\/2025\/12\/O-SEMBA-VAI-A\u2560C-LUTA_-LICEU-VIEIRA-DIAS-NGOLA-RITMOS-E-O-MOVIMENTO-PELA-INDEPENDE\u2560eNCIA-DE-ANGOLA-scaled.png","datePublished":"2025-12-02T11:25:55+00:00","dateModified":"2025-12-19T12:18:53+00:00","breadcrumb":{"@id":"https:\/\/elivulu.org\/product\/identidade-historica-e-cultural-dos-cabindas-raul-tati\/#breadcrumb"},"inLanguage":"en-US","potentialAction":[{"@type":"ReadAction","target":["https:\/\/elivulu.org\/product\/identidade-historica-e-cultural-dos-cabindas-raul-tati\/"]}]},{"@type":"ImageObject","inLanguage":"en-US","@id":"https:\/\/elivulu.org\/product\/identidade-historica-e-cultural-dos-cabindas-raul-tati\/#primaryimage","url":"https:\/\/elivulu.org\/wp-content\/uploads\/2025\/12\/O-SEMBA-VAI-A\u2560C-LUTA_-LICEU-VIEIRA-DIAS-NGOLA-RITMOS-E-O-MOVIMENTO-PELA-INDEPENDE\u2560eNCIA-DE-ANGOLA-scaled.png","contentUrl":"https:\/\/elivulu.org\/wp-content\/uploads\/2025\/12\/O-SEMBA-VAI-A\u2560C-LUTA_-LICEU-VIEIRA-DIAS-NGOLA-RITMOS-E-O-MOVIMENTO-PELA-INDEPENDE\u2560eNCIA-DE-ANGOLA-scaled.png","width":2560,"height":2560},{"@type":"BreadcrumbList","@id":"https:\/\/elivulu.org\/product\/identidade-historica-e-cultural-dos-cabindas-raul-tati\/#breadcrumb","itemListElement":[{"@type":"ListItem","position":1,"name":"In\u00edcio","item":"https:\/\/elivulu.org\/"},{"@type":"ListItem","position":2,"name":"Edi\u00e7\u00f5es","item":"https:\/\/elivulu.org\/shop\/"},{"@type":"ListItem","position":3,"name":"IDENTIDADE HIST\u00d3RICA E CULTURAL DOS CABINDAS"}]},{"@type":"WebSite","@id":"https:\/\/elivulu.org\/#website","url":"https:\/\/elivulu.org\/","name":"ELIVULU Editora","description":"","potentialAction":[{"@type":"SearchAction","target":{"@type":"EntryPoint","urlTemplate":"https:\/\/elivulu.org\/?s={search_term_string}"},"query-input":{"@type":"PropertyValueSpecification","valueRequired":true,"valueName":"search_term_string"}}],"inLanguage":"en-US"}]}},"_links":{"self":[{"href":"https:\/\/elivulu.org\/en\/wp-json\/wp\/v2\/product\/1245","targetHints":{"allow":["GET"]}}],"collection":[{"href":"https:\/\/elivulu.org\/en\/wp-json\/wp\/v2\/product"}],"about":[{"href":"https:\/\/elivulu.org\/en\/wp-json\/wp\/v2\/types\/product"}],"replies":[{"embeddable":true,"href":"https:\/\/elivulu.org\/en\/wp-json\/wp\/v2\/comments?post=1245"}],"version-history":[{"count":2,"href":"https:\/\/elivulu.org\/en\/wp-json\/wp\/v2\/product\/1245\/revisions"}],"predecessor-version":[{"id":2083,"href":"https:\/\/elivulu.org\/en\/wp-json\/wp\/v2\/product\/1245\/revisions\/2083"}],"wp:featuredmedia":[{"embeddable":true,"href":"https:\/\/elivulu.org\/en\/wp-json\/wp\/v2\/media\/2047"}],"wp:attachment":[{"href":"https:\/\/elivulu.org\/en\/wp-json\/wp\/v2\/media?parent=1245"}],"wp:term":[{"taxonomy":"book_author","embeddable":true,"href":"https:\/\/elivulu.org\/en\/wp-json\/wp\/v2\/book_author?post=1245"},{"taxonomy":"product_brand","embeddable":true,"href":"https:\/\/elivulu.org\/en\/wp-json\/wp\/v2\/product_brand?post=1245"},{"taxonomy":"product_cat","embeddable":true,"href":"https:\/\/elivulu.org\/en\/wp-json\/wp\/v2\/product_cat?post=1245"},{"taxonomy":"product_tag","embeddable":true,"href":"https:\/\/elivulu.org\/en\/wp-json\/wp\/v2\/product_tag?post=1245"}],"curies":[{"name":"wp","href":"https:\/\/api.w.org\/{rel}","templated":true}]}}