{"id":1243,"date":"2025-12-02T11:24:55","date_gmt":"2025-12-02T11:24:55","guid":{"rendered":"https:\/\/elivulu.org\/?post_type=product&#038;p=1243"},"modified":"2025-12-19T12:21:18","modified_gmt":"2025-12-19T12:21:18","slug":"nataniela-jeremias-sebastiao-manuel","status":"publish","type":"product","link":"https:\/\/elivulu.org\/en\/product\/nataniela-jeremias-sebastiao-manuel\/","title":{"rendered":"NATANIELA"},"content":{"rendered":"","protected":false},"excerpt":{"rendered":"<p class=\"zfr3Q CDt4Ke\" dir=\"ltr\"><span class=\"C9DxTc\">Como escreveu Sigmund Freud, &#8220;em \u00faltima an\u00e1lise, precisamos amar para n\u00e3o adoecer!&#8221; Jeremias Sebasti\u00e3o Manuel parte desta premissa para contar-nos o flagelo vivido pela protagonista Nataniela na busca desenfreada por cuidados de sa\u00fade. Residente num dos v\u00e1rios sub\u00farbios de Luanda, Nataniela, compadecida com as excessivas responsabilidades da tia de rosto pesado, inicialmente n\u00e3o partilha os seus problemas de sa\u00fade. \u201cA vida estava cada vez mais apertada naquela casa\u201d, lamenta o narrador, que acrescenta: \u201cA tia tudo fazia para manter o m\u00ednimo de condi\u00e7\u00f5es de vida para ela, seu irm\u00e3o e o primo. Sobreviviam unicamente da bancada que Nazar\u00e9 tinha no mercado. As kixikilas ajudavam-na em grande escala\u201d.\u00a0<\/span><\/p>\n<p class=\"zfr3Q CDt4Ke\" dir=\"ltr\"><span class=\"C9DxTc\">Apesar da sua delicada condi\u00e7\u00e3o de sa\u00fade, Nataniela passava o dia a vender no mercado informal. Com o passar do tempo, a tia retirou-lhe do mercado com o prop\u00f3sito de que se dedicasse \u00e0s aulas. \u201cEstudo \u00e9 tudo na vida\u201d, dizia-lhe e ela sabia que sim, porque, justifica, \u201cn\u00f3s n\u00e3o temos outra arma para lutarmos contra a nossa mis\u00e9ria sen\u00e3o a forma\u00e7\u00e3o\u201d. E Nataniela sabia daquilo. Esfor\u00e7ava-se, manh\u00e3, tarde e noite, para captar o maior n\u00famero de conceitos, f\u00f3rmulas, experi\u00eancias e m\u00e9todos. Reconhecia o sacrif\u00edcio feito pela tia para adquirir a bolsa e a melhor forma de a compensar era obter o diploma de licenciatura em Psicologia.<\/span><\/p>\n<ul>\n<li class=\"zfr3Q CDt4Ke\" dir=\"ltr\" role=\"presentation\"><span class=\"C9DxTc\">Ano de edi\u00e7\u00e3o: 06-2024<\/span><\/li>\n<li class=\"zfr3Q CDt4Ke\" dir=\"ltr\" role=\"presentation\"><span class=\"C9DxTc\">P\u00e1ginas: 184<\/span><\/li>\n<li class=\"zfr3Q CDt4Ke\" dir=\"ltr\" role=\"presentation\"><span class=\"C9DxTc\">Formato: 160 x 230 mm<\/span><\/li>\n<li class=\"zfr3Q CDt4Ke\" dir=\"ltr\" role=\"presentation\"><span class=\"C9DxTc\">PVP: 10.000 AKZ (Angola)<\/span><\/li>\n<\/ul>","protected":false},"featured_media":2052,"comment_status":"open","ping_status":"closed","template":"","meta":{"_acf_changed":false},"book_author":[45],"product_brand":[],"product_cat":[15],"product_tag":[],"class_list":{"0":"post-1243","1":"product","2":"type-product","3":"status-publish","4":"has-post-thumbnail","6":"book_author-jeremias-sebastiao-manuel","7":"product_cat-books","9":"first","10":"instock","11":"shipping-taxable","12":"purchasable","13":"product-type-simple"},"acf":[],"yoast_head":"<!-- This site is optimized with the Yoast SEO plugin v27.0 - https:\/\/yoast.com\/product\/yoast-seo-wordpress\/ -->\n<title>NATANIELA - ELIVULU Editora<\/title>\n<meta name=\"robots\" content=\"index, follow, max-snippet:-1, max-image-preview:large, max-video-preview:-1\" \/>\n<link rel=\"canonical\" href=\"https:\/\/elivulu.org\/en\/product\/nataniela-jeremias-sebastiao-manuel\/\" \/>\n<meta property=\"og:locale\" content=\"en_US\" \/>\n<meta property=\"og:type\" content=\"article\" \/>\n<meta property=\"og:title\" content=\"NATANIELA - ELIVULU Editora\" \/>\n<meta property=\"og:description\" content=\"Como escreveu Sigmund Freud, &quot;em \u00faltima an\u00e1lise, precisamos amar para n\u00e3o adoecer!&quot; Jeremias Sebasti\u00e3o Manuel parte desta premissa para contar-nos o flagelo vivido pela protagonista Nataniela na busca desenfreada por cuidados de sa\u00fade. Residente num dos v\u00e1rios sub\u00farbios de Luanda, Nataniela, compadecida com as excessivas responsabilidades da tia de rosto pesado, inicialmente n\u00e3o partilha os seus problemas de sa\u00fade. \u201cA vida estava cada vez mais apertada naquela casa\u201d, lamenta o narrador, que acrescenta: \u201cA tia tudo fazia para manter o m\u00ednimo de condi\u00e7\u00f5es de vida para ela, seu irm\u00e3o e o primo. Sobreviviam unicamente da bancada que Nazar\u00e9 tinha no mercado. As kixikilas ajudavam-na em grande escala\u201d.\u00a0 Apesar da sua delicada condi\u00e7\u00e3o de sa\u00fade, Nataniela passava o dia a vender no mercado informal. Com o passar do tempo, a tia retirou-lhe do mercado com o prop\u00f3sito de que se dedicasse \u00e0s aulas. \u201cEstudo \u00e9 tudo na vida\u201d, dizia-lhe e ela sabia que sim, porque, justifica, \u201cn\u00f3s n\u00e3o temos outra arma para lutarmos contra a nossa mis\u00e9ria sen\u00e3o a forma\u00e7\u00e3o\u201d. E Nataniela sabia daquilo. Esfor\u00e7ava-se, manh\u00e3, tarde e noite, para captar o maior n\u00famero de conceitos, f\u00f3rmulas, experi\u00eancias e m\u00e9todos. Reconhecia o sacrif\u00edcio feito pela tia para adquirir a bolsa e a melhor forma de a compensar era obter o diploma de licenciatura em Psicologia.    Ano de edi\u00e7\u00e3o: 06-2024  P\u00e1ginas: 184  Formato: 160 x 230 mm  PVP: 10.000 AKZ (Angola)\" \/>\n<meta property=\"og:url\" content=\"https:\/\/elivulu.org\/en\/product\/nataniela-jeremias-sebastiao-manuel\/\" \/>\n<meta property=\"og:site_name\" content=\"ELIVULU Editora\" \/>\n<meta property=\"article:modified_time\" content=\"2025-12-19T12:21:18+00:00\" \/>\n<meta property=\"og:image\" content=\"https:\/\/elivulu.org\/wp-content\/uploads\/2025\/12\/NATANIELA.png\" \/>\n\t<meta property=\"og:image:width\" content=\"1\" \/>\n\t<meta property=\"og:image:height\" content=\"1\" \/>\n\t<meta property=\"og:image:type\" content=\"image\/png\" \/>\n<meta name=\"twitter:card\" content=\"summary_large_image\" \/>\n<meta name=\"twitter:label1\" content=\"Est. reading time\" \/>\n\t<meta name=\"twitter:data1\" content=\"1 minute\" \/>\n<script type=\"application\/ld+json\" class=\"yoast-schema-graph\">{\"@context\":\"https:\/\/schema.org\",\"@graph\":[{\"@type\":\"WebPage\",\"@id\":\"https:\/\/elivulu.org\/product\/nataniela-jeremias-sebastiao-manuel\/\",\"url\":\"https:\/\/elivulu.org\/product\/nataniela-jeremias-sebastiao-manuel\/\",\"name\":\"NATANIELA - ELIVULU Editora\",\"isPartOf\":{\"@id\":\"https:\/\/elivulu.org\/#website\"},\"primaryImageOfPage\":{\"@id\":\"https:\/\/elivulu.org\/product\/nataniela-jeremias-sebastiao-manuel\/#primaryimage\"},\"image\":{\"@id\":\"https:\/\/elivulu.org\/product\/nataniela-jeremias-sebastiao-manuel\/#primaryimage\"},\"thumbnailUrl\":\"https:\/\/elivulu.org\/wp-content\/uploads\/2025\/12\/NATANIELA-scaled.png\",\"datePublished\":\"2025-12-02T11:24:55+00:00\",\"dateModified\":\"2025-12-19T12:21:18+00:00\",\"breadcrumb\":{\"@id\":\"https:\/\/elivulu.org\/product\/nataniela-jeremias-sebastiao-manuel\/#breadcrumb\"},\"inLanguage\":\"en-US\",\"potentialAction\":[{\"@type\":\"ReadAction\",\"target\":[\"https:\/\/elivulu.org\/product\/nataniela-jeremias-sebastiao-manuel\/\"]}]},{\"@type\":\"ImageObject\",\"inLanguage\":\"en-US\",\"@id\":\"https:\/\/elivulu.org\/product\/nataniela-jeremias-sebastiao-manuel\/#primaryimage\",\"url\":\"https:\/\/elivulu.org\/wp-content\/uploads\/2025\/12\/NATANIELA-scaled.png\",\"contentUrl\":\"https:\/\/elivulu.org\/wp-content\/uploads\/2025\/12\/NATANIELA-scaled.png\",\"width\":2560,\"height\":2560},{\"@type\":\"BreadcrumbList\",\"@id\":\"https:\/\/elivulu.org\/product\/nataniela-jeremias-sebastiao-manuel\/#breadcrumb\",\"itemListElement\":[{\"@type\":\"ListItem\",\"position\":1,\"name\":\"In\u00edcio\",\"item\":\"https:\/\/elivulu.org\/\"},{\"@type\":\"ListItem\",\"position\":2,\"name\":\"Edi\u00e7\u00f5es\",\"item\":\"https:\/\/elivulu.org\/shop\/\"},{\"@type\":\"ListItem\",\"position\":3,\"name\":\"NATANIELA\"}]},{\"@type\":\"WebSite\",\"@id\":\"https:\/\/elivulu.org\/#website\",\"url\":\"https:\/\/elivulu.org\/\",\"name\":\"ELIVULU Editora\",\"description\":\"\",\"potentialAction\":[{\"@type\":\"SearchAction\",\"target\":{\"@type\":\"EntryPoint\",\"urlTemplate\":\"https:\/\/elivulu.org\/?s={search_term_string}\"},\"query-input\":{\"@type\":\"PropertyValueSpecification\",\"valueRequired\":true,\"valueName\":\"search_term_string\"}}],\"inLanguage\":\"en-US\"}]}<\/script>\n<!-- \/ Yoast SEO plugin. -->","yoast_head_json":{"title":"NATANIELA - ELIVULU Editora","robots":{"index":"index","follow":"follow","max-snippet":"max-snippet:-1","max-image-preview":"max-image-preview:large","max-video-preview":"max-video-preview:-1"},"canonical":"https:\/\/elivulu.org\/en\/product\/nataniela-jeremias-sebastiao-manuel\/","og_locale":"en_US","og_type":"article","og_title":"NATANIELA - ELIVULU Editora","og_description":"Como escreveu Sigmund Freud, \"em \u00faltima an\u00e1lise, precisamos amar para n\u00e3o adoecer!\" Jeremias Sebasti\u00e3o Manuel parte desta premissa para contar-nos o flagelo vivido pela protagonista Nataniela na busca desenfreada por cuidados de sa\u00fade. Residente num dos v\u00e1rios sub\u00farbios de Luanda, Nataniela, compadecida com as excessivas responsabilidades da tia de rosto pesado, inicialmente n\u00e3o partilha os seus problemas de sa\u00fade. \u201cA vida estava cada vez mais apertada naquela casa\u201d, lamenta o narrador, que acrescenta: \u201cA tia tudo fazia para manter o m\u00ednimo de condi\u00e7\u00f5es de vida para ela, seu irm\u00e3o e o primo. Sobreviviam unicamente da bancada que Nazar\u00e9 tinha no mercado. As kixikilas ajudavam-na em grande escala\u201d.\u00a0 Apesar da sua delicada condi\u00e7\u00e3o de sa\u00fade, Nataniela passava o dia a vender no mercado informal. Com o passar do tempo, a tia retirou-lhe do mercado com o prop\u00f3sito de que se dedicasse \u00e0s aulas. \u201cEstudo \u00e9 tudo na vida\u201d, dizia-lhe e ela sabia que sim, porque, justifica, \u201cn\u00f3s n\u00e3o temos outra arma para lutarmos contra a nossa mis\u00e9ria sen\u00e3o a forma\u00e7\u00e3o\u201d. E Nataniela sabia daquilo. Esfor\u00e7ava-se, manh\u00e3, tarde e noite, para captar o maior n\u00famero de conceitos, f\u00f3rmulas, experi\u00eancias e m\u00e9todos. Reconhecia o sacrif\u00edcio feito pela tia para adquirir a bolsa e a melhor forma de a compensar era obter o diploma de licenciatura em Psicologia.    Ano de edi\u00e7\u00e3o: 06-2024  P\u00e1ginas: 184  Formato: 160 x 230 mm  PVP: 10.000 AKZ (Angola)","og_url":"https:\/\/elivulu.org\/en\/product\/nataniela-jeremias-sebastiao-manuel\/","og_site_name":"ELIVULU Editora","article_modified_time":"2025-12-19T12:21:18+00:00","og_image":[{"url":"https:\/\/elivulu.org\/wp-content\/uploads\/2025\/12\/NATANIELA.png","width":1,"height":1,"type":"image\/png"}],"twitter_card":"summary_large_image","twitter_misc":{"Est. reading time":"1 minute"},"schema":{"@context":"https:\/\/schema.org","@graph":[{"@type":"WebPage","@id":"https:\/\/elivulu.org\/product\/nataniela-jeremias-sebastiao-manuel\/","url":"https:\/\/elivulu.org\/product\/nataniela-jeremias-sebastiao-manuel\/","name":"NATANIELA - ELIVULU Editora","isPartOf":{"@id":"https:\/\/elivulu.org\/#website"},"primaryImageOfPage":{"@id":"https:\/\/elivulu.org\/product\/nataniela-jeremias-sebastiao-manuel\/#primaryimage"},"image":{"@id":"https:\/\/elivulu.org\/product\/nataniela-jeremias-sebastiao-manuel\/#primaryimage"},"thumbnailUrl":"https:\/\/elivulu.org\/wp-content\/uploads\/2025\/12\/NATANIELA-scaled.png","datePublished":"2025-12-02T11:24:55+00:00","dateModified":"2025-12-19T12:21:18+00:00","breadcrumb":{"@id":"https:\/\/elivulu.org\/product\/nataniela-jeremias-sebastiao-manuel\/#breadcrumb"},"inLanguage":"en-US","potentialAction":[{"@type":"ReadAction","target":["https:\/\/elivulu.org\/product\/nataniela-jeremias-sebastiao-manuel\/"]}]},{"@type":"ImageObject","inLanguage":"en-US","@id":"https:\/\/elivulu.org\/product\/nataniela-jeremias-sebastiao-manuel\/#primaryimage","url":"https:\/\/elivulu.org\/wp-content\/uploads\/2025\/12\/NATANIELA-scaled.png","contentUrl":"https:\/\/elivulu.org\/wp-content\/uploads\/2025\/12\/NATANIELA-scaled.png","width":2560,"height":2560},{"@type":"BreadcrumbList","@id":"https:\/\/elivulu.org\/product\/nataniela-jeremias-sebastiao-manuel\/#breadcrumb","itemListElement":[{"@type":"ListItem","position":1,"name":"In\u00edcio","item":"https:\/\/elivulu.org\/"},{"@type":"ListItem","position":2,"name":"Edi\u00e7\u00f5es","item":"https:\/\/elivulu.org\/shop\/"},{"@type":"ListItem","position":3,"name":"NATANIELA"}]},{"@type":"WebSite","@id":"https:\/\/elivulu.org\/#website","url":"https:\/\/elivulu.org\/","name":"ELIVULU Editora","description":"","potentialAction":[{"@type":"SearchAction","target":{"@type":"EntryPoint","urlTemplate":"https:\/\/elivulu.org\/?s={search_term_string}"},"query-input":{"@type":"PropertyValueSpecification","valueRequired":true,"valueName":"search_term_string"}}],"inLanguage":"en-US"}]}},"_links":{"self":[{"href":"https:\/\/elivulu.org\/en\/wp-json\/wp\/v2\/product\/1243","targetHints":{"allow":["GET"]}}],"collection":[{"href":"https:\/\/elivulu.org\/en\/wp-json\/wp\/v2\/product"}],"about":[{"href":"https:\/\/elivulu.org\/en\/wp-json\/wp\/v2\/types\/product"}],"replies":[{"embeddable":true,"href":"https:\/\/elivulu.org\/en\/wp-json\/wp\/v2\/comments?post=1243"}],"version-history":[{"count":3,"href":"https:\/\/elivulu.org\/en\/wp-json\/wp\/v2\/product\/1243\/revisions"}],"predecessor-version":[{"id":2088,"href":"https:\/\/elivulu.org\/en\/wp-json\/wp\/v2\/product\/1243\/revisions\/2088"}],"wp:featuredmedia":[{"embeddable":true,"href":"https:\/\/elivulu.org\/en\/wp-json\/wp\/v2\/media\/2052"}],"wp:attachment":[{"href":"https:\/\/elivulu.org\/en\/wp-json\/wp\/v2\/media?parent=1243"}],"wp:term":[{"taxonomy":"book_author","embeddable":true,"href":"https:\/\/elivulu.org\/en\/wp-json\/wp\/v2\/book_author?post=1243"},{"taxonomy":"product_brand","embeddable":true,"href":"https:\/\/elivulu.org\/en\/wp-json\/wp\/v2\/product_brand?post=1243"},{"taxonomy":"product_cat","embeddable":true,"href":"https:\/\/elivulu.org\/en\/wp-json\/wp\/v2\/product_cat?post=1243"},{"taxonomy":"product_tag","embeddable":true,"href":"https:\/\/elivulu.org\/en\/wp-json\/wp\/v2\/product_tag?post=1243"}],"curies":[{"name":"wp","href":"https:\/\/api.w.org\/{rel}","templated":true}]}}