{"id":1235,"date":"2025-12-02T11:19:10","date_gmt":"2025-12-02T11:19:10","guid":{"rendered":"https:\/\/elivulu.org\/?post_type=product&#038;p=1235"},"modified":"2025-12-19T12:19:53","modified_gmt":"2025-12-19T12:19:53","slug":"mestre-dos-batuques-jose-eduardo-agualusa","status":"publish","type":"product","link":"https:\/\/elivulu.org\/en\/product\/mestre-dos-batuques-jose-eduardo-agualusa\/","title":{"rendered":"MESTRE DOS BATUQUES"},"content":{"rendered":"","protected":false},"excerpt":{"rendered":"<p class=\"zfr3Q CDt4Ke\" dir=\"ltr\"><span class=\"C9DxTc\">Mais uma bel\u00edssima hist\u00f3ria de Agualusa, que est\u00e1 de regresso ao Reino do Bailundo. Desta vez apresenta-nos Leila Pinto, que, a partir do futuro, conta o long\u00ednquo passado, desde 1902, quando um pelot\u00e3o de soldados portugueses \u00e9 encontrado sem vida no planalto central de #Angola em circunst\u00e2ncias extremamente misteriosas. Leila conta a hist\u00f3ria de amor entre os seus av\u00f3s, Jan e Lucr\u00e9cia, e, fazendo isso, d\u00e1-nos a ver uma Hist\u00f3ria poss\u00edvel (ou imposs\u00edvel) do Reino do Bailundo e da Angola contempor\u00e2nea. Uma sociedade secreta de guerreiros ovimbundo; um rei-mago; uma mulher que conhecia os segredos da invisibilidade; um soldado que queria ser fot\u00f3grafo. Nas p\u00e1ginas deste romance encontram-se (e desencontram-se) personagens quase reais, e outros quase ficcionais, que nos ajudam a perceber como nasce um pa\u00eds \u2014 e como se perde um pa\u00eds, e de quantas fic\u00e7\u00f5es se fabrica a Hist\u00f3ria.\u00a0<\/span><\/p>\n<ul>\n<li class=\"zfr3Q CDt4Ke\" dir=\"ltr\" role=\"presentation\"><span class=\"C9DxTc\">Ano de edi\u00e7\u00e3o: 09-2024<\/span><\/li>\n<li class=\"zfr3Q CDt4Ke\" dir=\"ltr\" role=\"presentation\"><span class=\"C9DxTc\">P\u00e1ginas: 270<\/span><\/li>\n<li class=\"zfr3Q CDt4Ke\" dir=\"ltr\" role=\"presentation\"><span class=\"C9DxTc\">Formato: 150 x 230 mm<\/span><\/li>\n<li class=\"zfr3Q CDt4Ke\" dir=\"ltr\" role=\"presentation\"><span class=\"C9DxTc\">PVP: 16.000 AKZ (Angola) | 16,80 EUR (UE)<\/span><\/li>\n<\/ul>","protected":false},"featured_media":1236,"comment_status":"open","ping_status":"closed","template":"","meta":{"_acf_changed":false},"book_author":[28],"product_brand":[],"product_cat":[15],"product_tag":[],"class_list":{"0":"post-1235","1":"product","2":"type-product","3":"status-publish","4":"has-post-thumbnail","6":"book_author-jose-eduardo-agualusa","7":"product_cat-books","9":"first","10":"instock","11":"shipping-taxable","12":"purchasable","13":"product-type-simple"},"acf":[],"yoast_head":"<!-- This site is optimized with the Yoast SEO plugin v27.0 - https:\/\/yoast.com\/product\/yoast-seo-wordpress\/ -->\n<title>MESTRE DOS BATUQUES - ELIVULU Editora<\/title>\n<meta name=\"robots\" content=\"index, follow, max-snippet:-1, max-image-preview:large, max-video-preview:-1\" \/>\n<link rel=\"canonical\" href=\"https:\/\/elivulu.org\/en\/product\/mestre-dos-batuques-jose-eduardo-agualusa\/\" \/>\n<meta property=\"og:locale\" content=\"en_US\" \/>\n<meta property=\"og:type\" content=\"article\" \/>\n<meta property=\"og:title\" content=\"MESTRE DOS BATUQUES - ELIVULU Editora\" \/>\n<meta property=\"og:description\" content=\"Mais uma bel\u00edssima hist\u00f3ria de Agualusa, que est\u00e1 de regresso ao Reino do Bailundo. Desta vez apresenta-nos Leila Pinto, que, a partir do futuro, conta o long\u00ednquo passado, desde 1902, quando um pelot\u00e3o de soldados portugueses \u00e9 encontrado sem vida no planalto central de #Angola em circunst\u00e2ncias extremamente misteriosas. Leila conta a hist\u00f3ria de amor entre os seus av\u00f3s, Jan e Lucr\u00e9cia, e, fazendo isso, d\u00e1-nos a ver uma Hist\u00f3ria poss\u00edvel (ou imposs\u00edvel) do Reino do Bailundo e da Angola contempor\u00e2nea. Uma sociedade secreta de guerreiros ovimbundo; um rei-mago; uma mulher que conhecia os segredos da invisibilidade; um soldado que queria ser fot\u00f3grafo. Nas p\u00e1ginas deste romance encontram-se (e desencontram-se) personagens quase reais, e outros quase ficcionais, que nos ajudam a perceber como nasce um pa\u00eds \u2014 e como se perde um pa\u00eds, e de quantas fic\u00e7\u00f5es se fabrica a Hist\u00f3ria.\u00a0    Ano de edi\u00e7\u00e3o: 09-2024  P\u00e1ginas: 270  Formato: 150 x 230 mm  PVP: 16.000 AKZ (Angola) | 16,80 EUR (UE)\" \/>\n<meta property=\"og:url\" content=\"https:\/\/elivulu.org\/en\/product\/mestre-dos-batuques-jose-eduardo-agualusa\/\" \/>\n<meta property=\"og:site_name\" content=\"ELIVULU Editora\" \/>\n<meta property=\"article:modified_time\" content=\"2025-12-19T12:19:53+00:00\" \/>\n<meta property=\"og:image\" content=\"https:\/\/elivulu.org\/wp-content\/uploads\/2025\/12\/unnamed-44.png\" \/>\n\t<meta property=\"og:image:width\" content=\"1280\" \/>\n\t<meta property=\"og:image:height\" content=\"1027\" \/>\n\t<meta property=\"og:image:type\" content=\"image\/png\" \/>\n<meta name=\"twitter:card\" content=\"summary_large_image\" \/>\n<meta name=\"twitter:label1\" content=\"Est. reading time\" \/>\n\t<meta name=\"twitter:data1\" content=\"1 minute\" \/>\n<script type=\"application\/ld+json\" class=\"yoast-schema-graph\">{\"@context\":\"https:\/\/schema.org\",\"@graph\":[{\"@type\":\"WebPage\",\"@id\":\"https:\/\/elivulu.org\/product\/mestre-dos-batuques-jose-eduardo-agualusa\/\",\"url\":\"https:\/\/elivulu.org\/product\/mestre-dos-batuques-jose-eduardo-agualusa\/\",\"name\":\"MESTRE DOS BATUQUES - ELIVULU Editora\",\"isPartOf\":{\"@id\":\"https:\/\/elivulu.org\/#website\"},\"primaryImageOfPage\":{\"@id\":\"https:\/\/elivulu.org\/product\/mestre-dos-batuques-jose-eduardo-agualusa\/#primaryimage\"},\"image\":{\"@id\":\"https:\/\/elivulu.org\/product\/mestre-dos-batuques-jose-eduardo-agualusa\/#primaryimage\"},\"thumbnailUrl\":\"https:\/\/elivulu.org\/wp-content\/uploads\/2025\/12\/unnamed-44.png\",\"datePublished\":\"2025-12-02T11:19:10+00:00\",\"dateModified\":\"2025-12-19T12:19:53+00:00\",\"breadcrumb\":{\"@id\":\"https:\/\/elivulu.org\/product\/mestre-dos-batuques-jose-eduardo-agualusa\/#breadcrumb\"},\"inLanguage\":\"en-US\",\"potentialAction\":[{\"@type\":\"ReadAction\",\"target\":[\"https:\/\/elivulu.org\/product\/mestre-dos-batuques-jose-eduardo-agualusa\/\"]}]},{\"@type\":\"ImageObject\",\"inLanguage\":\"en-US\",\"@id\":\"https:\/\/elivulu.org\/product\/mestre-dos-batuques-jose-eduardo-agualusa\/#primaryimage\",\"url\":\"https:\/\/elivulu.org\/wp-content\/uploads\/2025\/12\/unnamed-44.png\",\"contentUrl\":\"https:\/\/elivulu.org\/wp-content\/uploads\/2025\/12\/unnamed-44.png\",\"width\":1280,\"height\":1027},{\"@type\":\"BreadcrumbList\",\"@id\":\"https:\/\/elivulu.org\/product\/mestre-dos-batuques-jose-eduardo-agualusa\/#breadcrumb\",\"itemListElement\":[{\"@type\":\"ListItem\",\"position\":1,\"name\":\"In\u00edcio\",\"item\":\"https:\/\/elivulu.org\/\"},{\"@type\":\"ListItem\",\"position\":2,\"name\":\"Edi\u00e7\u00f5es\",\"item\":\"https:\/\/elivulu.org\/shop\/\"},{\"@type\":\"ListItem\",\"position\":3,\"name\":\"MESTRE DOS BATUQUES\"}]},{\"@type\":\"WebSite\",\"@id\":\"https:\/\/elivulu.org\/#website\",\"url\":\"https:\/\/elivulu.org\/\",\"name\":\"ELIVULU Editora\",\"description\":\"\",\"potentialAction\":[{\"@type\":\"SearchAction\",\"target\":{\"@type\":\"EntryPoint\",\"urlTemplate\":\"https:\/\/elivulu.org\/?s={search_term_string}\"},\"query-input\":{\"@type\":\"PropertyValueSpecification\",\"valueRequired\":true,\"valueName\":\"search_term_string\"}}],\"inLanguage\":\"en-US\"}]}<\/script>\n<!-- \/ Yoast SEO plugin. -->","yoast_head_json":{"title":"MESTRE DOS BATUQUES - ELIVULU Editora","robots":{"index":"index","follow":"follow","max-snippet":"max-snippet:-1","max-image-preview":"max-image-preview:large","max-video-preview":"max-video-preview:-1"},"canonical":"https:\/\/elivulu.org\/en\/product\/mestre-dos-batuques-jose-eduardo-agualusa\/","og_locale":"en_US","og_type":"article","og_title":"MESTRE DOS BATUQUES - ELIVULU Editora","og_description":"Mais uma bel\u00edssima hist\u00f3ria de Agualusa, que est\u00e1 de regresso ao Reino do Bailundo. Desta vez apresenta-nos Leila Pinto, que, a partir do futuro, conta o long\u00ednquo passado, desde 1902, quando um pelot\u00e3o de soldados portugueses \u00e9 encontrado sem vida no planalto central de #Angola em circunst\u00e2ncias extremamente misteriosas. Leila conta a hist\u00f3ria de amor entre os seus av\u00f3s, Jan e Lucr\u00e9cia, e, fazendo isso, d\u00e1-nos a ver uma Hist\u00f3ria poss\u00edvel (ou imposs\u00edvel) do Reino do Bailundo e da Angola contempor\u00e2nea. Uma sociedade secreta de guerreiros ovimbundo; um rei-mago; uma mulher que conhecia os segredos da invisibilidade; um soldado que queria ser fot\u00f3grafo. Nas p\u00e1ginas deste romance encontram-se (e desencontram-se) personagens quase reais, e outros quase ficcionais, que nos ajudam a perceber como nasce um pa\u00eds \u2014 e como se perde um pa\u00eds, e de quantas fic\u00e7\u00f5es se fabrica a Hist\u00f3ria.\u00a0    Ano de edi\u00e7\u00e3o: 09-2024  P\u00e1ginas: 270  Formato: 150 x 230 mm  PVP: 16.000 AKZ (Angola) | 16,80 EUR (UE)","og_url":"https:\/\/elivulu.org\/en\/product\/mestre-dos-batuques-jose-eduardo-agualusa\/","og_site_name":"ELIVULU Editora","article_modified_time":"2025-12-19T12:19:53+00:00","og_image":[{"width":1280,"height":1027,"url":"https:\/\/elivulu.org\/wp-content\/uploads\/2025\/12\/unnamed-44.png","type":"image\/png"}],"twitter_card":"summary_large_image","twitter_misc":{"Est. reading time":"1 minute"},"schema":{"@context":"https:\/\/schema.org","@graph":[{"@type":"WebPage","@id":"https:\/\/elivulu.org\/product\/mestre-dos-batuques-jose-eduardo-agualusa\/","url":"https:\/\/elivulu.org\/product\/mestre-dos-batuques-jose-eduardo-agualusa\/","name":"MESTRE DOS BATUQUES - ELIVULU Editora","isPartOf":{"@id":"https:\/\/elivulu.org\/#website"},"primaryImageOfPage":{"@id":"https:\/\/elivulu.org\/product\/mestre-dos-batuques-jose-eduardo-agualusa\/#primaryimage"},"image":{"@id":"https:\/\/elivulu.org\/product\/mestre-dos-batuques-jose-eduardo-agualusa\/#primaryimage"},"thumbnailUrl":"https:\/\/elivulu.org\/wp-content\/uploads\/2025\/12\/unnamed-44.png","datePublished":"2025-12-02T11:19:10+00:00","dateModified":"2025-12-19T12:19:53+00:00","breadcrumb":{"@id":"https:\/\/elivulu.org\/product\/mestre-dos-batuques-jose-eduardo-agualusa\/#breadcrumb"},"inLanguage":"en-US","potentialAction":[{"@type":"ReadAction","target":["https:\/\/elivulu.org\/product\/mestre-dos-batuques-jose-eduardo-agualusa\/"]}]},{"@type":"ImageObject","inLanguage":"en-US","@id":"https:\/\/elivulu.org\/product\/mestre-dos-batuques-jose-eduardo-agualusa\/#primaryimage","url":"https:\/\/elivulu.org\/wp-content\/uploads\/2025\/12\/unnamed-44.png","contentUrl":"https:\/\/elivulu.org\/wp-content\/uploads\/2025\/12\/unnamed-44.png","width":1280,"height":1027},{"@type":"BreadcrumbList","@id":"https:\/\/elivulu.org\/product\/mestre-dos-batuques-jose-eduardo-agualusa\/#breadcrumb","itemListElement":[{"@type":"ListItem","position":1,"name":"In\u00edcio","item":"https:\/\/elivulu.org\/"},{"@type":"ListItem","position":2,"name":"Edi\u00e7\u00f5es","item":"https:\/\/elivulu.org\/shop\/"},{"@type":"ListItem","position":3,"name":"MESTRE DOS BATUQUES"}]},{"@type":"WebSite","@id":"https:\/\/elivulu.org\/#website","url":"https:\/\/elivulu.org\/","name":"ELIVULU Editora","description":"","potentialAction":[{"@type":"SearchAction","target":{"@type":"EntryPoint","urlTemplate":"https:\/\/elivulu.org\/?s={search_term_string}"},"query-input":{"@type":"PropertyValueSpecification","valueRequired":true,"valueName":"search_term_string"}}],"inLanguage":"en-US"}]}},"_links":{"self":[{"href":"https:\/\/elivulu.org\/en\/wp-json\/wp\/v2\/product\/1235","targetHints":{"allow":["GET"]}}],"collection":[{"href":"https:\/\/elivulu.org\/en\/wp-json\/wp\/v2\/product"}],"about":[{"href":"https:\/\/elivulu.org\/en\/wp-json\/wp\/v2\/types\/product"}],"replies":[{"embeddable":true,"href":"https:\/\/elivulu.org\/en\/wp-json\/wp\/v2\/comments?post=1235"}],"version-history":[{"count":2,"href":"https:\/\/elivulu.org\/en\/wp-json\/wp\/v2\/product\/1235\/revisions"}],"predecessor-version":[{"id":2085,"href":"https:\/\/elivulu.org\/en\/wp-json\/wp\/v2\/product\/1235\/revisions\/2085"}],"wp:featuredmedia":[{"embeddable":true,"href":"https:\/\/elivulu.org\/en\/wp-json\/wp\/v2\/media\/1236"}],"wp:attachment":[{"href":"https:\/\/elivulu.org\/en\/wp-json\/wp\/v2\/media?parent=1235"}],"wp:term":[{"taxonomy":"book_author","embeddable":true,"href":"https:\/\/elivulu.org\/en\/wp-json\/wp\/v2\/book_author?post=1235"},{"taxonomy":"product_brand","embeddable":true,"href":"https:\/\/elivulu.org\/en\/wp-json\/wp\/v2\/product_brand?post=1235"},{"taxonomy":"product_cat","embeddable":true,"href":"https:\/\/elivulu.org\/en\/wp-json\/wp\/v2\/product_cat?post=1235"},{"taxonomy":"product_tag","embeddable":true,"href":"https:\/\/elivulu.org\/en\/wp-json\/wp\/v2\/product_tag?post=1235"}],"curies":[{"name":"wp","href":"https:\/\/api.w.org\/{rel}","templated":true}]}}