{"id":1231,"date":"2025-12-02T11:15:32","date_gmt":"2025-12-02T11:15:32","guid":{"rendered":"https:\/\/elivulu.org\/?post_type=product&#038;p=1231"},"modified":"2025-12-19T12:11:18","modified_gmt":"2025-12-19T12:11:18","slug":"cicatrizes-de-terra-e-fogo-o-continente-dos-revoltosos-joaquim-sequeira","status":"publish","type":"product","link":"https:\/\/elivulu.org\/en\/product\/cicatrizes-de-terra-e-fogo-o-continente-dos-revoltosos-joaquim-sequeira\/","title":{"rendered":"CICATRIZES DE TERRA E FOGO + O CONTINENTE DOS REVOLTOSOS"},"content":{"rendered":"","protected":false},"excerpt":{"rendered":"<p class=\"zfr3Q CDt4Ke\" dir=\"ltr\"><span class=\"C9DxTc\">Cicatrizes de Terra e Fogo<\/span><span class=\"C9DxTc\">\u00a0e\u00a0<\/span><span class=\"C9DxTc\">O Continente dos Revoltosos \u2013 A Revolta dos Oprimidos<\/span><span class=\"C9DxTc\">\u00a0s\u00e3o dois livros compostos em um. S\u00e3o mais do que fic\u00e7\u00e3o: \u00e9 uma convocat\u00f3ria. Nasce de lutas ancestrais, de dores n\u00e3o esquecidas, de sonhos que resistiram ao naufr\u00e1gio. Nestes livros, um novo Continente ergue-se das \u00e1guas, feito de mem\u00f3ria, de justi\u00e7a, de ternura e rebeldia. Homens e mulheres, crian\u00e7as e velhos, vindos de mil lugares, criam uma terra onde o saber se planta, onde os sentimentos se escutam, onde o futuro \u00e9 tecido com as m\u00e3os e com o cora\u00e7\u00e3o. Estes livros s\u00e3o cartas bordada ao que fomos e ao que ainda podemos ser. Um mapa imagin\u00e1rio. Um canto de cura. Um espelho de quem nunca deixou de lutar. Para todos os que ousam sonhar com mundos mais justos e os constroem.\u00a0<\/span><\/p>\n<p class=\"zfr3Q CDt4Ke\" dir=\"ltr\"><span class=\"C9DxTc\">\u201cAqui n\u00e3o h\u00e1 donos, h\u00e1 m\u00e3os.\u00a0<\/span><\/p>\n<p class=\"zfr3Q CDt4Ke\" dir=\"ltr\"><span class=\"C9DxTc\">M\u00e3os que semeiam futuro onde antes s\u00f3 havia escurid\u00e3o.<\/span><\/p>\n<ul>\n<li class=\"zfr3Q CDt4Ke\" dir=\"ltr\" role=\"presentation\"><span class=\"C9DxTc\">Editoras: Elivulu (Angola) e Perfil Criativo &#8211; Edi\u00e7\u00f5es (Portugal &#8211; UE)<\/span><\/li>\n<li class=\"zfr3Q CDt4Ke\" dir=\"ltr\" role=\"presentation\"><span class=\"C9DxTc\">Ano de edi\u00e7\u00e3o:\u00a0<\/span><span class=\"C9DxTc\">12<\/span><span class=\"C9DxTc\">-202<\/span><span class=\"C9DxTc\">5<\/span><\/li>\n<li class=\"zfr3Q CDt4Ke\" dir=\"ltr\" role=\"presentation\"><span class=\"C9DxTc\">P\u00e1ginas:\u00a0<\/span><span class=\"C9DxTc\">200\u00a0<\/span><\/li>\n<li class=\"zfr3Q CDt4Ke\" dir=\"ltr\" role=\"presentation\"><span class=\"C9DxTc\">Formato:\u00a0<\/span><span class=\"C9DxTc\">135 x 210 mm<\/span><\/li>\n<li class=\"zfr3Q CDt4Ke\" dir=\"ltr\" role=\"presentation\"><span class=\"C9DxTc\">PVP:\u00a0<\/span><span class=\"C9DxTc\">17<\/span><span class=\"C9DxTc\">.000 AKZ (Angola) |\u00a0<\/span><span class=\"C9DxTc\">15,50<\/span><span class=\"C9DxTc\">\u00a0EUR (UE)<\/span><\/li>\n<\/ul>","protected":false},"featured_media":2035,"comment_status":"open","ping_status":"closed","template":"","meta":{"_acf_changed":false},"book_author":[29],"product_brand":[],"product_cat":[15],"product_tag":[],"class_list":{"0":"post-1231","1":"product","2":"type-product","3":"status-publish","4":"has-post-thumbnail","6":"book_author-joaquim-sequeira","7":"product_cat-books","9":"first","10":"instock","11":"shipping-taxable","12":"purchasable","13":"product-type-simple"},"acf":[],"yoast_head":"<!-- This site is optimized with the Yoast SEO plugin v27.0 - https:\/\/yoast.com\/product\/yoast-seo-wordpress\/ -->\n<title>CICATRIZES DE TERRA E FOGO + O CONTINENTE DOS REVOLTOSOS - ELIVULU Editora<\/title>\n<meta name=\"robots\" content=\"index, follow, max-snippet:-1, max-image-preview:large, max-video-preview:-1\" \/>\n<link rel=\"canonical\" href=\"https:\/\/elivulu.org\/en\/product\/cicatrizes-de-terra-e-fogo-o-continente-dos-revoltosos-joaquim-sequeira\/\" \/>\n<meta property=\"og:locale\" content=\"en_US\" \/>\n<meta property=\"og:type\" content=\"article\" \/>\n<meta property=\"og:title\" content=\"CICATRIZES DE TERRA E FOGO + O CONTINENTE DOS REVOLTOSOS - ELIVULU Editora\" \/>\n<meta property=\"og:description\" content=\"Cicatrizes de Terra e Fogo\u00a0e\u00a0O Continente dos Revoltosos \u2013 A Revolta dos Oprimidos\u00a0s\u00e3o dois livros compostos em um. S\u00e3o mais do que fic\u00e7\u00e3o: \u00e9 uma convocat\u00f3ria. Nasce de lutas ancestrais, de dores n\u00e3o esquecidas, de sonhos que resistiram ao naufr\u00e1gio. Nestes livros, um novo Continente ergue-se das \u00e1guas, feito de mem\u00f3ria, de justi\u00e7a, de ternura e rebeldia. Homens e mulheres, crian\u00e7as e velhos, vindos de mil lugares, criam uma terra onde o saber se planta, onde os sentimentos se escutam, onde o futuro \u00e9 tecido com as m\u00e3os e com o cora\u00e7\u00e3o. Estes livros s\u00e3o cartas bordada ao que fomos e ao que ainda podemos ser. Um mapa imagin\u00e1rio. Um canto de cura. Um espelho de quem nunca deixou de lutar. Para todos os que ousam sonhar com mundos mais justos e os constroem.\u00a0 \u201cAqui n\u00e3o h\u00e1 donos, h\u00e1 m\u00e3os.\u00a0 M\u00e3os que semeiam futuro onde antes s\u00f3 havia escurid\u00e3o.    Editoras: Elivulu (Angola) e Perfil Criativo - Edi\u00e7\u00f5es (Portugal - UE)  Ano de edi\u00e7\u00e3o:\u00a012-2025  P\u00e1ginas:\u00a0200\u00a0  Formato:\u00a0135 x 210 mm  PVP:\u00a017.000 AKZ (Angola) |\u00a015,50\u00a0EUR (UE)\" \/>\n<meta property=\"og:url\" content=\"https:\/\/elivulu.org\/en\/product\/cicatrizes-de-terra-e-fogo-o-continente-dos-revoltosos-joaquim-sequeira\/\" \/>\n<meta property=\"og:site_name\" content=\"ELIVULU Editora\" \/>\n<meta property=\"article:modified_time\" content=\"2025-12-19T12:11:18+00:00\" \/>\n<meta property=\"og:image\" content=\"https:\/\/elivulu.org\/wp-content\/uploads\/2025\/12\/CICATRIZES-DE-TERRA-E-FOGO-O-CONTINENTE-DOS-REVOLTOSOS-1024x1024.png\" \/>\n\t<meta property=\"og:image:width\" content=\"1024\" \/>\n\t<meta property=\"og:image:height\" content=\"1024\" \/>\n\t<meta property=\"og:image:type\" content=\"image\/png\" \/>\n<meta name=\"twitter:card\" content=\"summary_large_image\" \/>\n<meta name=\"twitter:label1\" content=\"Est. reading time\" \/>\n\t<meta name=\"twitter:data1\" content=\"1 minute\" \/>\n<script type=\"application\/ld+json\" class=\"yoast-schema-graph\">{\"@context\":\"https:\/\/schema.org\",\"@graph\":[{\"@type\":\"WebPage\",\"@id\":\"https:\/\/elivulu.org\/product\/cicatrizes-de-terra-e-fogo-o-continente-dos-revoltosos-joaquim-sequeira\/\",\"url\":\"https:\/\/elivulu.org\/product\/cicatrizes-de-terra-e-fogo-o-continente-dos-revoltosos-joaquim-sequeira\/\",\"name\":\"CICATRIZES DE TERRA E FOGO + O CONTINENTE DOS REVOLTOSOS - ELIVULU Editora\",\"isPartOf\":{\"@id\":\"https:\/\/elivulu.org\/#website\"},\"primaryImageOfPage\":{\"@id\":\"https:\/\/elivulu.org\/product\/cicatrizes-de-terra-e-fogo-o-continente-dos-revoltosos-joaquim-sequeira\/#primaryimage\"},\"image\":{\"@id\":\"https:\/\/elivulu.org\/product\/cicatrizes-de-terra-e-fogo-o-continente-dos-revoltosos-joaquim-sequeira\/#primaryimage\"},\"thumbnailUrl\":\"https:\/\/elivulu.org\/wp-content\/uploads\/2025\/12\/CICATRIZES-DE-TERRA-E-FOGO-O-CONTINENTE-DOS-REVOLTOSOS-scaled.png\",\"datePublished\":\"2025-12-02T11:15:32+00:00\",\"dateModified\":\"2025-12-19T12:11:18+00:00\",\"breadcrumb\":{\"@id\":\"https:\/\/elivulu.org\/product\/cicatrizes-de-terra-e-fogo-o-continente-dos-revoltosos-joaquim-sequeira\/#breadcrumb\"},\"inLanguage\":\"en-US\",\"potentialAction\":[{\"@type\":\"ReadAction\",\"target\":[\"https:\/\/elivulu.org\/product\/cicatrizes-de-terra-e-fogo-o-continente-dos-revoltosos-joaquim-sequeira\/\"]}]},{\"@type\":\"ImageObject\",\"inLanguage\":\"en-US\",\"@id\":\"https:\/\/elivulu.org\/product\/cicatrizes-de-terra-e-fogo-o-continente-dos-revoltosos-joaquim-sequeira\/#primaryimage\",\"url\":\"https:\/\/elivulu.org\/wp-content\/uploads\/2025\/12\/CICATRIZES-DE-TERRA-E-FOGO-O-CONTINENTE-DOS-REVOLTOSOS-scaled.png\",\"contentUrl\":\"https:\/\/elivulu.org\/wp-content\/uploads\/2025\/12\/CICATRIZES-DE-TERRA-E-FOGO-O-CONTINENTE-DOS-REVOLTOSOS-scaled.png\",\"width\":2560,\"height\":2560},{\"@type\":\"BreadcrumbList\",\"@id\":\"https:\/\/elivulu.org\/product\/cicatrizes-de-terra-e-fogo-o-continente-dos-revoltosos-joaquim-sequeira\/#breadcrumb\",\"itemListElement\":[{\"@type\":\"ListItem\",\"position\":1,\"name\":\"In\u00edcio\",\"item\":\"https:\/\/elivulu.org\/\"},{\"@type\":\"ListItem\",\"position\":2,\"name\":\"Edi\u00e7\u00f5es\",\"item\":\"https:\/\/elivulu.org\/shop\/\"},{\"@type\":\"ListItem\",\"position\":3,\"name\":\"CICATRIZES DE TERRA E FOGO + O CONTINENTE DOS REVOLTOSOS\"}]},{\"@type\":\"WebSite\",\"@id\":\"https:\/\/elivulu.org\/#website\",\"url\":\"https:\/\/elivulu.org\/\",\"name\":\"ELIVULU Editora\",\"description\":\"\",\"potentialAction\":[{\"@type\":\"SearchAction\",\"target\":{\"@type\":\"EntryPoint\",\"urlTemplate\":\"https:\/\/elivulu.org\/?s={search_term_string}\"},\"query-input\":{\"@type\":\"PropertyValueSpecification\",\"valueRequired\":true,\"valueName\":\"search_term_string\"}}],\"inLanguage\":\"en-US\"}]}<\/script>\n<!-- \/ Yoast SEO plugin. -->","yoast_head_json":{"title":"CICATRIZES DE TERRA E FOGO + O CONTINENTE DOS REVOLTOSOS - ELIVULU Editora","robots":{"index":"index","follow":"follow","max-snippet":"max-snippet:-1","max-image-preview":"max-image-preview:large","max-video-preview":"max-video-preview:-1"},"canonical":"https:\/\/elivulu.org\/en\/product\/cicatrizes-de-terra-e-fogo-o-continente-dos-revoltosos-joaquim-sequeira\/","og_locale":"en_US","og_type":"article","og_title":"CICATRIZES DE TERRA E FOGO + O CONTINENTE DOS REVOLTOSOS - ELIVULU Editora","og_description":"Cicatrizes de Terra e Fogo\u00a0e\u00a0O Continente dos Revoltosos \u2013 A Revolta dos Oprimidos\u00a0s\u00e3o dois livros compostos em um. S\u00e3o mais do que fic\u00e7\u00e3o: \u00e9 uma convocat\u00f3ria. Nasce de lutas ancestrais, de dores n\u00e3o esquecidas, de sonhos que resistiram ao naufr\u00e1gio. Nestes livros, um novo Continente ergue-se das \u00e1guas, feito de mem\u00f3ria, de justi\u00e7a, de ternura e rebeldia. Homens e mulheres, crian\u00e7as e velhos, vindos de mil lugares, criam uma terra onde o saber se planta, onde os sentimentos se escutam, onde o futuro \u00e9 tecido com as m\u00e3os e com o cora\u00e7\u00e3o. Estes livros s\u00e3o cartas bordada ao que fomos e ao que ainda podemos ser. Um mapa imagin\u00e1rio. Um canto de cura. Um espelho de quem nunca deixou de lutar. Para todos os que ousam sonhar com mundos mais justos e os constroem.\u00a0 \u201cAqui n\u00e3o h\u00e1 donos, h\u00e1 m\u00e3os.\u00a0 M\u00e3os que semeiam futuro onde antes s\u00f3 havia escurid\u00e3o.    Editoras: Elivulu (Angola) e Perfil Criativo - Edi\u00e7\u00f5es (Portugal - UE)  Ano de edi\u00e7\u00e3o:\u00a012-2025  P\u00e1ginas:\u00a0200\u00a0  Formato:\u00a0135 x 210 mm  PVP:\u00a017.000 AKZ (Angola) |\u00a015,50\u00a0EUR (UE)","og_url":"https:\/\/elivulu.org\/en\/product\/cicatrizes-de-terra-e-fogo-o-continente-dos-revoltosos-joaquim-sequeira\/","og_site_name":"ELIVULU Editora","article_modified_time":"2025-12-19T12:11:18+00:00","og_image":[{"width":1024,"height":1024,"url":"https:\/\/elivulu.org\/wp-content\/uploads\/2025\/12\/CICATRIZES-DE-TERRA-E-FOGO-O-CONTINENTE-DOS-REVOLTOSOS-1024x1024.png","type":"image\/png"}],"twitter_card":"summary_large_image","twitter_misc":{"Est. reading time":"1 minute"},"schema":{"@context":"https:\/\/schema.org","@graph":[{"@type":"WebPage","@id":"https:\/\/elivulu.org\/product\/cicatrizes-de-terra-e-fogo-o-continente-dos-revoltosos-joaquim-sequeira\/","url":"https:\/\/elivulu.org\/product\/cicatrizes-de-terra-e-fogo-o-continente-dos-revoltosos-joaquim-sequeira\/","name":"CICATRIZES DE TERRA E FOGO + O CONTINENTE DOS REVOLTOSOS - ELIVULU Editora","isPartOf":{"@id":"https:\/\/elivulu.org\/#website"},"primaryImageOfPage":{"@id":"https:\/\/elivulu.org\/product\/cicatrizes-de-terra-e-fogo-o-continente-dos-revoltosos-joaquim-sequeira\/#primaryimage"},"image":{"@id":"https:\/\/elivulu.org\/product\/cicatrizes-de-terra-e-fogo-o-continente-dos-revoltosos-joaquim-sequeira\/#primaryimage"},"thumbnailUrl":"https:\/\/elivulu.org\/wp-content\/uploads\/2025\/12\/CICATRIZES-DE-TERRA-E-FOGO-O-CONTINENTE-DOS-REVOLTOSOS-scaled.png","datePublished":"2025-12-02T11:15:32+00:00","dateModified":"2025-12-19T12:11:18+00:00","breadcrumb":{"@id":"https:\/\/elivulu.org\/product\/cicatrizes-de-terra-e-fogo-o-continente-dos-revoltosos-joaquim-sequeira\/#breadcrumb"},"inLanguage":"en-US","potentialAction":[{"@type":"ReadAction","target":["https:\/\/elivulu.org\/product\/cicatrizes-de-terra-e-fogo-o-continente-dos-revoltosos-joaquim-sequeira\/"]}]},{"@type":"ImageObject","inLanguage":"en-US","@id":"https:\/\/elivulu.org\/product\/cicatrizes-de-terra-e-fogo-o-continente-dos-revoltosos-joaquim-sequeira\/#primaryimage","url":"https:\/\/elivulu.org\/wp-content\/uploads\/2025\/12\/CICATRIZES-DE-TERRA-E-FOGO-O-CONTINENTE-DOS-REVOLTOSOS-scaled.png","contentUrl":"https:\/\/elivulu.org\/wp-content\/uploads\/2025\/12\/CICATRIZES-DE-TERRA-E-FOGO-O-CONTINENTE-DOS-REVOLTOSOS-scaled.png","width":2560,"height":2560},{"@type":"BreadcrumbList","@id":"https:\/\/elivulu.org\/product\/cicatrizes-de-terra-e-fogo-o-continente-dos-revoltosos-joaquim-sequeira\/#breadcrumb","itemListElement":[{"@type":"ListItem","position":1,"name":"In\u00edcio","item":"https:\/\/elivulu.org\/"},{"@type":"ListItem","position":2,"name":"Edi\u00e7\u00f5es","item":"https:\/\/elivulu.org\/shop\/"},{"@type":"ListItem","position":3,"name":"CICATRIZES DE TERRA E FOGO + O CONTINENTE DOS REVOLTOSOS"}]},{"@type":"WebSite","@id":"https:\/\/elivulu.org\/#website","url":"https:\/\/elivulu.org\/","name":"ELIVULU Editora","description":"","potentialAction":[{"@type":"SearchAction","target":{"@type":"EntryPoint","urlTemplate":"https:\/\/elivulu.org\/?s={search_term_string}"},"query-input":{"@type":"PropertyValueSpecification","valueRequired":true,"valueName":"search_term_string"}}],"inLanguage":"en-US"}]}},"_links":{"self":[{"href":"https:\/\/elivulu.org\/en\/wp-json\/wp\/v2\/product\/1231","targetHints":{"allow":["GET"]}}],"collection":[{"href":"https:\/\/elivulu.org\/en\/wp-json\/wp\/v2\/product"}],"about":[{"href":"https:\/\/elivulu.org\/en\/wp-json\/wp\/v2\/types\/product"}],"replies":[{"embeddable":true,"href":"https:\/\/elivulu.org\/en\/wp-json\/wp\/v2\/comments?post=1231"}],"version-history":[{"count":3,"href":"https:\/\/elivulu.org\/en\/wp-json\/wp\/v2\/product\/1231\/revisions"}],"predecessor-version":[{"id":2072,"href":"https:\/\/elivulu.org\/en\/wp-json\/wp\/v2\/product\/1231\/revisions\/2072"}],"wp:featuredmedia":[{"embeddable":true,"href":"https:\/\/elivulu.org\/en\/wp-json\/wp\/v2\/media\/2035"}],"wp:attachment":[{"href":"https:\/\/elivulu.org\/en\/wp-json\/wp\/v2\/media?parent=1231"}],"wp:term":[{"taxonomy":"book_author","embeddable":true,"href":"https:\/\/elivulu.org\/en\/wp-json\/wp\/v2\/book_author?post=1231"},{"taxonomy":"product_brand","embeddable":true,"href":"https:\/\/elivulu.org\/en\/wp-json\/wp\/v2\/product_brand?post=1231"},{"taxonomy":"product_cat","embeddable":true,"href":"https:\/\/elivulu.org\/en\/wp-json\/wp\/v2\/product_cat?post=1231"},{"taxonomy":"product_tag","embeddable":true,"href":"https:\/\/elivulu.org\/en\/wp-json\/wp\/v2\/product_tag?post=1231"}],"curies":[{"name":"wp","href":"https:\/\/api.w.org\/{rel}","templated":true}]}}